{"id":398,"date":"2023-03-15T15:04:45","date_gmt":"2023-03-15T18:04:45","guid":{"rendered":"https:\/\/jandaiadosul.ufpr.br\/lce\/?page_id=398"},"modified":"2023-05-20T13:15:06","modified_gmt":"2023-05-20T16:15:06","slug":"gestao-e-orientacao","status":"publish","type":"page","link":"https:\/\/jandaiadosul.ufpr.br\/lce\/gestao-e-orientacao\/","title":{"rendered":"Gest\u00e3o e orienta\u00e7\u00e3o"},"content":{"rendered":"<p><span style=\"font-family: 'andale mono', monospace\">A gest\u00e3o administrativa e pedag\u00f3gica \u00e9 feita pela coordena\u00e7\u00e3o, eleita a cada dois anos pelos pares. <\/span><span style=\"font-family: 'andale mono', monospace\"><a href=\"https:\/\/jandaiadosul.ufpr.br\/lce\/coordenacao\/\">Conhe\u00e7a a atual gest\u00e3o clicando aqui<\/a>.\u00a0<\/span><\/p>\n<p><span style=\"font-family: 'andale mono', monospace\">A orienta\u00e7\u00e3o acad\u00eamica fica a cargo de professores espec\u00edficos, um para cada turma\/ano: <a href=\"https:\/\/jandaiadosul.ufpr.br\/lce\/orientacao-academica\/\">Conhe\u00e7a os\/as orientadores\/as<\/a><\/p>\n<p>E tamb\u00e9m h\u00e1 uma representa\u00e7\u00e3o dos alunos no colegiado, escolhida por eles, com direito a voz e voto: <a href=\"https:\/\/jandaiadosul.ufpr.br\/lce\/representacao-discente\/\">representantes\/as discentes<\/a>.<\/p>\n<p>Por fim, o Projeto Pedag\u00f3gico do Curso prev\u00ea comiss\u00f5es respons\u00e1veis por atividades regidas por regulamentos espec\u00edficos e compostas por tr\u00eas docentes do Colegiado do Curso: <\/span><\/p>\n<ul>\n<li><span style=\"font-family: 'andale mono', monospace\"><strong>Comiss\u00e3o Orientadora de Est\u00e1gios<\/strong> &#8211; Marcelo Val\u00e9rio, Aroldo Silva, B\u00e1rbara\u00a0 C\u00e2ndido Braz e Herc\u00edlia Alves Pereira de Carvalho.<\/span><\/li>\n<li><span style=\"font-family: 'andale mono', monospace\"><strong>Comiss\u00e3o de An\u00e1lise de Atividades Formativas<\/strong> &#8211; Profs. Carlos Galv\u00e3o, Herc\u00edlia Alves Pereira de Carvalho e Jair Silva. <\/span><\/li>\n<li><span style=\"font-family: 'andale mono', monospace\"><strong>Comiss\u00e3o de Atividades Curriculares de Extens\u00e3o<\/strong> &#8211; Ana Cl\u00e1udia Nogueira Mulati, Aroldo Silva, Carlos Eurico Galv\u00e3o Rosa.<\/span><\/li>\n<\/ul>\n","protected":false},"excerpt":{"rendered":"<p>A gest\u00e3o administrativa e pedag\u00f3gica \u00e9 feita pela coordena\u00e7\u00e3o, eleita a cada dois anos pelos pares. Conhe\u00e7a a atual gest\u00e3o clicando aqui.\u00a0 A orienta\u00e7\u00e3o acad\u00eamica [&hellip;]<\/p>\n","protected":false},"author":3673,"featured_media":0,"parent":0,"menu_order":0,"comment_status":"closed","ping_status":"closed","template":"","meta":{"_acf_changed":false,"footnotes":""},"class_list":["post-398","page","type-page","status-publish","hentry"],"acf":[],"_links":{"self":[{"href":"https:\/\/jandaiadosul.ufpr.br\/lce\/wp-json\/wp\/v2\/pages\/398","targetHints":{"allow":["GET"]}}],"collection":[{"href":"https:\/\/jandaiadosul.ufpr.br\/lce\/wp-json\/wp\/v2\/pages"}],"about":[{"href":"https:\/\/jandaiadosul.ufpr.br\/lce\/wp-json\/wp\/v2\/types\/page"}],"author":[{"embeddable":true,"href":"https:\/\/jandaiadosul.ufpr.br\/lce\/wp-json\/wp\/v2\/users\/3673"}],"replies":[{"embeddable":true,"href":"https:\/\/jandaiadosul.ufpr.br\/lce\/wp-json\/wp\/v2\/comments?post=398"}],"version-history":[{"count":3,"href":"https:\/\/jandaiadosul.ufpr.br\/lce\/wp-json\/wp\/v2\/pages\/398\/revisions"}],"predecessor-version":[{"id":464,"href":"https:\/\/jandaiadosul.ufpr.br\/lce\/wp-json\/wp\/v2\/pages\/398\/revisions\/464"}],"wp:attachment":[{"href":"https:\/\/jandaiadosul.ufpr.br\/lce\/wp-json\/wp\/v2\/media?parent=398"}],"curies":[{"name":"wp","href":"https:\/\/api.w.org\/{rel}","templated":true}]}}