{"id":388,"date":"2023-03-15T14:37:37","date_gmt":"2023-03-15T17:37:37","guid":{"rendered":"https:\/\/jandaiadosul.ufpr.br\/lce\/?page_id=388"},"modified":"2024-05-07T14:01:34","modified_gmt":"2024-05-07T17:01:34","slug":"documentacao","status":"publish","type":"page","link":"https:\/\/jandaiadosul.ufpr.br\/lce\/documentacao\/","title":{"rendered":"Documenta\u00e7\u00e3o"},"content":{"rendered":"<p><span style=\"font-family: 'andale mono', monospace\">Aqui voc\u00ea encontra todos os documentos pertinentes ao funcionamento do curso.<\/span><\/p>\n<p><span style=\"font-family: 'andale mono', monospace\">Acesse a aba que deseja para ter acesso \u00e0s atas de reuni\u00f5es ordin\u00e1rias e extraordin\u00e1rias de nosso colegiado; ou ent\u00e3o aos regulamentos e regimentos que regem nossas atividades acad\u00eamicas.<\/span><\/p>\n<p>CLIQUE AQUI:\u00a0<span style=\"font-family: 'andale mono', monospace\"><a href=\"https:\/\/jandaiadosul.ufpr.br\/lce\/atas-colegiado\/\">ATAS DO COLEGIADO<\/a> OU\u00a0<a href=\"https:\/\/jandaiadosul.ufpr.br\/lce\/outros-documentos\/\">REGIMENTOS E REGULAMENTOS<\/a><\/span><\/p>\n","protected":false},"excerpt":{"rendered":"<p>Aqui voc\u00ea encontra todos os documentos pertinentes ao funcionamento do curso. Acesse a aba que deseja para ter acesso \u00e0s atas de reuni\u00f5es ordin\u00e1rias e [&hellip;]<\/p>\n","protected":false},"author":3673,"featured_media":0,"parent":0,"menu_order":0,"comment_status":"closed","ping_status":"closed","template":"","meta":{"_acf_changed":false,"footnotes":""},"class_list":["post-388","page","type-page","status-publish","hentry"],"acf":[],"_links":{"self":[{"href":"https:\/\/jandaiadosul.ufpr.br\/lce\/wp-json\/wp\/v2\/pages\/388","targetHints":{"allow":["GET"]}}],"collection":[{"href":"https:\/\/jandaiadosul.ufpr.br\/lce\/wp-json\/wp\/v2\/pages"}],"about":[{"href":"https:\/\/jandaiadosul.ufpr.br\/lce\/wp-json\/wp\/v2\/types\/page"}],"author":[{"embeddable":true,"href":"https:\/\/jandaiadosul.ufpr.br\/lce\/wp-json\/wp\/v2\/users\/3673"}],"replies":[{"embeddable":true,"href":"https:\/\/jandaiadosul.ufpr.br\/lce\/wp-json\/wp\/v2\/comments?post=388"}],"version-history":[{"count":7,"href":"https:\/\/jandaiadosul.ufpr.br\/lce\/wp-json\/wp\/v2\/pages\/388\/revisions"}],"predecessor-version":[{"id":583,"href":"https:\/\/jandaiadosul.ufpr.br\/lce\/wp-json\/wp\/v2\/pages\/388\/revisions\/583"}],"wp:attachment":[{"href":"https:\/\/jandaiadosul.ufpr.br\/lce\/wp-json\/wp\/v2\/media?parent=388"}],"curies":[{"name":"wp","href":"https:\/\/api.w.org\/{rel}","templated":true}]}}