{"id":256,"date":"2022-12-08T19:32:15","date_gmt":"2022-12-08T22:32:15","guid":{"rendered":"https:\/\/jandaiadosul.ufpr.br\/lce\/?page_id=256"},"modified":"2025-04-22T15:20:15","modified_gmt":"2025-04-22T18:20:15","slug":"orientacao-academica","status":"publish","type":"page","link":"https:\/\/jandaiadosul.ufpr.br\/lce\/orientacao-academica\/","title":{"rendered":"Orienta\u00e7\u00e3o Acad\u00eamica"},"content":{"rendered":"<p><span style=\"font-family: 'andale mono', monospace\">O Programa de <strong>Orienta\u00e7\u00e3o Acad\u00eamica<\/strong> (POA) visa orientar estudantes em sua trajet\u00f3ria acad\u00eamica (tirar d\u00favidas e criar solu\u00e7\u00f5es para superar os obst\u00e1culos). Na LCE, cada turma tem um\/a orientador\/a que o acompanha.<br \/>\nPara saber mais, acesse o regulamento de Orienta\u00e7\u00e3o Acad\u00eamica.<br \/>\n<\/span><\/p>\n<p><span style=\"font-family: 'andale mono', monospace\">Turma 2018: Prof<sup>a<\/sup> Dr<sup>a <\/sup>Janete de Paula Ferrareze Silva (<a href=\"mailto:janete.ferrareze@ufpr.br\">janete.ferrareze@ufpr.br<\/a>)<\/span><\/p>\n<p><span style=\"font-family: 'andale mono', monospace\">Turma 2019: Prof. Dr. Douglas Soares de Oliveira (<a href=\"mailto:douglas.oliveira@ufpr.br\">douglas.oliveira@ufpr.br<\/a>)<\/span><\/p>\n<p><span style=\"font-family: 'andale mono', monospace\">Turma 2020: Prof<sup>a<\/sup> Dr<sup>a<\/sup> Valqu\u00edria de Moraes Silva Ribeiro (<a href=\"mailto:valquiriademoraes@ufpr.br\">valquiriademoraes@ufpr.br<\/a>)<\/span><\/p>\n<p><span style=\"font-family: 'andale mono', monospace\">Turma 2021: Prof. Dr. William Junior do Nascimento (<a href=\"mailto:williamjn@ufpr.br\">williamjn@ufpr.br<\/a>)<\/span><\/p>\n<p><span style=\"font-family: 'andale mono', monospace\">Turma 2022: Prof<sup>a<\/sup>\u00a0Dr<sup>a\u00a0<\/sup>Leticia Saragiotto Colpini (<a href=\"mailto:leticia.colpini@ufpr.br\">leticia.colpini@ufpr.br<\/a>)<\/span><\/p>\n<p><span style=\"font-family: 'andale mono', monospace\">Turma 2023: Prof Dr<sup>\u00a0<\/sup>Carlos Eurico Galv\u00e3o Rosa (<a href=\"mailto:cegalvao@ufpr.br\">cegalvao@ufpr.br<\/a>)<\/span><\/p>\n<p><span style=\"font-family: 'andale mono', monospace\">Turma 2024: Prof\u00aa Dr\u00aa B\u00e1rbara C\u00e2ndido Braz\u00a0(<a href=\"mailto:cegalvao@ufpr.br\">barbarabraz@ufpr.br<\/a><\/span><span style=\"font-family: 'andale mono', monospace\">)<\/span><\/p>\n<p><span style=\"font-family: 'andale mono', monospace\">Turma 2025: Prof\u00aa Dr\u00aa Paola Beatriz Sanches\u00a0(<a href=\"mailto:cegalvao@ufpr.br\">paola.sanches@ufpr.br<\/a>)<\/span><\/p>\n","protected":false},"excerpt":{"rendered":"<p>O Programa de Orienta\u00e7\u00e3o Acad\u00eamica (POA) visa orientar estudantes em sua trajet\u00f3ria acad\u00eamica (tirar d\u00favidas e criar solu\u00e7\u00f5es para superar os obst\u00e1culos). Na LCE, cada [&hellip;]<\/p>\n","protected":false},"author":3673,"featured_media":0,"parent":0,"menu_order":0,"comment_status":"closed","ping_status":"closed","template":"","meta":{"_acf_changed":false,"footnotes":""},"class_list":["post-256","page","type-page","status-publish","hentry"],"acf":[],"_links":{"self":[{"href":"https:\/\/jandaiadosul.ufpr.br\/lce\/wp-json\/wp\/v2\/pages\/256","targetHints":{"allow":["GET"]}}],"collection":[{"href":"https:\/\/jandaiadosul.ufpr.br\/lce\/wp-json\/wp\/v2\/pages"}],"about":[{"href":"https:\/\/jandaiadosul.ufpr.br\/lce\/wp-json\/wp\/v2\/types\/page"}],"author":[{"embeddable":true,"href":"https:\/\/jandaiadosul.ufpr.br\/lce\/wp-json\/wp\/v2\/users\/3673"}],"replies":[{"embeddable":true,"href":"https:\/\/jandaiadosul.ufpr.br\/lce\/wp-json\/wp\/v2\/comments?post=256"}],"version-history":[{"count":4,"href":"https:\/\/jandaiadosul.ufpr.br\/lce\/wp-json\/wp\/v2\/pages\/256\/revisions"}],"predecessor-version":[{"id":1016,"href":"https:\/\/jandaiadosul.ufpr.br\/lce\/wp-json\/wp\/v2\/pages\/256\/revisions\/1016"}],"wp:attachment":[{"href":"https:\/\/jandaiadosul.ufpr.br\/lce\/wp-json\/wp\/v2\/media?parent=256"}],"curies":[{"name":"wp","href":"https:\/\/api.w.org\/{rel}","templated":true}]}}