{"id":232,"date":"2022-12-07T12:25:36","date_gmt":"2022-12-07T15:25:36","guid":{"rendered":"https:\/\/jandaiadosul.ufpr.br\/lce\/?page_id=232"},"modified":"2024-08-26T13:55:37","modified_gmt":"2024-08-26T16:55:37","slug":"coordenacao","status":"publish","type":"page","link":"https:\/\/jandaiadosul.ufpr.br\/lce\/coordenacao\/","title":{"rendered":"Coordena\u00e7\u00e3o de curso"},"content":{"rendered":"<p><strong><span style=\"font-family: 'andale mono', monospace;font-size: 12pt\">Gest\u00e3o 2024-2026<br \/>\n<\/span><\/strong><\/p>\n<p>***<\/p>\n<p><span style=\"font-family: 'andale mono', monospace\"><strong><span style=\"font-size: 12pt\"> COORDENA\u00c7\u00c3O E VICE-COORDENA\u00c7\u00c3O DO CURSO<\/span><\/strong><\/span><\/p>\n<p><span style=\"font-family: 'andale mono', monospace\"><strong>Herc\u00edlia Alves Pereira de Carvalho<\/strong>, Doutora em F\u00edsica, Pesquisadora na \u00e1rea de Ensino F\u00edsica.<\/span><\/p>\n<p><span style=\"font-family: arial, helvetica, sans-serif\"><a href=\"hercilia@ufpr.br\">hercilia@ufpr.br\u00a0<\/a> \u00a0\u00a0 \u00a0\u00a0 \u00a0<a href=\"http:\/\/lattes.cnpq.br\/6902808363799194\">http:\/\/lattes.cnpq.br\/6902808363799194<\/a><\/span><\/p>\n<p>&nbsp;<\/p>\n<p><span style=\"font-family: 'andale mono', monospace\"><strong>B\u00e1rbara C\u00e2ndido Braz<\/strong>, Doutora em Educa\u00e7\u00e3o para a Ci\u00eancia e a Matem\u00e1tica.\u00a0<\/span><\/p>\n<p><span style=\"font-family: 'andale mono', monospace\"><span style=\"font-family: arial, helvetica, sans-serif\"><a href=\"barbarabraz@ufpr.br\">barbarabraz@ufpr.br<\/a> <\/span>\u00a0 <span style=\"font-family: arial, helvetica, sans-serif\"><a href=\"http:\/\/lattes.cnpq.br\/9744720063478294\">http:\/\/lattes.cnpq.br\/9744720063478294<\/a><\/span><\/span><\/p>\n","protected":false},"excerpt":{"rendered":"<p>Gest\u00e3o 2024-2026 *** COORDENA\u00c7\u00c3O E VICE-COORDENA\u00c7\u00c3O DO CURSO Herc\u00edlia Alves Pereira de Carvalho, Doutora em F\u00edsica, Pesquisadora na \u00e1rea de Ensino F\u00edsica. hercilia@ufpr.br\u00a0 \u00a0\u00a0 \u00a0\u00a0 [&hellip;]<\/p>\n","protected":false},"author":3673,"featured_media":0,"parent":0,"menu_order":0,"comment_status":"closed","ping_status":"closed","template":"","meta":{"_acf_changed":false,"footnotes":""},"class_list":["post-232","page","type-page","status-publish","hentry"],"acf":[],"_links":{"self":[{"href":"https:\/\/jandaiadosul.ufpr.br\/lce\/wp-json\/wp\/v2\/pages\/232","targetHints":{"allow":["GET"]}}],"collection":[{"href":"https:\/\/jandaiadosul.ufpr.br\/lce\/wp-json\/wp\/v2\/pages"}],"about":[{"href":"https:\/\/jandaiadosul.ufpr.br\/lce\/wp-json\/wp\/v2\/types\/page"}],"author":[{"embeddable":true,"href":"https:\/\/jandaiadosul.ufpr.br\/lce\/wp-json\/wp\/v2\/users\/3673"}],"replies":[{"embeddable":true,"href":"https:\/\/jandaiadosul.ufpr.br\/lce\/wp-json\/wp\/v2\/comments?post=232"}],"version-history":[{"count":14,"href":"https:\/\/jandaiadosul.ufpr.br\/lce\/wp-json\/wp\/v2\/pages\/232\/revisions"}],"predecessor-version":[{"id":676,"href":"https:\/\/jandaiadosul.ufpr.br\/lce\/wp-json\/wp\/v2\/pages\/232\/revisions\/676"}],"wp:attachment":[{"href":"https:\/\/jandaiadosul.ufpr.br\/lce\/wp-json\/wp\/v2\/media?parent=232"}],"curies":[{"name":"wp","href":"https:\/\/api.w.org\/{rel}","templated":true}]}}