{"id":20,"date":"2022-09-28T11:19:05","date_gmt":"2022-09-28T14:19:05","guid":{"rendered":"https:\/\/jandaiadosul.ufpr.br\/lce\/?page_id=20"},"modified":"2025-08-25T12:50:49","modified_gmt":"2025-08-25T15:50:49","slug":"outros-documentos","status":"publish","type":"page","link":"https:\/\/jandaiadosul.ufpr.br\/lce\/outros-documentos\/","title":{"rendered":"Documentos"},"content":{"rendered":"<p>&nbsp;<\/p>\n<table style=\"width: 100%;height: 682px\">\n<tbody>\n<tr style=\"height: 67px\">\n<td style=\"height: 67px;width: 86.1333%\"><span style=\"font-size: 10pt;font-family: helvetica, arial, sans-serif\">Resolu\u00e7\u00e3o 21.2013 &#8211; COUN &#8211; Cria\u00e7\u00e3o do Curso de Licenciatura em Ci\u00eancias Exatas<\/span><\/td>\n<td style=\"height: 67px;width: 13.7333%\">\u00a0<a href=\"https:\/\/jandaiadosul.ufpr.br\/wp-content\/uploads\/2015\/11\/Resolucao-21-13-COUN-Criacao-do-Curso-de-Licenciatura-em-Ciencias-Exatas2.pdf\" target=\"_blank\" rel=\"noopener noreferrer\"><img decoding=\"async\" src=\"https:\/\/jandaiadosul.ufpr.br\/novosite\/wp-content\/uploads\/2014\/04\/botaopdf.png\" alt=\"\" width=\"127\" height=\"38\" \/><\/a><\/td>\n<\/tr>\n<tr style=\"height: 67px\">\n<td style=\"height: 67px;width: 86.1333%\"><span style=\"font-size: 10pt;font-family: helvetica, arial, sans-serif\">Resolu\u00e7\u00e3o 01.2015 &#8211; Regimento do N\u00facleo Docente Estruturante NDE\u00a0Licenciatura em Ci\u00eancias\u00a0Exatas<\/span><\/td>\n<td style=\"height: 67px;width: 13.7333%\"><a href=\"https:\/\/jandaiadosul.ufpr.br\/wp-content\/uploads\/2016\/05\/Resolucao-01-2015-Regimento-NDE-Exatas.pdf\" target=\"_blank\" rel=\"noopener noreferrer\"><img decoding=\"async\" class=\"alignnone\" src=\"https:\/\/jandaiadosul.ufpr.br\/novosite\/wp-content\/uploads\/2014\/04\/botaopdf.png\" alt=\"\" width=\"127\" height=\"38\" \/><\/a><\/td>\n<\/tr>\n<tr style=\"height: 67px\">\n<td style=\"height: 67px;width: 86.1333%\"><span style=\"font-size: 10pt;font-family: helvetica, arial, sans-serif\">Resolu\u00e7\u00e3o 02.2015 &#8211; Regulamento da Orienta\u00e7\u00e3o Acad\u00eamica do Curso de Licenciatura em Ci\u00eancias Exatas<\/span><\/td>\n<td style=\"height: 67px;width: 13.7333%\"><a href=\"https:\/\/jandaiadosul.ufpr.br\/wp-content\/uploads\/2016\/12\/Regulamento-da-Orienta%C3%A7%C3%A3o-Acad%C3%AAmica-Ci%C3%AAncias-Exatas-Adequa%C3%A7%C3%A3o-a-Res.-95A-15-CEPE.pdf\" target=\"_blank\" rel=\"noopener noreferrer\"><img decoding=\"async\" class=\"alignnone\" src=\"https:\/\/jandaiadosul.ufpr.br\/novosite\/wp-content\/uploads\/2014\/04\/botaopdf.png\" width=\"127\" height=\"38\" \/><\/a><\/td>\n<\/tr>\n<tr style=\"height: 58px\">\n<td style=\"height: 58px;width: 86.1333%\"><span style=\"font-size: 10pt;font-family: helvetica, arial, sans-serif\">Resolu\u00e7\u00e3o 01.2016 &#8211; Regulamento de Est\u00e1gio do Curso de Licenciatura em Ci\u00eancias Exatas<\/span><\/td>\n<td style=\"height: 58px;width: 13.7333%\"><a href=\"https:\/\/jandaiadosul.ufpr.br\/wp-content\/uploads\/2016\/05\/Resolucao-01-2016-Regulamento-de-Estagio-LCE.pdf\" target=\"_blank\" rel=\"noopener noreferrer\"><img decoding=\"async\" class=\"alignnone\" src=\"https:\/\/jandaiadosul.ufpr.br\/novosite\/wp-content\/uploads\/2014\/04\/botaopdf.png\" width=\"127\" height=\"38\" \/><\/a><\/td>\n<\/tr>\n<tr style=\"height: 58px\">\n<td style=\"height: 58px;width: 86.1333%\"><span style=\"font-size: 10pt;font-family: helvetica, arial, sans-serif\">Tutorial de Atividades Formativas<\/span><\/td>\n<td style=\"height: 58px;width: 13.7333%\">\u00a0<a href=\"https:\/\/jandaiadosul.ufpr.br\/wp-content\/uploads\/2017\/05\/tutorial.pdf\" target=\"_blank\" rel=\"noopener noreferrer\"><img decoding=\"async\" class=\"alignnone\" src=\"https:\/\/jandaiadosul.ufpr.br\/novosite\/wp-content\/uploads\/2014\/04\/botaopdf.png\" width=\"127\" height=\"38\" \/><\/a><\/td>\n<\/tr>\n<tr style=\"height: 58px\">\n<td style=\"height: 58px;width: 86.1333%\"><span style=\"font-size: 10pt;font-family: helvetica, arial, sans-serif\">Planejamento Estrat\u00e9gico<\/span><\/td>\n<td style=\"height: 58px;width: 13.7333%\"><a href=\"https:\/\/jandaiadosul.ufpr.br\/wp-content\/uploads\/2020\/06\/planejamento_estrategico_exatas-1.pdf\" target=\"_blank\" rel=\"noopener noreferrer\"><img decoding=\"async\" class=\"alignnone\" src=\"https:\/\/jandaiadosul.ufpr.br\/novosite\/wp-content\/uploads\/2014\/04\/botaopdf.png\" alt=\"\" width=\"127\" height=\"38\" \/><\/a><\/td>\n<\/tr>\n<tr style=\"height: 48px\">\n<td style=\"width: 86.1333%;height: 48px\"><span style=\"font-size: 10pt;font-family: helvetica, arial, sans-serif\">Regimento do Curso de Licenciatura em Ci\u00eancias Exatas<\/span><\/td>\n<td style=\"width: 13.7333%;height: 48px\"><a href=\"https:\/\/jandaiadosul.ufpr.br\/html\/wp-content\/uploads\/2020\/06\/Regimento%20Licenciatura%20em%20Ci%C3%AAncias%20Exatas.pdf\" target=\"_blank\" rel=\"noopener noreferrer\"><img decoding=\"async\" class=\"alignnone\" src=\"https:\/\/jandaiadosul.ufpr.br\/novosite\/wp-content\/uploads\/2014\/04\/botaopdf.png\" alt=\"\" width=\"127\" height=\"38\" \/><\/a><\/td>\n<\/tr>\n<tr style=\"height: 45px\">\n<td style=\"width: 86.1333%;height: 45px\"><span style=\"font-size: 10pt;font-family: helvetica, arial, sans-serif\">Trabalhos de Conclus\u00e3o de Curso &#8211; Cronograma 2025<\/span><\/td>\n<td style=\"width: 13.7333%;height: 45px\"><a href=\"http:\/\/jandaiadosul.ufpr.br\/lce\/wp-content\/uploads\/sites\/22\/2025\/04\/cronograma-tcc-2025-aprovado.pdf\" target=\"_blank\" rel=\"noopener noreferrer\"><img decoding=\"async\" class=\"alignnone\" src=\"https:\/\/jandaiadosul.ufpr.br\/novosite\/wp-content\/uploads\/2014\/04\/botaopdf.png\" alt=\"\" width=\"127\" height=\"38\" \/><\/a><\/td>\n<\/tr>\n<tr style=\"height: 80px\">\n<td style=\"width: 86.1333%;height: 80px\"><span style=\"font-size: 10pt;font-family: helvetica, arial, sans-serif\">Membros do Colegiado de Licenciatura em Ci\u00eancias Exatas\u00a0<\/span><\/td>\n<td style=\"width: 13.7333%;height: 80px\"><a href=\"http:\/\/jandaiadosul.ufpr.br\/lce\/wp-content\/uploads\/sites\/22\/2025\/08\/sei_8072306_portaria_53.pdf\">Portaria Colegiado<\/a><\/td>\n<\/tr>\n<tr style=\"height: 45px\">\n<td style=\"width: 86.1333%;height: 45px\"><span style=\"font-size: 10pt;font-family: helvetica, arial, sans-serif\">Regulamento do Trabalho de Conclus\u00e3o de Curso<\/span><\/td>\n<td style=\"width: 13.7333%;height: 45px\"><a href=\"https:\/\/jandaiadosul.ufpr.br\/wp-content\/uploads\/2015\/11\/Regulamento_TCC_Exatas-Atualizado.pdf\" target=\"_blank\" rel=\"noopener noreferrer\"><img decoding=\"async\" class=\"alignnone\" src=\"https:\/\/jandaiadosul.ufpr.br\/novosite\/wp-content\/uploads\/2014\/04\/botaopdf.png\" alt=\"\" width=\"127\" height=\"38\" \/><\/a><\/td>\n<\/tr>\n<tr style=\"height: 44px\">\n<td style=\"width: 86.1333%;height: 44px\"><span style=\"font-size: 10pt;font-family: helvetica, arial, sans-serif\">Regulamenta\u00e7\u00e3o das Atividades Formativas<\/span><\/td>\n<td style=\"width: 13.7333%;height: 44px\"><a href=\"https:\/\/jandaiadosul.ufpr.br\/wp-content\/uploads\/2015\/11\/AF-Lic.-em-Ciencias-Exatas-JS_Atualizado-2022.pdf\" target=\"_blank\" rel=\"noopener noreferrer\"><img decoding=\"async\" class=\"alignnone\" src=\"https:\/\/jandaiadosul.ufpr.br\/novosite\/wp-content\/uploads\/2014\/04\/botaopdf.png\" alt=\"\" width=\"127\" height=\"38\" \/><\/a><\/td>\n<\/tr>\n<tr style=\"height: 45px\">\n<td style=\"width: 86.1333%;height: 45px\"><span style=\"font-size: 10pt;font-family: helvetica, arial, sans-serif\">Edital Segunda Licenciatura em Ci\u00eancias Exatas &#8211; 2022<\/span><\/td>\n<td style=\"width: 13.7333%;height: 45px\"><a href=\"https:\/\/jandaiadosul.ufpr.br\/wp-content\/uploads\/2015\/11\/Edital-Segunda-Licenciatura-2022.pdf\" target=\"_blank\" rel=\"noopener noreferrer\"><img decoding=\"async\" class=\"alignnone\" src=\"https:\/\/jandaiadosul.ufpr.br\/novosite\/wp-content\/uploads\/2014\/04\/botaopdf.png\" alt=\"\" width=\"127\" height=\"38\" \/><\/a><\/td>\n<\/tr>\n<\/tbody>\n<\/table>\n<p>&nbsp;<\/p>\n","protected":false},"excerpt":{"rendered":"<p>&nbsp; Resolu\u00e7\u00e3o 21.2013 &#8211; COUN &#8211; Cria\u00e7\u00e3o do Curso de Licenciatura em Ci\u00eancias Exatas \u00a0 Resolu\u00e7\u00e3o 01.2015 &#8211; Regimento do N\u00facleo Docente Estruturante NDE\u00a0Licenciatura em [&hellip;]<\/p>\n","protected":false},"author":3618,"featured_media":0,"parent":0,"menu_order":0,"comment_status":"closed","ping_status":"closed","template":"","meta":{"_acf_changed":false,"footnotes":""},"class_list":["post-20","page","type-page","status-publish","hentry"],"acf":[],"_links":{"self":[{"href":"https:\/\/jandaiadosul.ufpr.br\/lce\/wp-json\/wp\/v2\/pages\/20","targetHints":{"allow":["GET"]}}],"collection":[{"href":"https:\/\/jandaiadosul.ufpr.br\/lce\/wp-json\/wp\/v2\/pages"}],"about":[{"href":"https:\/\/jandaiadosul.ufpr.br\/lce\/wp-json\/wp\/v2\/types\/page"}],"author":[{"embeddable":true,"href":"https:\/\/jandaiadosul.ufpr.br\/lce\/wp-json\/wp\/v2\/users\/3618"}],"replies":[{"embeddable":true,"href":"https:\/\/jandaiadosul.ufpr.br\/lce\/wp-json\/wp\/v2\/comments?post=20"}],"version-history":[{"count":14,"href":"https:\/\/jandaiadosul.ufpr.br\/lce\/wp-json\/wp\/v2\/pages\/20\/revisions"}],"predecessor-version":[{"id":1024,"href":"https:\/\/jandaiadosul.ufpr.br\/lce\/wp-json\/wp\/v2\/pages\/20\/revisions\/1024"}],"wp:attachment":[{"href":"https:\/\/jandaiadosul.ufpr.br\/lce\/wp-json\/wp\/v2\/media?parent=20"}],"curies":[{"name":"wp","href":"https:\/\/api.w.org\/{rel}","templated":true}]}}