{"id":2,"date":"2022-09-06T17:13:50","date_gmt":"2022-09-06T20:13:50","guid":{"rendered":"http:\/\/lce.jandaiadosul.ufpr.br\/?page_id=2"},"modified":"2022-12-08T12:13:24","modified_gmt":"2022-12-08T15:13:24","slug":"pagina-exemplo","status":"publish","type":"page","link":"https:\/\/jandaiadosul.ufpr.br\/lce\/","title":{"rendered":"Sobre o curso"},"content":{"rendered":"<pre><\/pre>\n<p><span style=\"font-family: 'andale mono', monospace;font-size: 12pt\"><img decoding=\"async\" class=\"wp-image-97 alignleft\" style=\"border: 0px\" src=\"https:\/\/jandaiadosul.ufpr.br\/wp-content\/uploads\/2015\/05\/logo_ciencias_exatas.png\" alt=\"\" width=\"132\" height=\"132\" \/><\/span><\/p>\n<p><span style=\"font-family: 'andale mono', monospace;font-size: 12pt\"><strong>A gradua\u00e7\u00e3o em Licenciatura em Ci\u00eancias Exatas (LCE)<\/strong><\/span><\/p>\n<p><span style=\"font-family: 'andale mono', monospace;font-size: 12pt\">A forma\u00e7\u00e3o de professores de Matem\u00e1tica, Qu\u00edmica e F\u00edsica para a educa\u00e7\u00e3o b\u00e1sica, al\u00e9m de necess\u00e1ria para uma educa\u00e7\u00e3o de qualidade, representa fator estrat\u00e9gico para o desenvolvimento do Pa\u00eds.<\/span><\/p>\n<p><span style=\"font-family: 'andale mono', monospace;font-size: 12pt\">A LCE, al\u00e9m de preparar o\/a docente para o exerc\u00edcio do magist\u00e9rio buscar formar profissionais capazes de atuar com a educa\u00e7\u00e3o cient\u00edfica em diferentes ambientes educativos, ou mesmo se tornar um\/a futuro\/a pesquisador\/a em educa\u00e7\u00e3o\/ensino em ci\u00eancias.\u00a0<\/span><\/p>\n<p><span style=\"font-family: 'andale mono', monospace;font-size: 12pt\">Durante os dois primeiros anos, o\/a aluno\/a cumpre um n\u00facleo b\u00e1sico com conte\u00fados cient\u00edficos e pedag\u00f3gicos. No terceiro ano, \u00e9 feita a op\u00e7\u00e3o pelas terminalidades: F\u00edsica, Matem\u00e1tica ou Qu\u00edmica. A partir da\u00ed, disciplinas espec\u00edficas s\u00e3o oferecidas, mantendo-se o car\u00e1ter interdisciplinar do curso, culminando com os Est\u00e1gios de Doc\u00eancia, no qual o aluno tem a oportunidade de articular o conhecimento adquirido com a pr\u00e1tica docente em ambientes formais e n\u00e3o formais.<\/span><\/p>\n<p><span style=\"font-family: 'andale mono', monospace;font-size: 12pt\">Ao\/\u00e0 egresso\/a do Curso de Licenciatura em Ci\u00eancias Exatas \u00e9 conferido o diploma de Licenciado\/a em Ci\u00eancias Exatas com a respectiva habilita\u00e7\u00e3o escolhida (F\u00edsica, Matem\u00e1tica ou Qu\u00edmica).<\/span><\/p>\n<p><span style=\"font-family: 'andale mono', monospace;font-size: 12pt\"><strong> Dura\u00e7\u00e3o: <\/strong>5 anos <strong>Turno: <\/strong>Noturno <strong>Vagas\/ano: <\/strong>50<\/span><\/p>\n","protected":false},"excerpt":{"rendered":"<p>A gradua\u00e7\u00e3o em Licenciatura em Ci\u00eancias Exatas (LCE) A forma\u00e7\u00e3o de professores de Matem\u00e1tica, Qu\u00edmica e F\u00edsica para a educa\u00e7\u00e3o b\u00e1sica, al\u00e9m de necess\u00e1ria para [&hellip;]<\/p>\n","protected":false},"author":3618,"featured_media":0,"parent":0,"menu_order":0,"comment_status":"closed","ping_status":"open","template":"","meta":{"_acf_changed":false,"footnotes":""},"class_list":["post-2","page","type-page","status-publish","hentry"],"acf":[],"_links":{"self":[{"href":"https:\/\/jandaiadosul.ufpr.br\/lce\/wp-json\/wp\/v2\/pages\/2","targetHints":{"allow":["GET"]}}],"collection":[{"href":"https:\/\/jandaiadosul.ufpr.br\/lce\/wp-json\/wp\/v2\/pages"}],"about":[{"href":"https:\/\/jandaiadosul.ufpr.br\/lce\/wp-json\/wp\/v2\/types\/page"}],"author":[{"embeddable":true,"href":"https:\/\/jandaiadosul.ufpr.br\/lce\/wp-json\/wp\/v2\/users\/3618"}],"replies":[{"embeddable":true,"href":"https:\/\/jandaiadosul.ufpr.br\/lce\/wp-json\/wp\/v2\/comments?post=2"}],"version-history":[{"count":34,"href":"https:\/\/jandaiadosul.ufpr.br\/lce\/wp-json\/wp\/v2\/pages\/2\/revisions"}],"predecessor-version":[{"id":95,"href":"https:\/\/jandaiadosul.ufpr.br\/lce\/wp-json\/wp\/v2\/pages\/2\/revisions\/95"}],"wp:attachment":[{"href":"https:\/\/jandaiadosul.ufpr.br\/lce\/wp-json\/wp\/v2\/media?parent=2"}],"curies":[{"name":"wp","href":"https:\/\/api.w.org\/{rel}","templated":true}]}}