{"id":168,"date":"2022-11-29T13:22:24","date_gmt":"2022-11-29T16:22:24","guid":{"rendered":"https:\/\/jandaiadosul.ufpr.br\/lce\/?page_id=168"},"modified":"2022-11-29T14:39:44","modified_gmt":"2022-11-29T17:39:44","slug":"atas-colegiado-2020","status":"publish","type":"page","link":"https:\/\/jandaiadosul.ufpr.br\/lce\/atas-colegiado-2020\/","title":{"rendered":"Atas Colegiado 2020"},"content":{"rendered":"<p><span style=\"font-family: helvetica, arial, sans-serif\"><strong>Atas das reuni\u00f5es ordin\u00e1rias do Colegiado do Curso de Licenciatura em Ci\u00eancias Exatas<\/strong><\/span><\/p>\n<p><span style=\"color: #800080\"><a style=\"color: #800080\" href=\"https:\/\/jandaiadosul.ufpr.br\/wp-content\/uploads\/2020\/10\/Ata-da-quinquag%C3%A9sima-segunda-reuni%C3%A3o-ordin%C3%A1ria-do-colegiado-do-curso-de-Licenciatura-em-Ci%C3%AAncias-Exatas-aprovada-em-02.07.2020.pdf\"><span style=\"font-family: helvetica, arial, sans-serif;font-size: 10pt\">Ata da 52\u00aa Reuni\u00e3o Ordin\u00e1ria do Colegiado do Curso, aprovada em 02\/07\/2020.<\/span><\/a><\/span><\/p>\n<p><span style=\"color: #800080\"><a style=\"color: #800080\" href=\"https:\/\/jandaiadosul.ufpr.br\/wp-content\/uploads\/2020\/10\/Ata-da-quinquag%C3%A9sima-terceira-reuni%C3%A3o-ordin%C3%A1ria-do-colegiado-do-curso-de-Licenciatura-em-Ci%C3%AAncias-Exatas-aprovada-em-29.09.2020.pdf\"><span style=\"font-family: helvetica, arial, sans-serif;font-size: 10pt\">Ata da 53\u00aa Reuni\u00e3o Ordin\u00e1ria do Colegiado do Curso, aprovada em 29\/09\/2020.<\/span><\/a><\/span><\/p>\n<p><span style=\"color: #800080\"><a style=\"color: #800080\" href=\"https:\/\/jandaiadosul.ufpr.br\/wp-content\/uploads\/2021\/05\/Ata-da-quinquagegima-quarta-reuniao-ordinaria-do-colegiado-do-curso-de-Licenciatura-em-Ciencias-Exatas-aprovada-em-23.03.2021.pdf\"><span style=\"font-family: helvetica, arial, sans-serif;font-size: 10pt\">Ata da 54\u00aa Reuni\u00e3o Ordin\u00e1ria do Colegiado do Curso, aprovada em 23\/03\/2021.<\/span><\/a><\/span><\/p>\n<p>&nbsp;<\/p>\n<p><span style=\"font-family: helvetica, arial, sans-serif\"><strong>Atas das reuni\u00f5es extraordin\u00e1rias do Colegiado do Curso de Licenciatura em Ci\u00eancias Exatas<\/strong><\/span><\/p>\n<p><span style=\"font-family: helvetica, arial, sans-serif;font-size: 10pt;color: #800080\"><a style=\"color: #800080\" href=\"https:\/\/jandaiadosul.ufpr.br\/wp-content\/uploads\/2020\/10\/Ata-da-trig%C3%A9sima-s%C3%A9tima-reuni%C3%A3o-extraordin%C3%A1ria-do-colegiado-do-curso-de-Licenciatura-em-Ci%C3%AAncias-Exatas-aprovada-em-02.03.20.pdf\"><span id=\"OBJ_PREFIX_DWT225_com_zimbra_date\" class=\"Object-hover\"><span id=\"OBJ_PREFIX_DWT225_com_zimbra_date\" class=\"Object-hover\" style=\"font-family: helvetica, arial, sans-serif;font-size: 10pt\">Ata da 37\u00aa Reuni\u00e3o Extraordin\u00e1ria do Colegiado do Curso, <\/span>aprovada em 02\/03\/2020.<\/span><\/a><\/span><\/p>\n<p><span style=\"font-family: helvetica, arial, sans-serif;font-size: 10pt;color: #800080\"><a style=\"color: #800080\" href=\"https:\/\/jandaiadosul.ufpr.br\/wp-content\/uploads\/2020\/10\/Ata-da-trig%C3%A9sima-oitava-reuni%C3%A3o-extraordin%C3%A1ria-do-colegiado-do-curso-de-Licenciatura-em-Ci%C3%AAncias-Exatas-aprovada-em-02.07.2020.pdf\"><span id=\"OBJ_PREFIX_DWT225_com_zimbra_date\" class=\"Object-hover\"><span id=\"OBJ_PREFIX_DWT225_com_zimbra_date\" class=\"Object-hover\" style=\"font-family: helvetica, arial, sans-serif;font-size: 10pt\">Ata da 38\u00aa Reuni\u00e3o Extraordin\u00e1ria do Colegiado do Curso, <\/span>aprovada em 02\/07\/2020.<\/span><\/a><\/span><\/p>\n<p><span style=\"font-family: helvetica, arial, sans-serif;font-size: 10pt;color: #800080\"><a style=\"color: #800080\" href=\"https:\/\/jandaiadosul.ufpr.br\/wp-content\/uploads\/2020\/10\/Ata-da-trig%C3%A9sima-nona-reuni%C3%A3o-extraordin%C3%A1ria-do-colegiado-do-curso-de-Licenciatura-em-Ci%C3%AAncias-Exatas-aprovada-em-02.07.20.pdf\"><span id=\"OBJ_PREFIX_DWT225_com_zimbra_date\" class=\"Object-hover\"><span id=\"OBJ_PREFIX_DWT225_com_zimbra_date\" class=\"Object-hover\" style=\"font-family: helvetica, arial, sans-serif;font-size: 10pt\">Ata da 39\u00aa Reuni\u00e3o Extraordin\u00e1ria do Colegiado do Curso, <\/span>aprovada em 02\/07\/2020.<\/span><\/a><\/span><\/p>\n<p><span style=\"font-family: helvetica, arial, sans-serif;font-size: 10pt;color: #800080\"><a style=\"color: #800080\" href=\"https:\/\/jandaiadosul.ufpr.br\/wp-content\/uploads\/2020\/10\/Ata-da-quadrag%C3%A9sima-reuni%C3%A3o-extraordin%C3%A1ria-do-colegiado-do-curso-de-Licenciatura-em-Ci%C3%AAncias-Exatas-aprovada-em-02.07.20.pdf\"><span id=\"OBJ_PREFIX_DWT225_com_zimbra_date\" class=\"Object-hover\"><span id=\"OBJ_PREFIX_DWT225_com_zimbra_date\" class=\"Object-hover\" style=\"font-family: helvetica, arial, sans-serif;font-size: 10pt\">Ata da 40\u00aa Reuni\u00e3o Extraordin\u00e1ria do Colegiado do Curso, <\/span>aprovada em 02\/07\/2020.<\/span><\/a><\/span><\/p>\n<p><span style=\"font-family: helvetica, arial, sans-serif;font-size: 10pt;color: #800080\"><a style=\"color: #800080\" href=\"https:\/\/jandaiadosul.ufpr.br\/wp-content\/uploads\/2020\/10\/Ata-da-quadrag%C3%A9sima-primeira-reuni%C3%A3o-extraordin%C3%A1ria-do-colegiado-do-curso-de-Licenciatura-em-Ci%C3%AAncias-Exatas-aprovada-em-02.07.20.pdf\"><span id=\"OBJ_PREFIX_DWT225_com_zimbra_date\" class=\"Object-hover\"><span id=\"OBJ_PREFIX_DWT225_com_zimbra_date\" class=\"Object-hover\" style=\"font-family: helvetica, arial, sans-serif;font-size: 10pt\">Ata da 41\u00aa Reuni\u00e3o Extraordin\u00e1ria do Colegiado do Curso, <\/span> aprovada em 02\/07\/2020.<\/span><\/a><\/span><\/p>\n<p><span style=\"color: #800080\"><a style=\"color: #800080\" href=\"https:\/\/jandaiadosul.ufpr.br\/wp-content\/uploads\/2020\/10\/Ata-da-quadrag%C3%A9sima-segunda-reuni%C3%A3o-extraordin%C3%A1ria-do-colegiado-do-curso-de-Licenciatura-em-Ci%C3%AAncias-Exatas-aprovada-em-02.07.20.pdf\"><span style=\"font-family: helvetica, arial, sans-serif;font-size: 10pt\"><span id=\"OBJ_PREFIX_DWT225_com_zimbra_date\" class=\"Object-hover\"><span id=\"OBJ_PREFIX_DWT225_com_zimbra_date\" class=\"Object-hover\" style=\"font-family: helvetica, arial, sans-serif;font-size: 10pt\">Ata da 42\u00aa Reuni\u00e3o Extraordin\u00e1ria do Colegiado do Curso, <\/span> aprovada em 02\/07\/2020.<\/span><\/span><\/a><\/span><\/p>\n<p><span style=\"color: #800080\"><a style=\"color: #800080\" href=\"https:\/\/jandaiadosul.ufpr.br\/wp-content\/uploads\/2020\/10\/Ata-da-quadrag%C3%A9sima-terceira-reuni%C3%A3o-extraordin%C3%A1ria-do-colegiado-do-curso-de-Licenciatura-em-Ci%C3%AAncias-Exatas-aprovada-em-02.07.20.pdf\"><span style=\"font-family: helvetica, arial, sans-serif;font-size: 10pt\"><span id=\"OBJ_PREFIX_DWT225_com_zimbra_date\" class=\"Object-hover\"><span id=\"OBJ_PREFIX_DWT225_com_zimbra_date\" class=\"Object-hover\" style=\"font-family: helvetica, arial, sans-serif;font-size: 10pt\">Ata da 43\u00aa Reuni\u00e3o Extraordin\u00e1ria do Colegiado do Curso, <\/span>aprovada em 02\/07\/2020.<\/span><\/span><\/a><\/span><\/p>\n<p><span style=\"color: #800080\"><a style=\"color: #800080\" href=\"https:\/\/jandaiadosul.ufpr.br\/wp-content\/uploads\/2020\/10\/Ata-da-quadrag%C3%A9sima-quarta-reuni%C3%A3o-extraordin%C3%A1ria-do-colegiado-do-curso-de-Licenciatura-em-Ci%C3%AAncias-Exatas-aprovada-em-02.07.20.pdf\"><span style=\"font-family: helvetica, arial, sans-serif;font-size: 10pt\"><span id=\"OBJ_PREFIX_DWT225_com_zimbra_date\" class=\"Object-hover\"><span id=\"OBJ_PREFIX_DWT225_com_zimbra_date\" class=\"Object-hover\" style=\"font-family: helvetica, arial, sans-serif;font-size: 10pt\">Ata da 44\u00aa Reuni\u00e3o Extraordin\u00e1ria do Colegiado do Curso, <\/span>aprovada em 02\/07\/2020.<\/span><\/span><\/a><\/span><\/p>\n<p><span style=\"color: #800080\"><a style=\"color: #800080\" href=\"https:\/\/jandaiadosul.ufpr.br\/wp-content\/uploads\/2020\/10\/Ata-da-quadrag%C3%A9sima-quinta-reuni%C3%A3o-extraordin%C3%A1ria-do-colegiado-do-curso-de-Licenciatura-em-Ci%C3%AAncias-Exatas-aprovada-em-02.07.20.pdf\"><span style=\"font-family: helvetica, arial, sans-serif;font-size: 10pt\"><span id=\"OBJ_PREFIX_DWT225_com_zimbra_date\" class=\"Object-hover\"><span id=\"OBJ_PREFIX_DWT225_com_zimbra_date\" class=\"Object-hover\" style=\"font-family: helvetica, arial, sans-serif;font-size: 10pt\">Ata da 45\u00aa Reuni\u00e3o Extraordin\u00e1ria do Colegiado do Curso, <\/span> aprovada em 02\/07\/2020.<\/span><\/span><\/a><\/span><\/p>\n<p><span style=\"color: #800080\"><a style=\"color: #800080\" href=\"https:\/\/jandaiadosul.ufpr.br\/wp-content\/uploads\/2020\/10\/Ata-da-quadrag%C3%A9sima-sexta-reuni%C3%A3o-extraordin%C3%A1ria-do-colegiado-do-curso-de-Licenciatura-em-Ci%C3%AAncias-Exatas-aprovada-em-29.09.20.pdf\"><span style=\"font-family: helvetica, arial, sans-serif;font-size: 10pt\"><span id=\"OBJ_PREFIX_DWT225_com_zimbra_date\" class=\"Object-hover\"><span id=\"OBJ_PREFIX_DWT225_com_zimbra_date\" class=\"Object-hover\" style=\"font-family: helvetica, arial, sans-serif;font-size: 10pt\">Ata da 46\u00aa Reuni\u00e3o Extraordin\u00e1ria do Colegiado do Curso, <\/span>aprovada em 29\/09\/2020.<\/span><\/span><\/a><\/span><\/p>\n<p><span style=\"color: #800080\"><a style=\"color: #800080\" href=\"https:\/\/jandaiadosul.ufpr.br\/wp-content\/uploads\/2020\/10\/Ata-da-quadrag%C3%A9sima-s%C3%A9tima-reuni%C3%A3o-extraordin%C3%A1ria-do-colegiado-do-curso-de-Licenciatura-em-Ci%C3%AAncias-Exatas-aprovada-em-29.09.20.pdf\"><span style=\"font-family: helvetica, arial, sans-serif;font-size: 10pt\"><span id=\"OBJ_PREFIX_DWT225_com_zimbra_date\" class=\"Object-hover\"><span id=\"OBJ_PREFIX_DWT225_com_zimbra_date\" class=\"Object-hover\" style=\"font-family: helvetica, arial, sans-serif;font-size: 10pt\">Ata da 47\u00aa Reuni\u00e3o Extraordin\u00e1ria do Colegiado do Curso, <\/span>aprovada em 29\/09\/2020.<\/span><\/span><\/a><\/span><\/p>\n<p><span style=\"color: #800080\"><a style=\"color: #800080\" href=\"https:\/\/jandaiadosul.ufpr.br\/wp-content\/uploads\/2021\/05\/Ata-da-quadragesima-oitava-reuniao-extraordinaria-do-colegiado-do-curso-de-Licenciatura-em-Ciencias-Exatas-aprovada-em-23.03.2021.pdf\"><span style=\"font-family: helvetica, arial, sans-serif;font-size: 10pt\"><span id=\"OBJ_PREFIX_DWT225_com_zimbra_date\" class=\"Object-hover\"><span id=\"OBJ_PREFIX_DWT225_com_zimbra_date\" class=\"Object-hover\" style=\"font-family: helvetica, arial, sans-serif;font-size: 10pt\">Ata da 48\u00aa Reuni\u00e3o Extraordin\u00e1ria do Colegiado do Curso, <\/span> aprovada em 23\/03\/2021.<\/span><\/span><\/a><\/span><\/p>\n<p><span style=\"color: #800080\"><a style=\"color: #800080\" href=\"https:\/\/jandaiadosul.ufpr.br\/wp-content\/uploads\/2021\/05\/Ata-da-quadragesima-nona-reuniao-extraordinaria-do-colegiado-do-curso-de-Licenciatura-em-Ciencias-Exatas-aprovada-em-23.03.2021.pdf\"><span style=\"font-family: helvetica, arial, sans-serif;font-size: 10pt\"><span id=\"OBJ_PREFIX_DWT225_com_zimbra_date\" class=\"Object-hover\"><span id=\"OBJ_PREFIX_DWT225_com_zimbra_date\" class=\"Object-hover\" style=\"font-family: helvetica, arial, sans-serif;font-size: 10pt\">Ata da 49\u00aa Reuni\u00e3o Extraordin\u00e1ria do Colegiado do Curso, <\/span>aprovada em 23\/03\/2021.<\/span><\/span><\/a><\/span><\/p>\n<p><span style=\"color: #800080\"><a style=\"color: #800080\" href=\"https:\/\/jandaiadosul.ufpr.br\/wp-content\/uploads\/2021\/05\/Ata-da-quinquagesima-reuniao-extraordinaria-do-colegiado-do-curso-de-Licenciatura-em-Ciencias-Exatas-aprovada-em-23.03.2021.pdf\"><span style=\"font-family: helvetica, arial, sans-serif;font-size: 10pt\"><span id=\"OBJ_PREFIX_DWT225_com_zimbra_date\" class=\"Object-hover\"><span id=\"OBJ_PREFIX_DWT225_com_zimbra_date\" class=\"Object-hover\" style=\"font-family: helvetica, arial, sans-serif;font-size: 10pt\">Ata da 50\u00aa Reuni\u00e3o Extraordin\u00e1ria do Colegiado do Curso, <\/span>aprovada em 23\/03\/2021.<\/span><\/span><\/a><\/span><\/p>\n","protected":false},"excerpt":{"rendered":"<p>Atas das reuni\u00f5es ordin\u00e1rias do Colegiado do Curso de Licenciatura em Ci\u00eancias Exatas Ata da 52\u00aa Reuni\u00e3o Ordin\u00e1ria do Colegiado do Curso, aprovada em 02\/07\/2020. [&hellip;]<\/p>\n","protected":false},"author":3637,"featured_media":0,"parent":0,"menu_order":0,"comment_status":"closed","ping_status":"closed","template":"","meta":{"_acf_changed":false,"footnotes":""},"class_list":["post-168","page","type-page","status-publish","hentry"],"acf":[],"_links":{"self":[{"href":"https:\/\/jandaiadosul.ufpr.br\/lce\/wp-json\/wp\/v2\/pages\/168","targetHints":{"allow":["GET"]}}],"collection":[{"href":"https:\/\/jandaiadosul.ufpr.br\/lce\/wp-json\/wp\/v2\/pages"}],"about":[{"href":"https:\/\/jandaiadosul.ufpr.br\/lce\/wp-json\/wp\/v2\/types\/page"}],"author":[{"embeddable":true,"href":"https:\/\/jandaiadosul.ufpr.br\/lce\/wp-json\/wp\/v2\/users\/3637"}],"replies":[{"embeddable":true,"href":"https:\/\/jandaiadosul.ufpr.br\/lce\/wp-json\/wp\/v2\/comments?post=168"}],"version-history":[{"count":1,"href":"https:\/\/jandaiadosul.ufpr.br\/lce\/wp-json\/wp\/v2\/pages\/168\/revisions"}],"predecessor-version":[{"id":169,"href":"https:\/\/jandaiadosul.ufpr.br\/lce\/wp-json\/wp\/v2\/pages\/168\/revisions\/169"}],"wp:attachment":[{"href":"https:\/\/jandaiadosul.ufpr.br\/lce\/wp-json\/wp\/v2\/media?parent=168"}],"curies":[{"name":"wp","href":"https:\/\/api.w.org\/{rel}","templated":true}]}}