{"id":13,"date":"2022-09-13T10:33:06","date_gmt":"2022-09-13T13:33:06","guid":{"rendered":"https:\/\/jandaiadosul.ufpr.br\/lce\/?page_id=13"},"modified":"2024-09-26T14:34:06","modified_gmt":"2024-09-26T17:34:06","slug":"projetopedagogicomatrizcurricular","status":"publish","type":"page","link":"https:\/\/jandaiadosul.ufpr.br\/lce\/projetopedagogicomatrizcurricular\/","title":{"rendered":"PPC \/ Matriz curricular"},"content":{"rendered":"<p><span style=\"font-family: 'andale mono', monospace\">A LCE conta com <strong>novo PPC<\/strong> e <strong>novas matrizes curriculares<\/strong>, em implanta\u00e7\u00e3o a partir do primeiro semestre letivo 2023. Abaixo constam os documentos aprovados em 18 de Outubro de 2022 pela 3a C\u00e2mara do Conselho de Ensino, Pesquisa e Extens\u00e3o (CEPE), da UFPR:<\/span><\/p>\n<table style=\"width: 100%;border-collapse: collapse;border-style: double;height: 240px\">\n<tbody>\n<tr style=\"height: 24px\">\n<td style=\"width: 80.1587%;height: 24px\"><span style=\"font-family: 'andale mono', monospace\">Curr\u00edculo Pleno do Curso 2023 <\/span><\/p>\n<p><span style=\"font-family: 'andale mono', monospace\"><a href=\"http:\/\/jandaiadosul.ufpr.br\/lce\/wp-content\/uploads\/sites\/22\/2024\/08\/curriculo-pleno-fisica-1.pdf\">F\u00edsica<\/a>\u00a0<a href=\"http:\/\/jandaiadosul.ufpr.br\/lce\/wp-content\/uploads\/sites\/22\/2024\/06\/curriculo-pleno-quimica.pdf\">Qu\u00edmica<\/a>\u00a0<a href=\"http:\/\/jandaiadosul.ufpr.br\/lce\/wp-content\/uploads\/sites\/22\/2024\/06\/curriculo-pleno-matematica.pdf\">Matem\u00e1tica<\/a>\u00a0<\/span><\/td>\n<\/tr>\n<tr style=\"height: 24px\">\n<td style=\"width: 80.1587%;height: 24px\"><span style=\"font-family: 'andale mono', monospace\"><a href=\"http:\/\/jandaiadosul.ufpr.br\/lce\/wp-content\/uploads\/sites\/22\/2022\/12\/ppc_lce_ufpr_ja_2023-3.pdf\">Projeto Pedag\u00f3gico do Curso 2023 (novo curso)<\/a>\u00a0<\/span><\/td>\n<\/tr>\n<tr style=\"height: 24px\">\n<td style=\"width: 80.1587%;height: 24px\"><span style=\"font-family: 'andale mono', monospace\"><a href=\"http:\/\/jandaiadosul.ufpr.br\/lce\/wp-content\/uploads\/sites\/22\/2022\/12\/matrizes_2023.pdf\">Matrizes Curriculares 2023 (tr\u00eas terminalidades)<\/a>\u00a0<\/span><\/td>\n<\/tr>\n<tr style=\"height: 24px\">\n<td style=\"width: 80.1587%;height: 24px\"><a href=\"http:\/\/jandaiadosul.ufpr.br\/lce\/wp-content\/uploads\/sites\/22\/2022\/12\/regulamento_afs_2023-1.pdf\"><span style=\"font-family: 'andale mono', monospace\">Regulamento de Atividades Formativas (a partir de 2023)<\/span><\/a><\/td>\n<\/tr>\n<tr style=\"height: 24px\">\n<td style=\"width: 80.1587%;height: 24px\"><span style=\"font-family: 'andale mono', monospace\"><a href=\"http:\/\/jandaiadosul.ufpr.br\/lce\/wp-content\/uploads\/sites\/22\/2023\/03\/regulamento_aces_2023.pdf\">Regulamento de Atividades Curriculares de Extens\u00e3o (a partir de 2023)<\/a><\/span><\/td>\n<\/tr>\n<tr style=\"height: 24px\">\n<td style=\"width: 80.1587%;height: 24px\"><span style=\"font-family: 'andale mono', monospace\"><a href=\"http:\/\/jandaiadosul.ufpr.br\/lce\/wp-content\/uploads\/sites\/22\/2023\/03\/regulamento_efp_2023.pdf\">Regulamento de Est\u00e1gios de Forma\u00e7\u00e3o Pedag\u00f3gica (a partir de 2023)<\/a><\/span><\/td>\n<\/tr>\n<tr style=\"height: 24px\">\n<td style=\"width: 80.1587%;height: 24px\"><span style=\"font-family: 'andale mono', monospace\"><a href=\"http:\/\/jandaiadosul.ufpr.br\/lce\/wp-content\/uploads\/sites\/22\/2023\/03\/regulamento_oa_2023.pdf\">Regulamento de Orienta\u00e7\u00e3o Acad\u00eamica (a partir de 2023)<\/a><\/span><\/td>\n<\/tr>\n<tr style=\"height: 24px\">\n<td style=\"width: 80.1587%;height: 24px\"><span style=\"font-family: 'andale mono', monospace\">Planos de Adapta\u00e7\u00e3o Curricular (entre os curr\u00edculos 2016 e 2023) <a href=\"http:\/\/jandaiadosul.ufpr.br\/lce\/wp-content\/uploads\/sites\/22\/2023\/03\/plano_de_adaptacao_matematica_ppc_2023.pdf\">(Matem\u00e1tica)<\/a><\/span><\/td>\n<\/tr>\n<tr style=\"height: 24px\">\n<td style=\"width: 80.1587%;height: 24px\"><span style=\"font-family: 'andale mono', monospace\">Planos de Adapta\u00e7\u00e3o Curricular (entre os curr\u00edculos 2016 e 2023) <a href=\"http:\/\/jandaiadosul.ufpr.br\/lce\/wp-content\/uploads\/sites\/22\/2023\/03\/plano_de_adaptacao_quimica_ppc_2023.pdf\">(Qu\u00edmica)<\/a><\/span><\/td>\n<\/tr>\n<tr>\n<td style=\"width: 80.1587%\"><span style=\"font-family: 'andale mono', monospace\">Planos de Adapta\u00e7\u00e3o Curricular (entre os curr\u00edculos 2016 e 2023) <a href=\"http:\/\/jandaiadosul.ufpr.br\/lce\/wp-content\/uploads\/sites\/22\/2023\/03\/plano_de_adaptacao_fisica_ppc_2023.pdf\">(F\u00edsica)<\/a><\/span><\/td>\n<\/tr>\n<tr style=\"height: 24px\">\n<td style=\"width: 80.1587%;height: 24px\"><span style=\"font-family: 'andale mono', monospace\"><a href=\"http:\/\/jandaiadosul.ufpr.br\/lce\/wp-content\/uploads\/sites\/22\/2023\/03\/fichas_01_curriculo_2023_lce_ufpr_jandaia.pdf\">Planos de Ensino (Fichas 01) das disciplinas do curso (curr\u00edculo 2023)<\/a><\/span><\/td>\n<\/tr>\n<tr>\n<td style=\"width: 80.1587%\"><span style=\"font-family: 'andale mono', monospace\"><a href=\"http:\/\/jandaiadosul.ufpr.br\/lce\/wp-content\/uploads\/sites\/22\/2024\/09\/plano-de-gestao-2024-2026.pdf\">Plano de Gest\u00e3o Acad\u00eamica 2024-2026<\/a><\/span><\/td>\n<\/tr>\n<\/tbody>\n<\/table>\n<p><span style=\"font-family: 'andale mono', monospace\">Os estudantes j\u00e1 matriculados anteriormente no curso e que n\u00e3o migraram para o novo curr\u00edculo seguem cursando o PPC e matrizes 2016, que permanece vigente e segue documentado abaixo:\u00a0<\/span><\/p>\n<table style=\"height: 58px;width: 100%;border-collapse: collapse;border-color: #000000;border-style: double\">\n<tbody>\n<tr style=\"height: 24px\">\n<td style=\"width: 50%;height: 24px\"><span style=\"font-family: 'andale mono', monospace\"><a href=\"https:\/\/jandaiadosul.ufpr.br\/wp-content\/uploads\/2016\/01\/resolucao_76-15_exatas_curriculo_novo.pdf\">Curr\u00edculo Pleno do Curso 2016-2022\u00a0<\/a><\/span><\/td>\n<\/tr>\n<tr style=\"height: 24px\">\n<td style=\"width: 50%;height: 24px\"><a href=\"https:\/\/jandaiadosul.ufpr.br\/wp-content\/uploads\/2014\/04\/PPC-licenciatura-em-ciencias-Exatas-jandaia-do-sul-2016.pdf\"><span style=\"font-family: 'andale mono', monospace\">Projeto Pedag\u00f3gico do Curso e Matriz Curricular 2016-2022<\/span><\/a><\/td>\n<\/tr>\n<tr>\n<td style=\"width: 50%\"><span style=\"font-family: 'andale mono', monospace\">Os regulamentos vigentes, vinculados ao curr\u00edculo 2016, encontram-se na guia &#8220;<a href=\"https:\/\/jandaiadosul.ufpr.br\/lce\/outros-documentos\/\">Outros documentos<\/a>&#8221; deste s\u00edtio\u00a0<em>web<\/em>\u00a0<\/span><\/td>\n<\/tr>\n<\/tbody>\n<\/table>\n<p><span style=\"font-family: 'andale mono', monospace\">Todos os anos \u00e9 aberto tamb\u00e9m um Edital espec\u00edfico para a Segunda Licenciatura. Esta turma especial conta com um Projeto Pedag\u00f3gico e Matrizes Curriculares Espec\u00edficas.\u00a0<\/span><\/p>\n<table style=\"width: 100%;border-collapse: collapse;border-color: #000000;border-style: double\">\n<tbody>\n<tr>\n<td style=\"width: 100%\"><span style=\"font-family: 'andale mono', monospace\"><a href=\"https:\/\/jandaiadosul.ufpr.br\/wp-content\/uploads\/2019\/01\/Resolucao_n__84_18_CEPE-1.pdf\">Curr\u00edculo Pleno da Segunda Licenciatura<\/a><\/span><\/td>\n<\/tr>\n<tr>\n<td style=\"width: 100%\"><span style=\"font-family: 'andale mono', monospace\"><a href=\"https:\/\/jandaiadosul.ufpr.br\/wp-content\/uploads\/2019\/01\/PPC_-2-licenciatura.pdf\">Projeto Pedag\u00f3gico da Segunda Licenciatura<\/a><\/span><\/td>\n<\/tr>\n<tr>\n<td style=\"width: 100%\"><span style=\"font-family: 'andale mono', monospace\"><a href=\"https:\/\/jandaiadosul.ufpr.br\/wp-content\/uploads\/2019\/01\/Segunda-Licenciatura-disciplinas-para-Qu\u00edmica.png\">Matriz da Segunda Licenciatura &#8211; Qu\u00edmica<\/a><\/span><\/td>\n<\/tr>\n<tr>\n<td style=\"width: 100%\"><span style=\"font-family: 'andale mono', monospace\"><a href=\"https:\/\/jandaiadosul.ufpr.br\/wp-content\/uploads\/2019\/01\/segunda-Licenciatura-disciplinas-para-Matem\u00e1tica.png\">Matriz da Segunda Licenciatura &#8211; Matem\u00e1tica<\/a><\/span><\/td>\n<\/tr>\n<tr>\n<td style=\"width: 100%\"><span style=\"font-family: 'andale mono', monospace\"><a href=\"https:\/\/jandaiadosul.ufpr.br\/wp-content\/uploads\/2019\/01\/segunda-Licenciatura-disciplinas-para-F\u00edsica.png\">Matriz da Segunda Licenciatura &#8211; F\u00edsica<\/a><\/span><\/td>\n<\/tr>\n<\/tbody>\n<\/table>\n<p>&nbsp;<\/p>\n","protected":false},"excerpt":{"rendered":"<p>A LCE conta com novo PPC e novas matrizes curriculares, em implanta\u00e7\u00e3o a partir do primeiro semestre letivo 2023. Abaixo constam os documentos aprovados em [&hellip;]<\/p>\n","protected":false},"author":3605,"featured_media":0,"parent":0,"menu_order":0,"comment_status":"closed","ping_status":"closed","template":"","meta":{"_acf_changed":false,"footnotes":""},"class_list":["post-13","page","type-page","status-publish","hentry"],"acf":[],"_links":{"self":[{"href":"https:\/\/jandaiadosul.ufpr.br\/lce\/wp-json\/wp\/v2\/pages\/13","targetHints":{"allow":["GET"]}}],"collection":[{"href":"https:\/\/jandaiadosul.ufpr.br\/lce\/wp-json\/wp\/v2\/pages"}],"about":[{"href":"https:\/\/jandaiadosul.ufpr.br\/lce\/wp-json\/wp\/v2\/types\/page"}],"author":[{"embeddable":true,"href":"https:\/\/jandaiadosul.ufpr.br\/lce\/wp-json\/wp\/v2\/users\/3605"}],"replies":[{"embeddable":true,"href":"https:\/\/jandaiadosul.ufpr.br\/lce\/wp-json\/wp\/v2\/comments?post=13"}],"version-history":[{"count":48,"href":"https:\/\/jandaiadosul.ufpr.br\/lce\/wp-json\/wp\/v2\/pages\/13\/revisions"}],"predecessor-version":[{"id":750,"href":"https:\/\/jandaiadosul.ufpr.br\/lce\/wp-json\/wp\/v2\/pages\/13\/revisions\/750"}],"wp:attachment":[{"href":"https:\/\/jandaiadosul.ufpr.br\/lce\/wp-json\/wp\/v2\/media?parent=13"}],"curies":[{"name":"wp","href":"https:\/\/api.w.org\/{rel}","templated":true}]}}