{"id":78,"date":"2023-11-21T12:13:24","date_gmt":"2023-11-21T15:13:24","guid":{"rendered":"https:\/\/jandaiadosul.ufpr.br\/biaes\/?page_id=78"},"modified":"2024-09-12T14:56:10","modified_gmt":"2024-09-12T17:56:10","slug":"areas-de-atuacao","status":"publish","type":"page","link":"https:\/\/jandaiadosul.ufpr.br\/iaes\/areas-de-atuacao\/","title":{"rendered":"\u00c1reas de atua\u00e7\u00e3o"},"content":{"rendered":"<p>A\/o egressa\/o em <span style=\"text-decoration: underline;font-size: 14pt\"><strong>Intelig\u00eancia Artificial e Engenharia de Software (IAES)<\/strong><\/span>\u00a0tem uma forma\u00e7\u00e3o ampla, interdisciplinar e transversal com preparo t\u00e9cnico, cient\u00edfico, \u00e9tico, profissional e human\u00edstico, o que possibilita sua atua\u00e7\u00e3o em diversas \u00e1reas, abrangendo o desenvolvimento de produtos de software inovadores e de qualidade para solu\u00e7\u00e3o de problemas baseados em Intelig\u00eancia Artificial. Algumas \u00e1reas de atua\u00e7\u00e3o para a\/o formada\/o no curso de IAES:<\/p>\n<p>&#8211; <strong>Desenvolvimento de Solu\u00e7\u00f5es (Softwares) Inteligentes:<\/strong> Cria\u00e7\u00e3o, projeto e implementa\u00e7\u00e3o de softwares e sistemas que integram algoritmos de Intelig\u00eancia Artificial (IA) para diversas plataformas;<\/p>\n<p>&#8211; <strong>Desenvolvimento de Machine Learning e Deep Learning:<\/strong> Projeto, implementa\u00e7\u00e3o e treinamento de modelos de aprendizado de m\u00e1quina e redes neurais;<\/p>\n<p>&#8211; <strong>Vis\u00e3o Computacional:<\/strong> Desenvolvimento de sistemas que utilizam IA na interpreta\u00e7\u00e3o, an\u00e1lise e manipula\u00e7\u00e3o de imagens e v\u00eddeos;<\/p>\n<p>&#8211; <strong>Processamento de Linguagem Natural:<\/strong> Implementa\u00e7\u00e3o de sistemas capazes de compreender e gerar linguagem humana, como assistentes virtuais, tradutores autom\u00e1ticos e chatbots;<\/p>\n<p>&#8211; <strong>Engenharia de Dados:<\/strong> Construir infraestruturas para coleta, processamento e armazenamento de dados, fundamentais para o desenvolvimento de modelos de IA;<\/p>\n<p>&#8211; <strong>Consultoria em IA e Transforma\u00e7\u00e3o Digital:<\/strong> Atua\u00e7\u00e3o como consultor, colaborando com empresas para a adota\u00e7\u00e3o e integra\u00e7\u00e3o de IA em seus sistemas e processos, oferecendo solu\u00e7\u00f5es que combinem o desenvolvimento de software com tecnologias inteligentes;<\/p>\n<p>&#8211; <strong>Qualidade de Software Inteligente:<\/strong> Desenvolvimento de ferramentas de testes automatizados com IA, capazes de detectar erros e melhorar a qualidade do software de maneira aut\u00f4noma, identificando padr\u00f5es de bugs;<\/p>\n<p>&#8211; <strong>Empreendedorismo e Startups de Tecnologia:<\/strong> Cria\u00e7\u00e3o de startups de tecnologia inovadoras, desenvolvendo produtos que automatizam processos e otimizam solu\u00e7\u00f5es;<\/p>\n<p>&#8211; <strong>Intelig\u00eancia Artificial em Fintech e Automa\u00e7\u00e3o Financeira:<\/strong> Desenvolvimento de algoritmos de IA para automa\u00e7\u00e3o de processos financeiros, detec\u00e7\u00e3o de fraudes, an\u00e1lise preditiva de mercados e gest\u00e3o de riscos;<\/p>\n<p>&#8211; <strong>Automa\u00e7\u00e3o e Ind\u00fastria 4.0:<\/strong> Implementa\u00e7\u00e3o de solu\u00e7\u00f5es de automa\u00e7\u00e3o inteligente em f\u00e1bricas e ind\u00fastrias, utilizando IA para otimizar linhas de produ\u00e7\u00e3o, manuten\u00e7\u00e3o preditiva e gerenciamento de recursos;<\/p>\n<p>&#8211; <strong>Ger\u00eancia de Projetos de Software:<\/strong> Atua\u00e7\u00e3o como l\u00edder de equipes de desenvolvimento de projetos de softwares;<\/p>\n<p>&#8211; <strong>Administra\u00e7\u00e3o de Banco de Dados:<\/strong> Projeto, desenvolvimento e gerenciamento de bancos de dados que suportam sistemas de software, garantindo a organiza\u00e7\u00e3o, efici\u00eancia e seguran\u00e7a dos dados;<\/p>\n<p>&#8211; <strong>Educa\u00e7\u00e3o e Pesquisa:<\/strong> Atua\u00e7\u00e3o como professor ou pesquisador, seja na doc\u00eancia ou no desenvolvimento de novas tecnologias e metodologias na \u00e1rea da Computa\u00e7\u00e3o.<\/p>\n","protected":false},"excerpt":{"rendered":"<p>A\/o egressa\/o em Intelig\u00eancia Artificial e Engenharia de Software (IAES)\u00a0tem uma forma\u00e7\u00e3o ampla, interdisciplinar e transversal com preparo t\u00e9cnico, cient\u00edfico, \u00e9tico, profissional e human\u00edstico, o [&hellip;]<\/p>\n","protected":false},"author":3634,"featured_media":0,"parent":0,"menu_order":0,"comment_status":"closed","ping_status":"closed","template":"","meta":{"_acf_changed":false,"footnotes":""},"class_list":["post-78","page","type-page","status-publish","hentry"],"acf":[],"_links":{"self":[{"href":"https:\/\/jandaiadosul.ufpr.br\/iaes\/wp-json\/wp\/v2\/pages\/78","targetHints":{"allow":["GET"]}}],"collection":[{"href":"https:\/\/jandaiadosul.ufpr.br\/iaes\/wp-json\/wp\/v2\/pages"}],"about":[{"href":"https:\/\/jandaiadosul.ufpr.br\/iaes\/wp-json\/wp\/v2\/types\/page"}],"author":[{"embeddable":true,"href":"https:\/\/jandaiadosul.ufpr.br\/iaes\/wp-json\/wp\/v2\/users\/3634"}],"replies":[{"embeddable":true,"href":"https:\/\/jandaiadosul.ufpr.br\/iaes\/wp-json\/wp\/v2\/comments?post=78"}],"version-history":[{"count":10,"href":"https:\/\/jandaiadosul.ufpr.br\/iaes\/wp-json\/wp\/v2\/pages\/78\/revisions"}],"predecessor-version":[{"id":254,"href":"https:\/\/jandaiadosul.ufpr.br\/iaes\/wp-json\/wp\/v2\/pages\/78\/revisions\/254"}],"wp:attachment":[{"href":"https:\/\/jandaiadosul.ufpr.br\/iaes\/wp-json\/wp\/v2\/media?parent=78"}],"curies":[{"name":"wp","href":"https:\/\/api.w.org\/{rel}","templated":true}]}}