{"id":327,"date":"2024-09-17T16:40:32","date_gmt":"2024-09-17T19:40:32","guid":{"rendered":"https:\/\/jandaiadosul.ufpr.br\/iaes\/?page_id=327"},"modified":"2024-09-17T22:29:28","modified_gmt":"2024-09-18T01:29:28","slug":"projetos-de-pesquisa","status":"publish","type":"page","link":"https:\/\/jandaiadosul.ufpr.br\/iaes\/projetos-de-pesquisa\/","title":{"rendered":"Projetos de pesquisa"},"content":{"rendered":"<p>Os professores do curso de Intelig\u00eancia Artificial e Engenharia de Software coordenam e orientam os seguintes projetos de pesquisa:<\/p>\n<table style=\"border-collapse: collapse;width: 100%\">\n<tbody>\n<tr>\n<td style=\"width: 100%\">Otimiza\u00e7\u00e3o de Processos<\/td>\n<\/tr>\n<tr>\n<td style=\"width: 100%\">Avalia\u00e7\u00e3o de modelos de aprendizagem profunda<\/td>\n<\/tr>\n<tr>\n<td style=\"width: 100%\">Manna Pesquisa e Desenvolvimento em Engenharia de Computa\u00e7\u00e3o Invis\u00edvel<\/td>\n<\/tr>\n<tr>\n<td style=\"width: 100%\">Projeto CT-Mineral: Coopera\u00e7\u00e3o Internacional para o Desenvolvimento Competitivo e Sustent\u00e1vel de Processos e Produtos no \u00e2mbito da Cadeia Produtiva de Terras Raras &#8211; Fase 2 do Projeto REGINA (Rare Earth Global Industry and New Applications)<\/td>\n<\/tr>\n<tr>\n<td style=\"width: 100%\">Organiza\u00e7\u00e3o do ensino e desenvolvimento do pensamento computacional<\/td>\n<\/tr>\n<tr>\n<td style=\"width: 100%\">Sistemas Tutores Inteligentes aplicados ao ensino de Computa\u00e7\u00e3o<\/td>\n<\/tr>\n<\/tbody>\n<\/table>\n","protected":false},"excerpt":{"rendered":"<p>Os professores do curso de Intelig\u00eancia Artificial e Engenharia de Software coordenam e orientam os seguintes projetos de pesquisa: Otimiza\u00e7\u00e3o de Processos Avalia\u00e7\u00e3o de modelos [&hellip;]<\/p>\n","protected":false},"author":3670,"featured_media":0,"parent":0,"menu_order":0,"comment_status":"closed","ping_status":"closed","template":"","meta":{"_acf_changed":false,"footnotes":""},"class_list":["post-327","page","type-page","status-publish","hentry"],"acf":[],"_links":{"self":[{"href":"https:\/\/jandaiadosul.ufpr.br\/iaes\/wp-json\/wp\/v2\/pages\/327","targetHints":{"allow":["GET"]}}],"collection":[{"href":"https:\/\/jandaiadosul.ufpr.br\/iaes\/wp-json\/wp\/v2\/pages"}],"about":[{"href":"https:\/\/jandaiadosul.ufpr.br\/iaes\/wp-json\/wp\/v2\/types\/page"}],"author":[{"embeddable":true,"href":"https:\/\/jandaiadosul.ufpr.br\/iaes\/wp-json\/wp\/v2\/users\/3670"}],"replies":[{"embeddable":true,"href":"https:\/\/jandaiadosul.ufpr.br\/iaes\/wp-json\/wp\/v2\/comments?post=327"}],"version-history":[{"count":4,"href":"https:\/\/jandaiadosul.ufpr.br\/iaes\/wp-json\/wp\/v2\/pages\/327\/revisions"}],"predecessor-version":[{"id":338,"href":"https:\/\/jandaiadosul.ufpr.br\/iaes\/wp-json\/wp\/v2\/pages\/327\/revisions\/338"}],"wp:attachment":[{"href":"https:\/\/jandaiadosul.ufpr.br\/iaes\/wp-json\/wp\/v2\/media?parent=327"}],"curies":[{"name":"wp","href":"https:\/\/api.w.org\/{rel}","templated":true}]}}