{"id":138,"date":"2023-11-23T10:50:42","date_gmt":"2023-11-23T13:50:42","guid":{"rendered":"https:\/\/jandaiadosul.ufpr.br\/biaes\/?page_id=138"},"modified":"2025-11-07T07:23:22","modified_gmt":"2025-11-07T10:23:22","slug":"atas-de-colegiado","status":"publish","type":"page","link":"https:\/\/jandaiadosul.ufpr.br\/iaes\/atas-de-colegiado\/","title":{"rendered":"Atas de Colegiado \u2013 Ano vigente"},"content":{"rendered":"<p><span style=\"font-family: arial, helvetica, sans-serif\"><strong>Atas das reuni\u00f5es ordin\u00e1rias do Colegiado do Curso de Intelig\u00eancia Artificial e Engenharia de Software (IAES)<\/strong><\/span><\/p>\n<p><span style=\"text-decoration: underline;color: #800080\"><span style=\"font-family: arial, helvetica, sans-serif\"><a style=\"color: #800080;text-decoration: underline\" href=\"http:\/\/jandaiadosul.ufpr.br\/iaes\/wp-content\/uploads\/sites\/41\/2025\/11\/2a-reuniao-ordinaria.pdf\">Ata da 2\u00aa Reuni\u00e3o Ordin\u00e1ria do Colegiado do Curso de Intelig\u00eancia Artificial e Engenharia de Software, aprovada em 01\/07\/2025<\/a><\/span><\/span><\/p>\n<p><span style=\"font-family: arial, helvetica, sans-serif\"><strong>Atas das reuni\u00f5es extraordin\u00e1rias do Colegiado do Curso de Intelig\u00eancia Artificial e Engenharia de Software (IAES)<\/strong><\/span><\/p>\n<p><span style=\"text-decoration: underline\"><span style=\"font-family: arial, helvetica, sans-serif;color: #800080\"><a style=\"color: #800080;text-decoration: underline\" href=\"http:\/\/jandaiadosul.ufpr.br\/iaes\/wp-content\/uploads\/sites\/41\/2025\/10\/1a-reuniao-extraordinaria-do-colegiado-do-curso-de-iaes-realizada-em-27-06-2025.pdf\">Ata da 1\u00aa Reuni\u00e3o Extraordin\u00e1ria do Colegiado do Curso de Intelig\u00eancia Artificial e Engenharia de Software, aprovada em 01\/07\/2025<\/a><\/span><\/span><\/p>\n<p><strong><span style=\"font-family: arial, helvetica, sans-serif;font-size: 12pt\">Acesse as atas das reuni\u00f5es de anos anteriores:<\/span><\/strong><\/p>\n<p><span style=\"text-decoration: underline\"><span style=\"font-family: arial, helvetica, sans-serif;font-size: 12pt;color: #800080;text-decoration: underline\">|<\/span><\/span><a href=\"https:\/\/jandaiadosul.ufpr.br\/iaes\/atas-colegiado-2025\/\"><span style=\"text-decoration: underline\"><span style=\"font-family: arial, helvetica, sans-serif;font-size: 12pt;color: #800080;text-decoration: underline\"><span style=\"color: #800080;text-decoration: underline\">2024<\/span><\/span><\/span><\/a><\/p>\n","protected":false},"excerpt":{"rendered":"<p>Atas das reuni\u00f5es ordin\u00e1rias do Colegiado do Curso de Intelig\u00eancia Artificial e Engenharia de Software (IAES) Ata da 2\u00aa Reuni\u00e3o Ordin\u00e1ria do Colegiado do Curso [&hellip;]<\/p>\n","protected":false},"author":3634,"featured_media":0,"parent":0,"menu_order":0,"comment_status":"closed","ping_status":"closed","template":"","meta":{"_acf_changed":false,"footnotes":""},"class_list":["post-138","page","type-page","status-publish","hentry"],"acf":[],"_links":{"self":[{"href":"https:\/\/jandaiadosul.ufpr.br\/iaes\/wp-json\/wp\/v2\/pages\/138","targetHints":{"allow":["GET"]}}],"collection":[{"href":"https:\/\/jandaiadosul.ufpr.br\/iaes\/wp-json\/wp\/v2\/pages"}],"about":[{"href":"https:\/\/jandaiadosul.ufpr.br\/iaes\/wp-json\/wp\/v2\/types\/page"}],"author":[{"embeddable":true,"href":"https:\/\/jandaiadosul.ufpr.br\/iaes\/wp-json\/wp\/v2\/users\/3634"}],"replies":[{"embeddable":true,"href":"https:\/\/jandaiadosul.ufpr.br\/iaes\/wp-json\/wp\/v2\/comments?post=138"}],"version-history":[{"count":14,"href":"https:\/\/jandaiadosul.ufpr.br\/iaes\/wp-json\/wp\/v2\/pages\/138\/revisions"}],"predecessor-version":[{"id":487,"href":"https:\/\/jandaiadosul.ufpr.br\/iaes\/wp-json\/wp\/v2\/pages\/138\/revisions\/487"}],"wp:attachment":[{"href":"https:\/\/jandaiadosul.ufpr.br\/iaes\/wp-json\/wp\/v2\/media?parent=138"}],"curies":[{"name":"wp","href":"https:\/\/api.w.org\/{rel}","templated":true}]}}