{"id":137,"date":"2023-11-23T10:50:42","date_gmt":"2023-11-23T13:50:42","guid":{"rendered":"https:\/\/jandaiadosul.ufpr.br\/biaes\/?page_id=137"},"modified":"2024-09-12T16:31:23","modified_gmt":"2024-09-12T19:31:23","slug":"planejamento-estrategico","status":"publish","type":"page","link":"https:\/\/jandaiadosul.ufpr.br\/iaes\/planejamento-estrategico\/","title":{"rendered":"Planejamento Estrat\u00e9gico"},"content":{"rendered":"<p>O planejamento estrat\u00e9gico do curso de Intelig\u00eancia Artificial e Engenharia de Software (IAES) ser\u00e1 elaborado pelo colegiado do curso.<\/p>\n","protected":false},"excerpt":{"rendered":"<p>O planejamento estrat\u00e9gico do curso de Intelig\u00eancia Artificial e Engenharia de Software (IAES) ser\u00e1 elaborado pelo colegiado do curso.<\/p>\n","protected":false},"author":3634,"featured_media":0,"parent":0,"menu_order":0,"comment_status":"closed","ping_status":"closed","template":"","meta":{"_acf_changed":false,"footnotes":""},"class_list":["post-137","page","type-page","status-publish","hentry"],"acf":[],"_links":{"self":[{"href":"https:\/\/jandaiadosul.ufpr.br\/iaes\/wp-json\/wp\/v2\/pages\/137","targetHints":{"allow":["GET"]}}],"collection":[{"href":"https:\/\/jandaiadosul.ufpr.br\/iaes\/wp-json\/wp\/v2\/pages"}],"about":[{"href":"https:\/\/jandaiadosul.ufpr.br\/iaes\/wp-json\/wp\/v2\/types\/page"}],"author":[{"embeddable":true,"href":"https:\/\/jandaiadosul.ufpr.br\/iaes\/wp-json\/wp\/v2\/users\/3634"}],"replies":[{"embeddable":true,"href":"https:\/\/jandaiadosul.ufpr.br\/iaes\/wp-json\/wp\/v2\/comments?post=137"}],"version-history":[{"count":3,"href":"https:\/\/jandaiadosul.ufpr.br\/iaes\/wp-json\/wp\/v2\/pages\/137\/revisions"}],"predecessor-version":[{"id":291,"href":"https:\/\/jandaiadosul.ufpr.br\/iaes\/wp-json\/wp\/v2\/pages\/137\/revisions\/291"}],"wp:attachment":[{"href":"https:\/\/jandaiadosul.ufpr.br\/iaes\/wp-json\/wp\/v2\/media?parent=137"}],"curies":[{"name":"wp","href":"https:\/\/api.w.org\/{rel}","templated":true}]}}