{"id":130,"date":"2023-11-23T10:49:58","date_gmt":"2023-11-23T13:49:58","guid":{"rendered":"https:\/\/jandaiadosul.ufpr.br\/biaes\/?page_id=130"},"modified":"2024-09-17T16:37:48","modified_gmt":"2024-09-17T19:37:48","slug":"linhas-de-pesquisa-e-extensao","status":"publish","type":"page","link":"https:\/\/jandaiadosul.ufpr.br\/iaes\/linhas-de-pesquisa-e-extensao\/","title":{"rendered":"Linhas de Pesquisa"},"content":{"rendered":"<p>Os professores do curso de Intelig\u00eancia Artificial e Engenharia de Software desenvolvem pesquisas nas seguintes linhas:<\/p>\n<table style=\"border-collapse: collapse;width: 100%\">\n<tbody>\n<tr>\n<td style=\"width: 100%\">Ensino de Computa\u00e7\u00e3o e Pensamento Computacional<\/td>\n<\/tr>\n<tr>\n<td style=\"width: 100%\">Sistemas Tutores Inteligentes<\/td>\n<\/tr>\n<tr>\n<td style=\"width: 100%\">Deep Learning<\/td>\n<\/tr>\n<tr>\n<td style=\"width: 100%\">Feature Selection<\/td>\n<\/tr>\n<tr>\n<td style=\"width: 100%\">Explainable Artificial Intelligence (XAI)<\/td>\n<\/tr>\n<tr>\n<td style=\"width: 100%\">Computer Vision<\/td>\n<\/tr>\n<tr>\n<td style=\"width: 100%\">Language Models<\/td>\n<\/tr>\n<tr>\n<td style=\"width: 100%\">Time Series Forecasting<\/td>\n<\/tr>\n<tr>\n<td style=\"width: 100%\">Audio Processing<\/td>\n<\/tr>\n<tr>\n<td style=\"width: 100%\">Internet-of-Things (IoT)<\/td>\n<\/tr>\n<tr>\n<td style=\"width: 100%\">Drug Discovery<\/td>\n<\/tr>\n<tr>\n<td style=\"width: 100%\">Swarm Intelligence<\/td>\n<\/tr>\n<tr>\n<td style=\"width: 100%\">Evolutionary Computation<\/td>\n<\/tr>\n<tr>\n<td style=\"width: 100%\">Hist\u00f3ria da IA<\/td>\n<\/tr>\n<tr>\n<td style=\"width: 100%\">IA Respons\u00e1vel<\/td>\n<\/tr>\n<tr>\n<td style=\"width: 100%\">Programa\u00e7\u00e3o Linear: M\u00e9todo de Pontos Interiores<\/td>\n<\/tr>\n<tr>\n<td style=\"width: 100%\">Pequisa Operacional: Otimiza\u00e7\u00e3o de Rotas e Otimiza\u00e7\u00e3o de Padr\u00f5es de Cortes<\/td>\n<\/tr>\n<\/tbody>\n<\/table>\n","protected":false},"excerpt":{"rendered":"<p>Os professores do curso de Intelig\u00eancia Artificial e Engenharia de Software desenvolvem pesquisas nas seguintes linhas: Ensino de Computa\u00e7\u00e3o e Pensamento Computacional Sistemas Tutores Inteligentes [&hellip;]<\/p>\n","protected":false},"author":3634,"featured_media":0,"parent":0,"menu_order":0,"comment_status":"closed","ping_status":"closed","template":"","meta":{"_acf_changed":false,"footnotes":""},"class_list":["post-130","page","type-page","status-publish","hentry"],"acf":[],"_links":{"self":[{"href":"https:\/\/jandaiadosul.ufpr.br\/iaes\/wp-json\/wp\/v2\/pages\/130","targetHints":{"allow":["GET"]}}],"collection":[{"href":"https:\/\/jandaiadosul.ufpr.br\/iaes\/wp-json\/wp\/v2\/pages"}],"about":[{"href":"https:\/\/jandaiadosul.ufpr.br\/iaes\/wp-json\/wp\/v2\/types\/page"}],"author":[{"embeddable":true,"href":"https:\/\/jandaiadosul.ufpr.br\/iaes\/wp-json\/wp\/v2\/users\/3634"}],"replies":[{"embeddable":true,"href":"https:\/\/jandaiadosul.ufpr.br\/iaes\/wp-json\/wp\/v2\/comments?post=130"}],"version-history":[{"count":5,"href":"https:\/\/jandaiadosul.ufpr.br\/iaes\/wp-json\/wp\/v2\/pages\/130\/revisions"}],"predecessor-version":[{"id":325,"href":"https:\/\/jandaiadosul.ufpr.br\/iaes\/wp-json\/wp\/v2\/pages\/130\/revisions\/325"}],"wp:attachment":[{"href":"https:\/\/jandaiadosul.ufpr.br\/iaes\/wp-json\/wp\/v2\/media?parent=130"}],"curies":[{"name":"wp","href":"https:\/\/api.w.org\/{rel}","templated":true}]}}