{"id":119,"date":"2023-11-23T10:48:49","date_gmt":"2023-11-23T13:48:49","guid":{"rendered":"https:\/\/jandaiadosul.ufpr.br\/biaes\/?page_id=119"},"modified":"2024-09-12T16:27:35","modified_gmt":"2024-09-12T19:27:35","slug":"tcc","status":"publish","type":"page","link":"https:\/\/jandaiadosul.ufpr.br\/iaes\/tcc\/","title":{"rendered":"Trabalho de Conclus\u00e3o de Curso \u2013 TCC"},"content":{"rendered":"<p>O <strong>Trabalho de Conclus\u00e3o de Curso (TCC)<\/strong> tem por finalidade oportunizar ao discente do curso de Intelig\u00eancia Artificial e Engenharia de Software (IAES) a integra\u00e7\u00e3o e sistematiza\u00e7\u00e3o de conte\u00fados e experi\u00eancias desenvolvidos e apropriados ao longo da periodiza\u00e7\u00e3o curricular, a partir de fundamenta\u00e7\u00e3o te\u00f3rica e metodol\u00f3gica orientada pelos docentes do curso.<\/p>\n<p>A carga hor\u00e1ria ser\u00e1 de 210 horas e a oferta est\u00e1 prevista para o oitavo e nono semestres.<\/p>\n<p>O Regulamento do TCC consta no Anexo III do PPC do IAES, pelo qual s\u00e3o estabelecidas as normas para orienta\u00e7\u00e3o e elabora\u00e7\u00e3o do trabalho, bem como para apresenta\u00e7\u00e3o, defesa e avalia\u00e7\u00e3o.<\/p>\n","protected":false},"excerpt":{"rendered":"<p>O Trabalho de Conclus\u00e3o de Curso (TCC) tem por finalidade oportunizar ao discente do curso de Intelig\u00eancia Artificial e Engenharia de Software (IAES) a integra\u00e7\u00e3o [&hellip;]<\/p>\n","protected":false},"author":3634,"featured_media":0,"parent":0,"menu_order":0,"comment_status":"closed","ping_status":"closed","template":"","meta":{"_acf_changed":false,"footnotes":""},"class_list":["post-119","page","type-page","status-publish","hentry"],"acf":[],"_links":{"self":[{"href":"https:\/\/jandaiadosul.ufpr.br\/iaes\/wp-json\/wp\/v2\/pages\/119","targetHints":{"allow":["GET"]}}],"collection":[{"href":"https:\/\/jandaiadosul.ufpr.br\/iaes\/wp-json\/wp\/v2\/pages"}],"about":[{"href":"https:\/\/jandaiadosul.ufpr.br\/iaes\/wp-json\/wp\/v2\/types\/page"}],"author":[{"embeddable":true,"href":"https:\/\/jandaiadosul.ufpr.br\/iaes\/wp-json\/wp\/v2\/users\/3634"}],"replies":[{"embeddable":true,"href":"https:\/\/jandaiadosul.ufpr.br\/iaes\/wp-json\/wp\/v2\/comments?post=119"}],"version-history":[{"count":4,"href":"https:\/\/jandaiadosul.ufpr.br\/iaes\/wp-json\/wp\/v2\/pages\/119\/revisions"}],"predecessor-version":[{"id":287,"href":"https:\/\/jandaiadosul.ufpr.br\/iaes\/wp-json\/wp\/v2\/pages\/119\/revisions\/287"}],"wp:attachment":[{"href":"https:\/\/jandaiadosul.ufpr.br\/iaes\/wp-json\/wp\/v2\/media?parent=119"}],"curies":[{"name":"wp","href":"https:\/\/api.w.org\/{rel}","templated":true}]}}