{"id":118,"date":"2023-11-23T10:48:49","date_gmt":"2023-11-23T13:48:49","guid":{"rendered":"https:\/\/jandaiadosul.ufpr.br\/biaes\/?page_id=118"},"modified":"2024-09-12T16:25:03","modified_gmt":"2024-09-12T19:25:03","slug":"estagio","status":"publish","type":"page","link":"https:\/\/jandaiadosul.ufpr.br\/iaes\/estagio\/","title":{"rendered":"Est\u00e1gio"},"content":{"rendered":"<p>O <strong>est\u00e1gio<\/strong>, conceituado como elemento curricular de car\u00e1ter formador e como um ato educativo supervisionado previsto para o curso de Intelig\u00eancia Artificial e Engenharia de Software (IAES), est\u00e1 regulamentado em conson\u00e2ncia com a defini\u00e7\u00e3o do perfil do profissional egresso, bem como com os objetivos para a sua forma\u00e7\u00e3o.<\/p>\n<p>O Projeto Pedag\u00f3gico do Curso do Curso (PPC) de IAES prev\u00ea a realiza\u00e7\u00e3o de est\u00e1gio em duas modalidades: o est\u00e1gio obrigat\u00f3rio e o n\u00e3o obrigat\u00f3rio. O objetivo dessas modalidades de est\u00e1gio \u00e9 de viabilizar ao discente o aprimoramento t\u00e9cnico-cient\u00edfico na forma\u00e7\u00e3o do profissional, mediante a an\u00e1lise e a solu\u00e7\u00e3o de problemas concretos em condi\u00e7\u00f5es reais de trabalho, por interm\u00e9dio de situa\u00e7\u00f5es relacionadas a natureza e especificidade do curso e da aplica\u00e7\u00e3o dos conhecimentos te\u00f3ricos e pr\u00e1ticos adquiridos nas diversas disciplinas previstas no PPC. O est\u00e1gio obrigat\u00f3rio ter\u00e1 carga hor\u00e1ria de 270 horas a serem cumpridas no nono semestre.<\/p>\n<p>O Regulamento do Est\u00e1gio consta no Anexo IV do PPC de IAES, pelo qual s\u00e3o estabelecidas as normas para a sua realiza\u00e7\u00e3o em ambas as modalidades previstas.<\/p>\n","protected":false},"excerpt":{"rendered":"<p>O est\u00e1gio, conceituado como elemento curricular de car\u00e1ter formador e como um ato educativo supervisionado previsto para o curso de Intelig\u00eancia Artificial e Engenharia de [&hellip;]<\/p>\n","protected":false},"author":3634,"featured_media":0,"parent":0,"menu_order":0,"comment_status":"closed","ping_status":"closed","template":"","meta":{"_acf_changed":false,"footnotes":""},"class_list":["post-118","page","type-page","status-publish","hentry"],"acf":[],"_links":{"self":[{"href":"https:\/\/jandaiadosul.ufpr.br\/iaes\/wp-json\/wp\/v2\/pages\/118","targetHints":{"allow":["GET"]}}],"collection":[{"href":"https:\/\/jandaiadosul.ufpr.br\/iaes\/wp-json\/wp\/v2\/pages"}],"about":[{"href":"https:\/\/jandaiadosul.ufpr.br\/iaes\/wp-json\/wp\/v2\/types\/page"}],"author":[{"embeddable":true,"href":"https:\/\/jandaiadosul.ufpr.br\/iaes\/wp-json\/wp\/v2\/users\/3634"}],"replies":[{"embeddable":true,"href":"https:\/\/jandaiadosul.ufpr.br\/iaes\/wp-json\/wp\/v2\/comments?post=118"}],"version-history":[{"count":4,"href":"https:\/\/jandaiadosul.ufpr.br\/iaes\/wp-json\/wp\/v2\/pages\/118\/revisions"}],"predecessor-version":[{"id":280,"href":"https:\/\/jandaiadosul.ufpr.br\/iaes\/wp-json\/wp\/v2\/pages\/118\/revisions\/280"}],"wp:attachment":[{"href":"https:\/\/jandaiadosul.ufpr.br\/iaes\/wp-json\/wp\/v2\/media?parent=118"}],"curies":[{"name":"wp","href":"https:\/\/api.w.org\/{rel}","templated":true}]}}