{"id":117,"date":"2023-11-23T10:48:49","date_gmt":"2023-11-23T13:48:49","guid":{"rendered":"https:\/\/jandaiadosul.ufpr.br\/biaes\/?page_id=117"},"modified":"2024-09-13T17:27:02","modified_gmt":"2024-09-13T20:27:02","slug":"atividades-formativas","status":"publish","type":"page","link":"https:\/\/jandaiadosul.ufpr.br\/iaes\/atividades-formativas\/","title":{"rendered":"Atividades Formativas"},"content":{"rendered":"<p>As atividades complementares, assim denominadas pelo Conselho Nacional de Educa\u00e7\u00e3o, s\u00e3o regulamentadas na Universidade Federal do Paran\u00e1 pela Resolu\u00e7\u00e3o n\u00ba 70\/04-CEPE com a denomina\u00e7\u00e3o de <strong>Atividades Formativas<\/strong>, definindo-as como \u201catividades complementares em rela\u00e7\u00e3o ao eixo fundamental do curr\u00edculo, objetivando sua flexibiliza\u00e7\u00e3o\u201d.<\/p>\n<p>Devem contemplar a articula\u00e7\u00e3o entre o ensino, pesquisa e extens\u00e3o, assegurando seu car\u00e1terinterdisciplinar em rela\u00e7\u00e3o \u00e0s diversas \u00e1reas do conhecimento, respeitando, no entanto, o Projeto Pedag\u00f3gico (PPC) de cada Curso. A carga hor\u00e1ria das atividades formativas do Curso de Bacharelado em Intelig\u00eancia Artificial e Engenharia de Software ser\u00e1 de 140 horas e a normatiza\u00e7\u00e3o espec\u00edfica consta no Anexo VI do PPC do curso (<a href=\"http:\/\/jandaiadosul.ufpr.br\/iaes\/wp-content\/uploads\/sites\/41\/2024\/09\/ppc_iaes_2023.pdf\">visualizar PPC<\/a>).<\/p>\n","protected":false},"excerpt":{"rendered":"<p>As atividades complementares, assim denominadas pelo Conselho Nacional de Educa\u00e7\u00e3o, s\u00e3o regulamentadas na Universidade Federal do Paran\u00e1 pela Resolu\u00e7\u00e3o n\u00ba 70\/04-CEPE com a denomina\u00e7\u00e3o de [&hellip;]<\/p>\n","protected":false},"author":3634,"featured_media":0,"parent":0,"menu_order":0,"comment_status":"closed","ping_status":"closed","template":"","meta":{"_acf_changed":false,"footnotes":""},"class_list":["post-117","page","type-page","status-publish","hentry"],"acf":[],"_links":{"self":[{"href":"https:\/\/jandaiadosul.ufpr.br\/iaes\/wp-json\/wp\/v2\/pages\/117","targetHints":{"allow":["GET"]}}],"collection":[{"href":"https:\/\/jandaiadosul.ufpr.br\/iaes\/wp-json\/wp\/v2\/pages"}],"about":[{"href":"https:\/\/jandaiadosul.ufpr.br\/iaes\/wp-json\/wp\/v2\/types\/page"}],"author":[{"embeddable":true,"href":"https:\/\/jandaiadosul.ufpr.br\/iaes\/wp-json\/wp\/v2\/users\/3634"}],"replies":[{"embeddable":true,"href":"https:\/\/jandaiadosul.ufpr.br\/iaes\/wp-json\/wp\/v2\/comments?post=117"}],"version-history":[{"count":3,"href":"https:\/\/jandaiadosul.ufpr.br\/iaes\/wp-json\/wp\/v2\/pages\/117\/revisions"}],"predecessor-version":[{"id":271,"href":"https:\/\/jandaiadosul.ufpr.br\/iaes\/wp-json\/wp\/v2\/pages\/117\/revisions\/271"}],"wp:attachment":[{"href":"https:\/\/jandaiadosul.ufpr.br\/iaes\/wp-json\/wp\/v2\/media?parent=117"}],"curies":[{"name":"wp","href":"https:\/\/api.w.org\/{rel}","templated":true}]}}