{"id":116,"date":"2023-11-23T10:48:49","date_gmt":"2023-11-23T13:48:49","guid":{"rendered":"https:\/\/jandaiadosul.ufpr.br\/biaes\/?page_id=116"},"modified":"2024-09-12T16:17:43","modified_gmt":"2024-09-12T19:17:43","slug":"calendario-academico","status":"publish","type":"page","link":"https:\/\/jandaiadosul.ufpr.br\/iaes\/calendario-academico\/","title":{"rendered":"Calend\u00e1rio Acad\u00eamico"},"content":{"rendered":"<p>O calend\u00e1rio acad\u00eamico para o ano letivo de 2024 pode ser visualizado em: <a href=\"http:\/\/www.prograd.ufpr.br\/portal\/wp-content\/uploads\/2024\/07\/RESOLUCAO-No-11-24-CEPE-2.pdf\">Calend\u00e1rio 2024<\/a>.<\/p>\n<p>A previs\u00e3o para in\u00edcio do per\u00edodo letivo para o ano de 2025 \u00e9 10 de mar\u00e7o, conforme informa\u00e7\u00f5es da Pr\u00f3-reitoria de Gradua\u00e7\u00e3o (PROGRAD).<\/p>\n<p>Acesso ao site da PROGRAD, <a href=\"http:\/\/www.prograd.ufpr.br\/portal\/\">aqui<\/a>.<\/p>\n","protected":false},"excerpt":{"rendered":"<p>O calend\u00e1rio acad\u00eamico para o ano letivo de 2024 pode ser visualizado em: Calend\u00e1rio 2024. A previs\u00e3o para in\u00edcio do per\u00edodo letivo para o ano [&hellip;]<\/p>\n","protected":false},"author":3634,"featured_media":0,"parent":0,"menu_order":0,"comment_status":"closed","ping_status":"closed","template":"","meta":{"_acf_changed":false,"footnotes":""},"class_list":["post-116","page","type-page","status-publish","hentry"],"acf":[],"_links":{"self":[{"href":"https:\/\/jandaiadosul.ufpr.br\/iaes\/wp-json\/wp\/v2\/pages\/116","targetHints":{"allow":["GET"]}}],"collection":[{"href":"https:\/\/jandaiadosul.ufpr.br\/iaes\/wp-json\/wp\/v2\/pages"}],"about":[{"href":"https:\/\/jandaiadosul.ufpr.br\/iaes\/wp-json\/wp\/v2\/types\/page"}],"author":[{"embeddable":true,"href":"https:\/\/jandaiadosul.ufpr.br\/iaes\/wp-json\/wp\/v2\/users\/3634"}],"replies":[{"embeddable":true,"href":"https:\/\/jandaiadosul.ufpr.br\/iaes\/wp-json\/wp\/v2\/comments?post=116"}],"version-history":[{"count":3,"href":"https:\/\/jandaiadosul.ufpr.br\/iaes\/wp-json\/wp\/v2\/pages\/116\/revisions"}],"predecessor-version":[{"id":268,"href":"https:\/\/jandaiadosul.ufpr.br\/iaes\/wp-json\/wp\/v2\/pages\/116\/revisions\/268"}],"wp:attachment":[{"href":"https:\/\/jandaiadosul.ufpr.br\/iaes\/wp-json\/wp\/v2\/media?parent=116"}],"curies":[{"name":"wp","href":"https:\/\/api.w.org\/{rel}","templated":true}]}}