{"id":101,"date":"2023-11-21T15:02:41","date_gmt":"2023-11-21T18:02:41","guid":{"rendered":"https:\/\/jandaiadosul.ufpr.br\/biaes\/?page_id=101"},"modified":"2024-09-11T17:20:07","modified_gmt":"2024-09-11T20:20:07","slug":"cadastrar-na-lista-de-notificacao","status":"publish","type":"page","link":"https:\/\/jandaiadosul.ufpr.br\/iaes\/","title":{"rendered":"INTELIG\u00caNCIA ARTIFICIAL E ENGENHARIA DE SOFTWARE"},"content":{"rendered":"<p>O curso prepara as\/os profissionais a desenvolverem solu\u00e7\u00f5es criativas com t\u00e9cnicas de Intelig\u00eancia Artificial e Engenharia de Software, al\u00e9m de capacitar profissionais a analisarem grandes volumes de dados e dar sentido \u00e0s informa\u00e7\u00f5es, gerando conhecimento \u00fatil.<\/p>\n<p>As\/os egressas\/os estar\u00e3o habilitados a atuar em solu\u00e7\u00f5es de problemas complexos em diversas \u00e1reas, por meio da an\u00e1lise requisitos, modelagem, projeto, especifica\u00e7\u00e3o, implementa\u00e7\u00e3o e teste.<\/p>\n<p><span style=\"font-size: 14pt\"><strong>OBJETIVOS DO CURSO<\/strong><\/span><\/p>\n<p><strong>OBJETIVO GERAL<\/strong><\/p>\n<p>O curso de Intelig\u00eancia Artificial e Engenharia de Software (IAES) tem como objetivo geral a forma\u00e7\u00e3o de profissionais capazes de coletar, processar e transformar dados em informa\u00e7\u00f5es, al\u00e9m de formar recursos humanos para o planejamento, constru\u00e7\u00e3o, gest\u00e3o e manuten\u00e7\u00e3o de produtos de software para atender \u00e0s necessidades do mundo do trabalho e auxiliar \u00e0 tomada de decis\u00f5es.<\/p>\n<p><strong>OBJETIVOS ESPEC\u00cdFICOS<\/strong><\/p>\n<p style=\"padding-left: 40px\">&#8211; Capacitar o profissional e a profissional para a reflex\u00e3o e sensibiliza\u00e7\u00e3o sobre o uso da Intelig\u00eancia Artificial e Engenharia de Software em diferentes \u00e1reas, possibilitando a inova\u00e7\u00e3o e a divulga\u00e7\u00e3o do conhecimento;<\/p>\n<p style=\"padding-left: 40px\">&#8211; Formar recursos humanos com alta qualifica\u00e7\u00e3o cient\u00edfica e tecnol\u00f3gica, \u00e9ticos e socialmente respons\u00e1veis, comprometidos com o desenvolvimento da sociedade;<\/p>\n<p style=\"padding-left: 40px\">&#8211; Estimular o pensamento cr\u00edtico e buscar inova\u00e7\u00f5es a fim de formar empreendedores;<\/p>\n<p style=\"padding-left: 40px\">&#8211; Incentivar e promover a busca pela pesquisa e investiga\u00e7\u00e3o cient\u00edfica;<\/p>\n<p style=\"padding-left: 40px\">&#8211; Capacitar a desenvolver solu\u00e7\u00f5es em diversas \u00e1reas com o uso da Intelig\u00eancia Artificial e Engenharia de Software;<\/p>\n<p style=\"padding-left: 40px\">&#8211; Capacitar no uso de ferramentas para o desenvolvimento de projetos e solu\u00e7\u00f5es de Intelig\u00eancia Artificial e Engenharia de Software.<\/p>\n<p><strong>Dura\u00e7\u00e3o do curso:<\/strong> 4,5 anos<br \/>\n<strong>Turno:<\/strong> Integral<br \/>\n<strong>N\u00famero de vagas\/ano:<\/strong> 30<\/p>\n","protected":false},"excerpt":{"rendered":"<p>O curso prepara as\/os profissionais a desenvolverem solu\u00e7\u00f5es criativas com t\u00e9cnicas de Intelig\u00eancia Artificial e Engenharia de Software, al\u00e9m de capacitar profissionais a analisarem grandes [&hellip;]<\/p>\n","protected":false},"author":3669,"featured_media":0,"parent":0,"menu_order":0,"comment_status":"closed","ping_status":"closed","template":"","meta":{"_acf_changed":false,"footnotes":""},"class_list":["post-101","page","type-page","status-publish","hentry"],"acf":[],"_links":{"self":[{"href":"https:\/\/jandaiadosul.ufpr.br\/iaes\/wp-json\/wp\/v2\/pages\/101","targetHints":{"allow":["GET"]}}],"collection":[{"href":"https:\/\/jandaiadosul.ufpr.br\/iaes\/wp-json\/wp\/v2\/pages"}],"about":[{"href":"https:\/\/jandaiadosul.ufpr.br\/iaes\/wp-json\/wp\/v2\/types\/page"}],"author":[{"embeddable":true,"href":"https:\/\/jandaiadosul.ufpr.br\/iaes\/wp-json\/wp\/v2\/users\/3669"}],"replies":[{"embeddable":true,"href":"https:\/\/jandaiadosul.ufpr.br\/iaes\/wp-json\/wp\/v2\/comments?post=101"}],"version-history":[{"count":11,"href":"https:\/\/jandaiadosul.ufpr.br\/iaes\/wp-json\/wp\/v2\/pages\/101\/revisions"}],"predecessor-version":[{"id":183,"href":"https:\/\/jandaiadosul.ufpr.br\/iaes\/wp-json\/wp\/v2\/pages\/101\/revisions\/183"}],"wp:attachment":[{"href":"https:\/\/jandaiadosul.ufpr.br\/iaes\/wp-json\/wp\/v2\/media?parent=101"}],"curies":[{"name":"wp","href":"https:\/\/api.w.org\/{rel}","templated":true}]}}