{"id":85,"date":"2023-04-27T15:12:57","date_gmt":"2023-04-27T18:12:57","guid":{"rendered":"https:\/\/jandaiadosul.ufpr.br\/extensao\/?page_id=85"},"modified":"2025-07-22T08:20:32","modified_gmt":"2025-07-22T11:20:32","slug":"editais-e-informacoes","status":"publish","type":"page","link":"https:\/\/jandaiadosul.ufpr.br\/extensao\/editais-e-informacoes\/","title":{"rendered":"Editais e informa\u00e7\u00f5es"},"content":{"rendered":"<p style=\"text-align: center\"><strong>EDITAIS CSEx &#8211; 2025<\/p>\n<p>EDITAIS CSEx &#8211; 2023<\/strong><\/p>\n<p>Edital para aloca\u00e7\u00e3o de recursos previstos em a\u00e7\u00f5es de extens\u00e3o (projeto ou programa) em 2023, no \u00e2mbito do Campus Avan\u00e7ado de Jandaia do Sul &#8211; <a href=\"http:\/\/jandaiadosul.ufpr.br\/extensao\/wp-content\/uploads\/sites\/40\/2023\/04\/sei_5510916_edital_chamada_interna_n__01_2022___csex_ufpr_ja_2022.pdf\" target=\"_blank\" rel=\"noopener\"><strong>Edital &#8211; Chamada Interna n\u00b0 01\/2023<\/strong><\/a><\/p>\n<p>Edital para aloca\u00e7\u00e3o de recursos previstos em a\u00e7\u00f5es culturais e eventos em 2023, no \u00e2mbito do Campus Avan\u00e7ado de Jandaia do Sul &#8211;\u00a0<strong><a href=\"http:\/\/jandaiadosul.ufpr.br\/extensao\/wp-content\/uploads\/sites\/40\/2023\/05\/sei_5575791_edital_2-cultura.pdf\" target=\"_blank\" rel=\"noopener\">Edital &#8211; chamada Interna n\u00b0 02\/2023<\/a><\/strong><\/p>\n<p>&nbsp;<\/p>\n<p style=\"text-align: center\"><strong>INFORMA\u00c7\u00d5ES DA EXTENS\u00c3O EM JANDAIA DO SUL<\/strong><\/p>\n<p>&nbsp;<\/p>\n","protected":false},"excerpt":{"rendered":"<p>EDITAIS CSEx &#8211; 2025 EDITAIS CSEx &#8211; 2023 Edital para aloca\u00e7\u00e3o de recursos previstos em a\u00e7\u00f5es de extens\u00e3o (projeto ou programa) em 2023, no \u00e2mbito [&hellip;]<\/p>\n","protected":false},"author":3662,"featured_media":0,"parent":0,"menu_order":0,"comment_status":"closed","ping_status":"closed","template":"","meta":{"_acf_changed":false,"footnotes":""},"class_list":["post-85","page","type-page","status-publish","hentry"],"acf":[],"_links":{"self":[{"href":"https:\/\/jandaiadosul.ufpr.br\/extensao\/wp-json\/wp\/v2\/pages\/85","targetHints":{"allow":["GET"]}}],"collection":[{"href":"https:\/\/jandaiadosul.ufpr.br\/extensao\/wp-json\/wp\/v2\/pages"}],"about":[{"href":"https:\/\/jandaiadosul.ufpr.br\/extensao\/wp-json\/wp\/v2\/types\/page"}],"author":[{"embeddable":true,"href":"https:\/\/jandaiadosul.ufpr.br\/extensao\/wp-json\/wp\/v2\/users\/3662"}],"replies":[{"embeddable":true,"href":"https:\/\/jandaiadosul.ufpr.br\/extensao\/wp-json\/wp\/v2\/comments?post=85"}],"version-history":[{"count":9,"href":"https:\/\/jandaiadosul.ufpr.br\/extensao\/wp-json\/wp\/v2\/pages\/85\/revisions"}],"predecessor-version":[{"id":119,"href":"https:\/\/jandaiadosul.ufpr.br\/extensao\/wp-json\/wp\/v2\/pages\/85\/revisions\/119"}],"wp:attachment":[{"href":"https:\/\/jandaiadosul.ufpr.br\/extensao\/wp-json\/wp\/v2\/media?parent=85"}],"curies":[{"name":"wp","href":"https:\/\/api.w.org\/{rel}","templated":true}]}}