{"id":2,"date":"2023-04-12T14:49:56","date_gmt":"2023-04-12T17:49:56","guid":{"rendered":"http:\/\/extensao.jandaiadosul.ufpr.br\/?page_id=2"},"modified":"2026-03-12T13:51:28","modified_gmt":"2026-03-12T16:51:28","slug":"pagina-exemplo","status":"publish","type":"page","link":"https:\/\/jandaiadosul.ufpr.br\/extensao\/","title":{"rendered":"P\u00e1gina Inicial"},"content":{"rendered":"\t\t<div data-elementor-type=\"wp-page\" data-elementor-id=\"2\" class=\"elementor elementor-2\">\n\t\t\t\t\t\t<section class=\"elementor-section elementor-top-section elementor-element elementor-element-e583bf7 elementor-section-full_width elementor-section-height-min-height elementor-section-items-top elementor-section-content-middle elementor-section-stretched elementor-section-height-default\" data-id=\"e583bf7\" data-element_type=\"section\" data-settings=\"{&quot;stretch_section&quot;:&quot;section-stretched&quot;}\">\n\t\t\t\t\t\t<div class=\"elementor-container elementor-column-gap-narrow\">\n\t\t\t\t\t<div class=\"elementor-column elementor-col-33 elementor-top-column elementor-element elementor-element-019981a\" data-id=\"019981a\" data-element_type=\"column\">\n\t\t\t<div class=\"elementor-widget-wrap elementor-element-populated\">\n\t\t\t\t\t\t<div class=\"elementor-element elementor-element-5bdf79f elementor-widget elementor-widget-image\" data-id=\"5bdf79f\" data-element_type=\"widget\" data-widget_type=\"image.default\">\n\t\t\t\t<div class=\"elementor-widget-container\">\n\t\t\t\t\t\t\t\t\t\t\t\t\t\t\t<img fetchpriority=\"high\" decoding=\"async\" width=\"1024\" height=\"576\" src=\"https:\/\/jandaiadosul.ufpr.br\/extensao\/wp-content\/uploads\/sites\/40\/2025\/07\/alpem-1-1024x576.jpg\" class=\"attachment-large size-large wp-image-127\" alt=\"\" srcset=\"https:\/\/jandaiadosul.ufpr.br\/extensao\/wp-content\/uploads\/sites\/40\/2025\/07\/alpem-1-1024x576.jpg 1024w, https:\/\/jandaiadosul.ufpr.br\/extensao\/wp-content\/uploads\/sites\/40\/2025\/07\/alpem-1-300x169.jpg 300w, https:\/\/jandaiadosul.ufpr.br\/extensao\/wp-content\/uploads\/sites\/40\/2025\/07\/alpem-1-768x432.jpg 768w, https:\/\/jandaiadosul.ufpr.br\/extensao\/wp-content\/uploads\/sites\/40\/2025\/07\/alpem-1-1536x864.jpg 1536w, https:\/\/jandaiadosul.ufpr.br\/extensao\/wp-content\/uploads\/sites\/40\/2025\/07\/alpem-1-175x98.jpg 175w, https:\/\/jandaiadosul.ufpr.br\/extensao\/wp-content\/uploads\/sites\/40\/2025\/07\/alpem-1-75x42.jpg 75w, https:\/\/jandaiadosul.ufpr.br\/extensao\/wp-content\/uploads\/sites\/40\/2025\/07\/alpem-1.jpg 1920w\" sizes=\"(max-width: 1024px) 100vw, 1024px\" \/>\t\t\t\t\t\t\t\t\t\t\t\t\t\t\t<\/div>\n\t\t\t\t<\/div>\n\t\t\t\t\t<\/div>\n\t\t<\/div>\n\t\t\t\t<div class=\"elementor-column elementor-col-66 elementor-top-column elementor-element elementor-element-ca86d48\" data-id=\"ca86d48\" data-element_type=\"column\">\n\t\t\t<div class=\"elementor-widget-wrap elementor-element-populated\">\n\t\t\t\t\t\t<div class=\"elementor-element elementor-element-da4ede2 elementor-widget__width-initial elementor-widget elementor-widget-text-editor\" data-id=\"da4ede2\" data-element_type=\"widget\" data-widget_type=\"text-editor.default\">\n\t\t\t\t<div class=\"elementor-widget-container\">\n\t\t\t\t\t\t\t\t\t<p>Conforme a Resolu\u00e7\u00e3o 57\/19 &#8211; CEPE, em seu Art. 1\u00b0:<\/p><p>&#8220;A extens\u00e3o universit\u00e1ria, sob o princ\u00edpio constitucional da indissociabilidade entre ensino, pesquisa e extens\u00e3o, constitui-se em processo interdisciplinar, pol\u00edtico educacional, cultural, cient\u00edfico e tecnol\u00f3gico, que promove a intera\u00e7\u00e3o transformadora entre as institui\u00e7\u00f5es de ensino superior e os outros setores da sociedade, por meio da produ\u00e7\u00e3o, aplica\u00e7\u00e3o e troca do conhecimento, em articula\u00e7\u00e3o permanente com o ensino e a pesquisa.&#8221;<\/p><p>Para conhecer todos os \u00f3rg\u00e3os envolvidos na Extens\u00e3o da UFPR, bem como suas compet\u00eancias, acesse a\u00a0<strong><a href=\"http:\/\/www.soc.ufpr.br\/portal\/wp-content\/uploads\/2020\/03\/Resolu%C3%A7%C3%A3o-n%C2%BA-57.19-CEPE.pdf\" target=\"_blank\" rel=\"noopener\">Resolu\u00e7\u00e3o n\u00b057\/19 &#8211; CEPE\/UFPR<\/a><\/strong>.<\/p><p>A Extens\u00e3o Universit\u00e1ria \u00e9 um processo interdisciplinar, educativo, cultural, cient\u00edfico e pol\u00edtico, que promove a intera\u00e7\u00e3o transformadora entre a Universidade e outros setores da sociedade. Deve estar integrada ao ensino e \u00e0 pesquisa e colaborar com a forma\u00e7\u00e3o cidad\u00e3 e profissional das e dos estudantes.<\/p><p>A Extens\u00e3o Universit\u00e1ria pode ser desenvolvida sob a forma de <strong>Programa, Projeto, Curso, Evento ou Presta\u00e7\u00e3o de Servi\u00e7o Extensionista<\/strong>, pela atua\u00e7\u00e3o de docentes, estudantes, t\u00e9cnicas e t\u00e9cnicos administrativos e por colaboradores de fora da Universidade.<\/p><div>\u00a0<\/div><p>Para fins de sua institucionaliza\u00e7\u00e3o, todas as atividades de Extens\u00e3o Universit\u00e1ria dever\u00e3o ser registradas na Pr\u00f3-Reitoria de Extens\u00e3o e Cultura (PROEC), atrav\u00e9s do<strong>\u00a0<\/strong><a href=\"https:\/\/sistemas.ufpr.br\/\" target=\"_blank\" rel=\"noopener\"><strong>Portal de Sistemas da UFPR<\/strong><\/a>, de acordo com o que est\u00e1 estabelecido na\u00a0<a href=\"http:\/\/www.soc.ufpr.br\/portal\/wp-content\/uploads\/2020\/03\/Resolu%C3%A7%C3%A3o-n%C2%BA-57.19-CEPE.pdf\" target=\"_blank\" rel=\"noopener\">Resolu\u00e7\u00e3o n\u00b057\/19 &#8211; CEPE\/UFPR<\/a>.<\/p><p>No final de 2018, o Conselho Nacional de Educa\u00e7\u00e3o aprovou a Resolu\u00e7\u00e3o n\u00b0 07\/2018, que define a Extens\u00e3o como parte integrante da matriz curricular, o que implicar\u00e1 no processo de Credita\u00e7\u00e3o da Extens\u00e3o. Acompanhe mais na aba\u00a0<a href=\"http:\/\/www.proec.ufpr.br\/links\/extensao\/creditacao.html\"><strong>Credita\u00e7\u00e3o da Extens\u00e3o<\/strong><\/a>.<\/p><p>Fonte:\u00a0<a href=\"http:\/\/www.proec.ufpr.br\/links\/extensao\/normatizacoes.html\" target=\"_blank\" rel=\"noopener\">PROEC\/COEX<\/a><\/p>\t\t\t\t\t\t\t\t<\/div>\n\t\t\t\t<\/div>\n\t\t\t\t\t<\/div>\n\t\t<\/div>\n\t\t\t\t\t<\/div>\n\t\t<\/section>\n\t\t\t\t<\/div>\n\t\t","protected":false},"excerpt":{"rendered":"<p>Conforme a Resolu\u00e7\u00e3o 57\/19 &#8211; CEPE, em seu Art. 1\u00b0: &#8220;A extens\u00e3o universit\u00e1ria, sob o princ\u00edpio constitucional da indissociabilidade entre ensino, pesquisa e extens\u00e3o, constitui-se [&hellip;]<\/p>\n","protected":false},"author":3618,"featured_media":0,"parent":0,"menu_order":0,"comment_status":"closed","ping_status":"open","template":"","meta":{"_acf_changed":false,"footnotes":""},"class_list":["post-2","page","type-page","status-publish","hentry"],"acf":[],"_links":{"self":[{"href":"https:\/\/jandaiadosul.ufpr.br\/extensao\/wp-json\/wp\/v2\/pages\/2","targetHints":{"allow":["GET"]}}],"collection":[{"href":"https:\/\/jandaiadosul.ufpr.br\/extensao\/wp-json\/wp\/v2\/pages"}],"about":[{"href":"https:\/\/jandaiadosul.ufpr.br\/extensao\/wp-json\/wp\/v2\/types\/page"}],"author":[{"embeddable":true,"href":"https:\/\/jandaiadosul.ufpr.br\/extensao\/wp-json\/wp\/v2\/users\/3618"}],"replies":[{"embeddable":true,"href":"https:\/\/jandaiadosul.ufpr.br\/extensao\/wp-json\/wp\/v2\/comments?post=2"}],"version-history":[{"count":20,"href":"https:\/\/jandaiadosul.ufpr.br\/extensao\/wp-json\/wp\/v2\/pages\/2\/revisions"}],"predecessor-version":[{"id":267,"href":"https:\/\/jandaiadosul.ufpr.br\/extensao\/wp-json\/wp\/v2\/pages\/2\/revisions\/267"}],"wp:attachment":[{"href":"https:\/\/jandaiadosul.ufpr.br\/extensao\/wp-json\/wp\/v2\/media?parent=2"}],"curies":[{"name":"wp","href":"https:\/\/api.w.org\/{rel}","templated":true}]}}