{"id":98,"date":"2023-01-17T17:30:08","date_gmt":"2023-01-17T20:30:08","guid":{"rendered":"https:\/\/jandaiadosul.ufpr.br\/engenhariadeproducao\/?page_id=98"},"modified":"2023-01-18T14:20:07","modified_gmt":"2023-01-18T17:20:07","slug":"atas-colegiado-2018","status":"publish","type":"page","link":"https:\/\/jandaiadosul.ufpr.br\/engenhariadeproducao\/atas-colegiado-2018\/","title":{"rendered":"Atas Colegiado 2018"},"content":{"rendered":"<h4><span style=\"font-family: arial, helvetica, sans-serif;font-size: 12pt\"><strong>Atas das reuni\u00f5es ordin\u00e1rias do Colegiado do Curso de Engenharia de Produ\u00e7\u00e3o<\/strong><\/span><\/h4>\n<p><a href=\"https:\/\/jandaiadosul.ufpr.br\/wp-content\/uploads\/2018\/05\/ATA-da-trig%C3%A9sima-terceira-reuni%C3%A3o-ordin%C3%A1ria-do-colegiado-do-curso-de-Engenharia-de-Produ%C3%A7%C3%A3o-aprovada-em-02.04.2018.pdf\"><span style=\"text-decoration: underline\"><span style=\"color: #800080;text-decoration: underline\">Ata da 33\u00aa Reuni\u00e3o Ordin\u00e1ria do Colegiado do Curso de Engenharia de Produ\u00e7\u00e3o, aprovada em 02\/04\/2018.<\/span><\/span><\/a><\/p>\n<p><span style=\"text-decoration: underline\"><span style=\"color: #800080;text-decoration: underline\"><a style=\"color: #800080;text-decoration: underline\" href=\"https:\/\/jandaiadosul.ufpr.br\/wp-content\/uploads\/2018\/05\/ATA-da-trig%C3%A9sima-quarta-reuni%C3%A3o-ordin%C3%A1ria-do-colegiado-do-curso-de-Engenharia-de-Produ%C3%A7%C3%A3o-aprovada-em-27.04.2018.pdf\">Ata da 34\u00aa Reuni\u00e3o Ordin\u00e1ria do Colegiado do Curso de Engenharia de Produ\u00e7\u00e3o, aprovada em 27\/04\/2018.<\/a><\/span><\/span><\/p>\n<p><span style=\"text-decoration: underline\"><span style=\"color: #800080;text-decoration: underline\"><a style=\"color: #800080;text-decoration: underline\" href=\"https:\/\/jandaiadosul.ufpr.br\/wp-content\/uploads\/2018\/11\/ATA-da-trig%C3%A9sima-quinta-reuni%C3%A3o-ordin%C3%A1ria-do-colegiado-do-curso-de-Engenharia-de-Produ%C3%A7%C3%A3o-aprovada-em-08.06.2018..pdf\">Ata da 35\u00aa Reuni\u00e3o Ordin\u00e1ria do Colegiado do Curso de Engenharia de Produ\u00e7\u00e3o, aprovada em 08\/06\/2018.<\/a><\/span><\/span><\/p>\n<p><span style=\"text-decoration: underline\"><span style=\"color: #800080;text-decoration: underline\"><a style=\"color: #800080;text-decoration: underline\" href=\"https:\/\/jandaiadosul.ufpr.br\/wp-content\/uploads\/2018\/11\/ATA-da-trig%C3%A9sima-sexta-reuni%C3%A3o-ordin%C3%A1ria-do-colegiado-do-curso-de-Engenharia-de-Produ%C3%A7%C3%A3o-aprovada-em-29.06.2018..pdf\">Ata da 36\u00aa Reuni\u00e3o Ordin\u00e1ria do Colegiado do Curso de Engenharia de Produ\u00e7\u00e3o, aprovada em 29\/06\/2018.<\/a><\/span><\/span><\/p>\n<p><span style=\"text-decoration: underline\"><span style=\"color: #800080;text-decoration: underline\"><a style=\"color: #800080;text-decoration: underline\" href=\"https:\/\/jandaiadosul.ufpr.br\/wp-content\/uploads\/2018\/11\/ATA-da-trig%C3%A9sima-s%C3%A9tima-reuni%C3%A3o-ordin%C3%A1ria-do-colegiado-do-curso-de-Engenharia-de-Produ%C3%A7%C3%A3o-aprovada-em-15.08.2018..pdf\">Ata da 37\u00aa Reuni\u00e3o Ordin\u00e1ria do Colegiado do Curso de Engenharia de Produ\u00e7\u00e3o, aprovada em 15\/08\/2018.<\/a><\/span><\/span><\/p>\n<p><span style=\"text-decoration: underline\"><span style=\"color: #800080;text-decoration: underline\"><a style=\"color: #800080;text-decoration: underline\" href=\"https:\/\/jandaiadosul.ufpr.br\/wp-content\/uploads\/2018\/11\/ATA-da-trig%C3%A9sima-oitava-reuni%C3%A3o-ordin%C3%A1ria-do-colegiado-do-curso-de-Engenharia-de-Produ%C3%A7%C3%A3o-aprovada-em-13.09.2018..pdf\">Ata da 38\u00aa Reuni\u00e3o Ordin\u00e1ria do Colegiado do Curso de Engenharia de Produ\u00e7\u00e3o, aprovada em 13\/09\/2018.<\/a><\/span><\/span><\/p>\n<p><span style=\"text-decoration: underline\"><span style=\"color: #800080;text-decoration: underline\"><a style=\"color: #800080;text-decoration: underline\" href=\"https:\/\/jandaiadosul.ufpr.br\/wp-content\/uploads\/2019\/04\/ATA-da-trig%C3%A9sima-nona-reuni%C3%A3o-ordin%C3%A1ria-do-colegiado-do-curso-de-Engenharia-de-Produ%C3%A7%C3%A3o-aprovada-em-05.11.2018.pdf\">Ata da 39\u00aa Reuni\u00e3o Ordin\u00e1ria do Colegiado do Curso de Engenharia de Produ\u00e7\u00e3o, aprovada em 05\/11\/2018.<\/a><\/span><\/span><\/p>\n<p><span style=\"text-decoration: underline\"><span style=\"color: #800080;text-decoration: underline\"><a style=\"color: #800080;text-decoration: underline\" href=\"https:\/\/jandaiadosul.ufpr.br\/wp-content\/uploads\/2019\/04\/ATA-da-quadrag%C3%A9sima-reuni%C3%A3o-ordin%C3%A1ria-do-colegiado-do-curso-de-Engenharia-de-Produ%C3%A7%C3%A3o-aprovada-em-29.11.2018.pdf\">Ata da 40\u00aa Reuni\u00e3o Ordin\u00e1ria do Colegiado do Curso de Engenharia de Produ\u00e7\u00e3o, aprovada em 29\/11\/2018.<\/a><\/span><\/span><\/p>\n<p><span style=\"text-decoration: underline\"><span style=\"color: #800080;text-decoration: underline\"><a style=\"color: #800080;text-decoration: underline\" href=\"https:\/\/jandaiadosul.ufpr.br\/wp-content\/uploads\/2019\/04\/ATA-da-quadrag%C3%A9sima-primeira-reuni%C3%A3o-ordin%C3%A1ria-do-colegiado-do-curso-de-Engenharia-de-Produ%C3%A7%C3%A3o-aprovada-em-19.12.2018.pdf\">Ata da 41\u00aa Reuni\u00e3o Ordin\u00e1ria do Colegiado do Curso de Engenharia de Produ\u00e7\u00e3o, aprovada em 19\/12\/2018.<\/a><\/span><\/span><\/p>\n<p><span style=\"text-decoration: underline\"><span style=\"color: #800080;text-decoration: underline\"><a style=\"color: #800080;text-decoration: underline\" href=\"https:\/\/jandaiadosul.ufpr.br\/wp-content\/uploads\/2019\/04\/ATA-da-quadrag%C3%A9sima-segunda-reuni%C3%A3o-ordin%C3%A1ria-do-colegiado-do-curso-de-Engenharia-de-Produ%C3%A7%C3%A3o-aprovada-em-13.03.2019.pdf\">Ata da 42\u00aa Reuni\u00e3o Ordin\u00e1ria do Colegiado do Curso de Engenharia de Produ\u00e7\u00e3o, aprovada em 13\/03\/2019.<\/a><\/span><\/span><\/p>\n<p>&nbsp;<\/p>\n<h4><span style=\"font-family: arial, helvetica, sans-serif;font-size: 12pt\"><strong>Atas das reuni\u00f5es extraordin\u00e1rias do Colegiado do Curso de Engenharia de Produ\u00e7\u00e3o<\/strong><\/span><\/h4>\n<p><span style=\"text-decoration: underline\"><span style=\"color: #800080;text-decoration: underline\"><a style=\"color: #800080;text-decoration: underline\" href=\"https:\/\/jandaiadosul.ufpr.br\/wp-content\/uploads\/2018\/05\/ATA-da-d%C3%A9cima-segunda-reuni%C3%A3o-extraordin%C3%A1ria-do-colegiado-do-curso-de-Engenharia-de-Produ%C3%A7%C3%A3o-aprovada-em-27.04.2018.pdf\">Ata da 12\u00aa Reuni\u00e3o Extraordin\u00e1ria do Colegiado do Curso de Engenharia de Produ\u00e7\u00e3o, aprovada em 27\/04\/2018.<\/a><\/span><\/span><\/p>\n<p><span style=\"text-decoration: underline\"><span style=\"color: #800080;text-decoration: underline\"><a style=\"color: #800080;text-decoration: underline\" href=\"https:\/\/jandaiadosul.ufpr.br\/wp-content\/uploads\/2018\/11\/ATA-da-d%C3%A9cima-terceira-reuni%C3%A3o-extraordin%C3%A1ria-do-colegiado-do-curso-de-Engenharia-de-Produ%C3%A7%C3%A3o-aprovada-em-08.06.2018..pdf\">Ata da 13\u00aa Reuni\u00e3o Extraordin\u00e1ria do Colegiado do Curso de Engenharia de Produ\u00e7\u00e3o, aprovada em 08\/06\/2018.<\/a><\/span><\/span><\/p>\n<p><span style=\"text-decoration: underline\"><span style=\"color: #800080;text-decoration: underline\"><a style=\"color: #800080;text-decoration: underline\" href=\"https:\/\/jandaiadosul.ufpr.br\/wp-content\/uploads\/2018\/11\/ATA-da-d%C3%A9cima-quarta-reuni%C3%A3o-extraordin%C3%A1ria-do-colegiado-do-curso-de-Engenharia-de-Produ%C3%A7%C3%A3o-aprovada-em-29.06.2018..pdf\">Ata da 14\u00aa Reuni\u00e3o Extraordin\u00e1ria do Colegiado do Curso de Engenharia de Produ\u00e7\u00e3o, aprovada em 29\/06\/2018.<\/a><\/span><\/span><\/p>\n<p><span style=\"text-decoration: underline\"><span style=\"color: #800080;text-decoration: underline\"><a style=\"color: #800080;text-decoration: underline\" href=\"https:\/\/jandaiadosul.ufpr.br\/wp-content\/uploads\/2018\/11\/ATA-da-d%C3%A9cima-quinta-reuni%C3%A3o-extraordin%C3%A1ria-do-colegiado-do-curso-de-Engenharia-de-Produ%C3%A7%C3%A3o-aprovada-em-15.08.2018..pdf\">Ata da 15\u00aa Reuni\u00e3o Extraordin\u00e1ria do Colegiado do Curso de Engenharia de Produ\u00e7\u00e3o, aprovada em 15\/08\/2018.<\/a><\/span><\/span><\/p>\n<p><span style=\"text-decoration: underline\"><span style=\"color: #800080;text-decoration: underline\"><a style=\"color: #800080;text-decoration: underline\" href=\"https:\/\/jandaiadosul.ufpr.br\/wp-content\/uploads\/2018\/11\/ATA-da-d%C3%A9cima-sexta-reuni%C3%A3o-extraordin%C3%A1ria-do-colegiado-do-curso-de-Engenharia-de-Produ%C3%A7%C3%A3o-aprovada-em-15.08.2018..pdf\">Ata da 16\u00aa Reuni\u00e3o Extraordin\u00e1ria do Colegiado do Curso de Engenharia de Produ\u00e7\u00e3o, aprovada em 15\/08\/2018.<\/a><\/span><\/span><\/p>\n<p><span style=\"text-decoration: underline\"><span style=\"color: #800080;text-decoration: underline\"><a style=\"color: #800080;text-decoration: underline\" href=\"https:\/\/jandaiadosul.ufpr.br\/wp-content\/uploads\/2018\/11\/ATA-da-d%C3%A9cima-s%C3%A9tima-reuni%C3%A3o-extraordin%C3%A1ria-do-colegiado-do-curso-de-Engenharia-de-Produ%C3%A7%C3%A3o-aprovada-em-13.09.2018..pdf\">Ata da 17\u00aa Reuni\u00e3o Extraordin\u00e1ria do Colegiado do Curso de Engenharia de Produ\u00e7\u00e3o, aprovada em 13\/09\/2018.<\/a><\/span><\/span><\/p>\n<p><span style=\"text-decoration: underline\"><span style=\"color: #800080;text-decoration: underline\"><a style=\"color: #800080;text-decoration: underline\" href=\"https:\/\/jandaiadosul.ufpr.br\/wp-content\/uploads\/2018\/11\/ATA-da-d%C3%A9cima-oitava-reuni%C3%A3o-extraordin%C3%A1ria-do-colegiado-do-curso-de-Engenharia-de-Produ%C3%A7%C3%A3o-aprovada-em-13.09.2018..pdf\">Ata da 18\u00aa Reuni\u00e3o Extraordin\u00e1ria do Colegiado do Curso de Engenharia de Produ\u00e7\u00e3o, aprovada em 13\/09\/2018.<\/a><\/span><\/span><\/p>\n<p><span style=\"text-decoration: underline\"><span style=\"color: #800080;text-decoration: underline\"><a style=\"color: #800080;text-decoration: underline\" href=\"https:\/\/jandaiadosul.ufpr.br\/wp-content\/uploads\/2019\/04\/ATA-da-d%C3%A9cima-nona-reuni%C3%A3o-extraordin%C3%A1ria-do-colegiado-do-curso-de-Engenharia-de-Produ%C3%A7%C3%A3o-aprovada-em-05.11.2019.pdf\">Ata da 19\u00aa Reuni\u00e3o Extraordin\u00e1ria do Colegiado do Curso de Engenharia de Produ\u00e7\u00e3o, aprovada em 05\/11\/2018.<\/a><\/span><\/span><\/p>\n","protected":false},"excerpt":{"rendered":"<p>Atas das reuni\u00f5es ordin\u00e1rias do Colegiado do Curso de Engenharia de Produ\u00e7\u00e3o Ata da 33\u00aa Reuni\u00e3o Ordin\u00e1ria do Colegiado do Curso de Engenharia de Produ\u00e7\u00e3o, [&hellip;]<\/p>\n","protected":false},"author":3651,"featured_media":0,"parent":0,"menu_order":0,"comment_status":"closed","ping_status":"closed","template":"","meta":{"_acf_changed":false,"footnotes":""},"class_list":["post-98","page","type-page","status-publish","hentry"],"acf":[],"_links":{"self":[{"href":"https:\/\/jandaiadosul.ufpr.br\/engenhariadeproducao\/wp-json\/wp\/v2\/pages\/98","targetHints":{"allow":["GET"]}}],"collection":[{"href":"https:\/\/jandaiadosul.ufpr.br\/engenhariadeproducao\/wp-json\/wp\/v2\/pages"}],"about":[{"href":"https:\/\/jandaiadosul.ufpr.br\/engenhariadeproducao\/wp-json\/wp\/v2\/types\/page"}],"author":[{"embeddable":true,"href":"https:\/\/jandaiadosul.ufpr.br\/engenhariadeproducao\/wp-json\/wp\/v2\/users\/3651"}],"replies":[{"embeddable":true,"href":"https:\/\/jandaiadosul.ufpr.br\/engenhariadeproducao\/wp-json\/wp\/v2\/comments?post=98"}],"version-history":[{"count":2,"href":"https:\/\/jandaiadosul.ufpr.br\/engenhariadeproducao\/wp-json\/wp\/v2\/pages\/98\/revisions"}],"predecessor-version":[{"id":130,"href":"https:\/\/jandaiadosul.ufpr.br\/engenhariadeproducao\/wp-json\/wp\/v2\/pages\/98\/revisions\/130"}],"wp:attachment":[{"href":"https:\/\/jandaiadosul.ufpr.br\/engenhariadeproducao\/wp-json\/wp\/v2\/media?parent=98"}],"curies":[{"name":"wp","href":"https:\/\/api.w.org\/{rel}","templated":true}]}}