{"id":94,"date":"2023-01-17T17:27:30","date_gmt":"2023-01-17T20:27:30","guid":{"rendered":"https:\/\/jandaiadosul.ufpr.br\/engenhariadeproducao\/?page_id=94"},"modified":"2023-01-18T14:19:06","modified_gmt":"2023-01-18T17:19:06","slug":"atas-colegiado-2016","status":"publish","type":"page","link":"https:\/\/jandaiadosul.ufpr.br\/engenhariadeproducao\/atas-colegiado-2016\/","title":{"rendered":"Atas Colegiado 2016"},"content":{"rendered":"<h4><span style=\"font-family: arial, helvetica, sans-serif;font-size: 12pt\"><strong>Atas das reuni\u00f5es ordin\u00e1rias do Colegiado do Curso de Engenharia de Produ\u00e7\u00e3o<\/strong><\/span><\/h4>\n<p><a href=\"https:\/\/jandaiadosul.ufpr.br\/wp-content\/uploads\/2015\/02\/ATA-da-d%C3%A9cima-quinta-reuni%C3%A3o-ordin%C3%A1ria-do-colegiado-do-curso-de-engenharia-de-produ%C3%A7%C3%A3o-aprovada-em-28.03.2016.pdf\"><span style=\"text-decoration: underline\"><span style=\"color: #800080;text-decoration: underline\">Ata da 15\u00aa Reuni\u00e3o Ordin\u00e1ria do Colegiado do Curso de Engenharia de Produ\u00e7\u00e3o, aprovada em 28\/03\/2016.<\/span><\/span><\/a><\/p>\n<p><span style=\"text-decoration: underline\"><span style=\"color: #800080;text-decoration: underline\"><a style=\"color: #800080;text-decoration: underline\" href=\"https:\/\/jandaiadosul.ufpr.br\/wp-content\/uploads\/2015\/02\/ATA-da-d%C3%A9cima-sexta-reuni%C3%A3o-ordin%C3%A1ria-do-colegiado-do-curso-de-Engenharia-de-Produ%C3%A7%C3%A3o-aprovada-em-26.04.2016.pdf\">Ata da 16\u00aa Reuni\u00e3o Ordin\u00e1ria do Colegiado do Curso de Engenharia de Produ\u00e7\u00e3o, aprovada em 26\/04\/2016.<\/a><\/span><\/span><\/p>\n<p><span style=\"text-decoration: underline\"><span style=\"color: #800080;text-decoration: underline\"><a style=\"color: #800080;text-decoration: underline\" href=\"https:\/\/jandaiadosul.ufpr.br\/wp-content\/uploads\/2015\/02\/ATA-da-d%C3%A9cima-s%C3%A9tima-reuni%C3%A3o-ordin%C3%A1ria-do-colegiado-do-curso-de-Engenharia-de-Produ%C3%A7%C3%A3o-aprovada-em-25.05.2016.pdf\">Ata da 17\u00aa Reuni\u00e3o Ordin\u00e1ria do Colegiado do Curso de Engenharia de Produ\u00e7\u00e3o, aprovada em 25\/05\/2016.<\/a><\/span><\/span><\/p>\n<p><span style=\"text-decoration: underline\"><span style=\"color: #800080;text-decoration: underline\"><a style=\"color: #800080;text-decoration: underline\" href=\"https:\/\/jandaiadosul.ufpr.br\/wp-content\/uploads\/2015\/02\/ATA-da-d%C3%A9cima-oitava-reuni%C3%A3o-ordin%C3%A1ria-do-colegiado-do-curso-de-Engenharia-de-Produ%C3%A7%C3%A3o-aprovada-em-30.06.2016.pdf\">Ata da 18\u00aa Reuni\u00e3o Ordin\u00e1ria do Colegiado do Curso de Engenharia de Produ\u00e7\u00e3o, aprovada em\u00a030\/06\/2016.<\/a><\/span><\/span><\/p>\n<p><span style=\"text-decoration: underline\"><span style=\"color: #800080;text-decoration: underline\"><a style=\"color: #800080;text-decoration: underline\" href=\"https:\/\/jandaiadosul.ufpr.br\/wp-content\/uploads\/2017\/04\/ATA-da-d%C2%82cima-nona-reuni%C3%86o-ordin-ria-do-colegiado-do-curso-de-Engenharia-de-Produ%C2%87%C3%86o-aprovada-em-29.08.2016.pdf\">Ata da 19\u00aa Reuni\u00e3o Ordin\u00e1ria do Colegiado do Curso de Engenharia de Produ\u00e7\u00e3o, aprovada em 30\/06\/2016.<\/a><\/span><\/span><\/p>\n<p><span style=\"text-decoration: underline\"><span style=\"color: #800080;text-decoration: underline\"><a style=\"color: #800080;text-decoration: underline\" href=\"https:\/\/jandaiadosul.ufpr.br\/wp-content\/uploads\/2017\/04\/ATA-da-vig%C2%82sima-reuni%C3%86o-ordin-ria-do-colegiado-do-curso-de-Engenharia-de-Produ%C2%87%C3%86o-aprovada-em-30.09.2016.pdf\">Ata da 20\u00aa Reuni\u00e3o Ordin\u00e1ria do Colegiado do Curso de Engenharia de Produ\u00e7\u00e3o, aprovada em 29\/08\/2016.<\/a><\/span><\/span><\/p>\n<p><span style=\"text-decoration: underline\"><span style=\"color: #800080;text-decoration: underline\"><a style=\"color: #800080;text-decoration: underline\" href=\"https:\/\/jandaiadosul.ufpr.br\/wp-content\/uploads\/2017\/04\/ATA-da-vig%C2%82sima-primeira-reuni%C3%86o-ordin-ria-do-colegiado-do-curso-de-Engenharia-de-Produ%C2%87%C3%86o-aprovada-em-26.10.2016.pdf\">Ata da 21\u00aa Reuni\u00e3o Ordin\u00e1ria do Colegiado do Curso de Engenharia de Produ\u00e7\u00e3o, aprovada em 30\/09\/2016.<\/a><\/span><\/span><\/p>\n<p><span style=\"text-decoration: underline\"><span style=\"color: #800080;text-decoration: underline\"><a style=\"color: #800080;text-decoration: underline\" href=\"https:\/\/jandaiadosul.ufpr.br\/wp-content\/uploads\/2017\/04\/ATA-da-vig%C2%82sima-segunda-reuni%C3%86o-ordin-ria-do-colegiado-do-curso-de-Engenharia-de-Produ%C2%87%C3%86o-aprovada-em-16.12.2016.pdf\">Ata da 22\u00aa Reuni\u00e3o Ordin\u00e1ria do Colegiado do Curso de Engenharia de Produ\u00e7\u00e3o, aprovada em 26\/10\/2016.<\/a><\/span><\/span><\/p>\n<p><span style=\"text-decoration: underline\"><span style=\"color: #800080;text-decoration: underline\"><a style=\"color: #800080;text-decoration: underline\" href=\"https:\/\/jandaiadosul.ufpr.br\/wp-content\/uploads\/2017\/04\/ATA-da-vig%C2%82sima-terceira-reuni%C3%86o-ordin-ria-do-colegiado-do-curso-de-Engenharia-de-Produ%C2%87%C3%86o-aprovada-em-24.02.2017.pdf\">Ata da 23\u00aa Reuni\u00e3o Ordin\u00e1ria do Colegiado do Curso de Engenharia de Produ\u00e7\u00e3o, aprovada em 16\/12\/2016.<\/a><\/span><\/span><\/p>\n","protected":false},"excerpt":{"rendered":"<p>Atas das reuni\u00f5es ordin\u00e1rias do Colegiado do Curso de Engenharia de Produ\u00e7\u00e3o Ata da 15\u00aa Reuni\u00e3o Ordin\u00e1ria do Colegiado do Curso de Engenharia de Produ\u00e7\u00e3o, [&hellip;]<\/p>\n","protected":false},"author":3651,"featured_media":0,"parent":0,"menu_order":0,"comment_status":"closed","ping_status":"closed","template":"","meta":{"_acf_changed":false,"footnotes":""},"class_list":["post-94","page","type-page","status-publish","hentry"],"acf":[],"_links":{"self":[{"href":"https:\/\/jandaiadosul.ufpr.br\/engenhariadeproducao\/wp-json\/wp\/v2\/pages\/94","targetHints":{"allow":["GET"]}}],"collection":[{"href":"https:\/\/jandaiadosul.ufpr.br\/engenhariadeproducao\/wp-json\/wp\/v2\/pages"}],"about":[{"href":"https:\/\/jandaiadosul.ufpr.br\/engenhariadeproducao\/wp-json\/wp\/v2\/types\/page"}],"author":[{"embeddable":true,"href":"https:\/\/jandaiadosul.ufpr.br\/engenhariadeproducao\/wp-json\/wp\/v2\/users\/3651"}],"replies":[{"embeddable":true,"href":"https:\/\/jandaiadosul.ufpr.br\/engenhariadeproducao\/wp-json\/wp\/v2\/comments?post=94"}],"version-history":[{"count":2,"href":"https:\/\/jandaiadosul.ufpr.br\/engenhariadeproducao\/wp-json\/wp\/v2\/pages\/94\/revisions"}],"predecessor-version":[{"id":125,"href":"https:\/\/jandaiadosul.ufpr.br\/engenhariadeproducao\/wp-json\/wp\/v2\/pages\/94\/revisions\/125"}],"wp:attachment":[{"href":"https:\/\/jandaiadosul.ufpr.br\/engenhariadeproducao\/wp-json\/wp\/v2\/media?parent=94"}],"curies":[{"name":"wp","href":"https:\/\/api.w.org\/{rel}","templated":true}]}}