{"id":89,"date":"2023-01-17T17:23:09","date_gmt":"2023-01-17T20:23:09","guid":{"rendered":"https:\/\/jandaiadosul.ufpr.br\/engenhariadeproducao\/?page_id=89"},"modified":"2023-01-18T14:17:43","modified_gmt":"2023-01-18T17:17:43","slug":"atas-colegiado-2014","status":"publish","type":"page","link":"https:\/\/jandaiadosul.ufpr.br\/engenhariadeproducao\/atas-colegiado-2014\/","title":{"rendered":"Atas Colegiado 2014"},"content":{"rendered":"<h4><span style=\"font-family: arial, helvetica, sans-serif;font-size: 12pt\"><strong>Atas das reuni\u00f5es ordin\u00e1rias do Colegiado do Curso de Engenharia de Produ\u00e7\u00e3o<\/strong><\/span><\/h4>\n<p><a href=\"https:\/\/jandaiadosul.ufpr.br\/novosite\/wp-content\/uploads\/2014\/04\/Ata-1%C2%AA-reuni%C3%A3o-do-colegiado-de-produ%C3%A7%C3%A3o-25.04.14.pdf\"><span style=\"font-family: arial, helvetica, sans-serif\"><span style=\"text-decoration: underline;color: #800080\">Ata da 1\u00aa Reuni\u00e3o Ordin\u00e1ria do Colegiado do Curso de Engenharia de Produ\u00e7\u00e3o, aprovada em 06\/06\/2014.<\/span><\/span><\/a><\/p>\n<p><span style=\"text-decoration: underline;color: #800080\"><span style=\"font-family: arial, helvetica, sans-serif\"><a style=\"color: #800080;text-decoration: underline\" href=\"https:\/\/jandaiadosul.ufpr.br\/novosite\/wp-content\/uploads\/2014\/04\/Eng-Prod-2%C2%AA-Ord.pdf\">Ata da 2\u00aa Reuni\u00e3o Ordin\u00e1ria do Colegiado do Curso de Engenharia de Produ\u00e7\u00e3o, aprovada em 25\/07\/2014.<\/a><\/span><\/span><\/p>\n<p><span style=\"text-decoration: underline;color: #800080\"><span style=\"font-family: arial, helvetica, sans-serif\"><a style=\"color: #800080;text-decoration: underline\" href=\"https:\/\/jandaiadosul.ufpr.br\/novosite\/wp-content\/uploads\/2014\/04\/ATA-3%C2%AA-REUNI%C3%83O-ORDIN%C3%81RIA-DO-COLEGIADO-DO-CURSO-DE-ENGENHARIA-DE-PRODU%C3%87%C3%83O.pdf\">Ata da 3\u00aa Reuni\u00e3o Ordin\u00e1ria do Colegiado do Curso de Engenharia de Produ\u00e7\u00e3o, aprovada em 28\/08\/2014.<\/a><\/span><\/span><\/p>\n<p><span style=\"text-decoration: underline;color: #800080\"><span style=\"font-family: arial, helvetica, sans-serif\"><a style=\"color: #800080;text-decoration: underline\" href=\"https:\/\/jandaiadosul.ufpr.br\/novosite\/wp-content\/uploads\/2014\/04\/4%C2%AA-Reuni%C3%A3o-Ord.-do-Colegiado-de-Produ%C3%A7%C3%A3o-28.08.14.pdf\">Ata da 4\u00aa Reuni\u00e3o Ordin\u00e1ria do Colegiado do Curso de Engenharia de Produ\u00e7\u00e3o, aprovada em 24\/09\/2014.<\/a><\/span><\/span><\/p>\n<p><span style=\"text-decoration: underline;color: #800080\"><span style=\"font-family: arial, helvetica, sans-serif\"><a style=\"color: #800080;text-decoration: underline\" href=\"https:\/\/jandaiadosul.ufpr.br\/novosite\/wp-content\/uploads\/2014\/04\/5%C2%AA-Reuni%C3%A3o-Ord.-do-Colegiado-de-Produ%C3%A7%C3%A3o.pdf\">Ata da 5\u00aa Reuni\u00e3o Ordin\u00e1ria do Colegiado do Curso de Engenharia de Produ\u00e7\u00e3o, aprovada em 31\/10\/2014.<\/a><\/span><\/span><\/p>\n<p><span style=\"text-decoration: underline;color: #800080\"><span style=\"font-family: arial, helvetica, sans-serif\"><a style=\"color: #800080;text-decoration: underline\" href=\"https:\/\/jandaiadosul.ufpr.br\/novosite\/wp-content\/uploads\/2015\/03\/Ata-da-6%C2%AA-Reuni%C3%A3o-Ord.-do-Colegiado-do-Curso-de-Engenharia-de-Produ%C3%A7%C3%A3o.pdf\">Ata da 6\u00aa Reuni\u00e3o Ordin\u00e1ria do Colegiado do Curso de Engenharia de Produ\u00e7\u00e3o, aprovada em 28\/11\/2014.<\/a><\/span><\/span><\/p>\n<p><span style=\"text-decoration: underline;color: #800080\"><span style=\"font-family: arial, helvetica, sans-serif\"><a style=\"color: #800080;text-decoration: underline\" href=\"https:\/\/jandaiadosul.ufpr.br\/novosite\/wp-content\/uploads\/2015\/03\/Ata-da-7%C2%AA-Reuni%C3%A3o-Ord.-do-Colegiado-do-Curso-de-Engenharia-de-Produ%C3%A7%C3%A3o.pdf\">Ata da 7\u00aa Reuni\u00e3o Ordin\u00e1ria do Colegiado do Curso de Engenharia de Produ\u00e7\u00e3o, aprovada em\u00a017\/12\/2014.<\/a><\/span><\/span><\/p>\n<p><span style=\"text-decoration: underline;color: #800080\"><span style=\"font-family: arial, helvetica, sans-serif\"><a style=\"color: #800080;text-decoration: underline\" href=\"https:\/\/jandaiadosul.ufpr.br\/novosite\/wp-content\/uploads\/2015\/03\/Ata-da-8%C2%AA-Reuni%C3%A3o-Ord.-do-Colegiado-do-Curso-de-Engenharia-de-Produ%C3%A7%C3%A3o.pdf\">Ata da 8\u00aa Reuni\u00e3o Ordin\u00e1ria do Colegiado do Curso de Engenharia de Produ\u00e7\u00e3o, aprovada em 06\/03\/2015.<\/a><\/span><\/span><\/p>\n<h4><\/h4>\n<h4><span style=\"font-family: arial, helvetica, sans-serif;font-size: 12pt\"><strong>Atas das reuni\u00f5es extraordin\u00e1rias do Colegiado do Curso de Engenharia de Produ\u00e7\u00e3o<\/strong><\/span><\/h4>\n<p><span style=\"text-decoration: underline;color: #800080\"><span style=\"font-family: arial, helvetica, sans-serif\"><a style=\"color: #800080;text-decoration: underline\" href=\"https:\/\/jandaiadosul.ufpr.br\/novosite\/wp-content\/uploads\/2015\/02\/ATA-DA-PRIMEIRA-REUNI%C3%83O-EXTRAORDIN%C3%81RIA-DO-COLEGIADO-DO-CURSO-DE-ENGENHARIA-DE-PRODU%C3%87%C3%83O.pdf\">Ata da 1\u00aa Reuni\u00e3o Extraordin\u00e1ria do Colegiado do Curso de Engenharia de Produ\u00e7\u00e3o, aprovada em 06\/11\/2015.<\/a><\/span><\/span><\/p>\n","protected":false},"excerpt":{"rendered":"<p>Atas das reuni\u00f5es ordin\u00e1rias do Colegiado do Curso de Engenharia de Produ\u00e7\u00e3o Ata da 1\u00aa Reuni\u00e3o Ordin\u00e1ria do Colegiado do Curso de Engenharia de Produ\u00e7\u00e3o, [&hellip;]<\/p>\n","protected":false},"author":3651,"featured_media":0,"parent":0,"menu_order":0,"comment_status":"closed","ping_status":"closed","template":"","meta":{"_acf_changed":false,"footnotes":""},"class_list":["post-89","page","type-page","status-publish","hentry"],"acf":[],"_links":{"self":[{"href":"https:\/\/jandaiadosul.ufpr.br\/engenhariadeproducao\/wp-json\/wp\/v2\/pages\/89","targetHints":{"allow":["GET"]}}],"collection":[{"href":"https:\/\/jandaiadosul.ufpr.br\/engenhariadeproducao\/wp-json\/wp\/v2\/pages"}],"about":[{"href":"https:\/\/jandaiadosul.ufpr.br\/engenhariadeproducao\/wp-json\/wp\/v2\/types\/page"}],"author":[{"embeddable":true,"href":"https:\/\/jandaiadosul.ufpr.br\/engenhariadeproducao\/wp-json\/wp\/v2\/users\/3651"}],"replies":[{"embeddable":true,"href":"https:\/\/jandaiadosul.ufpr.br\/engenhariadeproducao\/wp-json\/wp\/v2\/comments?post=89"}],"version-history":[{"count":4,"href":"https:\/\/jandaiadosul.ufpr.br\/engenhariadeproducao\/wp-json\/wp\/v2\/pages\/89\/revisions"}],"predecessor-version":[{"id":120,"href":"https:\/\/jandaiadosul.ufpr.br\/engenhariadeproducao\/wp-json\/wp\/v2\/pages\/89\/revisions\/120"}],"wp:attachment":[{"href":"https:\/\/jandaiadosul.ufpr.br\/engenhariadeproducao\/wp-json\/wp\/v2\/media?parent=89"}],"curies":[{"name":"wp","href":"https:\/\/api.w.org\/{rel}","templated":true}]}}