{"id":825,"date":"2023-06-16T16:54:28","date_gmt":"2023-06-16T19:54:28","guid":{"rendered":"https:\/\/jandaiadosul.ufpr.br\/engenhariadeproducao\/?page_id=825"},"modified":"2023-07-04T17:14:56","modified_gmt":"2023-07-04T20:14:56","slug":"atas-colegiado-2022-2","status":"publish","type":"page","link":"https:\/\/jandaiadosul.ufpr.br\/engenhariadeproducao\/atas-colegiado-2022-2\/","title":{"rendered":"Atas Colegiado 2022"},"content":{"rendered":"<h4><span style=\"font-family: arial, helvetica, sans-serif;font-size: 12pt\"><strong>Atas das reuni\u00f5es ordin\u00e1rias do Colegiado do Curso de Engenharia de <\/strong>Produ\u00e7\u00e3o<\/span><\/h4>\n<p><span style=\"text-decoration: underline\"><span style=\"font-family: arial, helvetica, sans-serif;font-size: 12pt;color: #800080;text-decoration: underline\"><a style=\"color: #800080;text-decoration: underline\" href=\"https:\/\/jandaiadosul.ufpr.br\/wp-content\/uploads\/2015\/02\/Ata-da-55a-Reuniao-Ordinaria-do-Colegiado-de-Producao-aprovada-em-08.06.2022.pdf\">Ata da 55\u00aa Reuni\u00e3o Ordin\u00e1ria do Colegiado do Curso de Engenharia de Produ\u00e7\u00e3o, aprovada em 08\/06\/2022.<\/a><\/span><\/span><\/p>\n<p><span style=\"text-decoration: underline\"><span style=\"color: #800080;font-family: arial, helvetica, sans-serif;text-decoration: underline\"><a style=\"color: #800080;text-decoration: underline\" href=\"http:\/\/jandaiadosul.ufpr.br\/engenhariadeproducao\/wp-content\/uploads\/sites\/13\/2023\/04\/ata-da-56a-reuniao-ord-do-colegiado-de-producao-08-06-2022.pdf\">Ata da 56\u00aa Reuni\u00e3o Ordin\u00e1ria do Colegiado do Curso de Engenharia de Produ\u00e7\u00e3o, aprovada em 21\/09\/2022.<\/a><\/span><\/span><\/p>\n<p><span style=\"text-decoration: underline\"><span style=\"color: #800080;text-decoration: underline\"><a style=\"color: #800080;text-decoration: underline\" href=\"http:\/\/jandaiadosul.ufpr.br\/engenhariadeproducao\/wp-content\/uploads\/sites\/13\/2023\/04\/ata-da-57a-reuniao-ord-do-colegiado-de-producao-21-09-2022.pdf\"><span style=\"font-family: arial, helvetica, sans-serif\">Ata da 57\u00aa Reuni\u00e3o Ordin\u00e1ria do Colegiado do Curso de Engenharia de Produ\u00e7\u00e3o, aprovada em 16\/11\/2022.<\/span><\/a><\/span><\/span><\/p>\n<p><span style=\"text-decoration: underline\"><span style=\"color: #800080;text-decoration: underline\"><a style=\"color: #800080;text-decoration: underline\" href=\"http:\/\/jandaiadosul.ufpr.br\/engenhariadeproducao\/wp-content\/uploads\/sites\/13\/2023\/04\/despacho-no-43-23-retificacao-da-ata-da-57a-reuniao-ord.pdf\"><span style=\"font-family: arial, helvetica, sans-serif\">Despacho de Retifica\u00e7\u00e3o da Ata da 57\u00aa Reuni\u00e3o Ordin\u00e1ria do Colegiado do Curso de Engenharia de Produ\u00e7\u00e3o.<\/span><\/a><\/span><\/span><\/p>\n<p><span style=\"text-decoration: underline\"><span style=\"color: #800080;text-decoration: underline\"><a style=\"color: #800080;text-decoration: underline\" href=\"http:\/\/jandaiadosul.ufpr.br\/engenhariadeproducao\/wp-content\/uploads\/sites\/13\/2023\/06\/ata-da-58a-reuniao-ord-do-colegiado-de-producao-16-11-2022.pdf\"><span style=\"font-family: arial, helvetica, sans-serif\">Ata da 58\u00aa Reuni\u00e3o Ordin\u00e1ria do Colegiado do Curso de Engenharia de Produ\u00e7\u00e3o, aprovada em 05\/04\/2023.<\/span><\/a><\/span><\/span><\/p>\n<p>&nbsp;<\/p>\n<h4><span style=\"font-family: arial, helvetica, sans-serif;font-size: 12pt\"><strong>Atas das reuni\u00f5es extraordin\u00e1rias do Colegiado do Curso de Engenharia de Produ\u00e7\u00e3o<\/strong><\/span><\/h4>\n<p><span style=\"font-family: arial, helvetica, sans-serif;font-size: 12pt;color: #800080\"><a style=\"color: #800080;text-decoration: underline\" href=\"https:\/\/jandaiadosul.ufpr.br\/wp-content\/uploads\/2015\/02\/Ata-da-64a-Reuniao-Extraordinaria-do-Colegiado-de-Producao-aprovada-em-29.04.2022.pdf\">Ata da 64\u00aa Reuni\u00e3o Extraordin\u00e1ria do Colegiado do Curso de Engenharia de Produ\u00e7\u00e3o, aprovada em 29\/04\/2022.<\/a><\/span><\/p>\n<p><span style=\"font-family: arial, helvetica, sans-serif;font-size: 12pt;color: #800080\"><a style=\"color: #800080;text-decoration: underline\" href=\"https:\/\/jandaiadosul.ufpr.br\/wp-content\/uploads\/2015\/02\/Ata-da-65a-Reuniao-Extraordinaria-do-Colegiado-de-Producao-aprovada-em-29.04.2022.pdf\">Ata da 65\u00aa Reuni\u00e3o Extraordin\u00e1ria do Colegiado do Curso de Engenharia de Produ\u00e7\u00e3o, aprovada em 29\/04\/2022.<\/a><\/span><\/p>\n<p><span style=\"text-decoration: underline\"><span style=\"color: #800080;text-decoration: underline\"><a style=\"color: #800080;text-decoration: underline\" href=\"http:\/\/jandaiadosul.ufpr.br\/engenhariadeproducao\/wp-content\/uploads\/sites\/13\/2023\/04\/ata-da-66a-reuniao-extr-do-colegiado-de-producao-20-06-2022.pdf\"><span style=\"font-family: arial, helvetica, sans-serif\">Ata da 66\u00aa Reuni\u00e3o Extraordin\u00e1ria do Colegiado do Curso de Engenharia de Produ\u00e7\u00e3o, aprovada em 21\/09\/2022.<\/span><\/a><\/span><\/span><\/p>\n<p><span style=\"text-decoration: underline\"><span style=\"font-family: arial, helvetica, sans-serif;color: #800080;text-decoration: underline\"><a style=\"color: #800080;text-decoration: underline\" href=\"http:\/\/jandaiadosul.ufpr.br\/engenhariadeproducao\/wp-content\/uploads\/sites\/13\/2023\/04\/ata-da-67a-reuniao-extr-do-colegiado-de-producao-06-07-2022.pdf\">Ata da 67\u00aa Reuni\u00e3o Extraordin\u00e1ria do Colegiado do Curso de Engenharia de Produ\u00e7\u00e3o, aprovada em 21\/09\/2022.<\/a><\/span><\/span><\/p>\n<p><span style=\"text-decoration: underline\"><span style=\"font-family: arial, helvetica, sans-serif;color: #800080;text-decoration: underline\"><a style=\"color: #800080;text-decoration: underline\" href=\"http:\/\/jandaiadosul.ufpr.br\/engenhariadeproducao\/wp-content\/uploads\/sites\/13\/2023\/04\/ata-da-68a-reuniao-extr-do-colegiado-de-producao-06-07-2022.pdf\">Ata da 68\u00aa Reuni\u00e3o Extraordin\u00e1ria do Colegiado do Curso de Engenharia de Produ\u00e7\u00e3o, aprovada em 21\/09\/2022.<\/a><\/span><\/span><\/p>\n<p><span style=\"text-decoration: underline\"><span style=\"font-family: arial, helvetica, sans-serif;color: #800080;text-decoration: underline\"><a style=\"color: #800080;text-decoration: underline\" href=\"http:\/\/jandaiadosul.ufpr.br\/engenhariadeproducao\/wp-content\/uploads\/sites\/13\/2023\/04\/ata-da-69a-reuniao-extr-do-colegiado-de-producao-13-07-2022.pdf\">Ata da 69\u00aa Reuni\u00e3o Extraordin\u00e1ria do Colegiado do Curso de Engenharia de Produ\u00e7\u00e3o, aprovada em 21\/09\/2022.<\/a><\/span><\/span><\/p>\n<p><span style=\"text-decoration: underline\"><span style=\"font-family: arial, helvetica, sans-serif;color: #800080;text-decoration: underline\"><a style=\"color: #800080;text-decoration: underline\" href=\"http:\/\/jandaiadosul.ufpr.br\/engenhariadeproducao\/wp-content\/uploads\/sites\/13\/2023\/04\/ata-da-70a-reuniao-extr-do-colegiado-de-producao-13-07-2022.pdf\">Ata da 70\u00aa Reuni\u00e3o Extraordin\u00e1ria do Colegiado do Curso de Engenharia de Produ\u00e7\u00e3o, aprovada em 21\/09\/2022.<\/a><\/span><\/span><\/p>\n<p><span style=\"text-decoration: underline\"><span style=\"font-family: arial, helvetica, sans-serif;color: #800080;text-decoration: underline\"><a style=\"color: #800080;text-decoration: underline\" href=\"http:\/\/jandaiadosul.ufpr.br\/engenhariadeproducao\/wp-content\/uploads\/sites\/13\/2023\/04\/ata-da-71a-reuniao-extr-do-colegiado-de-producao-29-07-2022.pdf\">Ata da 71\u00aa Reuni\u00e3o Extraordin\u00e1ria do Colegiado do Curso de Engenharia de Produ\u00e7\u00e3o, aprovada em 21\/09\/2022.<\/a><\/span><\/span><\/p>\n<p><span style=\"text-decoration: underline\"><span style=\"font-family: arial, helvetica, sans-serif;color: #800080;text-decoration: underline\"><a style=\"color: #800080;text-decoration: underline\" href=\"http:\/\/jandaiadosul.ufpr.br\/engenhariadeproducao\/wp-content\/uploads\/sites\/13\/2023\/04\/ata-da-72a-reuniao-extr-do-colegiado-de-producao-29-07-2022.pdf\">Ata da 72\u00aa Reuni\u00e3o Extraordin\u00e1ria do Colegiado do Curso de Engenharia de Produ\u00e7\u00e3o, aprovada em 21\/09\/2022.<\/a><\/span><\/span><\/p>\n<p><span style=\"text-decoration: underline\"><span style=\"color: #800080;text-decoration: underline\"><a style=\"color: #800080;text-decoration: underline\" href=\"http:\/\/jandaiadosul.ufpr.br\/engenhariadeproducao\/wp-content\/uploads\/sites\/13\/2023\/04\/ata-da-73a-reuniao-extr-do-colegiado-de-producao-16-12-2022.pdf\"><span style=\"font-family: arial, helvetica, sans-serif\">Ata da 73\u00aa Reuni\u00e3o Extraordin\u00e1ria do Colegiado do Curso de Engenharia de Produ\u00e7\u00e3o, aprovada em 05\/04\/2023.<\/span><\/a><\/span><\/span><\/p>\n<p><span style=\"text-decoration: underline\"><span style=\"color: #800080;text-decoration: underline\"><a style=\"color: #800080;text-decoration: underline\" href=\"http:\/\/jandaiadosul.ufpr.br\/engenhariadeproducao\/wp-content\/uploads\/sites\/13\/2023\/07\/ata-da-74a-reuniao-extr-do-colegiado-de-producao-16-12-2022.pdf\"><span style=\"font-family: arial, helvetica, sans-serif\">Ata da 74\u00aa Reuni\u00e3o Extraordin\u00e1ria do Colegiado do Curso de Engenharia de Produ\u00e7\u00e3o, aprovada em 05\/04\/2023.<\/span><\/a><\/span><\/span><\/p>\n<p>&nbsp;<\/p>\n","protected":false},"excerpt":{"rendered":"<p>Atas das reuni\u00f5es ordin\u00e1rias do Colegiado do Curso de Engenharia de Produ\u00e7\u00e3o Ata da 55\u00aa Reuni\u00e3o Ordin\u00e1ria do Colegiado do Curso de Engenharia de Produ\u00e7\u00e3o, [&hellip;]<\/p>\n","protected":false},"author":3637,"featured_media":0,"parent":0,"menu_order":0,"comment_status":"closed","ping_status":"closed","template":"","meta":{"_acf_changed":false,"footnotes":""},"class_list":["post-825","page","type-page","status-publish","hentry"],"acf":[],"_links":{"self":[{"href":"https:\/\/jandaiadosul.ufpr.br\/engenhariadeproducao\/wp-json\/wp\/v2\/pages\/825","targetHints":{"allow":["GET"]}}],"collection":[{"href":"https:\/\/jandaiadosul.ufpr.br\/engenhariadeproducao\/wp-json\/wp\/v2\/pages"}],"about":[{"href":"https:\/\/jandaiadosul.ufpr.br\/engenhariadeproducao\/wp-json\/wp\/v2\/types\/page"}],"author":[{"embeddable":true,"href":"https:\/\/jandaiadosul.ufpr.br\/engenhariadeproducao\/wp-json\/wp\/v2\/users\/3637"}],"replies":[{"embeddable":true,"href":"https:\/\/jandaiadosul.ufpr.br\/engenhariadeproducao\/wp-json\/wp\/v2\/comments?post=825"}],"version-history":[{"count":3,"href":"https:\/\/jandaiadosul.ufpr.br\/engenhariadeproducao\/wp-json\/wp\/v2\/pages\/825\/revisions"}],"predecessor-version":[{"id":836,"href":"https:\/\/jandaiadosul.ufpr.br\/engenhariadeproducao\/wp-json\/wp\/v2\/pages\/825\/revisions\/836"}],"wp:attachment":[{"href":"https:\/\/jandaiadosul.ufpr.br\/engenhariadeproducao\/wp-json\/wp\/v2\/media?parent=825"}],"curies":[{"name":"wp","href":"https:\/\/api.w.org\/{rel}","templated":true}]}}