{"id":732,"date":"2023-02-22T14:10:28","date_gmt":"2023-02-22T17:10:28","guid":{"rendered":"https:\/\/jandaiadosul.ufpr.br\/engenhariadeproducao\/?page_id=732"},"modified":"2023-02-22T14:26:11","modified_gmt":"2023-02-22T17:26:11","slug":"pe_ep","status":"publish","type":"page","link":"https:\/\/jandaiadosul.ufpr.br\/engenhariadeproducao\/pe_ep\/","title":{"rendered":"Planejamento Estrat\u00e9gico do Curso"},"content":{"rendered":"\t\t<div data-elementor-type=\"wp-page\" data-elementor-id=\"732\" class=\"elementor elementor-732\">\n\t\t\t\t\t\t<section class=\"elementor-section elementor-top-section elementor-element elementor-element-630fdb0 elementor-section-boxed elementor-section-height-default elementor-section-height-default\" data-id=\"630fdb0\" data-element_type=\"section\" data-e-type=\"section\">\n\t\t\t\t\t\t<div class=\"elementor-container elementor-column-gap-default\">\n\t\t\t\t\t<div class=\"elementor-column elementor-col-100 elementor-top-column elementor-element elementor-element-ed9940b\" data-id=\"ed9940b\" data-element_type=\"column\" data-e-type=\"column\">\n\t\t\t<div class=\"elementor-widget-wrap elementor-element-populated\">\n\t\t\t\t\t\t<div class=\"elementor-element elementor-element-f9da930 elementor-widget elementor-widget-text-editor\" data-id=\"f9da930\" data-element_type=\"widget\" data-e-type=\"widget\" data-widget_type=\"text-editor.default\">\n\t\t\t\t<div class=\"elementor-widget-container\">\n\t\t\t\t\t\t\t\t\t<p><a href=\"https:\/\/jandaiadosul.ufpr.br\/engenhariadeproducao\/wp-content\/uploads\/sites\/13\/2023\/02\/planejamento_estrategico_2022-2026-_-ver-2-aprovada-16-12-22.pdf\" target=\"_blank\" rel=\"noopener\">Clique aqui para consultar o Planejamento Estrat\u00e9gico do curso de Engenharia de Produ\u00e7\u00e3o para o quadri\u00eanio 2023-2026.\u00a0<\/a><\/p>\t\t\t\t\t\t\t\t<\/div>\n\t\t\t\t<\/div>\n\t\t\t\t\t<\/div>\n\t\t<\/div>\n\t\t\t\t\t<\/div>\n\t\t<\/section>\n\t\t\t\t<\/div>\n\t\t","protected":false},"excerpt":{"rendered":"<p>Clique aqui para consultar o Planejamento Estrat\u00e9gico do curso de Engenharia de Produ\u00e7\u00e3o para o quadri\u00eanio 2023-2026.\u00a0<\/p>\n","protected":false},"author":3629,"featured_media":0,"parent":0,"menu_order":0,"comment_status":"closed","ping_status":"closed","template":"","meta":{"_acf_changed":false,"footnotes":""},"class_list":["post-732","page","type-page","status-publish","hentry"],"acf":[],"_links":{"self":[{"href":"https:\/\/jandaiadosul.ufpr.br\/engenhariadeproducao\/wp-json\/wp\/v2\/pages\/732","targetHints":{"allow":["GET"]}}],"collection":[{"href":"https:\/\/jandaiadosul.ufpr.br\/engenhariadeproducao\/wp-json\/wp\/v2\/pages"}],"about":[{"href":"https:\/\/jandaiadosul.ufpr.br\/engenhariadeproducao\/wp-json\/wp\/v2\/types\/page"}],"author":[{"embeddable":true,"href":"https:\/\/jandaiadosul.ufpr.br\/engenhariadeproducao\/wp-json\/wp\/v2\/users\/3629"}],"replies":[{"embeddable":true,"href":"https:\/\/jandaiadosul.ufpr.br\/engenhariadeproducao\/wp-json\/wp\/v2\/comments?post=732"}],"version-history":[{"count":14,"href":"https:\/\/jandaiadosul.ufpr.br\/engenhariadeproducao\/wp-json\/wp\/v2\/pages\/732\/revisions"}],"predecessor-version":[{"id":749,"href":"https:\/\/jandaiadosul.ufpr.br\/engenhariadeproducao\/wp-json\/wp\/v2\/pages\/732\/revisions\/749"}],"wp:attachment":[{"href":"https:\/\/jandaiadosul.ufpr.br\/engenhariadeproducao\/wp-json\/wp\/v2\/media?parent=732"}],"curies":[{"name":"wp","href":"https:\/\/api.w.org\/{rel}","templated":true}]}}