{"id":196,"date":"2023-01-18T15:10:08","date_gmt":"2023-01-18T18:10:08","guid":{"rendered":"https:\/\/jandaiadosul.ufpr.br\/engenhariadeproducao\/?page_id=196"},"modified":"2024-07-04T14:24:07","modified_gmt":"2024-07-04T17:24:07","slug":"centro-academico","status":"publish","type":"page","link":"https:\/\/jandaiadosul.ufpr.br\/engenhariadeproducao\/centro-academico\/","title":{"rendered":"Centro Acad\u00eamico"},"content":{"rendered":"<p><span data-contrast=\"auto\">O Centro Acad\u00eamico de Engenharia de Produ\u00e7\u00e3o (CAENPRO) da UFPR, Campus Avan\u00e7ado e Jandaia do Sul, \u00e9 uma entidade que contribui de maneira significativa para a forma\u00e7\u00e3o integral dos futuros engenheiros de produ\u00e7\u00e3o. Desde a sua funda\u00e7\u00e3o, em 2014, o CAENPRO tem se dedicado a oferecer apoio, oportunidades de aprendizagem pr\u00e1tica e atividades de integra\u00e7\u00e3o, tornando-se um pilar essencial na vida acad\u00eamica dos estudantes do curso de Engenharia de Produ\u00e7\u00e3o.<\/span><span data-ccp-props=\"{&quot;201341983&quot;:0,&quot;335551550&quot;:6,&quot;335551620&quot;:6,&quot;335559739&quot;:160,&quot;335559740&quot;:279}\">\u00a0<\/span><\/p>\n<p><span data-contrast=\"auto\">Com o objetivo de promover a integra\u00e7\u00e3o entre teoria e pr\u00e1tica, o CAENPRO oferece recursos por meio de projetos, workshops e atividades extracurriculares, estimulando a criatividade, inova\u00e7\u00e3o e o trabalho em equipe.\u00a0 Al\u00e9m disso, promove eventos, palestras e visitas t\u00e9cnicas que contribuem para a forma\u00e7\u00e3o integral dos estudantes, ampliando suas perspectivas e possibilitando o networking com profissionais da \u00e1rea. O Centro Acad\u00eamico de Engenharia de Produ\u00e7\u00e3o \u00e9 um ambiente din\u00e2mico e colaborativo que visa enriquecer a experi\u00eancia acad\u00eamica dos estudantes e prepar\u00e1-los para uma carreira de sucesso na \u00e1rea de forma\u00e7\u00e3o.<\/span><span data-ccp-props=\"{&quot;201341983&quot;:0,&quot;335551550&quot;:6,&quot;335551620&quot;:6,&quot;335559739&quot;:160,&quot;335559740&quot;:279}\">\u00a0<\/span><\/p>\n<p>A seguir, apresentamos os membros que comp\u00f5em a diretoria atual do CAENPRO.<\/p>\n<p>&nbsp;<\/p>\n<p>&nbsp;<\/p>\n<p><img fetchpriority=\"high\" decoding=\"async\" class=\"alignnone wp-image-1021\" src=\"http:\/\/jandaiadosul.ufpr.br\/engenhariadeproducao\/wp-content\/uploads\/sites\/13\/2024\/07\/whatsapp-image-2024-06-28-at-09-53-00-1-300x300.jpeg\" alt=\"\" width=\"300\" height=\"300\" srcset=\"https:\/\/jandaiadosul.ufpr.br\/engenhariadeproducao\/wp-content\/uploads\/sites\/13\/2024\/07\/whatsapp-image-2024-06-28-at-09-53-00-1-300x300.jpeg 300w, https:\/\/jandaiadosul.ufpr.br\/engenhariadeproducao\/wp-content\/uploads\/sites\/13\/2024\/07\/whatsapp-image-2024-06-28-at-09-53-00-1-1024x1024.jpeg 1024w, https:\/\/jandaiadosul.ufpr.br\/engenhariadeproducao\/wp-content\/uploads\/sites\/13\/2024\/07\/whatsapp-image-2024-06-28-at-09-53-00-1-150x150.jpeg 150w, https:\/\/jandaiadosul.ufpr.br\/engenhariadeproducao\/wp-content\/uploads\/sites\/13\/2024\/07\/whatsapp-image-2024-06-28-at-09-53-00-1-768x768.jpeg 768w, https:\/\/jandaiadosul.ufpr.br\/engenhariadeproducao\/wp-content\/uploads\/sites\/13\/2024\/07\/whatsapp-image-2024-06-28-at-09-53-00-1-98x98.jpeg 98w, https:\/\/jandaiadosul.ufpr.br\/engenhariadeproducao\/wp-content\/uploads\/sites\/13\/2024\/07\/whatsapp-image-2024-06-28-at-09-53-00-1-57x57.jpeg 57w, https:\/\/jandaiadosul.ufpr.br\/engenhariadeproducao\/wp-content\/uploads\/sites\/13\/2024\/07\/whatsapp-image-2024-06-28-at-09-53-00-1.jpeg 1080w\" sizes=\"(max-width: 300px) 100vw, 300px\" \/><img decoding=\"async\" class=\"alignnone size-medium wp-image-1020\" src=\"http:\/\/jandaiadosul.ufpr.br\/engenhariadeproducao\/wp-content\/uploads\/sites\/13\/2024\/07\/whatsapp-image-2024-06-28-at-09-53-01-300x300.jpeg\" alt=\"\" width=\"300\" height=\"300\" srcset=\"https:\/\/jandaiadosul.ufpr.br\/engenhariadeproducao\/wp-content\/uploads\/sites\/13\/2024\/07\/whatsapp-image-2024-06-28-at-09-53-01-300x300.jpeg 300w, https:\/\/jandaiadosul.ufpr.br\/engenhariadeproducao\/wp-content\/uploads\/sites\/13\/2024\/07\/whatsapp-image-2024-06-28-at-09-53-01-1024x1024.jpeg 1024w, https:\/\/jandaiadosul.ufpr.br\/engenhariadeproducao\/wp-content\/uploads\/sites\/13\/2024\/07\/whatsapp-image-2024-06-28-at-09-53-01-150x150.jpeg 150w, https:\/\/jandaiadosul.ufpr.br\/engenhariadeproducao\/wp-content\/uploads\/sites\/13\/2024\/07\/whatsapp-image-2024-06-28-at-09-53-01-768x768.jpeg 768w, https:\/\/jandaiadosul.ufpr.br\/engenhariadeproducao\/wp-content\/uploads\/sites\/13\/2024\/07\/whatsapp-image-2024-06-28-at-09-53-01-98x98.jpeg 98w, https:\/\/jandaiadosul.ufpr.br\/engenhariadeproducao\/wp-content\/uploads\/sites\/13\/2024\/07\/whatsapp-image-2024-06-28-at-09-53-01-57x57.jpeg 57w, https:\/\/jandaiadosul.ufpr.br\/engenhariadeproducao\/wp-content\/uploads\/sites\/13\/2024\/07\/whatsapp-image-2024-06-28-at-09-53-01.jpeg 1080w\" sizes=\"(max-width: 300px) 100vw, 300px\" \/><img decoding=\"async\" class=\"alignnone size-medium wp-image-1005\" src=\"http:\/\/jandaiadosul.ufpr.br\/engenhariadeproducao\/wp-content\/uploads\/sites\/13\/2024\/07\/whatsapp-image-2024-06-28-at-09-53-02-4-300x300.jpeg\" alt=\"\" width=\"300\" height=\"300\" srcset=\"https:\/\/jandaiadosul.ufpr.br\/engenhariadeproducao\/wp-content\/uploads\/sites\/13\/2024\/07\/whatsapp-image-2024-06-28-at-09-53-02-4-300x300.jpeg 300w, https:\/\/jandaiadosul.ufpr.br\/engenhariadeproducao\/wp-content\/uploads\/sites\/13\/2024\/07\/whatsapp-image-2024-06-28-at-09-53-02-4-1024x1024.jpeg 1024w, https:\/\/jandaiadosul.ufpr.br\/engenhariadeproducao\/wp-content\/uploads\/sites\/13\/2024\/07\/whatsapp-image-2024-06-28-at-09-53-02-4-150x150.jpeg 150w, https:\/\/jandaiadosul.ufpr.br\/engenhariadeproducao\/wp-content\/uploads\/sites\/13\/2024\/07\/whatsapp-image-2024-06-28-at-09-53-02-4-768x768.jpeg 768w, https:\/\/jandaiadosul.ufpr.br\/engenhariadeproducao\/wp-content\/uploads\/sites\/13\/2024\/07\/whatsapp-image-2024-06-28-at-09-53-02-4-98x98.jpeg 98w, https:\/\/jandaiadosul.ufpr.br\/engenhariadeproducao\/wp-content\/uploads\/sites\/13\/2024\/07\/whatsapp-image-2024-06-28-at-09-53-02-4-57x57.jpeg 57w, https:\/\/jandaiadosul.ufpr.br\/engenhariadeproducao\/wp-content\/uploads\/sites\/13\/2024\/07\/whatsapp-image-2024-06-28-at-09-53-02-4.jpeg 1080w\" sizes=\"(max-width: 300px) 100vw, 300px\" \/><img loading=\"lazy\" decoding=\"async\" class=\"alignnone size-medium wp-image-1006\" src=\"http:\/\/jandaiadosul.ufpr.br\/engenhariadeproducao\/wp-content\/uploads\/sites\/13\/2024\/07\/whatsapp-image-2024-06-28-at-09-53-02-3-300x300.jpeg\" alt=\"\" width=\"300\" height=\"300\" srcset=\"https:\/\/jandaiadosul.ufpr.br\/engenhariadeproducao\/wp-content\/uploads\/sites\/13\/2024\/07\/whatsapp-image-2024-06-28-at-09-53-02-3-300x300.jpeg 300w, https:\/\/jandaiadosul.ufpr.br\/engenhariadeproducao\/wp-content\/uploads\/sites\/13\/2024\/07\/whatsapp-image-2024-06-28-at-09-53-02-3-1024x1024.jpeg 1024w, https:\/\/jandaiadosul.ufpr.br\/engenhariadeproducao\/wp-content\/uploads\/sites\/13\/2024\/07\/whatsapp-image-2024-06-28-at-09-53-02-3-150x150.jpeg 150w, https:\/\/jandaiadosul.ufpr.br\/engenhariadeproducao\/wp-content\/uploads\/sites\/13\/2024\/07\/whatsapp-image-2024-06-28-at-09-53-02-3-768x768.jpeg 768w, https:\/\/jandaiadosul.ufpr.br\/engenhariadeproducao\/wp-content\/uploads\/sites\/13\/2024\/07\/whatsapp-image-2024-06-28-at-09-53-02-3-98x98.jpeg 98w, https:\/\/jandaiadosul.ufpr.br\/engenhariadeproducao\/wp-content\/uploads\/sites\/13\/2024\/07\/whatsapp-image-2024-06-28-at-09-53-02-3-57x57.jpeg 57w, https:\/\/jandaiadosul.ufpr.br\/engenhariadeproducao\/wp-content\/uploads\/sites\/13\/2024\/07\/whatsapp-image-2024-06-28-at-09-53-02-3.jpeg 1080w\" sizes=\"(max-width: 300px) 100vw, 300px\" \/> <img loading=\"lazy\" decoding=\"async\" class=\"alignnone size-medium wp-image-1007\" src=\"http:\/\/jandaiadosul.ufpr.br\/engenhariadeproducao\/wp-content\/uploads\/sites\/13\/2024\/07\/whatsapp-image-2024-06-28-at-09-53-02-2-300x300.jpeg\" alt=\"\" width=\"300\" height=\"300\" srcset=\"https:\/\/jandaiadosul.ufpr.br\/engenhariadeproducao\/wp-content\/uploads\/sites\/13\/2024\/07\/whatsapp-image-2024-06-28-at-09-53-02-2-300x300.jpeg 300w, https:\/\/jandaiadosul.ufpr.br\/engenhariadeproducao\/wp-content\/uploads\/sites\/13\/2024\/07\/whatsapp-image-2024-06-28-at-09-53-02-2-1024x1024.jpeg 1024w, https:\/\/jandaiadosul.ufpr.br\/engenhariadeproducao\/wp-content\/uploads\/sites\/13\/2024\/07\/whatsapp-image-2024-06-28-at-09-53-02-2-150x150.jpeg 150w, https:\/\/jandaiadosul.ufpr.br\/engenhariadeproducao\/wp-content\/uploads\/sites\/13\/2024\/07\/whatsapp-image-2024-06-28-at-09-53-02-2-768x768.jpeg 768w, https:\/\/jandaiadosul.ufpr.br\/engenhariadeproducao\/wp-content\/uploads\/sites\/13\/2024\/07\/whatsapp-image-2024-06-28-at-09-53-02-2-98x98.jpeg 98w, https:\/\/jandaiadosul.ufpr.br\/engenhariadeproducao\/wp-content\/uploads\/sites\/13\/2024\/07\/whatsapp-image-2024-06-28-at-09-53-02-2-57x57.jpeg 57w, https:\/\/jandaiadosul.ufpr.br\/engenhariadeproducao\/wp-content\/uploads\/sites\/13\/2024\/07\/whatsapp-image-2024-06-28-at-09-53-02-2.jpeg 1080w\" sizes=\"(max-width: 300px) 100vw, 300px\" \/><img loading=\"lazy\" decoding=\"async\" class=\"alignnone size-medium wp-image-1010\" src=\"http:\/\/jandaiadosul.ufpr.br\/engenhariadeproducao\/wp-content\/uploads\/sites\/13\/2024\/07\/whatsapp-image-2024-06-28-at-09-53-02-1-300x300.jpeg\" alt=\"\" width=\"300\" height=\"300\" srcset=\"https:\/\/jandaiadosul.ufpr.br\/engenhariadeproducao\/wp-content\/uploads\/sites\/13\/2024\/07\/whatsapp-image-2024-06-28-at-09-53-02-1-300x300.jpeg 300w, https:\/\/jandaiadosul.ufpr.br\/engenhariadeproducao\/wp-content\/uploads\/sites\/13\/2024\/07\/whatsapp-image-2024-06-28-at-09-53-02-1-1024x1024.jpeg 1024w, https:\/\/jandaiadosul.ufpr.br\/engenhariadeproducao\/wp-content\/uploads\/sites\/13\/2024\/07\/whatsapp-image-2024-06-28-at-09-53-02-1-150x150.jpeg 150w, https:\/\/jandaiadosul.ufpr.br\/engenhariadeproducao\/wp-content\/uploads\/sites\/13\/2024\/07\/whatsapp-image-2024-06-28-at-09-53-02-1-768x768.jpeg 768w, https:\/\/jandaiadosul.ufpr.br\/engenhariadeproducao\/wp-content\/uploads\/sites\/13\/2024\/07\/whatsapp-image-2024-06-28-at-09-53-02-1-98x98.jpeg 98w, https:\/\/jandaiadosul.ufpr.br\/engenhariadeproducao\/wp-content\/uploads\/sites\/13\/2024\/07\/whatsapp-image-2024-06-28-at-09-53-02-1-57x57.jpeg 57w, https:\/\/jandaiadosul.ufpr.br\/engenhariadeproducao\/wp-content\/uploads\/sites\/13\/2024\/07\/whatsapp-image-2024-06-28-at-09-53-02-1.jpeg 1080w\" sizes=\"(max-width: 300px) 100vw, 300px\" \/> <img loading=\"lazy\" decoding=\"async\" class=\"alignnone size-medium wp-image-1011\" src=\"http:\/\/jandaiadosul.ufpr.br\/engenhariadeproducao\/wp-content\/uploads\/sites\/13\/2024\/07\/whatsapp-image-2024-06-28-at-09-53-02-300x300.jpeg\" alt=\"\" width=\"300\" height=\"300\" srcset=\"https:\/\/jandaiadosul.ufpr.br\/engenhariadeproducao\/wp-content\/uploads\/sites\/13\/2024\/07\/whatsapp-image-2024-06-28-at-09-53-02-300x300.jpeg 300w, https:\/\/jandaiadosul.ufpr.br\/engenhariadeproducao\/wp-content\/uploads\/sites\/13\/2024\/07\/whatsapp-image-2024-06-28-at-09-53-02-1024x1024.jpeg 1024w, https:\/\/jandaiadosul.ufpr.br\/engenhariadeproducao\/wp-content\/uploads\/sites\/13\/2024\/07\/whatsapp-image-2024-06-28-at-09-53-02-150x150.jpeg 150w, https:\/\/jandaiadosul.ufpr.br\/engenhariadeproducao\/wp-content\/uploads\/sites\/13\/2024\/07\/whatsapp-image-2024-06-28-at-09-53-02-768x768.jpeg 768w, https:\/\/jandaiadosul.ufpr.br\/engenhariadeproducao\/wp-content\/uploads\/sites\/13\/2024\/07\/whatsapp-image-2024-06-28-at-09-53-02-98x98.jpeg 98w, https:\/\/jandaiadosul.ufpr.br\/engenhariadeproducao\/wp-content\/uploads\/sites\/13\/2024\/07\/whatsapp-image-2024-06-28-at-09-53-02-57x57.jpeg 57w, https:\/\/jandaiadosul.ufpr.br\/engenhariadeproducao\/wp-content\/uploads\/sites\/13\/2024\/07\/whatsapp-image-2024-06-28-at-09-53-02.jpeg 1080w\" sizes=\"(max-width: 300px) 100vw, 300px\" \/><img loading=\"lazy\" decoding=\"async\" class=\"alignnone size-medium wp-image-1014\" src=\"http:\/\/jandaiadosul.ufpr.br\/engenhariadeproducao\/wp-content\/uploads\/sites\/13\/2024\/07\/whatsapp-image-2024-06-28-at-09-53-01-2-300x300.jpeg\" alt=\"\" width=\"300\" height=\"300\" srcset=\"https:\/\/jandaiadosul.ufpr.br\/engenhariadeproducao\/wp-content\/uploads\/sites\/13\/2024\/07\/whatsapp-image-2024-06-28-at-09-53-01-2-300x300.jpeg 300w, https:\/\/jandaiadosul.ufpr.br\/engenhariadeproducao\/wp-content\/uploads\/sites\/13\/2024\/07\/whatsapp-image-2024-06-28-at-09-53-01-2-1024x1024.jpeg 1024w, https:\/\/jandaiadosul.ufpr.br\/engenhariadeproducao\/wp-content\/uploads\/sites\/13\/2024\/07\/whatsapp-image-2024-06-28-at-09-53-01-2-150x150.jpeg 150w, https:\/\/jandaiadosul.ufpr.br\/engenhariadeproducao\/wp-content\/uploads\/sites\/13\/2024\/07\/whatsapp-image-2024-06-28-at-09-53-01-2-768x768.jpeg 768w, https:\/\/jandaiadosul.ufpr.br\/engenhariadeproducao\/wp-content\/uploads\/sites\/13\/2024\/07\/whatsapp-image-2024-06-28-at-09-53-01-2-98x98.jpeg 98w, https:\/\/jandaiadosul.ufpr.br\/engenhariadeproducao\/wp-content\/uploads\/sites\/13\/2024\/07\/whatsapp-image-2024-06-28-at-09-53-01-2-57x57.jpeg 57w, https:\/\/jandaiadosul.ufpr.br\/engenhariadeproducao\/wp-content\/uploads\/sites\/13\/2024\/07\/whatsapp-image-2024-06-28-at-09-53-01-2.jpeg 1080w\" sizes=\"(max-width: 300px) 100vw, 300px\" \/> <img loading=\"lazy\" decoding=\"async\" class=\"alignnone size-medium wp-image-1017\" src=\"http:\/\/jandaiadosul.ufpr.br\/engenhariadeproducao\/wp-content\/uploads\/sites\/13\/2024\/07\/whatsapp-image-2024-06-28-at-09-53-01-1-300x300.jpeg\" alt=\"\" width=\"300\" height=\"300\" srcset=\"https:\/\/jandaiadosul.ufpr.br\/engenhariadeproducao\/wp-content\/uploads\/sites\/13\/2024\/07\/whatsapp-image-2024-06-28-at-09-53-01-1-300x300.jpeg 300w, https:\/\/jandaiadosul.ufpr.br\/engenhariadeproducao\/wp-content\/uploads\/sites\/13\/2024\/07\/whatsapp-image-2024-06-28-at-09-53-01-1-1024x1024.jpeg 1024w, https:\/\/jandaiadosul.ufpr.br\/engenhariadeproducao\/wp-content\/uploads\/sites\/13\/2024\/07\/whatsapp-image-2024-06-28-at-09-53-01-1-150x150.jpeg 150w, https:\/\/jandaiadosul.ufpr.br\/engenhariadeproducao\/wp-content\/uploads\/sites\/13\/2024\/07\/whatsapp-image-2024-06-28-at-09-53-01-1-768x768.jpeg 768w, https:\/\/jandaiadosul.ufpr.br\/engenhariadeproducao\/wp-content\/uploads\/sites\/13\/2024\/07\/whatsapp-image-2024-06-28-at-09-53-01-1-98x98.jpeg 98w, https:\/\/jandaiadosul.ufpr.br\/engenhariadeproducao\/wp-content\/uploads\/sites\/13\/2024\/07\/whatsapp-image-2024-06-28-at-09-53-01-1-57x57.jpeg 57w, https:\/\/jandaiadosul.ufpr.br\/engenhariadeproducao\/wp-content\/uploads\/sites\/13\/2024\/07\/whatsapp-image-2024-06-28-at-09-53-01-1.jpeg 1080w\" sizes=\"(max-width: 300px) 100vw, 300px\" \/><\/p>\n","protected":false},"excerpt":{"rendered":"<p>O Centro Acad\u00eamico de Engenharia de Produ\u00e7\u00e3o (CAENPRO) da UFPR, Campus Avan\u00e7ado e Jandaia do Sul, \u00e9 uma entidade que contribui de maneira significativa para [&hellip;]<\/p>\n","protected":false},"author":3629,"featured_media":0,"parent":0,"menu_order":0,"comment_status":"closed","ping_status":"closed","template":"","meta":{"_acf_changed":false,"footnotes":""},"class_list":["post-196","page","type-page","status-publish","hentry"],"acf":[],"_links":{"self":[{"href":"https:\/\/jandaiadosul.ufpr.br\/engenhariadeproducao\/wp-json\/wp\/v2\/pages\/196","targetHints":{"allow":["GET"]}}],"collection":[{"href":"https:\/\/jandaiadosul.ufpr.br\/engenhariadeproducao\/wp-json\/wp\/v2\/pages"}],"about":[{"href":"https:\/\/jandaiadosul.ufpr.br\/engenhariadeproducao\/wp-json\/wp\/v2\/types\/page"}],"author":[{"embeddable":true,"href":"https:\/\/jandaiadosul.ufpr.br\/engenhariadeproducao\/wp-json\/wp\/v2\/users\/3629"}],"replies":[{"embeddable":true,"href":"https:\/\/jandaiadosul.ufpr.br\/engenhariadeproducao\/wp-json\/wp\/v2\/comments?post=196"}],"version-history":[{"count":4,"href":"https:\/\/jandaiadosul.ufpr.br\/engenhariadeproducao\/wp-json\/wp\/v2\/pages\/196\/revisions"}],"predecessor-version":[{"id":1004,"href":"https:\/\/jandaiadosul.ufpr.br\/engenhariadeproducao\/wp-json\/wp\/v2\/pages\/196\/revisions\/1004"}],"wp:attachment":[{"href":"https:\/\/jandaiadosul.ufpr.br\/engenhariadeproducao\/wp-json\/wp\/v2\/media?parent=196"}],"curies":[{"name":"wp","href":"https:\/\/api.w.org\/{rel}","templated":true}]}}