{"id":195,"date":"2023-01-18T15:10:08","date_gmt":"2023-01-18T18:10:08","guid":{"rendered":"https:\/\/jandaiadosul.ufpr.br\/engenhariadeproducao\/?page_id=195"},"modified":"2023-02-09T08:47:14","modified_gmt":"2023-02-09T11:47:14","slug":"empresa-junior","status":"publish","type":"page","link":"https:\/\/jandaiadosul.ufpr.br\/engenhariadeproducao\/empresa-junior\/","title":{"rendered":"Empresa J\u00fanior &#8211; Maximiza"},"content":{"rendered":"\t\t<div data-elementor-type=\"wp-page\" data-elementor-id=\"195\" class=\"elementor elementor-195\">\n\t\t\t\t\t\t<section class=\"elementor-section elementor-top-section elementor-element elementor-element-bbd48ea elementor-section-boxed elementor-section-height-default elementor-section-height-default\" data-id=\"bbd48ea\" data-element_type=\"section\">\n\t\t\t\t\t\t<div class=\"elementor-container elementor-column-gap-default\">\n\t\t\t\t\t<div class=\"elementor-column elementor-col-100 elementor-top-column elementor-element elementor-element-d80e325\" data-id=\"d80e325\" data-element_type=\"column\">\n\t\t\t<div class=\"elementor-widget-wrap elementor-element-populated\">\n\t\t\t\t\t\t<div class=\"elementor-element elementor-element-823bab7 elementor-widget elementor-widget-text-editor\" data-id=\"823bab7\" data-element_type=\"widget\" data-widget_type=\"text-editor.default\">\n\t\t\t\t<div class=\"elementor-widget-container\">\n\t\t\t\t\t\t\t\t\t<p style=\"text-align: justify\"><span style=\"color: #000000\">Fundada em 2014 a <strong><span style=\"color: #ff0000\">Maximiza Consultoria<\/span><\/strong> \u00e9 uma empresa j\u00fanior sem fins lucrativos do curso de engenharia de produ\u00e7\u00e3o da Universidade Federal do Paran\u00e1 \u2013 Campus Avan\u00e7ado de Jandaia do Sul, dirigida por alunos da gradua\u00e7\u00e3o e com supervis\u00e3o de professores do instituto.\u00a0<\/span><\/p><p style=\"text-align: justify\"><span style=\"color: #000000\"><strong>Professor Supervisor da Maximiza:<\/strong> Prof. Dr. Rafael Germano Dal Molin Filho<\/span><\/p><p style=\"text-align: justify\"><span style=\"color: #000000\">Possu\u00edmos a inten\u00e7\u00e3o de incentivar o empreendedorismo nos alunos e levar conhecimentos pr\u00e1tico da teoria ministrado em salas de aula para desenvolvimento de projetos.<\/span><\/p><p style=\"text-align: justify\"><span style=\"color: #000000\"><strong>Miss\u00e3o:<\/strong>\u00a0 \u00e9 realizar servi\u00e7os com transpar\u00eancia e qualidade, tendo como base uma ex\u00edmia padroniza\u00e7\u00e3o e respeitando os valores de nossos clientes.<\/span><\/p><p style=\"text-align: justify\"><span style=\"color: #000000\"><strong>Vis\u00e3o:<\/strong> at\u00e9 2024 ser uma refer\u00eancia inovadora e estruturada para ind\u00fastrias e com\u00e9rcios de Jandaia do Sul e regi\u00e3o.<\/span><\/p>\t\t\t\t\t\t\t\t<\/div>\n\t\t\t\t<\/div>\n\t\t\t\t\t<\/div>\n\t\t<\/div>\n\t\t\t\t\t<\/div>\n\t\t<\/section>\n\t\t\t\t<section class=\"elementor-section elementor-top-section elementor-element elementor-element-089fdba elementor-section-boxed elementor-section-height-default elementor-section-height-default\" data-id=\"089fdba\" data-element_type=\"section\">\n\t\t\t\t\t\t<div class=\"elementor-container elementor-column-gap-default\">\n\t\t\t\t\t<div class=\"elementor-column elementor-col-50 elementor-top-column elementor-element elementor-element-353e4f9\" data-id=\"353e4f9\" data-element_type=\"column\">\n\t\t\t<div class=\"elementor-widget-wrap elementor-element-populated\">\n\t\t\t\t\t\t<div class=\"elementor-element elementor-element-b2f6d8d elementor-widget elementor-widget-text-editor\" data-id=\"b2f6d8d\" data-element_type=\"widget\" data-widget_type=\"text-editor.default\">\n\t\t\t\t<div class=\"elementor-widget-container\">\n\t\t\t\t\t\t\t\t\t<p><strong><span style=\"color: #000000\">Nossos valores s\u00e3o:<\/span><\/strong><\/p><ul><li><span style=\"color: #000000\">Comprometimento;<\/span><\/li><li><span style=\"color: #000000\">Transpar\u00eancia;<\/span><\/li><li><span style=\"color: #000000\">\u00c9tica;<\/span><\/li><li><span style=\"color: #000000\">Conhecimento;<\/span><\/li><li><span style=\"color: #000000\">Organiza\u00e7\u00e3o;<\/span><\/li><li><span style=\"color: #000000\">Padroniza\u00e7\u00e3o;<\/span><\/li><li><span style=\"color: #000000\">Continuidade;<\/span><\/li><li><span style=\"color: #000000\">Inova\u00e7\u00e3o.<\/span><\/li><\/ul>\t\t\t\t\t\t\t\t<\/div>\n\t\t\t\t<\/div>\n\t\t\t\t\t<\/div>\n\t\t<\/div>\n\t\t\t\t<div class=\"elementor-column elementor-col-50 elementor-top-column elementor-element elementor-element-7aaa724\" data-id=\"7aaa724\" data-element_type=\"column\">\n\t\t\t<div class=\"elementor-widget-wrap elementor-element-populated\">\n\t\t\t\t\t\t<div class=\"elementor-element elementor-element-dc32e67 elementor-widget elementor-widget-image\" data-id=\"dc32e67\" data-element_type=\"widget\" data-widget_type=\"image.default\">\n\t\t\t\t<div class=\"elementor-widget-container\">\n\t\t\t\t\t\t\t\t\t\t\t\t\t\t\t<img fetchpriority=\"high\" decoding=\"async\" width=\"1024\" height=\"191\" src=\"https:\/\/jandaiadosul.ufpr.br\/engenhariadeproducao\/wp-content\/uploads\/sites\/13\/2023\/02\/logo-ej_maximiza-1024x191.png\" class=\"attachment-large size-large wp-image-706\" alt=\"\" srcset=\"https:\/\/jandaiadosul.ufpr.br\/engenhariadeproducao\/wp-content\/uploads\/sites\/13\/2023\/02\/logo-ej_maximiza-1024x191.png 1024w, https:\/\/jandaiadosul.ufpr.br\/engenhariadeproducao\/wp-content\/uploads\/sites\/13\/2023\/02\/logo-ej_maximiza-300x56.png 300w, https:\/\/jandaiadosul.ufpr.br\/engenhariadeproducao\/wp-content\/uploads\/sites\/13\/2023\/02\/logo-ej_maximiza-768x143.png 768w, https:\/\/jandaiadosul.ufpr.br\/engenhariadeproducao\/wp-content\/uploads\/sites\/13\/2023\/02\/logo-ej_maximiza-1536x287.png 1536w, https:\/\/jandaiadosul.ufpr.br\/engenhariadeproducao\/wp-content\/uploads\/sites\/13\/2023\/02\/logo-ej_maximiza-2048x383.png 2048w, https:\/\/jandaiadosul.ufpr.br\/engenhariadeproducao\/wp-content\/uploads\/sites\/13\/2023\/02\/logo-ej_maximiza-175x33.png 175w, https:\/\/jandaiadosul.ufpr.br\/engenhariadeproducao\/wp-content\/uploads\/sites\/13\/2023\/02\/logo-ej_maximiza-75x14.png 75w\" sizes=\"(max-width: 1024px) 100vw, 1024px\" \/>\t\t\t\t\t\t\t\t\t\t\t\t\t\t\t<\/div>\n\t\t\t\t<\/div>\n\t\t\t\t<div class=\"elementor-element elementor-element-3dfb67a elementor-widget elementor-widget-text-editor\" data-id=\"3dfb67a\" data-element_type=\"widget\" data-widget_type=\"text-editor.default\">\n\t\t\t\t<div class=\"elementor-widget-container\">\n\t\t\t\t\t\t\t\t\t<p><span style=\"color: #000000\"><strong>E-mail:<\/strong> maximizaej@gmail.com<\/span><\/p><p><span style=\"color: #000000\"><strong>Instagram:<\/strong> <a href=\"https:\/\/www.instagram.com\/maximizaej\/\" target=\"_blank\" rel=\"noopener\">@maximizaej<\/a><\/span><\/p>\t\t\t\t\t\t\t\t<\/div>\n\t\t\t\t<\/div>\n\t\t\t\t\t<\/div>\n\t\t<\/div>\n\t\t\t\t\t<\/div>\n\t\t<\/section>\n\t\t\t\t<section class=\"elementor-section elementor-top-section elementor-element elementor-element-d5d2df1 elementor-section-boxed elementor-section-height-default elementor-section-height-default\" data-id=\"d5d2df1\" data-element_type=\"section\">\n\t\t\t\t\t\t<div class=\"elementor-container elementor-column-gap-default\">\n\t\t\t\t\t<div class=\"elementor-column elementor-col-100 elementor-top-column elementor-element elementor-element-3301c09\" data-id=\"3301c09\" data-element_type=\"column\">\n\t\t\t<div class=\"elementor-widget-wrap elementor-element-populated\">\n\t\t\t\t\t\t<div class=\"elementor-element elementor-element-75514d4 elementor-arrows-position-inside elementor-pagination-position-outside elementor-widget elementor-widget-image-carousel\" data-id=\"75514d4\" data-element_type=\"widget\" data-settings=\"{&quot;slides_to_show&quot;:&quot;3&quot;,&quot;navigation&quot;:&quot;both&quot;,&quot;autoplay&quot;:&quot;yes&quot;,&quot;pause_on_hover&quot;:&quot;yes&quot;,&quot;pause_on_interaction&quot;:&quot;yes&quot;,&quot;autoplay_speed&quot;:5000,&quot;infinite&quot;:&quot;yes&quot;,&quot;speed&quot;:500}\" data-widget_type=\"image-carousel.default\">\n\t\t\t\t<div class=\"elementor-widget-container\">\n\t\t\t\t\t\t\t<div class=\"elementor-image-carousel-wrapper swiper\" role=\"region\" aria-roledescription=\"carousel\" aria-label=\"Carrossel de imagens\" dir=\"ltr\">\n\t\t\t<div class=\"elementor-image-carousel swiper-wrapper\" aria-live=\"off\">\n\t\t\t\t\t\t\t\t<div class=\"swiper-slide\" role=\"group\" aria-roledescription=\"slide\" aria-label=\"1 de 12\"><figure class=\"swiper-slide-inner\"><img decoding=\"async\" class=\"swiper-slide-image\" src=\"https:\/\/jandaiadosul.ufpr.br\/engenhariadeproducao\/wp-content\/uploads\/sites\/13\/2023\/02\/whatsapp-image-2022-02-24-at-11-06-09-300x139.jpeg\" alt=\"WhatsApp Image 2022-02-24 at 11.06.09\" \/><\/figure><\/div><div class=\"swiper-slide\" role=\"group\" aria-roledescription=\"slide\" aria-label=\"2 de 12\"><figure class=\"swiper-slide-inner\"><img decoding=\"async\" class=\"swiper-slide-image\" src=\"https:\/\/jandaiadosul.ufpr.br\/engenhariadeproducao\/wp-content\/uploads\/sites\/13\/2023\/02\/whatsapp-image-2022-02-24-at-18-36-05-300x225.jpeg\" alt=\"WhatsApp Image 2022-02-24 at 18.36.05\" \/><\/figure><\/div><div class=\"swiper-slide\" role=\"group\" aria-roledescription=\"slide\" aria-label=\"3 de 12\"><figure class=\"swiper-slide-inner\"><img decoding=\"async\" class=\"swiper-slide-image\" src=\"https:\/\/jandaiadosul.ufpr.br\/engenhariadeproducao\/wp-content\/uploads\/sites\/13\/2023\/02\/whatsapp-image-2022-06-21-at-20-07-33-300x200.jpg\" alt=\"WhatsApp Image 2022-06-21 at 20.07.33\" \/><\/figure><\/div><div class=\"swiper-slide\" role=\"group\" aria-roledescription=\"slide\" aria-label=\"4 de 12\"><figure class=\"swiper-slide-inner\"><img decoding=\"async\" class=\"swiper-slide-image\" src=\"https:\/\/jandaiadosul.ufpr.br\/engenhariadeproducao\/wp-content\/uploads\/sites\/13\/2023\/02\/whatsapp-image-2023-02-07-at-12-29-09-300x225.jpeg\" alt=\"WhatsApp Image 2023-02-07 at 12.29.09\" \/><\/figure><\/div><div class=\"swiper-slide\" role=\"group\" aria-roledescription=\"slide\" aria-label=\"5 de 12\"><figure class=\"swiper-slide-inner\"><img decoding=\"async\" class=\"swiper-slide-image\" src=\"https:\/\/jandaiadosul.ufpr.br\/engenhariadeproducao\/wp-content\/uploads\/sites\/13\/2023\/02\/whatsapp-image-2023-02-07-at-12-30-13-300x225.jpeg\" alt=\"WhatsApp Image 2023-02-07 at 12.30.13\" \/><\/figure><\/div><div class=\"swiper-slide\" role=\"group\" aria-roledescription=\"slide\" aria-label=\"6 de 12\"><figure class=\"swiper-slide-inner\"><img decoding=\"async\" class=\"swiper-slide-image\" src=\"https:\/\/jandaiadosul.ufpr.br\/engenhariadeproducao\/wp-content\/uploads\/sites\/13\/2023\/02\/whatsapp-image-2023-02-07-at-12-30-49-1-300x225.jpeg\" alt=\"WhatsApp Image 2023-02-07 at 12.30.49 (1)\" \/><\/figure><\/div><div class=\"swiper-slide\" role=\"group\" aria-roledescription=\"slide\" aria-label=\"7 de 12\"><figure class=\"swiper-slide-inner\"><img decoding=\"async\" class=\"swiper-slide-image\" src=\"https:\/\/jandaiadosul.ufpr.br\/engenhariadeproducao\/wp-content\/uploads\/sites\/13\/2023\/02\/whatsapp-image-2023-02-07-at-12-30-49-300x225.jpeg\" alt=\"WhatsApp Image 2023-02-07 at 12.30.49\" \/><\/figure><\/div><div class=\"swiper-slide\" role=\"group\" aria-roledescription=\"slide\" aria-label=\"8 de 12\"><figure class=\"swiper-slide-inner\"><img decoding=\"async\" class=\"swiper-slide-image\" src=\"https:\/\/jandaiadosul.ufpr.br\/engenhariadeproducao\/wp-content\/uploads\/sites\/13\/2023\/02\/whatsapp-image-2023-02-07-at-12-31-26-300x225.jpeg\" alt=\"WhatsApp Image 2023-02-07 at 12.31.26\" \/><\/figure><\/div><div class=\"swiper-slide\" role=\"group\" aria-roledescription=\"slide\" aria-label=\"9 de 12\"><figure class=\"swiper-slide-inner\"><img decoding=\"async\" class=\"swiper-slide-image\" src=\"https:\/\/jandaiadosul.ufpr.br\/engenhariadeproducao\/wp-content\/uploads\/sites\/13\/2023\/02\/whatsapp-image-2023-02-07-at-12-32-30-300x139.jpeg\" alt=\"WhatsApp Image 2023-02-07 at 12.32.30\" \/><\/figure><\/div><div class=\"swiper-slide\" role=\"group\" aria-roledescription=\"slide\" aria-label=\"10 de 12\"><figure class=\"swiper-slide-inner\"><img decoding=\"async\" class=\"swiper-slide-image\" src=\"https:\/\/jandaiadosul.ufpr.br\/engenhariadeproducao\/wp-content\/uploads\/sites\/13\/2023\/02\/whatsapp-image-2023-02-07-at-12-33-09-225x300.jpeg\" alt=\"WhatsApp Image 2023-02-07 at 12.33.09\" \/><\/figure><\/div><div class=\"swiper-slide\" role=\"group\" aria-roledescription=\"slide\" aria-label=\"11 de 12\"><figure class=\"swiper-slide-inner\"><img decoding=\"async\" class=\"swiper-slide-image\" src=\"https:\/\/jandaiadosul.ufpr.br\/engenhariadeproducao\/wp-content\/uploads\/sites\/13\/2023\/02\/whatsapp-image-2023-02-07-at-12-33-57-225x300.jpeg\" alt=\"WhatsApp Image 2023-02-07 at 12.33.57\" \/><\/figure><\/div><div class=\"swiper-slide\" role=\"group\" aria-roledescription=\"slide\" aria-label=\"12 de 12\"><figure class=\"swiper-slide-inner\"><img decoding=\"async\" class=\"swiper-slide-image\" src=\"https:\/\/jandaiadosul.ufpr.br\/engenhariadeproducao\/wp-content\/uploads\/sites\/13\/2023\/02\/whatsapp-image-2023-02-07-at-12-35-03-300x139.jpeg\" alt=\"WhatsApp Image 2023-02-07 at 12.35.03\" \/><\/figure><\/div>\t\t\t<\/div>\n\t\t\t\t\t\t\t\t\t\t\t\t<div class=\"elementor-swiper-button elementor-swiper-button-prev\" role=\"button\" tabindex=\"0\">\n\t\t\t\t\t\t<i aria-hidden=\"true\" class=\"eicon-chevron-left\"><\/i>\t\t\t\t\t<\/div>\n\t\t\t\t\t<div class=\"elementor-swiper-button elementor-swiper-button-next\" role=\"button\" tabindex=\"0\">\n\t\t\t\t\t\t<i aria-hidden=\"true\" class=\"eicon-chevron-right\"><\/i>\t\t\t\t\t<\/div>\n\t\t\t\t\n\t\t\t\t\t\t\t\t\t<div class=\"swiper-pagination\"><\/div>\n\t\t\t\t\t\t\t\t\t<\/div>\n\t\t\t\t\t\t<\/div>\n\t\t\t\t<\/div>\n\t\t\t\t\t<\/div>\n\t\t<\/div>\n\t\t\t\t\t<\/div>\n\t\t<\/section>\n\t\t\t\t<\/div>\n\t\t","protected":false},"excerpt":{"rendered":"<p>Fundada em 2014 a Maximiza Consultoria \u00e9 uma empresa j\u00fanior sem fins lucrativos do curso de engenharia de produ\u00e7\u00e3o da Universidade Federal do Paran\u00e1 \u2013 [&hellip;]<\/p>\n","protected":false},"author":3629,"featured_media":0,"parent":0,"menu_order":0,"comment_status":"closed","ping_status":"closed","template":"","meta":{"_acf_changed":false,"footnotes":""},"class_list":["post-195","page","type-page","status-publish","hentry"],"acf":[],"_links":{"self":[{"href":"https:\/\/jandaiadosul.ufpr.br\/engenhariadeproducao\/wp-json\/wp\/v2\/pages\/195","targetHints":{"allow":["GET"]}}],"collection":[{"href":"https:\/\/jandaiadosul.ufpr.br\/engenhariadeproducao\/wp-json\/wp\/v2\/pages"}],"about":[{"href":"https:\/\/jandaiadosul.ufpr.br\/engenhariadeproducao\/wp-json\/wp\/v2\/types\/page"}],"author":[{"embeddable":true,"href":"https:\/\/jandaiadosul.ufpr.br\/engenhariadeproducao\/wp-json\/wp\/v2\/users\/3629"}],"replies":[{"embeddable":true,"href":"https:\/\/jandaiadosul.ufpr.br\/engenhariadeproducao\/wp-json\/wp\/v2\/comments?post=195"}],"version-history":[{"count":17,"href":"https:\/\/jandaiadosul.ufpr.br\/engenhariadeproducao\/wp-json\/wp\/v2\/pages\/195\/revisions"}],"predecessor-version":[{"id":712,"href":"https:\/\/jandaiadosul.ufpr.br\/engenhariadeproducao\/wp-json\/wp\/v2\/pages\/195\/revisions\/712"}],"wp:attachment":[{"href":"https:\/\/jandaiadosul.ufpr.br\/engenhariadeproducao\/wp-json\/wp\/v2\/media?parent=195"}],"curies":[{"name":"wp","href":"https:\/\/api.w.org\/{rel}","templated":true}]}}