{"id":171,"date":"2023-01-18T15:07:47","date_gmt":"2023-01-18T18:07:47","guid":{"rendered":"https:\/\/jandaiadosul.ufpr.br\/engenhariadeproducao\/?page_id=171"},"modified":"2023-11-07T08:53:02","modified_gmt":"2023-11-07T11:53:02","slug":"atividades-formativas","status":"publish","type":"page","link":"https:\/\/jandaiadosul.ufpr.br\/engenhariadeproducao\/atividades-formativas\/","title":{"rendered":"Atividades Formativas"},"content":{"rendered":"\t\t<div data-elementor-type=\"wp-page\" data-elementor-id=\"171\" class=\"elementor elementor-171\">\n\t\t\t\t\t\t<section class=\"elementor-section elementor-top-section elementor-element elementor-element-e0dd8e8 elementor-section-boxed elementor-section-height-default elementor-section-height-default\" data-id=\"e0dd8e8\" data-element_type=\"section\">\n\t\t\t\t\t\t<div class=\"elementor-container elementor-column-gap-default\">\n\t\t\t\t\t<div class=\"elementor-column elementor-col-100 elementor-top-column elementor-element elementor-element-3c38a89\" data-id=\"3c38a89\" data-element_type=\"column\">\n\t\t\t<div class=\"elementor-widget-wrap elementor-element-populated\">\n\t\t\t\t\t\t<div class=\"elementor-element elementor-element-b3e95c5 elementor-widget elementor-widget-text-editor\" data-id=\"b3e95c5\" data-element_type=\"widget\" data-widget_type=\"text-editor.default\">\n\t\t\t\t<div class=\"elementor-widget-container\">\n\t\t\t\t\t\t\t\t\t<p style=\"text-align: justify\"><span style=\"color: #000000\">Atividades formativas complementares aquelas que possibilitam ao discente adquirir conhecimentos de interesse para sua forma\u00e7\u00e3o pessoal e profissional, reconhecidos por meio de avalia\u00e7\u00e3o e que constituem um meio de amplia\u00e7\u00e3o de seu curr\u00edculo, com experi\u00eancias e viv\u00eancias acad\u00eamicas internas e\/ou externas ao curso.<\/span><\/p><p style=\"text-align: justify\"><span style=\"color: #000000\">Para acessar o Regulamento de Atividades Formativas (PPC 2014) clique <a href=\"https:\/\/jandaiadosul.ufpr.br\/engenhariadeproducao\/wp-content\/uploads\/sites\/13\/2023\/01\/2014_regulamento-afs.pdf\" target=\"_blank\" rel=\"noopener\"><strong>AQUI<\/strong><\/a><\/span><\/p><p style=\"text-align: justify\"><span style=\"color: #000000\">Para acessar o Regulamento de Atividades Formativas (PPC 2023) clique\u00a0<\/span><a style=\"background-color: #ffffff\" href=\"http:\/\/jandaiadosul.ufpr.br\/engenhariadeproducao\/wp-content\/uploads\/sites\/13\/2023\/11\/regulamento-atividades-formativas_ppc-2023.pdf\" target=\"_blank\" rel=\"noopener\"><strong>AQUI<\/strong><\/a><\/p>\t\t\t\t\t\t\t\t<\/div>\n\t\t\t\t<\/div>\n\t\t\t\t\t<\/div>\n\t\t<\/div>\n\t\t\t\t\t<\/div>\n\t\t<\/section>\n\t\t\t\t<section class=\"elementor-section elementor-top-section elementor-element elementor-element-967599d elementor-section-boxed elementor-section-height-default elementor-section-height-default\" data-id=\"967599d\" data-element_type=\"section\">\n\t\t\t\t\t\t<div class=\"elementor-container elementor-column-gap-default\">\n\t\t\t\t\t<div class=\"elementor-column elementor-col-100 elementor-top-column elementor-element elementor-element-1615b7f\" data-id=\"1615b7f\" data-element_type=\"column\">\n\t\t\t<div class=\"elementor-widget-wrap elementor-element-populated\">\n\t\t\t\t\t\t<div class=\"elementor-element elementor-element-724d4a4 elementor-widget elementor-widget-text-editor\" data-id=\"724d4a4\" data-element_type=\"widget\" data-widget_type=\"text-editor.default\">\n\t\t\t\t<div class=\"elementor-widget-container\">\n\t\t\t\t\t\t\t\t\t<p><span style=\"color: #ff0000\">IMPORTANTE!<\/span><\/p><p style=\"text-align: justify\"><span style=\"color: #000000\">Somente os discentes que\u00a0<strong>completaram a carga hor\u00e1ria de 200h\u00a0(PPC 2014) ou 150h (PPC 2023)<\/strong> devem preencher o formul\u00e1rio. N\u00e3o ser\u00e1 validada carga hor\u00e1ria parcialmente integralizada.\u00a0<\/span><\/p><p style=\"text-align: justify\"><span style=\"color: #000000\">As atividades formativas devem ser realizadas e validadas<strong> no decorrer do curso de gradua\u00e7\u00e3o<\/strong>. Caso o discente tenha conclu\u00eddo todas as disciplinas do curso, incluindo TCC e Est\u00e1gio Obrigat\u00f3rio, e ainda n\u00e3o tenha validado as horas formativas, <strong>ter\u00e1 o registro acad\u00eamico cancelado por abandono.\u00a0<\/strong><\/span><\/p><p style=\"text-align: justify\"><span style=\"color: #000000\">O discente matriculado a partir do 9\u00ba Per\u00edodo do curso deve validar as horas de atividade formativa com urg\u00eancia, para n\u00e3o correr o risco de cancelamento do registro acad\u00eamico por abono.\u00a0<\/span><\/p>\t\t\t\t\t\t\t\t<\/div>\n\t\t\t\t<\/div>\n\t\t\t\t\t<\/div>\n\t\t<\/div>\n\t\t\t\t\t<\/div>\n\t\t<\/section>\n\t\t\t\t<section class=\"elementor-section elementor-top-section elementor-element elementor-element-9d85f0a elementor-section-boxed elementor-section-height-default elementor-section-height-default\" data-id=\"9d85f0a\" data-element_type=\"section\">\n\t\t\t\t\t\t<div class=\"elementor-container elementor-column-gap-default\">\n\t\t\t\t\t<div class=\"elementor-column elementor-col-100 elementor-top-column elementor-element elementor-element-0aa259d\" data-id=\"0aa259d\" data-element_type=\"column\">\n\t\t\t<div class=\"elementor-widget-wrap elementor-element-populated\">\n\t\t\t\t\t\t<div class=\"elementor-element elementor-element-3b36807 elementor-widget elementor-widget-text-editor\" data-id=\"3b36807\" data-element_type=\"widget\" data-widget_type=\"text-editor.default\">\n\t\t\t\t<div class=\"elementor-widget-container\">\n\t\t\t\t\t\t\t\t\t<p><strong><span style=\"color: #ff0000\">FORMUL\u00c1RIO PARA ENVIO DOS CERTIFICADOS DE ATIVIDADES FORMATIVAS<\/span> &#8211;&gt;\u00a0<a href=\"https:\/\/forms.gle\/7w4jNGcbb5KeUcDU9\" target=\"_blank\" rel=\"noopener\">CLIQUE AQUI<\/a><\/strong><\/p><p><span style=\"color: #000000\">No v\u00eddeo abaixo \u00e9 apresentado um tutorial de como preencher o formul\u00e1rio de atividades formativas.\u00a0<\/span><\/p>\t\t\t\t\t\t\t\t<\/div>\n\t\t\t\t<\/div>\n\t\t\t\t\t<\/div>\n\t\t<\/div>\n\t\t\t\t\t<\/div>\n\t\t<\/section>\n\t\t\t\t<section class=\"elementor-section elementor-top-section elementor-element elementor-element-f224889 elementor-section-boxed elementor-section-height-default elementor-section-height-default\" data-id=\"f224889\" data-element_type=\"section\">\n\t\t\t\t\t\t<div class=\"elementor-container elementor-column-gap-default\">\n\t\t\t\t\t<div class=\"elementor-column elementor-col-100 elementor-top-column elementor-element elementor-element-939d4c6\" data-id=\"939d4c6\" data-element_type=\"column\">\n\t\t\t<div class=\"elementor-widget-wrap elementor-element-populated\">\n\t\t\t\t\t\t<div class=\"elementor-element elementor-element-5797a95 elementor-widget elementor-widget-video\" data-id=\"5797a95\" data-element_type=\"widget\" data-settings=\"{&quot;youtube_url&quot;:&quot;https:\\\/\\\/www.youtube.com\\\/watch?v=lKJJGVCiUOA&quot;,&quot;video_type&quot;:&quot;youtube&quot;,&quot;controls&quot;:&quot;yes&quot;}\" data-widget_type=\"video.default\">\n\t\t\t\t<div class=\"elementor-widget-container\">\n\t\t\t\t\t\t\t<div class=\"elementor-wrapper elementor-open-inline\">\n\t\t\t<div class=\"elementor-video\"><\/div>\t\t<\/div>\n\t\t\t\t\t\t<\/div>\n\t\t\t\t<\/div>\n\t\t\t\t\t<\/div>\n\t\t<\/div>\n\t\t\t\t\t<\/div>\n\t\t<\/section>\n\t\t\t\t<\/div>\n\t\t","protected":false},"excerpt":{"rendered":"<p>Atividades formativas complementares aquelas que possibilitam ao discente adquirir conhecimentos de interesse para sua forma\u00e7\u00e3o pessoal e profissional, reconhecidos por meio de avalia\u00e7\u00e3o e que [&hellip;]<\/p>\n","protected":false},"author":3629,"featured_media":0,"parent":0,"menu_order":0,"comment_status":"closed","ping_status":"closed","template":"","meta":{"_acf_changed":false,"footnotes":""},"class_list":["post-171","page","type-page","status-publish","hentry"],"acf":[],"_links":{"self":[{"href":"https:\/\/jandaiadosul.ufpr.br\/engenhariadeproducao\/wp-json\/wp\/v2\/pages\/171","targetHints":{"allow":["GET"]}}],"collection":[{"href":"https:\/\/jandaiadosul.ufpr.br\/engenhariadeproducao\/wp-json\/wp\/v2\/pages"}],"about":[{"href":"https:\/\/jandaiadosul.ufpr.br\/engenhariadeproducao\/wp-json\/wp\/v2\/types\/page"}],"author":[{"embeddable":true,"href":"https:\/\/jandaiadosul.ufpr.br\/engenhariadeproducao\/wp-json\/wp\/v2\/users\/3629"}],"replies":[{"embeddable":true,"href":"https:\/\/jandaiadosul.ufpr.br\/engenhariadeproducao\/wp-json\/wp\/v2\/comments?post=171"}],"version-history":[{"count":31,"href":"https:\/\/jandaiadosul.ufpr.br\/engenhariadeproducao\/wp-json\/wp\/v2\/pages\/171\/revisions"}],"predecessor-version":[{"id":891,"href":"https:\/\/jandaiadosul.ufpr.br\/engenhariadeproducao\/wp-json\/wp\/v2\/pages\/171\/revisions\/891"}],"wp:attachment":[{"href":"https:\/\/jandaiadosul.ufpr.br\/engenhariadeproducao\/wp-json\/wp\/v2\/media?parent=171"}],"curies":[{"name":"wp","href":"https:\/\/api.w.org\/{rel}","templated":true}]}}