{"id":168,"date":"2023-01-18T15:07:47","date_gmt":"2023-01-18T18:07:47","guid":{"rendered":"https:\/\/jandaiadosul.ufpr.br\/engenhariadeproducao\/?page_id=168"},"modified":"2024-05-29T16:20:59","modified_gmt":"2024-05-29T19:20:59","slug":"estagio","status":"publish","type":"page","link":"https:\/\/jandaiadosul.ufpr.br\/engenhariadeproducao\/estagio\/","title":{"rendered":"Est\u00e1gio"},"content":{"rendered":"\t\t<div data-elementor-type=\"wp-page\" data-elementor-id=\"168\" class=\"elementor elementor-168\">\n\t\t\t\t\t\t<section class=\"elementor-section elementor-top-section elementor-element elementor-element-4f313e6 elementor-section-boxed elementor-section-height-default elementor-section-height-default\" data-id=\"4f313e6\" data-element_type=\"section\" data-e-type=\"section\">\n\t\t\t\t\t\t<div class=\"elementor-container elementor-column-gap-default\">\n\t\t\t\t\t<div class=\"elementor-column elementor-col-100 elementor-top-column elementor-element elementor-element-c1021fe\" data-id=\"c1021fe\" data-element_type=\"column\" data-e-type=\"column\">\n\t\t\t<div class=\"elementor-widget-wrap elementor-element-populated\">\n\t\t\t\t\t\t<div class=\"elementor-element elementor-element-934b348 elementor-widget elementor-widget-heading\" data-id=\"934b348\" data-element_type=\"widget\" data-e-type=\"widget\" data-widget_type=\"heading.default\">\n\t\t\t\t<div class=\"elementor-widget-container\">\n\t\t\t\t\t<h5 class=\"elementor-heading-title elementor-size-medium\">Est\u00e1gio obrigat\u00f3rio<\/h5>\t\t\t\t<\/div>\n\t\t\t\t<\/div>\n\t\t\t\t\t<\/div>\n\t\t<\/div>\n\t\t\t\t\t<\/div>\n\t\t<\/section>\n\t\t\t\t<section class=\"elementor-section elementor-top-section elementor-element elementor-element-1183fbb elementor-section-boxed elementor-section-height-default elementor-section-height-default\" data-id=\"1183fbb\" data-element_type=\"section\" data-e-type=\"section\">\n\t\t\t\t\t\t<div class=\"elementor-container elementor-column-gap-default\">\n\t\t\t\t\t<div class=\"elementor-column elementor-col-100 elementor-top-column elementor-element elementor-element-24defd7\" data-id=\"24defd7\" data-element_type=\"column\" data-e-type=\"column\">\n\t\t\t<div class=\"elementor-widget-wrap elementor-element-populated\">\n\t\t\t\t\t\t<div class=\"elementor-element elementor-element-d6a7776 elementor-widget elementor-widget-text-editor\" data-id=\"d6a7776\" data-element_type=\"widget\" data-e-type=\"widget\" data-widget_type=\"text-editor.default\">\n\t\t\t\t<div class=\"elementor-widget-container\">\n\t\t\t\t\t\t\t\t\t<p>O Est\u00e1gio Obrigat\u00f3rio \u00e9 uma disciplina do curso de Engenharia de Produ\u00e7\u00e3o, que <span style=\"color: #ff0000\"><strong>somente poder\u00e1 ser cursada pelos alunos devidamente matriculados no 9\u00b0 per\u00edodo do curso.\u00a0<\/strong><\/span><\/p><p><span style=\"color: #ff0000\"><strong>Importante!<\/strong><\/span> A matr\u00edcula na disciplina de Est\u00e1gio Obrigat\u00f3rio dever\u00e1 ser realizada somente ap\u00f3s o envido do Termo de Compromisso de Est\u00e1gio para a coordena\u00e7\u00e3o.\u00a0<\/p><p><strong>CLIQUE <a href=\"https:\/\/jandaiadosul.ufpr.br\/engenhariadeproducao\/wp-content\/uploads\/sites\/13\/2024\/05\/novo_apoio_defesa_estagio_obrigatorio_ep.pptx\" target=\"_blank\" rel=\"noopener\">AQUI<\/a> PARA FAZER DOWNLOAD DO MODELO DE APRESENTA\u00c7\u00c3O DE EST\u00c1GIO OBRIGAT\u00d3RIO<\/strong><\/p>\t\t\t\t\t\t\t\t<\/div>\n\t\t\t\t<\/div>\n\t\t\t\t\t<\/div>\n\t\t<\/div>\n\t\t\t\t\t<\/div>\n\t\t<\/section>\n\t\t\t\t<section class=\"elementor-section elementor-top-section elementor-element elementor-element-fc70ae8 elementor-section-boxed elementor-section-height-default elementor-section-height-default\" data-id=\"fc70ae8\" data-element_type=\"section\" data-e-type=\"section\">\n\t\t\t\t\t\t<div class=\"elementor-container elementor-column-gap-default\">\n\t\t\t\t\t<div class=\"elementor-column elementor-col-100 elementor-top-column elementor-element elementor-element-d897126\" data-id=\"d897126\" data-element_type=\"column\" data-e-type=\"column\">\n\t\t\t<div class=\"elementor-widget-wrap elementor-element-populated\">\n\t\t\t\t\t\t<div class=\"elementor-element elementor-element-7feb2eb elementor-widget elementor-widget-heading\" data-id=\"7feb2eb\" data-element_type=\"widget\" data-e-type=\"widget\" data-widget_type=\"heading.default\">\n\t\t\t\t<div class=\"elementor-widget-container\">\n\t\t\t\t\t<h5 class=\"elementor-heading-title elementor-size-medium\">Est\u00e1gio n\u00e3o obrigat\u00f3rio<\/h5>\t\t\t\t<\/div>\n\t\t\t\t<\/div>\n\t\t\t\t\t<\/div>\n\t\t<\/div>\n\t\t\t\t\t<\/div>\n\t\t<\/section>\n\t\t\t\t<section class=\"elementor-section elementor-top-section elementor-element elementor-element-5d22c84 elementor-section-boxed elementor-section-height-default elementor-section-height-default\" data-id=\"5d22c84\" data-element_type=\"section\" data-e-type=\"section\">\n\t\t\t\t\t\t<div class=\"elementor-container elementor-column-gap-default\">\n\t\t\t\t\t<div class=\"elementor-column elementor-col-100 elementor-top-column elementor-element elementor-element-b7255fd\" data-id=\"b7255fd\" data-element_type=\"column\" data-e-type=\"column\">\n\t\t\t<div class=\"elementor-widget-wrap elementor-element-populated\">\n\t\t\t\t\t\t<div class=\"elementor-element elementor-element-4e76857 elementor-widget elementor-widget-text-editor\" data-id=\"4e76857\" data-element_type=\"widget\" data-e-type=\"widget\" data-widget_type=\"text-editor.default\">\n\t\t\t\t<div class=\"elementor-widget-container\">\n\t\t\t\t\t\t\t\t\t<p>Para autoriza\u00e7\u00e3o de est\u00e1gio n\u00e3o obrigat\u00f3rio pela Coordena\u00e7\u00e3o do Curso de Engenharia da Produ\u00e7\u00e3o, inicialmente o discente dever\u00e1 atender aos seguintes requisitos:<\/p><p><span style=\"font-size: inherit\">I. Estar matriculado com a carga m\u00ednima exigida no semestre.<\/span><\/p><p><span style=\"font-size: inherit\">II. Ter cursado integralizado (aprova\u00e7\u00e3o) em 100% das disciplinas previstas nos dois primeiros semestres do curso.\u00a0<\/span><\/p><p><span style=\"font-size: inherit\">III. N\u00e3o ter reprova\u00e7\u00e3o em nenhuma disciplina por falta no semestre imediatamente anterior a solicita\u00e7\u00e3o.<\/span><\/p><ul><li>1\u00ba Aplica-se o contido nos incisos I e III para as solicita\u00e7\u00f5es de prorroga\u00e7\u00e3o de est\u00e1gios j\u00e1 em andamento.<\/li><li>2\u00ba N\u00e3o ser\u00e3o autorizados est\u00e1gios para discentes que tenham integralizado o curr\u00edculo.<\/li><\/ul>\t\t\t\t\t\t\t\t<\/div>\n\t\t\t\t<\/div>\n\t\t\t\t\t<\/div>\n\t\t<\/div>\n\t\t\t\t\t<\/div>\n\t\t<\/section>\n\t\t\t\t<section class=\"elementor-section elementor-top-section elementor-element elementor-element-d4bc401 elementor-section-boxed elementor-section-height-default elementor-section-height-default\" data-id=\"d4bc401\" data-element_type=\"section\" data-e-type=\"section\">\n\t\t\t\t\t\t<div class=\"elementor-container elementor-column-gap-default\">\n\t\t\t\t\t<div class=\"elementor-column elementor-col-100 elementor-top-column elementor-element elementor-element-62c19d0\" data-id=\"62c19d0\" data-element_type=\"column\" data-e-type=\"column\">\n\t\t\t<div class=\"elementor-widget-wrap elementor-element-populated\">\n\t\t\t\t\t\t<div class=\"elementor-element elementor-element-fe75049 elementor-widget elementor-widget-heading\" data-id=\"fe75049\" data-element_type=\"widget\" data-e-type=\"widget\" data-widget_type=\"heading.default\">\n\t\t\t\t<div class=\"elementor-widget-container\">\n\t\t\t\t\t<h5 class=\"elementor-heading-title elementor-size-medium\">Orienta\u00e7\u00f5es para elabora\u00e7\u00e3o documenta\u00e7\u00e3o de est\u00e1gio<\/h5>\t\t\t\t<\/div>\n\t\t\t\t<\/div>\n\t\t\t\t\t<\/div>\n\t\t<\/div>\n\t\t\t\t\t<\/div>\n\t\t<\/section>\n\t\t\t\t<section class=\"elementor-section elementor-top-section elementor-element elementor-element-4b1e242 elementor-section-boxed elementor-section-height-default elementor-section-height-default\" data-id=\"4b1e242\" data-element_type=\"section\" data-e-type=\"section\">\n\t\t\t\t\t\t<div class=\"elementor-container elementor-column-gap-default\">\n\t\t\t\t\t<div class=\"elementor-column elementor-col-100 elementor-top-column elementor-element elementor-element-228aafb\" data-id=\"228aafb\" data-element_type=\"column\" data-e-type=\"column\">\n\t\t\t<div class=\"elementor-widget-wrap elementor-element-populated\">\n\t\t\t\t\t\t<div class=\"elementor-element elementor-element-5c275d8 elementor-widget elementor-widget-text-editor\" data-id=\"5c275d8\" data-element_type=\"widget\" data-e-type=\"widget\" data-widget_type=\"text-editor.default\">\n\t\t\t\t<div class=\"elementor-widget-container\">\n\t\t\t\t\t\t\t\t\t<p>No manual de est\u00e1gios da UFPR \u00e9 poss\u00edvel consultar a documenta\u00e7\u00e3o necess\u00e1ria, fluxos e procedimentos detalhados para cada situa\u00e7\u00e3o espec\u00edfica de est\u00e1gio na UFPR. Clique <strong><span style=\"color: #ff0000\">aqui<\/span><\/strong> para consultar o manual.\u00a0\u00a0<\/p><p>A COAFE disponibiliza o preenchimento eletr\u00f4nico de toda a documenta\u00e7\u00e3o relativa aos est\u00e1gios na UFPR. Para saber mais, acesse o link\u00a0<span style=\"color: #ff0000\"><a style=\"color: #ff0000\" href=\"http:\/\/200.17.193.102\/tela_estagio_formularios\/\" target=\"_blank\" rel=\"noopener\"><strong>Formul\u00e1rios.<\/strong><\/a><\/span><\/p>\t\t\t\t\t\t\t\t<\/div>\n\t\t\t\t<\/div>\n\t\t\t\t\t<\/div>\n\t\t<\/div>\n\t\t\t\t\t<\/div>\n\t\t<\/section>\n\t\t\t\t<\/div>\n\t\t","protected":false},"excerpt":{"rendered":"<p>\/*! elementor &#8211; v3.17.0 &#8211; 08-11-2023 *\/ .elementor-heading-title{padding:0;margin:0;line-height:1}.elementor-widget-heading .elementor-heading-title[class*=elementor-size-]&gt;a{color:inherit;font-size:inherit;line-height:inherit}.elementor-widget-heading .elementor-heading-title.elementor-size-small{font-size:15px}.elementor-widget-heading .elementor-heading-title.elementor-size-medium{font-size:19px}.elementor-widget-heading .elementor-heading-title.elementor-size-large{font-size:29px}.elementor-widget-heading .elementor-heading-title.elementor-size-xl{font-size:39px}.elementor-widget-heading .elementor-heading-title.elementor-size-xxl{font-size:59px} Est\u00e1gio obrigat\u00f3rio O Est\u00e1gio Obrigat\u00f3rio \u00e9 uma disciplina do curso de [&hellip;]<\/p>\n","protected":false},"author":3629,"featured_media":0,"parent":0,"menu_order":0,"comment_status":"closed","ping_status":"closed","template":"","meta":{"_acf_changed":false,"footnotes":""},"class_list":["post-168","page","type-page","status-publish","hentry"],"acf":[],"_links":{"self":[{"href":"https:\/\/jandaiadosul.ufpr.br\/engenhariadeproducao\/wp-json\/wp\/v2\/pages\/168","targetHints":{"allow":["GET"]}}],"collection":[{"href":"https:\/\/jandaiadosul.ufpr.br\/engenhariadeproducao\/wp-json\/wp\/v2\/pages"}],"about":[{"href":"https:\/\/jandaiadosul.ufpr.br\/engenhariadeproducao\/wp-json\/wp\/v2\/types\/page"}],"author":[{"embeddable":true,"href":"https:\/\/jandaiadosul.ufpr.br\/engenhariadeproducao\/wp-json\/wp\/v2\/users\/3629"}],"replies":[{"embeddable":true,"href":"https:\/\/jandaiadosul.ufpr.br\/engenhariadeproducao\/wp-json\/wp\/v2\/comments?post=168"}],"version-history":[{"count":58,"href":"https:\/\/jandaiadosul.ufpr.br\/engenhariadeproducao\/wp-json\/wp\/v2\/pages\/168\/revisions"}],"predecessor-version":[{"id":982,"href":"https:\/\/jandaiadosul.ufpr.br\/engenhariadeproducao\/wp-json\/wp\/v2\/pages\/168\/revisions\/982"}],"wp:attachment":[{"href":"https:\/\/jandaiadosul.ufpr.br\/engenhariadeproducao\/wp-json\/wp\/v2\/media?parent=168"}],"curies":[{"name":"wp","href":"https:\/\/api.w.org\/{rel}","templated":true}]}}