{"id":1472,"date":"2026-01-20T10:11:03","date_gmt":"2026-01-20T13:11:03","guid":{"rendered":"https:\/\/jandaiadosul.ufpr.br\/engenhariadeproducao\/?page_id=1472"},"modified":"2026-04-09T16:46:49","modified_gmt":"2026-04-09T19:46:49","slug":"hub","status":"publish","type":"page","link":"https:\/\/jandaiadosul.ufpr.br\/engenhariadeproducao\/hub\/","title":{"rendered":"Ol\u00e1, comunidade!"},"content":{"rendered":"\t\t<div data-elementor-type=\"wp-page\" data-elementor-id=\"1472\" class=\"elementor elementor-1472\">\n\t\t\t\t\t\t<section class=\"elementor-section elementor-top-section elementor-element elementor-element-2d480a4d elementor-section-boxed elementor-section-height-default elementor-section-height-default\" data-id=\"2d480a4d\" data-element_type=\"section\">\n\t\t\t\t\t\t<div class=\"elementor-container elementor-column-gap-default\">\n\t\t\t\t\t<div class=\"elementor-column elementor-col-100 elementor-top-column elementor-element elementor-element-387b457a\" data-id=\"387b457a\" data-element_type=\"column\">\n\t\t\t<div class=\"elementor-widget-wrap elementor-element-populated\">\n\t\t\t\t\t\t<div class=\"elementor-element elementor-element-18358b7 elementor-widget elementor-widget-text-editor\" data-id=\"18358b7\" data-element_type=\"widget\" data-widget_type=\"text-editor.default\">\n\t\t\t\t<div class=\"elementor-widget-container\">\n\t\t\t\t\t\t\t\t\t<p data-start=\"82\" data-end=\"200\"><span style=\"color: #000000\"><strong>Este \u00e9 o nosso canal dedicado \u00e0 divulga\u00e7\u00e3o de servi\u00e7os, produtos e solu\u00e7\u00f5es desenvolvidos pela Engenharia de Produ\u00e7\u00e3o.<\/strong><\/span><\/p><p data-start=\"202\" data-end=\"297\">Fique \u00e0 vontade para compartilhar, interagir e contribuir \u2014 sua participa\u00e7\u00e3o \u00e9 muito bem-vinda!<\/p>\t\t\t\t\t\t\t\t<\/div>\n\t\t\t\t<\/div>\n\t\t\t\t\t<\/div>\n\t\t<\/div>\n\t\t\t\t\t<\/div>\n\t\t<\/section>\n\t\t\t\t<section class=\"elementor-section elementor-top-section elementor-element elementor-element-76129df elementor-section-boxed elementor-section-height-default elementor-section-height-default\" data-id=\"76129df\" data-element_type=\"section\">\n\t\t\t\t\t\t<div class=\"elementor-container elementor-column-gap-default\">\n\t\t\t\t\t<div class=\"elementor-column elementor-col-100 elementor-top-column elementor-element elementor-element-4f48db7\" data-id=\"4f48db7\" data-element_type=\"column\">\n\t\t\t<div class=\"elementor-widget-wrap elementor-element-populated\">\n\t\t\t\t\t\t<section class=\"elementor-section elementor-inner-section elementor-element elementor-element-51d0b3c elementor-section-full_width elementor-section-height-default elementor-section-height-default\" data-id=\"51d0b3c\" data-element_type=\"section\">\n\t\t\t\t\t\t<div class=\"elementor-container elementor-column-gap-default\">\n\t\t\t\t\t<div class=\"elementor-column elementor-col-100 elementor-inner-column elementor-element elementor-element-e593c3b\" data-id=\"e593c3b\" data-element_type=\"column\">\n\t\t\t<div class=\"elementor-widget-wrap elementor-element-populated\">\n\t\t\t\t\t\t<div class=\"elementor-element elementor-element-9f1cd40 elementor-widget__width-initial elementor-widget elementor-widget-image\" data-id=\"9f1cd40\" data-element_type=\"widget\" data-widget_type=\"image.default\">\n\t\t\t\t<div class=\"elementor-widget-container\">\n\t\t\t\t\t\t\t\t\t\t\t\t\t\t\t\t<a href=\"https:\/\/sites.google.com\/view\/planosdecortes\/p%C3%A1gina-inicial?authuser=0\" target=\"_blank\">\n\t\t\t\t\t\t\t<img fetchpriority=\"high\" decoding=\"async\" width=\"768\" height=\"223\" src=\"https:\/\/jandaiadosul.ufpr.br\/engenhariadeproducao\/wp-content\/uploads\/sites\/13\/2026\/04\/cortex.jpg\" class=\"attachment-large size-large wp-image-1937\" alt=\"\" srcset=\"https:\/\/jandaiadosul.ufpr.br\/engenhariadeproducao\/wp-content\/uploads\/sites\/13\/2026\/04\/cortex.jpg 768w, https:\/\/jandaiadosul.ufpr.br\/engenhariadeproducao\/wp-content\/uploads\/sites\/13\/2026\/04\/cortex-300x87.jpg 300w, https:\/\/jandaiadosul.ufpr.br\/engenhariadeproducao\/wp-content\/uploads\/sites\/13\/2026\/04\/cortex-175x51.jpg 175w, https:\/\/jandaiadosul.ufpr.br\/engenhariadeproducao\/wp-content\/uploads\/sites\/13\/2026\/04\/cortex-75x22.jpg 75w\" sizes=\"(max-width: 768px) 100vw, 768px\" \/>\t\t\t\t\t\t\t\t<\/a>\n\t\t\t\t\t\t\t\t\t\t\t\t\t\t\t<\/div>\n\t\t\t\t<\/div>\n\t\t\t\t<section class=\"elementor-section elementor-inner-section elementor-element elementor-element-2ae10fd elementor-section-boxed elementor-section-height-default elementor-section-height-default\" data-id=\"2ae10fd\" data-element_type=\"section\">\n\t\t\t\t\t\t<div class=\"elementor-container elementor-column-gap-default\">\n\t\t\t\t\t<div class=\"elementor-column elementor-col-100 elementor-inner-column elementor-element elementor-element-12235b2\" data-id=\"12235b2\" data-element_type=\"column\">\n\t\t\t<div class=\"elementor-widget-wrap elementor-element-populated\">\n\t\t\t\t\t\t<div class=\"elementor-element elementor-element-f7553ba elementor-widget elementor-widget-text-editor\" data-id=\"f7553ba\" data-element_type=\"widget\" data-widget_type=\"text-editor.default\">\n\t\t\t\t<div class=\"elementor-widget-container\">\n\t\t\t\t\t\t\t\t\t<p data-start=\"69\" data-end=\"150\"><span style=\"color: #000000\"><strong>CORTEX<\/strong> \u2013 Programa de Gera\u00e7\u00e3o de Padr\u00f5es de Corte Unidimensionais e Bidimensionais<\/span><\/p><p data-start=\"152\" data-end=\"498\"><span style=\"color: #000000\">O CORTEX otimiza seus cortes em uma e duas dimens\u00f5es, aumentando o aproveitamento de materiais e reduzindo desperd\u00edcios, custos e tempo de produ\u00e7\u00e3o. Ideal para setores como marcenaria, metalurgia, vidra\u00e7arias e confec\u00e7\u00f5es, o sistema gera ganhos diretos em produtividade, organiza\u00e7\u00e3o e planejamento, apoiando decis\u00f5es mais eficientes no dia a dia.<\/span><\/p><p data-start=\"500\" data-end=\"628\"><span style=\"color: #000000\">Baseado em t\u00e9cnicas avan\u00e7adas de otimiza\u00e7\u00e3o, o CORTEX transforma desperd\u00edcios de corte em melhores resultados de aproveitamento.<\/span><\/p><p data-start=\"630\" data-end=\"723\"><span style=\"color: #000000\"><strong><em>Clique no banner, acesse o projeto completo e veja como ele pode ser \u00fatil para a sua empresa!<\/em><\/strong><\/span><\/p>\t\t\t\t\t\t\t\t<\/div>\n\t\t\t\t<\/div>\n\t\t\t\t\t<\/div>\n\t\t<\/div>\n\t\t\t\t\t<\/div>\n\t\t<\/section>\n\t\t\t\t\t<\/div>\n\t\t<\/div>\n\t\t\t\t\t<\/div>\n\t\t<\/section>\n\t\t\t\t\t<\/div>\n\t\t<\/div>\n\t\t\t\t\t<\/div>\n\t\t<\/section>\n\t\t\t\t<\/div>\n\t\t","protected":false},"excerpt":{"rendered":"<p>Este \u00e9 o nosso canal dedicado \u00e0 divulga\u00e7\u00e3o de servi\u00e7os, produtos e solu\u00e7\u00f5es desenvolvidos pela Engenharia de Produ\u00e7\u00e3o. Fique \u00e0 vontade para compartilhar, interagir e [&hellip;]<\/p>\n","protected":false},"author":3699,"featured_media":0,"parent":0,"menu_order":0,"comment_status":"closed","ping_status":"closed","template":"","meta":{"_acf_changed":false,"footnotes":""},"class_list":["post-1472","page","type-page","status-publish","hentry"],"acf":[],"_links":{"self":[{"href":"https:\/\/jandaiadosul.ufpr.br\/engenhariadeproducao\/wp-json\/wp\/v2\/pages\/1472","targetHints":{"allow":["GET"]}}],"collection":[{"href":"https:\/\/jandaiadosul.ufpr.br\/engenhariadeproducao\/wp-json\/wp\/v2\/pages"}],"about":[{"href":"https:\/\/jandaiadosul.ufpr.br\/engenhariadeproducao\/wp-json\/wp\/v2\/types\/page"}],"author":[{"embeddable":true,"href":"https:\/\/jandaiadosul.ufpr.br\/engenhariadeproducao\/wp-json\/wp\/v2\/users\/3699"}],"replies":[{"embeddable":true,"href":"https:\/\/jandaiadosul.ufpr.br\/engenhariadeproducao\/wp-json\/wp\/v2\/comments?post=1472"}],"version-history":[{"count":15,"href":"https:\/\/jandaiadosul.ufpr.br\/engenhariadeproducao\/wp-json\/wp\/v2\/pages\/1472\/revisions"}],"predecessor-version":[{"id":1972,"href":"https:\/\/jandaiadosul.ufpr.br\/engenhariadeproducao\/wp-json\/wp\/v2\/pages\/1472\/revisions\/1972"}],"wp:attachment":[{"href":"https:\/\/jandaiadosul.ufpr.br\/engenhariadeproducao\/wp-json\/wp\/v2\/media?parent=1472"}],"curies":[{"name":"wp","href":"https:\/\/api.w.org\/{rel}","templated":true}]}}