{"id":1287,"date":"2025-04-24T09:28:17","date_gmt":"2025-04-24T12:28:17","guid":{"rendered":"https:\/\/jandaiadosul.ufpr.br\/engenhariadeproducao\/?page_id=1287"},"modified":"2025-05-15T09:11:39","modified_gmt":"2025-05-15T12:11:39","slug":"atas-colegiado-2024","status":"publish","type":"page","link":"https:\/\/jandaiadosul.ufpr.br\/engenhariadeproducao\/atas-colegiado-2024\/","title":{"rendered":"Atas Colegiado 2024"},"content":{"rendered":"<h4><span style=\"font-family: arial, helvetica, sans-serif;font-size: 12pt\"><strong>Atas das reuni\u00f5es ordin\u00e1rias do Colegiado do Curso de Engenharia de <\/strong>Produ\u00e7\u00e3o<\/span><\/h4>\n<p><span style=\"text-decoration: underline\"><span style=\"color: #800080;font-family: arial, helvetica, sans-serif;text-decoration: underline\"><a style=\"color: #800080;text-decoration: underline\" href=\"http:\/\/jandaiadosul.ufpr.br\/engenhariadeproducao\/wp-content\/uploads\/sites\/13\/2024\/09\/sei_6440731_ata_de_reuniao.pdf\">Ata da 63\u00aa Reuni\u00e3o Ordin\u00e1ria do Colegiado do Curso de Engenharia de Produ\u00e7\u00e3o, aprovada em 21\/06\/2024<\/a><\/span><\/span><\/p>\n<p><span style=\"text-decoration: underline;color: #800080\"><span style=\"font-family: arial, helvetica, sans-serif\"><a style=\"color: #800080;text-decoration: underline\" href=\"http:\/\/jandaiadosul.ufpr.br\/engenhariadeproducao\/wp-content\/uploads\/sites\/13\/2024\/10\/64a-reuniao-ordinaria-do-colegiado-do-curso-de-engenharia-de-producao.pdf\">Ata da 64\u00aa Reuni\u00e3o Ordin\u00e1ria do Colegiado do Curso de Engenharia de Produ\u00e7\u00e3o, aprovada em 10\/09\/2024<\/a><\/span><\/span><\/p>\n<p><span style=\"text-decoration: underline;color: #800080\"><span style=\"font-family: arial, helvetica, sans-serif\"><a style=\"color: #800080;text-decoration: underline\" href=\"http:\/\/jandaiadosul.ufpr.br\/engenhariadeproducao\/wp-content\/uploads\/sites\/13\/2025\/04\/65a-reuniao-ordinaria.pdf\">Ata da 65\u00aa Reuni\u00e3o Ordin\u00e1ria do Colegiado do Curso de Engenharia de Produ\u00e7\u00e3o, aprovada em 10\/12\/2024<\/a><\/span><\/span><\/p>\n<p><span style=\"text-decoration: underline;color: #800080\"><span style=\"font-family: arial, helvetica, sans-serif\"><a style=\"color: #800080;text-decoration: underline\" href=\"http:\/\/jandaiadosul.ufpr.br\/engenhariadeproducao\/wp-content\/uploads\/sites\/13\/2025\/05\/66a-reuniao-ordinaria.pdf\">Ata da 66\u00aa Reuni\u00e3o Ordin\u00e1ria do Colegiado do Curso de Engenharia de Produ\u00e7\u00e3o, aprovada em 18\/03\/2025<\/a><\/span><\/span><\/p>\n<p>&nbsp;<\/p>\n<h4><span style=\"font-family: arial, helvetica, sans-serif;font-size: 12pt\"><strong>Atas das reuni\u00f5es extraordin\u00e1rias do Colegiado do Curso de Engenharia de Produ\u00e7\u00e3o<\/strong><\/span><\/h4>\n<p><span style=\"text-decoration: underline;color: #800080\"><span style=\"font-family: arial, helvetica, sans-serif\"><a style=\"color: #800080;text-decoration: underline\" href=\"http:\/\/jandaiadosul.ufpr.br\/engenhariadeproducao\/wp-content\/uploads\/sites\/13\/2024\/09\/sei_6510474_ata_de_reuniao-2.pdf\">Ata da 82\u00aa Reuni\u00e3o Extraordin\u00e1ria do Colegiado do Curso de Engenharia de Produ\u00e7\u00e3o, aprovada em 15\/03\/2024<\/a><\/span><\/span><\/p>\n<p><span style=\"text-decoration: underline;color: #800080\"><span style=\"font-family: arial, helvetica, sans-serif\"><a style=\"color: #800080;text-decoration: underline\" href=\"http:\/\/jandaiadosul.ufpr.br\/engenhariadeproducao\/wp-content\/uploads\/sites\/13\/2025\/04\/83a-reuniao-extraordinaria.pdf\">Ata da 83\u00aa Reuni\u00e3o Extraordin\u00e1ria do Colegiado do Curso de Engenharia de Produ\u00e7\u00e3o, aprovada em 10\/12\/2024<\/a><\/span><\/span><\/p>\n<p><span style=\"text-decoration: underline;color: #800080\"><span style=\"font-family: arial, helvetica, sans-serif\"><a style=\"color: #800080;text-decoration: underline\" href=\"http:\/\/jandaiadosul.ufpr.br\/engenhariadeproducao\/wp-content\/uploads\/sites\/13\/2025\/04\/84a-reuniao-extraordinaria.pdf\">Ata da 84\u00aa Reuni\u00e3o Extraordin\u00e1ria do Colegiado do Curso de Engenharia de Produ\u00e7\u00e3o, aprovada em 10\/12\/2024<\/a><\/span><\/span><\/p>\n<p>&nbsp;<\/p>\n<p>&nbsp;<\/p>\n","protected":false},"excerpt":{"rendered":"<p>Atas das reuni\u00f5es ordin\u00e1rias do Colegiado do Curso de Engenharia de Produ\u00e7\u00e3o Ata da 63\u00aa Reuni\u00e3o Ordin\u00e1ria do Colegiado do Curso de Engenharia de Produ\u00e7\u00e3o, [&hellip;]<\/p>\n","protected":false},"author":3651,"featured_media":0,"parent":0,"menu_order":0,"comment_status":"closed","ping_status":"closed","template":"","meta":{"_acf_changed":false,"footnotes":""},"class_list":["post-1287","page","type-page","status-publish","hentry"],"acf":[],"_links":{"self":[{"href":"https:\/\/jandaiadosul.ufpr.br\/engenhariadeproducao\/wp-json\/wp\/v2\/pages\/1287","targetHints":{"allow":["GET"]}}],"collection":[{"href":"https:\/\/jandaiadosul.ufpr.br\/engenhariadeproducao\/wp-json\/wp\/v2\/pages"}],"about":[{"href":"https:\/\/jandaiadosul.ufpr.br\/engenhariadeproducao\/wp-json\/wp\/v2\/types\/page"}],"author":[{"embeddable":true,"href":"https:\/\/jandaiadosul.ufpr.br\/engenhariadeproducao\/wp-json\/wp\/v2\/users\/3651"}],"replies":[{"embeddable":true,"href":"https:\/\/jandaiadosul.ufpr.br\/engenhariadeproducao\/wp-json\/wp\/v2\/comments?post=1287"}],"version-history":[{"count":5,"href":"https:\/\/jandaiadosul.ufpr.br\/engenhariadeproducao\/wp-json\/wp\/v2\/pages\/1287\/revisions"}],"predecessor-version":[{"id":1321,"href":"https:\/\/jandaiadosul.ufpr.br\/engenhariadeproducao\/wp-json\/wp\/v2\/pages\/1287\/revisions\/1321"}],"wp:attachment":[{"href":"https:\/\/jandaiadosul.ufpr.br\/engenhariadeproducao\/wp-json\/wp\/v2\/media?parent=1287"}],"curies":[{"name":"wp","href":"https:\/\/api.w.org\/{rel}","templated":true}]}}