{"id":102,"date":"2023-01-17T17:32:37","date_gmt":"2023-01-17T20:32:37","guid":{"rendered":"https:\/\/jandaiadosul.ufpr.br\/engenhariadeproducao\/?page_id=102"},"modified":"2023-01-18T14:21:08","modified_gmt":"2023-01-18T17:21:08","slug":"atas-colegiado-2020","status":"publish","type":"page","link":"https:\/\/jandaiadosul.ufpr.br\/engenhariadeproducao\/atas-colegiado-2020\/","title":{"rendered":"Atas Colegiado 2020"},"content":{"rendered":"<h4><span style=\"font-family: arial, helvetica, sans-serif;font-size: 12pt\"><strong>Atas das reuni\u00f5es ordin\u00e1rias do Colegiado do Curso de Engenharia de Produ\u00e7\u00e3o<\/strong><\/span><\/h4>\n<p><span style=\"text-decoration: underline\"><span style=\"color: #800080;text-decoration: underline\"><a style=\"color: #800080;text-decoration: underline\" href=\"https:\/\/jandaiadosul.ufpr.br\/wp-content\/uploads\/2021\/02\/ATA-da-quinquagesima-reuniao-ordinaria-do-colegiado-de-Engenharia-de-Producao-aprovada-em-17.12.2020.pdf\">Ata da 50\u00aa Reuni\u00e3o Ordin\u00e1ria do Colegiado do Curso de Engenharia de Produ\u00e7\u00e3o, aprovada em 17\/12\/2020.<\/a><\/span><\/span><\/p>\n<p><span style=\"text-decoration: underline\"><span style=\"color: #800080;text-decoration: underline\"><a style=\"color: #800080;text-decoration: underline\" href=\"https:\/\/jandaiadosul.ufpr.br\/wp-content\/uploads\/2015\/02\/Ata-da-51a-Reuniao-Ordinaria-do-Colegiado-de-Producao-aprovada-em-26.02.2021.pdf\">Ata da 51\u00aa Reuni\u00e3o Ordin\u00e1ria do Colegiado do Curso de Engenharia de Produ\u00e7\u00e3o, aprovada em 26\/02\/2021.<\/a><\/span><\/span><\/p>\n<p>&nbsp;<\/p>\n<h4><span style=\"font-family: arial, helvetica, sans-serif;font-size: 12pt\"><strong>Atas das reuni\u00f5es extraordin\u00e1rias do Colegiado do Curso de Engenharia de Produ\u00e7\u00e3o<\/strong><\/span><\/h4>\n<p><span style=\"text-decoration: underline\"><span style=\"color: #800080;text-decoration: underline\"><a style=\"color: #800080;text-decoration: underline\" href=\"https:\/\/jandaiadosul.ufpr.br\/wp-content\/uploads\/2021\/02\/ATA-da-vigesima-primeira-reuniao-extraordinaria-do-colegiado-de-Engenharia-de-Producao-aprovada-em-17.12.2020.pdf\">Ata da 21\u00aa Reuni\u00e3o Extraordin\u00e1ria do Colegiado do Curso de Engenharia de Produ\u00e7\u00e3o, aprovada em 17\/12\/2020.<\/a><\/span><\/span><\/p>\n<p><span style=\"text-decoration: underline\"><span style=\"color: #800080;text-decoration: underline\"><a style=\"color: #800080;text-decoration: underline\" href=\"https:\/\/jandaiadosul.ufpr.br\/wp-content\/uploads\/2021\/02\/ATA-da-vigesima-segunda-reuniao-extraordinaria-do-colegiado-de-Engenharia-de-Producao-aprovada-em-17.12.2020.pdf\">Ata da 22\u00aa Reuni\u00e3o Extraordin\u00e1ria do Colegiado do Curso de Engenharia de Produ\u00e7\u00e3o, aprovada em 17\/12\/2020.<\/a><\/span><\/span><\/p>\n<p><span style=\"text-decoration: underline\"><span style=\"color: #800080;text-decoration: underline\"><a style=\"color: #800080;text-decoration: underline\" href=\"https:\/\/jandaiadosul.ufpr.br\/wp-content\/uploads\/2021\/02\/ATA-da-vigesima-terceira-reuniao-extraordinaria-do-colegiado-de-Engenharia-de-Producao-aprovada-em-17.12.2020.pdf\">Ata da 23\u00aa Reuni\u00e3o Extraordin\u00e1ria do Colegiado do Curso de Engenharia de Produ\u00e7\u00e3o, aprovada em 17\/12\/2020.<\/a><\/span><\/span><\/p>\n<p><span style=\"text-decoration: underline\"><span style=\"color: #800080;text-decoration: underline\"><a style=\"color: #800080;text-decoration: underline\" href=\"https:\/\/jandaiadosul.ufpr.br\/wp-content\/uploads\/2021\/02\/ATA-da-vigesima-quarta-reuniao-extraordinaria-do-colegiado-de-Engenharia-de-Producao-aprovada-em-17.12.2020.pdf\">Ata da 24\u00aa Reuni\u00e3o Extraordin\u00e1ria do Colegiado do Curso de Engenharia de Produ\u00e7\u00e3o, aprovada em 17\/12\/2020.<\/a><\/span><\/span><\/p>\n<p><span style=\"text-decoration: underline\"><span style=\"color: #800080;text-decoration: underline\"><a style=\"color: #800080;text-decoration: underline\" href=\"https:\/\/jandaiadosul.ufpr.br\/wp-content\/uploads\/2021\/02\/ATA-da-vigesima-quinta-reuniao-extraordinaria-do-colegiado-de-Engenharia-de-Producao-CANCELADA.pdf\">Ata da 25\u00aa Reuni\u00e3o Extraordin\u00e1ria do Colegiado do Curso de Engenharia de Produ\u00e7\u00e3o &#8211; CANCELADA.<\/a><\/span><\/span><\/p>\n<p><span style=\"text-decoration: underline\"><span style=\"color: #800080;text-decoration: underline\"><a style=\"color: #800080;text-decoration: underline\" href=\"https:\/\/jandaiadosul.ufpr.br\/wp-content\/uploads\/2021\/02\/ATA-da-vigesima-sexta-reuniao-extraordinaria-do-colegiado-de-Engenharia-de-Producao-aprovada-em-17.12.2020.pdf\">Ata da 26\u00aa Reuni\u00e3o Extraordin\u00e1ria do Colegiado do Curso de Engenharia de Produ\u00e7\u00e3o, aprovada em 17\/12\/2020.<\/a><\/span><\/span><\/p>\n<p><span style=\"text-decoration: underline\"><span style=\"color: #800080;text-decoration: underline\"><a style=\"color: #800080;text-decoration: underline\" href=\"https:\/\/jandaiadosul.ufpr.br\/wp-content\/uploads\/2021\/02\/ATA-da-vigesima-setima-reuniao-extraordinaria-do-colegiado-de-Engenharia-de-Producao-aprovada-em-17.12.2020.pdf\">Ata da 27\u00aa Reuni\u00e3o Extraordin\u00e1ria do Colegiado do Curso de Engenharia de Produ\u00e7\u00e3o, aprovada em 17\/12\/2020.<\/a><\/span><\/span><\/p>\n<p><span style=\"text-decoration: underline\"><span style=\"color: #800080;text-decoration: underline\"><a style=\"color: #800080;text-decoration: underline\" href=\"https:\/\/jandaiadosul.ufpr.br\/wp-content\/uploads\/2021\/02\/ATA-da-vigesima-oitava-reuniao-extraordinaria-do-colegiado-de-Engenharia-de-Producao-aprovada-em-17.12.2020.pdf\">Ata da 28\u00aa Reuni\u00e3o Extraordin\u00e1ria do Colegiado do Curso de Engenharia de Produ\u00e7\u00e3o, aprovada em 17\/12\/2020.<\/a><\/span><\/span><\/p>\n<p><span style=\"text-decoration: underline\"><span style=\"color: #800080;text-decoration: underline\"><a style=\"color: #800080;text-decoration: underline\" href=\"https:\/\/jandaiadosul.ufpr.br\/wp-content\/uploads\/2021\/02\/ATA-da-vigesima-nona-reuniao-extraordinaria-do-colegiado-de-Engenharia-de-Producao-aprovada-em-17.12.2020.pdf\">Ata da 29\u00aa Reuni\u00e3o Extraordin\u00e1ria do Colegiado do Curso de Engenharia de Produ\u00e7\u00e3o, aprovada em 17\/12\/2020.<\/a><\/span><\/span><\/p>\n<p><span style=\"text-decoration: underline\"><span style=\"color: #800080;text-decoration: underline\"><a style=\"color: #800080;text-decoration: underline\" href=\"https:\/\/jandaiadosul.ufpr.br\/wp-content\/uploads\/2021\/02\/ATA-da-trigesima-reuniao-extraordinaria-do-colegiado-de-Engenharia-de-Producao-aprovada-em-17.12.2020.pdf\">Ata da 30\u00aa Reuni\u00e3o Extraordin\u00e1ria do Colegiado do Curso de Engenharia de Produ\u00e7\u00e3o, aprovada em 17\/12\/2020.<\/a><\/span><\/span><\/p>\n<p><span style=\"text-decoration: underline\"><span style=\"color: #800080;text-decoration: underline\"><a style=\"color: #800080;text-decoration: underline\" href=\"https:\/\/jandaiadosul.ufpr.br\/wp-content\/uploads\/2021\/02\/ATA-da-trigesima-primeira-reuniao-extraordinaria-do-colegiado-de-Engenharia-de-Producao-aprovada-em-17.12.2020.pdf\">Ata da 31\u00aa Reuni\u00e3o Extraordin\u00e1ria do Colegiado do Curso de Engenharia de Produ\u00e7\u00e3o, aprovada em 17\/12\/2020.<\/a><\/span><\/span><\/p>\n<p><span style=\"text-decoration: underline\"><span style=\"color: #800080;text-decoration: underline\"><a style=\"color: #800080;text-decoration: underline\" href=\"https:\/\/jandaiadosul.ufpr.br\/wp-content\/uploads\/2021\/02\/ATA-da-trigesima-segunda-reuniao-extraordinaria-do-colegiado-de-Engenharia-de-Producao-aprovada-em-17.12.2020.pdf\">Ata da 32\u00aa Reuni\u00e3o Extraordin\u00e1ria do Colegiado do Curso de Engenharia de Produ\u00e7\u00e3o, aprovada em 17\/12\/2020.<\/a><\/span><\/span><\/p>\n<p><span style=\"text-decoration: underline\"><span style=\"color: #800080;text-decoration: underline\"><a style=\"color: #800080;text-decoration: underline\" href=\"https:\/\/jandaiadosul.ufpr.br\/wp-content\/uploads\/2021\/02\/ATA-da-trigesima-terceira-reuniao-extraordinaria-do-colegiado-de-Engenharia-de-Producao-aprovada-em-17.12.2020.pdf\">Ata da 33\u00aa Reuni\u00e3o Extraordin\u00e1ria do Colegiado do Curso de Engenharia de Produ\u00e7\u00e3o, aprovada em 17\/12\/2020.<\/a><\/span><\/span><\/p>\n<p><span style=\"text-decoration: underline\"><span style=\"color: #800080;text-decoration: underline\"><a style=\"color: #800080;text-decoration: underline\" href=\"https:\/\/jandaiadosul.ufpr.br\/wp-content\/uploads\/2021\/02\/ATA-da-trigesima-quarta-reuniao-extraordinaria-do-colegiado-de-Engenharia-de-Producao-aprovada-em-17.12.2020.pdf\">Ata da 34\u00aa Reuni\u00e3o Extraordin\u00e1ria do Colegiado do Curso de Engenharia de Produ\u00e7\u00e3o, aprovada em 17\/12\/2020.<\/a><\/span><\/span><\/p>\n<p><span style=\"text-decoration: underline\"><span style=\"color: #800080;text-decoration: underline\"><a style=\"color: #800080;text-decoration: underline\" href=\"https:\/\/jandaiadosul.ufpr.br\/wp-content\/uploads\/2021\/02\/ATA-da-trigesima-quinta-reuniao-extraordinaria-do-colegiado-de-Engenharia-de-Producao-aprovada-em-17.12.2020.pdf\">Ata da 35\u00aa Reuni\u00e3o Extraordin\u00e1ria do Colegiado do Curso de Engenharia de Produ\u00e7\u00e3o, aprovada em 17\/12\/2020.<\/a><\/span><\/span><\/p>\n<p><span style=\"text-decoration: underline\"><span style=\"color: #800080;text-decoration: underline\"><a style=\"color: #800080;text-decoration: underline\" href=\"https:\/\/jandaiadosul.ufpr.br\/wp-content\/uploads\/2021\/02\/ATA-da-trigesima-sexta-reuniao-extraordinaria-do-colegiado-de-Engenharia-de-Producao-aprovada-em-17.12.2020.pdf\">Ata da 36\u00aa Reuni\u00e3o Extraordin\u00e1ria do Colegiado do Curso de Engenharia de Produ\u00e7\u00e3o, aprovada em 17\/12\/2020.<\/a><\/span><\/span><\/p>\n<p><span style=\"text-decoration: underline\"><span style=\"color: #800080;text-decoration: underline\"><a style=\"color: #800080;text-decoration: underline\" href=\"https:\/\/jandaiadosul.ufpr.br\/wp-content\/uploads\/2021\/02\/ATA-da-trigesima-setima-reuniao-extraordinaria-do-colegiado-de-Engenharia-de-Producao-aprovada-em-17.12.2020.pdf\">Ata da 37\u00aa Reuni\u00e3o Extraordin\u00e1ria do Colegiado do Curso de Engenharia de Produ\u00e7\u00e3o, aprovada em 17\/12\/2020.<\/a><\/span><\/span><\/p>\n<p><span style=\"text-decoration: underline\"><span style=\"color: #800080;text-decoration: underline\"><a style=\"color: #800080;text-decoration: underline\" href=\"https:\/\/jandaiadosul.ufpr.br\/wp-content\/uploads\/2021\/02\/ATA-da-trigesima-oitava-reuniao-extraordinaria-do-colegiado-de-Engenharia-de-Producao-aprovada-em-17.12.2020.pdf\">Ata da 38\u00aa Reuni\u00e3o Extraordin\u00e1ria do Colegiado do Curso de Engenharia de Produ\u00e7\u00e3o, aprovada em 17\/12\/2020.<\/a><\/span><\/span><\/p>\n<p><span style=\"text-decoration: underline\"><span style=\"color: #800080;text-decoration: underline\"><a style=\"color: #800080;text-decoration: underline\" href=\"https:\/\/jandaiadosul.ufpr.br\/wp-content\/uploads\/2021\/02\/ATA-da-trigesima-nona-reuniao-extraordinaria-do-colegiado-de-Engenharia-de-Producao-aprovada-em-17.12.2020.pdf\">Ata da 39\u00aa Reuni\u00e3o Extraordin\u00e1ria do Colegiado do Curso de Engenharia de Produ\u00e7\u00e3o, aprovada em 17\/12\/2020.<\/a><\/span><\/span><\/p>\n<p><span style=\"text-decoration: underline\"><span style=\"color: #800080;text-decoration: underline\"><a style=\"color: #800080;text-decoration: underline\" href=\"https:\/\/jandaiadosul.ufpr.br\/wp-content\/uploads\/2021\/02\/ATA-da-quadragesima-reuniao-extraordinaria-do-colegiado-de-Engenharia-de-Producao-aprovada-em-17.12.2020.pdf\">Ata da 40\u00aa Reuni\u00e3o Extraordin\u00e1ria do Colegiado do Curso de Engenharia de Produ\u00e7\u00e3o, aprovada em 17\/12\/2020.<\/a><\/span><\/span><\/p>\n<p><span style=\"text-decoration: underline\"><span style=\"color: #800080;text-decoration: underline\"><a style=\"color: #800080;text-decoration: underline\" href=\"https:\/\/jandaiadosul.ufpr.br\/wp-content\/uploads\/2021\/02\/ATA-da-41a-reuniao-extraordinaria-do-colegiado-de-Engenharia-de-Producao-aprovada-em-17.12.2020.pdf\">Ata da 41\u00aa Reuni\u00e3o Extraordin\u00e1ria do Colegiado do Curso de Engenharia de Produ\u00e7\u00e3o, aprovada em 17\/12\/2020.<\/a><\/span><\/span><\/p>\n<p><span style=\"text-decoration: underline\"><span style=\"color: #800080;text-decoration: underline\"><a style=\"color: #800080;text-decoration: underline\" href=\"https:\/\/jandaiadosul.ufpr.br\/wp-content\/uploads\/2021\/02\/ATA-da-42a-reuniao-extraordinaria-do-colegiado-de-Engenharia-de-Producao-aprovada-em-17.12.2020.pdf\">Ata da 42\u00aa Reuni\u00e3o Extraordin\u00e1ria do Colegiado do Curso de Engenharia de Produ\u00e7\u00e3o, aprovada em 17\/12\/2020.<\/a><\/span><\/span><\/p>\n<p><span style=\"text-decoration: underline\"><span style=\"color: #800080;text-decoration: underline\"><a style=\"color: #800080;text-decoration: underline\" href=\"https:\/\/jandaiadosul.ufpr.br\/wp-content\/uploads\/2021\/02\/ATA-da-43a-reuniao-extraordinaria-do-colegiado-de-Engenharia-de-Producao-aprovada-em-17.12.2020.pdf\">Ata da 43\u00aa Reuni\u00e3o Extraordin\u00e1ria do Colegiado do Curso de Engenharia de Produ\u00e7\u00e3o, aprovada em 17\/12\/2020.<\/a><\/span><\/span><\/p>\n","protected":false},"excerpt":{"rendered":"<p>Atas das reuni\u00f5es ordin\u00e1rias do Colegiado do Curso de Engenharia de Produ\u00e7\u00e3o Ata da 50\u00aa Reuni\u00e3o Ordin\u00e1ria do Colegiado do Curso de Engenharia de Produ\u00e7\u00e3o, [&hellip;]<\/p>\n","protected":false},"author":3651,"featured_media":0,"parent":0,"menu_order":0,"comment_status":"closed","ping_status":"closed","template":"","meta":{"_acf_changed":false,"footnotes":""},"class_list":["post-102","page","type-page","status-publish","hentry"],"acf":[],"_links":{"self":[{"href":"https:\/\/jandaiadosul.ufpr.br\/engenhariadeproducao\/wp-json\/wp\/v2\/pages\/102","targetHints":{"allow":["GET"]}}],"collection":[{"href":"https:\/\/jandaiadosul.ufpr.br\/engenhariadeproducao\/wp-json\/wp\/v2\/pages"}],"about":[{"href":"https:\/\/jandaiadosul.ufpr.br\/engenhariadeproducao\/wp-json\/wp\/v2\/types\/page"}],"author":[{"embeddable":true,"href":"https:\/\/jandaiadosul.ufpr.br\/engenhariadeproducao\/wp-json\/wp\/v2\/users\/3651"}],"replies":[{"embeddable":true,"href":"https:\/\/jandaiadosul.ufpr.br\/engenhariadeproducao\/wp-json\/wp\/v2\/comments?post=102"}],"version-history":[{"count":3,"href":"https:\/\/jandaiadosul.ufpr.br\/engenhariadeproducao\/wp-json\/wp\/v2\/pages\/102\/revisions"}],"predecessor-version":[{"id":133,"href":"https:\/\/jandaiadosul.ufpr.br\/engenhariadeproducao\/wp-json\/wp\/v2\/pages\/102\/revisions\/133"}],"wp:attachment":[{"href":"https:\/\/jandaiadosul.ufpr.br\/engenhariadeproducao\/wp-json\/wp\/v2\/media?parent=102"}],"curies":[{"name":"wp","href":"https:\/\/api.w.org\/{rel}","templated":true}]}}