{"id":957,"date":"2026-03-09T15:33:55","date_gmt":"2026-03-09T18:33:55","guid":{"rendered":"https:\/\/jandaiadosul.ufpr.br\/engalimentos\/?page_id=957"},"modified":"2026-03-19T13:54:09","modified_gmt":"2026-03-19T16:54:09","slug":"matriz-2014-2","status":"publish","type":"page","link":"https:\/\/jandaiadosul.ufpr.br\/engalimentos\/matriz-2014-2\/","title":{"rendered":"Matriz 2014"},"content":{"rendered":"<p><strong>Regulamentos<\/strong><\/p>\n<p><a href=\"http:\/\/jandaiadosul.ufpr.br\/engalimentos\/wp-content\/uploads\/sites\/23\/2026\/03\/regulamentos-e-dados-dos-egressos.zip\">Regulamento das Atividades Formativas do Curso de Engenharia de Alimentos &#8211; 2014<\/a><\/p>\n<p><a href=\"http:\/\/jandaiadosul.ufpr.br\/engalimentos\/wp-content\/uploads\/sites\/23\/2026\/03\/regulamento-de-estagio-do-curso-de-engenharia-de-alimentos_ppc2014.pdf\">Regulamento de Est\u00e1gio do Curso de Engenharia de Alimentos &#8211; 2014<\/a><\/p>\n<p><a href=\"http:\/\/jandaiadosul.ufpr.br\/engalimentos\/wp-content\/uploads\/sites\/23\/2026\/03\/regulamento-do-programa-de-orientacao-academica_ppc2014.pdf\">Regulamento do Programa de Orienta\u00e7\u00e3o Acad\u00eamica do Curso de Engenharia de Alimentos &#8211; 2014<\/a><\/p>\n<p><a href=\"http:\/\/jandaiadosul.ufpr.br\/engalimentos\/wp-content\/uploads\/sites\/23\/2026\/03\/regulamento-do-trabalho-de-conclusao-de-curso_ppc2014.pdf\">Regulamento do Trabalho de Conclus\u00e3o de Curso de Engenharia de Alimentos &#8211; 2014<\/a><\/p>\n","protected":false},"excerpt":{"rendered":"<p>Regulamentos Regulamento das Atividades Formativas do Curso de Engenharia de Alimentos &#8211; 2014 Regulamento de Est\u00e1gio do Curso de Engenharia de Alimentos &#8211; 2014 Regulamento [&hellip;]<\/p>\n","protected":false},"author":3666,"featured_media":0,"parent":0,"menu_order":0,"comment_status":"closed","ping_status":"closed","template":"","meta":{"_acf_changed":false,"footnotes":""},"class_list":["post-957","page","type-page","status-publish","hentry"],"acf":[],"_links":{"self":[{"href":"https:\/\/jandaiadosul.ufpr.br\/engalimentos\/wp-json\/wp\/v2\/pages\/957","targetHints":{"allow":["GET"]}}],"collection":[{"href":"https:\/\/jandaiadosul.ufpr.br\/engalimentos\/wp-json\/wp\/v2\/pages"}],"about":[{"href":"https:\/\/jandaiadosul.ufpr.br\/engalimentos\/wp-json\/wp\/v2\/types\/page"}],"author":[{"embeddable":true,"href":"https:\/\/jandaiadosul.ufpr.br\/engalimentos\/wp-json\/wp\/v2\/users\/3666"}],"replies":[{"embeddable":true,"href":"https:\/\/jandaiadosul.ufpr.br\/engalimentos\/wp-json\/wp\/v2\/comments?post=957"}],"version-history":[{"count":4,"href":"https:\/\/jandaiadosul.ufpr.br\/engalimentos\/wp-json\/wp\/v2\/pages\/957\/revisions"}],"predecessor-version":[{"id":1058,"href":"https:\/\/jandaiadosul.ufpr.br\/engalimentos\/wp-json\/wp\/v2\/pages\/957\/revisions\/1058"}],"wp:attachment":[{"href":"https:\/\/jandaiadosul.ufpr.br\/engalimentos\/wp-json\/wp\/v2\/media?parent=957"}],"curies":[{"name":"wp","href":"https:\/\/api.w.org\/{rel}","templated":true}]}}