{"id":935,"date":"2026-03-09T15:30:49","date_gmt":"2026-03-09T18:30:49","guid":{"rendered":"https:\/\/jandaiadosul.ufpr.br\/engalimentos\/?page_id=935"},"modified":"2026-04-07T13:56:08","modified_gmt":"2026-04-07T16:56:08","slug":"outros","status":"publish","type":"page","link":"https:\/\/jandaiadosul.ufpr.br\/engalimentos\/outros\/","title":{"rendered":"Outros documentos"},"content":{"rendered":"<p><a href=\"http:\/\/jandaiadosul.ufpr.br\/engalimentos\/wp-content\/uploads\/sites\/23\/2026\/04\/engenharia-de-alimentos-regimento-nde.pdf\">Regimento do N\u00facleo Docente Estruturante do Curso de Engenharia de Alimentos<\/a><\/p>\n<p><a href=\"http:\/\/jandaiadosul.ufpr.br\/engalimentos\/wp-content\/uploads\/sites\/23\/2026\/04\/28_regimento-coordenacao-engenharia-de-alimentos.pdf\">Regimento da Coordena\u00e7\u00e3o do Curso de Engenharia de Alimentos<\/a><\/p>\n","protected":false},"excerpt":{"rendered":"<p>Regimento do N\u00facleo Docente Estruturante do Curso de Engenharia de Alimentos Regimento da Coordena\u00e7\u00e3o do Curso de Engenharia de Alimentos<\/p>\n","protected":false},"author":3666,"featured_media":0,"parent":0,"menu_order":0,"comment_status":"closed","ping_status":"closed","template":"","meta":{"_acf_changed":false,"footnotes":""},"class_list":["post-935","page","type-page","status-publish","hentry"],"acf":[],"_links":{"self":[{"href":"https:\/\/jandaiadosul.ufpr.br\/engalimentos\/wp-json\/wp\/v2\/pages\/935","targetHints":{"allow":["GET"]}}],"collection":[{"href":"https:\/\/jandaiadosul.ufpr.br\/engalimentos\/wp-json\/wp\/v2\/pages"}],"about":[{"href":"https:\/\/jandaiadosul.ufpr.br\/engalimentos\/wp-json\/wp\/v2\/types\/page"}],"author":[{"embeddable":true,"href":"https:\/\/jandaiadosul.ufpr.br\/engalimentos\/wp-json\/wp\/v2\/users\/3666"}],"replies":[{"embeddable":true,"href":"https:\/\/jandaiadosul.ufpr.br\/engalimentos\/wp-json\/wp\/v2\/comments?post=935"}],"version-history":[{"count":4,"href":"https:\/\/jandaiadosul.ufpr.br\/engalimentos\/wp-json\/wp\/v2\/pages\/935\/revisions"}],"predecessor-version":[{"id":1194,"href":"https:\/\/jandaiadosul.ufpr.br\/engalimentos\/wp-json\/wp\/v2\/pages\/935\/revisions\/1194"}],"wp:attachment":[{"href":"https:\/\/jandaiadosul.ufpr.br\/engalimentos\/wp-json\/wp\/v2\/media?parent=935"}],"curies":[{"name":"wp","href":"https:\/\/api.w.org\/{rel}","templated":true}]}}