{"id":863,"date":"2026-03-09T11:23:14","date_gmt":"2026-03-09T14:23:14","guid":{"rendered":"https:\/\/jandaiadosul.ufpr.br\/engalimentos\/?page_id=863"},"modified":"2026-03-09T11:23:14","modified_gmt":"2026-03-09T14:23:14","slug":"areas-de-atuacao","status":"publish","type":"page","link":"https:\/\/jandaiadosul.ufpr.br\/engalimentos\/areas-de-atuacao\/","title":{"rendered":"\u00c1reas de Atua\u00e7\u00e3o"},"content":{"rendered":"<p>Qualidade e Seguran\u00e7a dos Alimentos<\/p>\n<p>Planejamento, Gerenciamento e Otimiza\u00e7\u00e3o de Processos<\/p>\n<p>Pesquisa e Desenvolvimento<\/p>\n<p>Assustos Regulat\u00f3rios<\/p>\n<p>Consultoria e Assessoria<\/p>\n<p>Sustentabilidade<\/p>\n","protected":false},"excerpt":{"rendered":"<p>Qualidade e Seguran\u00e7a dos Alimentos Planejamento, Gerenciamento e Otimiza\u00e7\u00e3o de Processos Pesquisa e Desenvolvimento Assustos Regulat\u00f3rios Consultoria e Assessoria Sustentabilidade<\/p>\n","protected":false},"author":3666,"featured_media":0,"parent":0,"menu_order":0,"comment_status":"closed","ping_status":"closed","template":"","meta":{"_acf_changed":false,"footnotes":""},"class_list":["post-863","page","type-page","status-publish","hentry"],"acf":[],"_links":{"self":[{"href":"https:\/\/jandaiadosul.ufpr.br\/engalimentos\/wp-json\/wp\/v2\/pages\/863","targetHints":{"allow":["GET"]}}],"collection":[{"href":"https:\/\/jandaiadosul.ufpr.br\/engalimentos\/wp-json\/wp\/v2\/pages"}],"about":[{"href":"https:\/\/jandaiadosul.ufpr.br\/engalimentos\/wp-json\/wp\/v2\/types\/page"}],"author":[{"embeddable":true,"href":"https:\/\/jandaiadosul.ufpr.br\/engalimentos\/wp-json\/wp\/v2\/users\/3666"}],"replies":[{"embeddable":true,"href":"https:\/\/jandaiadosul.ufpr.br\/engalimentos\/wp-json\/wp\/v2\/comments?post=863"}],"version-history":[{"count":1,"href":"https:\/\/jandaiadosul.ufpr.br\/engalimentos\/wp-json\/wp\/v2\/pages\/863\/revisions"}],"predecessor-version":[{"id":865,"href":"https:\/\/jandaiadosul.ufpr.br\/engalimentos\/wp-json\/wp\/v2\/pages\/863\/revisions\/865"}],"wp:attachment":[{"href":"https:\/\/jandaiadosul.ufpr.br\/engalimentos\/wp-json\/wp\/v2\/media?parent=863"}],"curies":[{"name":"wp","href":"https:\/\/api.w.org\/{rel}","templated":true}]}}