{"id":2,"date":"2022-09-08T13:33:06","date_gmt":"2022-09-08T16:33:06","guid":{"rendered":"http:\/\/engalimentos.jandaiadosul.ufpr.br\/?page_id=2"},"modified":"2026-04-06T16:05:27","modified_gmt":"2026-04-06T19:05:27","slug":"pagina-exemplo","status":"publish","type":"page","link":"https:\/\/jandaiadosul.ufpr.br\/engalimentos\/","title":{"rendered":"Engenharia de Alimentos"},"content":{"rendered":"<p style=\"text-align: center\">A <strong data-start=\"2\" data-end=\"29\">Engenharia de Alimentos<\/strong> usa ci\u00eancia e tecnologia para transformar ingredientes como leite, frutas e gr\u00e3os em alimentos seguros, saborosos e inovadores. Esse profissional cria novos produtos, melhora processos de produ\u00e7\u00e3o e desenvolve solu\u00e7\u00f5es para que os alimentos cheguem \u00e0s pessoas com qualidade e seguran\u00e7a. <strong data-start=\"317\" data-end=\"404\">\u00c9 a \u00e1rea que transforma conhecimento em inova\u00e7\u00e3o para criar os alimentos do futuro.<\/strong><\/p>\r\n<p><img fetchpriority=\"high\" decoding=\"async\" class=\"aligncenter wp-image-886\" src=\"http:\/\/jandaiadosul.ufpr.br\/engalimentos\/wp-content\/uploads\/sites\/23\/2026\/03\/violet-and-beige-simple-sight-words-flashcards-1-300x212.jpg\" alt=\"\" width=\"600\" height=\"424\" srcset=\"https:\/\/jandaiadosul.ufpr.br\/engalimentos\/wp-content\/uploads\/sites\/23\/2026\/03\/violet-and-beige-simple-sight-words-flashcards-1-300x212.jpg 300w, https:\/\/jandaiadosul.ufpr.br\/engalimentos\/wp-content\/uploads\/sites\/23\/2026\/03\/violet-and-beige-simple-sight-words-flashcards-1-1024x724.jpg 1024w, https:\/\/jandaiadosul.ufpr.br\/engalimentos\/wp-content\/uploads\/sites\/23\/2026\/03\/violet-and-beige-simple-sight-words-flashcards-1-768x543.jpg 768w, https:\/\/jandaiadosul.ufpr.br\/engalimentos\/wp-content\/uploads\/sites\/23\/2026\/03\/violet-and-beige-simple-sight-words-flashcards-1-1536x1086.jpg 1536w, https:\/\/jandaiadosul.ufpr.br\/engalimentos\/wp-content\/uploads\/sites\/23\/2026\/03\/violet-and-beige-simple-sight-words-flashcards-1-139x98.jpg 139w, https:\/\/jandaiadosul.ufpr.br\/engalimentos\/wp-content\/uploads\/sites\/23\/2026\/03\/violet-and-beige-simple-sight-words-flashcards-1-75x53.jpg 75w, https:\/\/jandaiadosul.ufpr.br\/engalimentos\/wp-content\/uploads\/sites\/23\/2026\/03\/violet-and-beige-simple-sight-words-flashcards-1.jpg 2000w\" sizes=\"(max-width: 600px) 100vw, 600px\" \/><\/p>\r\n<p>&nbsp;<\/p>\r\n\r\n<p><\/p>\r\n<p>&nbsp;<\/p>\r\n<p><span style=\"text-decoration: underline\"><a href=\"https:\/\/jandaiadosul.ufpr.br\/engalimentos\/documentos-referencia\/\">Documentos de Refer\u00eancia do Curso de Engenharia de Alimentos<\/a><\/span><\/p>\r\n<p>&nbsp;<\/p>\r\n<table>\r\n<tbody>\r\n<tr>\r\n<td style=\"width: 19.6097%\"><img decoding=\"async\" class=\"alignnone wp-image-97 size-full\" src=\"https:\/\/jandaiadosul.ufpr.br\/wp-content\/uploads\/2016\/12\/logo_eng_alimentos.png\" alt=\"\" width=\"200\" height=\"200\" \/><\/td>\r\n<td style=\"width: 69.4238%\">\u00a0<\/td>\r\n<td style=\"width: 10.1301%\"><a href=\"https:\/\/www.youtube.com\/watch?v=QktRDx39C-M\" target=\"_blank\" rel=\"noopener noreferrer\"><img decoding=\"async\" class=\"alignnone wp-image-1922 \" src=\"https:\/\/jandaiadosul.ufpr.br\/novosite\/wp-content\/uploads\/2014\/08\/interprete-02.jpg\" alt=\"\" width=\"95\" height=\"95\" \/><\/a><\/td>\r\n<\/tr>\r\n<\/tbody>\r\n<\/table>","protected":false},"excerpt":{"rendered":"<p>A Engenharia de Alimentos usa ci\u00eancia e tecnologia para transformar ingredientes como leite, frutas e gr\u00e3os em alimentos seguros, saborosos e inovadores. Esse profissional cria [&hellip;]<\/p>\n","protected":false},"author":3642,"featured_media":0,"parent":0,"menu_order":0,"comment_status":"closed","ping_status":"open","template":"","meta":{"_acf_changed":false,"footnotes":""},"class_list":["post-2","page","type-page","status-publish","hentry"],"acf":[],"_links":{"self":[{"href":"https:\/\/jandaiadosul.ufpr.br\/engalimentos\/wp-json\/wp\/v2\/pages\/2","targetHints":{"allow":["GET"]}}],"collection":[{"href":"https:\/\/jandaiadosul.ufpr.br\/engalimentos\/wp-json\/wp\/v2\/pages"}],"about":[{"href":"https:\/\/jandaiadosul.ufpr.br\/engalimentos\/wp-json\/wp\/v2\/types\/page"}],"author":[{"embeddable":true,"href":"https:\/\/jandaiadosul.ufpr.br\/engalimentos\/wp-json\/wp\/v2\/users\/3642"}],"replies":[{"embeddable":true,"href":"https:\/\/jandaiadosul.ufpr.br\/engalimentos\/wp-json\/wp\/v2\/comments?post=2"}],"version-history":[{"count":111,"href":"https:\/\/jandaiadosul.ufpr.br\/engalimentos\/wp-json\/wp\/v2\/pages\/2\/revisions"}],"predecessor-version":[{"id":1153,"href":"https:\/\/jandaiadosul.ufpr.br\/engalimentos\/wp-json\/wp\/v2\/pages\/2\/revisions\/1153"}],"wp:attachment":[{"href":"https:\/\/jandaiadosul.ufpr.br\/engalimentos\/wp-json\/wp\/v2\/media?parent=2"}],"curies":[{"name":"wp","href":"https:\/\/api.w.org\/{rel}","templated":true}]}}