{"id":76,"date":"2023-01-20T12:06:27","date_gmt":"2023-01-20T15:06:27","guid":{"rendered":"https:\/\/jandaiadosul.ufpr.br\/engagricola\/?page_id=76"},"modified":"2023-03-08T14:08:58","modified_gmt":"2023-03-08T17:08:58","slug":"atas-colegiado-2021","status":"publish","type":"page","link":"https:\/\/jandaiadosul.ufpr.br\/engagricola\/atas-colegiado-2021\/","title":{"rendered":"Atas Colegiado 2021"},"content":{"rendered":"<p><span style=\"font-family: 'andale mono', monospace;font-size: 12pt\"><strong>Atas das reuni\u00f5es ordin\u00e1rias do Colegiado do Curso de Engenharia Agr\u00edcola<\/strong><\/span><\/p>\n<p><span style=\"text-decoration: underline\"><span style=\"font-family: 'andale mono', monospace;font-size: 12pt;color: #800080;text-decoration: underline\"><a style=\"color: #800080;text-decoration: underline\" href=\"https:\/\/jandaiadosul.ufpr.br\/wp-content\/uploads\/2015\/02\/Ata-da-49a-Reuniao-Ordinaria-do-Colegiado-de-Agricola-aprovada-em-24.05.2021.pdf\">Ata da 49\u00aa Reuni\u00e3o Ordin\u00e1ria do Colegiado de Engenharia Agr\u00edcola, aprovada em 24\/05\/2021<\/a><\/span><\/span><\/p>\n<p><span style=\"text-decoration: underline\"><span style=\"font-family: 'andale mono', monospace;font-size: 12pt;color: #800080;text-decoration: underline\"><a style=\"color: #800080;text-decoration: underline\" href=\"https:\/\/jandaiadosul.ufpr.br\/wp-content\/uploads\/2015\/02\/Ata-da-50a-Reuniao-Ordinaria-do-Colegiado-de-Agricola-aprovada-em-03.12.2021.pdf\">Ata da 50\u00aa Reuni\u00e3o Ordin\u00e1ria do Colegiado de Engenharia Agr\u00edcola, aprovada em 03\/12\/2021<\/a><\/span><\/span><\/p>\n<p><span style=\"text-decoration: underline\"><span style=\"font-family: 'andale mono', monospace;font-size: 12pt;color: #800080;text-decoration: underline\"><a style=\"color: #800080;text-decoration: underline\" href=\"https:\/\/jandaiadosul.ufpr.br\/wp-content\/uploads\/2015\/02\/Ata-da-51a-Reuniao-Ordinaria-do-Colegiado-de-Agricola-aprovada-em-10.02.2022.pdf\">Ata da 51\u00aa Reuni\u00e3o Ordin\u00e1ria do Colegiado de Engenharia Agr\u00edcola, aprovada em 10\/02\/2022<\/a><\/span><\/span><\/p>\n<p>&nbsp;<\/p>\n<p><span style=\"font-family: 'andale mono', monospace;font-size: 12pt\"><strong>Atas das reuni\u00f5es extraordin\u00e1rias do Colegiado do Curso de Engenharia Agr\u00edcola<\/strong><\/span><\/p>\n<p><span style=\"text-decoration: underline;color: #800080\"><a style=\"color: #800080;text-decoration: underline\" href=\"https:\/\/jandaiadosul.ufpr.br\/wp-content\/uploads\/2015\/02\/Ata-da-41a-Reuniao-Extraordinaria-do-Colegiado-de-Agricola-aprovada-em-03.12.2021.pdf\"><span style=\"font-family: 'andale mono', monospace;font-size: 12pt\">Ata da 41\u00aa Reuni\u00e3o Extraordin\u00e1ria do Colegiado de Engenharia Agr\u00edcola, aprovada em 03\/12\/2021<\/span><\/a><\/span><\/p>\n<p><span style=\"text-decoration: underline;color: #800080\"><a style=\"color: #800080;text-decoration: underline\" href=\"https:\/\/jandaiadosul.ufpr.br\/wp-content\/uploads\/2015\/02\/Ata-da-42a-Reuniao-Extraordinaria-do-Colegiado-de-Agricola-aprovada-em-03.12.2021.pdf\"><span style=\"font-family: 'andale mono', monospace;font-size: 12pt\">Ata da 42\u00aa Reuni\u00e3o Extraordin\u00e1ria do Colegiado de Engenharia Agr\u00edcola, aprovada em 03\/12\/2021<\/span><\/a><\/span><\/p>\n<p><span style=\"text-decoration: underline;color: #800080\"><a style=\"color: #800080;text-decoration: underline\" href=\"https:\/\/jandaiadosul.ufpr.br\/wp-content\/uploads\/2015\/02\/Ata-da-43a-Reuniao-Extraordinaria-do-Colegiado-de-Agricola-aprovada-em-10.02.2022-1.pdf\"><span style=\"font-family: 'andale mono', monospace;font-size: 12pt\">Ata da 43\u00aa Reuni\u00e3o Extraordin\u00e1ria do Colegiado de Engenharia Agr\u00edcola, aprovada em 10\/02\/2022<\/span><\/a><\/span><\/p>\n<p><span style=\"text-decoration: underline;color: #800080\"><a style=\"color: #800080;text-decoration: underline\" href=\"https:\/\/jandaiadosul.ufpr.br\/wp-content\/uploads\/2015\/02\/Ata-da-44a-Reuniao-Extraordinaria-do-Colegiado-de-Agricola-aprovada-em-10.02.2022.pdf\"><span style=\"font-family: 'andale mono', monospace;font-size: 12pt\">Ata da 44\u00aa Reuni\u00e3o Extraordin\u00e1ria do Colegiado de Engenharia Agr\u00edcola, aprovada em 10\/02\/2022<\/span><\/a><\/span><\/p>\n<p><span style=\"text-decoration: underline;color: #800080\"><a style=\"color: #800080;text-decoration: underline\" href=\"https:\/\/jandaiadosul.ufpr.br\/wp-content\/uploads\/2015\/02\/Ata-da-45a-Reuniao-Extraordinaria-do-Colegiado-de-Agricola-aprovada-em-10.02.2022.pdf\"><span style=\"font-family: 'andale mono', monospace;font-size: 12pt\">Ata da 45\u00aa Reuni\u00e3o Extraordin\u00e1ria do Colegiado de Engenharia Agr\u00edcola, aprovada em 10\/02\/2022<\/span><\/a><\/span><\/p>\n<p>&nbsp;<\/p>\n<p style=\"text-align: left\"><strong><span style=\"font-family: 'andale mono', monospace;font-size: 12pt\">Acesse as atas das reuni\u00f5es de anos anteriores:<\/span><\/strong><\/p>\n<p style=\"text-align: left\"><span style=\"text-decoration: underline;color: #800080\"><span style=\"font-family: 'andale mono', monospace;font-size: 12pt\"><a style=\"color: #800080;text-decoration: underline\" href=\"https:\/\/jandaiadosul.ufpr.br\/engagricola\/atas-colegiado-2021\/\">2021<\/a> |\u00a0<a style=\"color: #800080;text-decoration: underline\" href=\"https:\/\/jandaiadosul.ufpr.br\/engagricola\/atas-colegiado-2020\/\">2020<\/a> |\u00a0<a style=\"color: #800080;text-decoration: underline\" href=\"https:\/\/jandaiadosul.ufpr.br\/engagricola\/atas-colegiado-2019\/\">2019<\/a> |\u00a0<a style=\"color: #800080;text-decoration: underline\" href=\"https:\/\/jandaiadosul.ufpr.br\/engagricola\/atas-colegiado-2018\/\">2018<\/a> |\u00a0<a style=\"color: #800080;text-decoration: underline\" href=\"https:\/\/jandaiadosul.ufpr.br\/engagricola\/atas-colegiado-2017\/\">2017<\/a> |\u00a0<a style=\"color: #800080;text-decoration: underline\" href=\"https:\/\/jandaiadosul.ufpr.br\/engagricola\/atas-colegiado-2016\/\">2016<\/a> |\u00a0<a style=\"color: #800080;text-decoration: underline\" href=\"https:\/\/jandaiadosul.ufpr.br\/engagricola\/atas-colegiado-2015\/\">2015<\/a> |\u00a0<a style=\"color: #800080;text-decoration: underline\" href=\"https:\/\/jandaiadosul.ufpr.br\/engagricola\/atas-colegiado-2014\/\">2014\u00a0<\/a><\/span><\/span><\/p>\n","protected":false},"excerpt":{"rendered":"<p>Atas das reuni\u00f5es ordin\u00e1rias do Colegiado do Curso de Engenharia Agr\u00edcola Ata da 49\u00aa Reuni\u00e3o Ordin\u00e1ria do Colegiado de Engenharia Agr\u00edcola, aprovada em 24\/05\/2021 Ata [&hellip;]<\/p>\n","protected":false},"author":3651,"featured_media":0,"parent":0,"menu_order":0,"comment_status":"closed","ping_status":"closed","template":"","meta":{"_acf_changed":false,"footnotes":""},"class_list":["post-76","page","type-page","status-publish","hentry"],"acf":[],"_links":{"self":[{"href":"https:\/\/jandaiadosul.ufpr.br\/engagricola\/wp-json\/wp\/v2\/pages\/76","targetHints":{"allow":["GET"]}}],"collection":[{"href":"https:\/\/jandaiadosul.ufpr.br\/engagricola\/wp-json\/wp\/v2\/pages"}],"about":[{"href":"https:\/\/jandaiadosul.ufpr.br\/engagricola\/wp-json\/wp\/v2\/types\/page"}],"author":[{"embeddable":true,"href":"https:\/\/jandaiadosul.ufpr.br\/engagricola\/wp-json\/wp\/v2\/users\/3651"}],"replies":[{"embeddable":true,"href":"https:\/\/jandaiadosul.ufpr.br\/engagricola\/wp-json\/wp\/v2\/comments?post=76"}],"version-history":[{"count":4,"href":"https:\/\/jandaiadosul.ufpr.br\/engagricola\/wp-json\/wp\/v2\/pages\/76\/revisions"}],"predecessor-version":[{"id":155,"href":"https:\/\/jandaiadosul.ufpr.br\/engagricola\/wp-json\/wp\/v2\/pages\/76\/revisions\/155"}],"wp:attachment":[{"href":"https:\/\/jandaiadosul.ufpr.br\/engagricola\/wp-json\/wp\/v2\/media?parent=76"}],"curies":[{"name":"wp","href":"https:\/\/api.w.org\/{rel}","templated":true}]}}