{"id":74,"date":"2023-01-20T12:06:20","date_gmt":"2023-01-20T15:06:20","guid":{"rendered":"https:\/\/jandaiadosul.ufpr.br\/engagricola\/?page_id=74"},"modified":"2023-03-08T14:08:53","modified_gmt":"2023-03-08T17:08:53","slug":"atas-colegiado-2020","status":"publish","type":"page","link":"https:\/\/jandaiadosul.ufpr.br\/engagricola\/atas-colegiado-2020\/","title":{"rendered":"Atas Colegiado 2020"},"content":{"rendered":"<p><span style=\"font-family: 'andale mono', monospace;font-size: 12pt\"><strong>Atas das reuni\u00f5es ordin\u00e1rias do Colegiado do Curso de Engenharia Agr\u00edcola<\/strong><\/span><\/p>\n<p><span style=\"text-decoration: underline\"><span style=\"font-family: 'andale mono', monospace;font-size: 12pt;color: #800080;text-decoration: underline\"><a style=\"color: #800080;text-decoration: underline\" href=\"https:\/\/jandaiadosul.ufpr.br\/wp-content\/uploads\/2021\/01\/ATA-da-quadragesima-sexta-reuniao-ordinaria-do-colegiado-de-Engenharia-de-Agricola-aprovada-em-30.06.2020.pdf\">Ata da 46\u00aa Reuni\u00e3o Ordin\u00e1ria do Colegiado de Engenharia Agr\u00edcola, aprovada em 30\/06\/2020<\/a><\/span><\/span><\/p>\n<p><span style=\"text-decoration: underline\"><span style=\"font-family: 'andale mono', monospace;font-size: 12pt;color: #800080;text-decoration: underline\"><a style=\"color: #800080;text-decoration: underline\" href=\"https:\/\/jandaiadosul.ufpr.br\/wp-content\/uploads\/2021\/01\/ATA-da-quadragesima-setima-reuniao-ordinaria-do-colegiado-de-Engenharia-de-Agricola-aprovada-em-18.12.2020.pdf\">Ata da 47\u00aa Reuni\u00e3o Ordin\u00e1ria do Colegiado de Engenharia Agr\u00edcola, aprovada em 18\/12\/2020<\/a><\/span><\/span><\/p>\n<p><span style=\"text-decoration: underline\"><span style=\"font-family: 'andale mono', monospace;font-size: 12pt;color: #800080;text-decoration: underline\"><a style=\"color: #800080;text-decoration: underline\" href=\"https:\/\/jandaiadosul.ufpr.br\/wp-content\/uploads\/2015\/02\/Ata-da-48a-Reuniao-Ordinaria-do-Colegiado-de-Agricola-aprovada-em-25.02.2021.pdf\">Ata da 48\u00aa Reuni\u00e3o Ordin\u00e1ria do Colegiado de Engenharia Agr\u00edcola, aprovada em 25\/02\/2021<\/a><\/span><\/span><\/p>\n<p>&nbsp;<\/p>\n<p><span style=\"font-family: 'andale mono', monospace;font-size: 12pt\"><strong>Atas das reuni\u00f5es extraordin\u00e1rias do Colegiado do Curso de Engenharia Agr\u00edcola<\/strong><\/span><\/p>\n<p><span style=\"text-decoration: underline;color: #800080\"><a style=\"color: #800080;text-decoration: underline\" href=\"https:\/\/jandaiadosul.ufpr.br\/wp-content\/uploads\/2021\/01\/ATA-da-trigesima-reuniao-extraordinaria-do-colegiado-de-Engenharia-de-Agricola-aprovada-em-30.06.2020.pdf\"><span style=\"font-family: 'andale mono', monospace;font-size: 12pt\">Ata da 30\u00aa Reuni\u00e3o Extraordin\u00e1ria do Colegiado de Engenharia Agr\u00edcola, aprovada em 06\/06\/2020<\/span><\/a><\/span><\/p>\n<p><span style=\"text-decoration: underline;color: #800080\"><a style=\"color: #800080;text-decoration: underline\" href=\"https:\/\/jandaiadosul.ufpr.br\/wp-content\/uploads\/2021\/01\/ATA-da-trigesima-primeira-reuniao-extraordinaria-do-colegiado-de-Engenharia-de-Agricola-aprovada-em-30.06.2020.pdf\"><span style=\"font-family: 'andale mono', monospace;font-size: 12pt\">Ata da 31\u00aa Reuni\u00e3o Extraordin\u00e1ria do Colegiado de Engenharia Agr\u00edcola, aprovada em 30\/06\/2020<\/span><\/a><\/span><\/p>\n<p><span style=\"text-decoration: underline;color: #800080\"><a style=\"color: #800080;text-decoration: underline\" href=\"https:\/\/jandaiadosul.ufpr.br\/wp-content\/uploads\/2021\/01\/ATA-da-trigesima-segunda-reuniao-extraordinaria-do-colegiado-de-Engenharia-de-Agricola-aprovada-em-30.06.2020.pdf\"><span style=\"font-family: 'andale mono', monospace;font-size: 12pt\">Ata da 32\u00aa Reuni\u00e3o Extraordin\u00e1ria do Colegiado de Engenharia Agr\u00edcola, aprovada em 30\/06\/2020<\/span><\/a><\/span><\/p>\n<p><span style=\"text-decoration: underline;color: #800080\"><a style=\"color: #800080;text-decoration: underline\" href=\"https:\/\/jandaiadosul.ufpr.br\/wp-content\/uploads\/2021\/01\/ATA-da-trigesima-terceira-reuniao-extraordinaria-do-colegiado-de-Engenharia-de-Agricola-aprovada-em-30.06.2020.pdf\"><span style=\"font-family: 'andale mono', monospace;font-size: 12pt\">Ata da 33\u00aa Reuni\u00e3o Extraordin\u00e1ria do Colegiado de Engenharia Agr\u00edcola, aprovada em 30\/06\/2020<\/span><\/a><\/span><\/p>\n<p><span style=\"text-decoration: underline;color: #800080\"><a style=\"color: #800080;text-decoration: underline\" href=\"https:\/\/jandaiadosul.ufpr.br\/wp-content\/uploads\/2021\/01\/ATA-da-trigesima-quarta-reuniao-extraordinaria-do-colegiado-de-Engenharia-de-Agricola-aprovada-em-30.06.2020.pdf\"><span style=\"font-family: 'andale mono', monospace;font-size: 12pt\">Ata da 34\u00aa Reuni\u00e3o Extraordin\u00e1ria do Colegiado de Engenharia Agr\u00edcola, aprovada em 30\/06\/2020<\/span><\/a><\/span><\/p>\n<p><span style=\"text-decoration: underline;color: #800080\"><a style=\"color: #800080;text-decoration: underline\" href=\"https:\/\/jandaiadosul.ufpr.br\/wp-content\/uploads\/2021\/01\/ATA-da-trigesima-quinta-reuniao-extraordinaria-do-colegiado-de-Engenharia-de-Agricola-aprovada-em-30.06.2020.pdf\"><span style=\"font-family: 'andale mono', monospace;font-size: 12pt\">Ata da 35\u00aa Reuni\u00e3o Extraordin\u00e1ria do Colegiado de Engenharia Agr\u00edcola, aprovada em 30\/06\/2020<\/span><\/a><\/span><\/p>\n<p><span style=\"text-decoration: underline;color: #800080\"><a style=\"color: #800080;text-decoration: underline\" href=\"https:\/\/jandaiadosul.ufpr.br\/wp-content\/uploads\/2021\/01\/ATA-da-trigesima-sexta-reuniao-extraordinaria-do-colegiado-de-Engenharia-de-Agricola-aprovada-em-18.12.2020.pdf\"><span style=\"font-family: 'andale mono', monospace;font-size: 12pt\">Ata da 36\u00aa Reuni\u00e3o Extraordin\u00e1ria do Colegiado de Engenharia Agr\u00edcola, aprovada em 18\/12\/2020<\/span><\/a><\/span><\/p>\n<p><span style=\"text-decoration: underline;color: #800080\"><a style=\"color: #800080;text-decoration: underline\" href=\"https:\/\/jandaiadosul.ufpr.br\/wp-content\/uploads\/2021\/01\/ATA-da-trigesima-setima-reuniao-extraordinaria-do-colegiado-de-Engenharia-de-Agricola-aprovada-em-18.12.2020.pdf\"><span style=\"font-family: 'andale mono', monospace;font-size: 12pt\">Ata da 37\u00aa Reuni\u00e3o Extraordin\u00e1ria do Colegiado de Engenharia Agr\u00edcola, aprovada em 18\/12\/2020<\/span><\/a><\/span><\/p>\n<p><span style=\"text-decoration: underline;color: #800080\"><a style=\"color: #800080;text-decoration: underline\" href=\"https:\/\/jandaiadosul.ufpr.br\/wp-content\/uploads\/2021\/01\/ATA-da-trigesima-oitava-reuniao-extraordinaria-do-colegiado-de-Engenharia-de-Agricola-aprovada-em-18.12.2020.pdf\"><span style=\"font-family: 'andale mono', monospace;font-size: 12pt\">Ata da 38\u00aa Reuni\u00e3o Extraordin\u00e1ria do Colegiado de Engenharia Agr\u00edcola, aprovada em 18\/12\/2020<\/span><\/a><\/span><\/p>\n<p><span style=\"text-decoration: underline;color: #800080\"><a style=\"color: #800080;text-decoration: underline\" href=\"https:\/\/jandaiadosul.ufpr.br\/wp-content\/uploads\/2021\/01\/ATA-da-trigesima-nona-reuniao-extraordinaria-do-colegiado-de-Engenharia-de-Agricola-aprovada-em-18.12.2020.pdf\"><span style=\"font-family: 'andale mono', monospace;font-size: 12pt\">Ata da 39\u00aa Reuni\u00e3o Extraordin\u00e1ria do Colegiado de Engenharia Agr\u00edcola, aprovada em 18\/12\/2020<\/span><\/a><\/span><\/p>\n<p><span style=\"text-decoration: underline;color: #800080\"><a style=\"color: #800080;text-decoration: underline\" href=\"https:\/\/jandaiadosul.ufpr.br\/wp-content\/uploads\/2015\/02\/Ata-da-48a-Reuniao-Ordinaria-do-Colegiado-de-Agricola-aprovada-em-25.02.2021.pdf\"><span style=\"font-family: 'andale mono', monospace;font-size: 12pt\">Ata da 40\u00aa Reuni\u00e3o Extraordin\u00e1ria do Colegiado de Engenharia Agr\u00edcola, aprovada em 25\/02\/2021<\/span><\/a><\/span><\/p>\n<p>&nbsp;<\/p>\n<p style=\"text-align: left\"><strong><span style=\"font-family: 'andale mono', monospace;font-size: 12pt\">Acesse as atas das reuni\u00f5es de anos anteriores:<\/span><\/strong><\/p>\n<p style=\"text-align: left\"><span style=\"text-decoration: underline;color: #800080\"><span style=\"font-family: 'andale mono', monospace;font-size: 12pt\"><a style=\"color: #800080;text-decoration: underline\" href=\"https:\/\/jandaiadosul.ufpr.br\/engagricola\/atas-colegiado-2021\/\">2021<\/a> |\u00a0<a style=\"color: #800080;text-decoration: underline\" href=\"https:\/\/jandaiadosul.ufpr.br\/engagricola\/atas-colegiado-2020\/\">2020<\/a> |\u00a0<a style=\"color: #800080;text-decoration: underline\" href=\"https:\/\/jandaiadosul.ufpr.br\/engagricola\/atas-colegiado-2019\/\">2019<\/a> |\u00a0<a style=\"color: #800080;text-decoration: underline\" href=\"https:\/\/jandaiadosul.ufpr.br\/engagricola\/atas-colegiado-2018\/\">2018<\/a> |\u00a0<a style=\"color: #800080;text-decoration: underline\" href=\"https:\/\/jandaiadosul.ufpr.br\/engagricola\/atas-colegiado-2017\/\">2017<\/a> |\u00a0<a style=\"color: #800080;text-decoration: underline\" href=\"https:\/\/jandaiadosul.ufpr.br\/engagricola\/atas-colegiado-2016\/\">2016<\/a> |\u00a0<a style=\"color: #800080;text-decoration: underline\" href=\"https:\/\/jandaiadosul.ufpr.br\/engagricola\/atas-colegiado-2015\/\">2015<\/a> |\u00a0<a style=\"color: #800080;text-decoration: underline\" href=\"https:\/\/jandaiadosul.ufpr.br\/engagricola\/atas-colegiado-2014\/\">2014\u00a0<\/a><\/span><\/span><\/p>\n","protected":false},"excerpt":{"rendered":"<p>Atas das reuni\u00f5es ordin\u00e1rias do Colegiado do Curso de Engenharia Agr\u00edcola Ata da 46\u00aa Reuni\u00e3o Ordin\u00e1ria do Colegiado de Engenharia Agr\u00edcola, aprovada em 30\/06\/2020 Ata [&hellip;]<\/p>\n","protected":false},"author":3651,"featured_media":0,"parent":0,"menu_order":0,"comment_status":"closed","ping_status":"closed","template":"","meta":{"_acf_changed":false,"footnotes":""},"class_list":["post-74","page","type-page","status-publish","hentry"],"acf":[],"_links":{"self":[{"href":"https:\/\/jandaiadosul.ufpr.br\/engagricola\/wp-json\/wp\/v2\/pages\/74","targetHints":{"allow":["GET"]}}],"collection":[{"href":"https:\/\/jandaiadosul.ufpr.br\/engagricola\/wp-json\/wp\/v2\/pages"}],"about":[{"href":"https:\/\/jandaiadosul.ufpr.br\/engagricola\/wp-json\/wp\/v2\/types\/page"}],"author":[{"embeddable":true,"href":"https:\/\/jandaiadosul.ufpr.br\/engagricola\/wp-json\/wp\/v2\/users\/3651"}],"replies":[{"embeddable":true,"href":"https:\/\/jandaiadosul.ufpr.br\/engagricola\/wp-json\/wp\/v2\/comments?post=74"}],"version-history":[{"count":5,"href":"https:\/\/jandaiadosul.ufpr.br\/engagricola\/wp-json\/wp\/v2\/pages\/74\/revisions"}],"predecessor-version":[{"id":154,"href":"https:\/\/jandaiadosul.ufpr.br\/engagricola\/wp-json\/wp\/v2\/pages\/74\/revisions\/154"}],"wp:attachment":[{"href":"https:\/\/jandaiadosul.ufpr.br\/engagricola\/wp-json\/wp\/v2\/media?parent=74"}],"curies":[{"name":"wp","href":"https:\/\/api.w.org\/{rel}","templated":true}]}}