{"id":724,"date":"2024-11-05T13:51:26","date_gmt":"2024-11-05T16:51:26","guid":{"rendered":"https:\/\/jandaiadosul.ufpr.br\/engagricola\/?page_id=724"},"modified":"2025-04-25T09:14:16","modified_gmt":"2025-04-25T12:14:16","slug":"atas-colegiado-2","status":"publish","type":"page","link":"https:\/\/jandaiadosul.ufpr.br\/engagricola\/atas-colegiado-2\/","title":{"rendered":"Atas Colegiado \u2013 Ano vigente"},"content":{"rendered":"<p><span style=\"font-family: 'andale mono', monospace;font-size: 12pt\"><strong>Atas das reuni\u00f5es ordin\u00e1rias do Colegiado do Curso de Engenharia Agr\u00edcola<\/strong><\/span><\/p>\n<p>&nbsp;<\/p>\n<p>&nbsp;<\/p>\n<p><span style=\"font-family: 'andale mono', monospace;font-size: 12pt\"><strong>Atas das reuni\u00f5es extraordin\u00e1rias do Colegiado do Curso de Engenharia Agr\u00edcola<\/strong><\/span><\/p>\n<p>&nbsp;<\/p>\n<p>&nbsp;<\/p>\n<p style=\"text-align: left\"><strong><span style=\"font-family: 'andale mono', monospace;font-size: 12pt\">Acesse as atas das reuni\u00f5es de anos anteriores:<\/span><\/strong><\/p>\n<p style=\"text-align: left\"><span style=\"text-decoration: underline;color: #800080\"><span style=\"font-family: 'andale mono', monospace;font-size: 12pt\"><span style=\"color: #800080;text-decoration: underline\"><a style=\"color: #800080;text-decoration: underline\" href=\"https:\/\/jandaiadosul.ufpr.br\/engagricola\/atas-colegiado-3\/\">2024<\/a><a style=\"color: #800080;text-decoration: underline\" href=\"https:\/\/jandaiadosul.ufpr.br\/engagricola\/atas-do-colegiado\/\">\u00a0|2023<\/a>\u00a0<\/span>| <a style=\"color: #800080;text-decoration: underline\" href=\"https:\/\/jandaiadosul.ufpr.br\/engagricola\/atas-colegiado\/\">2022<\/a>\u00a0|<a style=\"color: #800080;text-decoration: underline\" href=\"https:\/\/jandaiadosul.ufpr.br\/engagricola\/atas-colegiado-2021\/\">2021<\/a> |\u00a0<a style=\"color: #800080;text-decoration: underline\" href=\"https:\/\/jandaiadosul.ufpr.br\/engagricola\/atas-colegiado-2020\/\">2020<\/a> |\u00a0<a style=\"color: #800080;text-decoration: underline\" href=\"https:\/\/jandaiadosul.ufpr.br\/engagricola\/atas-colegiado-2019\/\">2019<\/a> |\u00a0<a style=\"color: #800080;text-decoration: underline\" href=\"https:\/\/jandaiadosul.ufpr.br\/engagricola\/atas-colegiado-2018\/\">2018<\/a> |\u00a0<a style=\"color: #800080;text-decoration: underline\" href=\"https:\/\/jandaiadosul.ufpr.br\/engagricola\/atas-colegiado-2017\/\">2017<\/a> |\u00a0<a style=\"color: #800080;text-decoration: underline\" href=\"https:\/\/jandaiadosul.ufpr.br\/engagricola\/atas-colegiado-2016\/\">2016<\/a> |\u00a0<a style=\"color: #800080;text-decoration: underline\" href=\"https:\/\/jandaiadosul.ufpr.br\/engagricola\/atas-colegiado-2015\/\">2015<\/a> |\u00a0<a style=\"color: #800080;text-decoration: underline\" href=\"https:\/\/jandaiadosul.ufpr.br\/engagricola\/atas-colegiado-2014\/\">2014\u00a0<\/a><\/span><\/span><\/p>\n","protected":false},"excerpt":{"rendered":"<p>Atas das reuni\u00f5es ordin\u00e1rias do Colegiado do Curso de Engenharia Agr\u00edcola &nbsp; &nbsp; Atas das reuni\u00f5es extraordin\u00e1rias do Colegiado do Curso de Engenharia Agr\u00edcola &nbsp; [&hellip;]<\/p>\n","protected":false},"author":3651,"featured_media":0,"parent":0,"menu_order":0,"comment_status":"closed","ping_status":"closed","template":"","meta":{"_acf_changed":false,"footnotes":""},"class_list":["post-724","page","type-page","status-publish","hentry"],"acf":[],"_links":{"self":[{"href":"https:\/\/jandaiadosul.ufpr.br\/engagricola\/wp-json\/wp\/v2\/pages\/724","targetHints":{"allow":["GET"]}}],"collection":[{"href":"https:\/\/jandaiadosul.ufpr.br\/engagricola\/wp-json\/wp\/v2\/pages"}],"about":[{"href":"https:\/\/jandaiadosul.ufpr.br\/engagricola\/wp-json\/wp\/v2\/types\/page"}],"author":[{"embeddable":true,"href":"https:\/\/jandaiadosul.ufpr.br\/engagricola\/wp-json\/wp\/v2\/users\/3651"}],"replies":[{"embeddable":true,"href":"https:\/\/jandaiadosul.ufpr.br\/engagricola\/wp-json\/wp\/v2\/comments?post=724"}],"version-history":[{"count":11,"href":"https:\/\/jandaiadosul.ufpr.br\/engagricola\/wp-json\/wp\/v2\/pages\/724\/revisions"}],"predecessor-version":[{"id":737,"href":"https:\/\/jandaiadosul.ufpr.br\/engagricola\/wp-json\/wp\/v2\/pages\/724\/revisions\/737"}],"wp:attachment":[{"href":"https:\/\/jandaiadosul.ufpr.br\/engagricola\/wp-json\/wp\/v2\/media?parent=724"}],"curies":[{"name":"wp","href":"https:\/\/api.w.org\/{rel}","templated":true}]}}