{"id":70,"date":"2023-01-20T12:06:07","date_gmt":"2023-01-20T15:06:07","guid":{"rendered":"https:\/\/jandaiadosul.ufpr.br\/engagricola\/?page_id=70"},"modified":"2023-03-08T14:08:42","modified_gmt":"2023-03-08T17:08:42","slug":"atas-colegiado-2018","status":"publish","type":"page","link":"https:\/\/jandaiadosul.ufpr.br\/engagricola\/atas-colegiado-2018\/","title":{"rendered":"Atas Colegiado 2018"},"content":{"rendered":"<p><span style=\"font-family: 'andale mono', monospace;font-size: 12pt\"><strong>Atas das reuni\u00f5es ordin\u00e1rias do Colegiado do Curso de Engenharia Agr\u00edcola<\/strong><\/span><\/p>\n<p><span style=\"text-decoration: underline\"><span style=\"font-family: 'andale mono', monospace;font-size: 12pt;color: #800080;text-decoration: underline\"><a style=\"color: #800080;text-decoration: underline\" href=\"https:\/\/jandaiadosul.ufpr.br\/wp-content\/uploads\/2018\/05\/ATA-da-trig%C3%A9sima-terceira-reuni%C3%A3o-ordin%C3%A1ria-do-colegiado-do-curso-de-Enegnharia-Agr%C3%ADcola-aprovada-em-25.04.2018.pdf\">Ata da 33\u00aa Reuni\u00e3o Ordin\u00e1ria do Colegiado de Engenharia Agr\u00edcola, aprovada em 25\/04\/2018<\/a><\/span><\/span><\/p>\n<p><span style=\"text-decoration: underline\"><span style=\"font-family: 'andale mono', monospace;font-size: 12pt;color: #800080;text-decoration: underline\"><a style=\"color: #800080;text-decoration: underline\" href=\"https:\/\/jandaiadosul.ufpr.br\/wp-content\/uploads\/2018\/11\/ATA-da-trig%C3%A9sima-quarta-reuni%C3%A3o-ordin%C3%A1ria-do-colegiado-do-curso-de-Engenharia-Agr%C3%ADcola-aprovada-em-25.05.2018..pdf\">Ata da 34\u00aa Reuni\u00e3o Ordin\u00e1ria do Colegiado de Engenharia Agr\u00edcola, aprovada em 25\/05\/2018<\/a><\/span><\/span><\/p>\n<p><span style=\"text-decoration: underline\"><span style=\"font-family: 'andale mono', monospace;font-size: 12pt;color: #800080;text-decoration: underline\"><a style=\"color: #800080;text-decoration: underline\" href=\"https:\/\/jandaiadosul.ufpr.br\/wp-content\/uploads\/2018\/11\/ATA-da-trig%C3%A9sima-quinta-reuni%C3%A3o-ordin%C3%A1ria-do-colegiado-do-curso-de-Engenharia-Agr%C3%ADcola-aprovada-em-28.06.2018..pdf\">Ata da 35\u00aa Reuni\u00e3o Ordin\u00e1ria do Colegiado de Engenharia Agr\u00edcola, aprovada em 28\/06\/2018<\/a><\/span><\/span><\/p>\n<p><span style=\"text-decoration: underline\"><span style=\"font-family: 'andale mono', monospace;font-size: 12pt;color: #800080;text-decoration: underline\"><a style=\"color: #800080;text-decoration: underline\" href=\"https:\/\/jandaiadosul.ufpr.br\/wp-content\/uploads\/2018\/11\/ATA-da-trig%C3%A9sima-sexta-reuni%C3%A3o-ordin%C3%A1ria-do-colegiado-do-curso-de-Engenharia-Agr%C3%ADcola-aprovada-em-14.08.2018..pdf\">Ata da 36\u00aa Reuni\u00e3o Ordin\u00e1ria do Colegiado de Engenharia Agr\u00edcola, aprovada em 14\/08\/2018<\/a><\/span><\/span><\/p>\n<p><span style=\"text-decoration: underline\"><span style=\"font-family: 'andale mono', monospace;font-size: 12pt;color: #800080;text-decoration: underline\"><a style=\"color: #800080;text-decoration: underline\" href=\"https:\/\/jandaiadosul.ufpr.br\/wp-content\/uploads\/2019\/07\/ATA-da-trig%C3%A9sima-s%C3%A9tima-reuni%C3%A3o-ordin%C3%A1ria-do-colegiado-do-curso-de-Engenharia-Agr%C3%ADcola-aprovada-em-05.11.20181.pdf\">Ata da 37\u00aa Reuni\u00e3o Ordin\u00e1ria do Colegiado de Engenharia Agr\u00edcola, aprovada em 05\/11\/2018<\/a><\/span><\/span><\/p>\n<p><span style=\"text-decoration: underline\"><span style=\"font-family: 'andale mono', monospace;font-size: 12pt;color: #800080;text-decoration: underline\"><a style=\"color: #800080;text-decoration: underline\" href=\"https:\/\/jandaiadosul.ufpr.br\/wp-content\/uploads\/2019\/07\/ATA-da-trig%C3%A9sima-oitava-reuni%C3%A3o-ordin%C3%A1ria-do-colegiado-do-curso-de-Engenharia-Agr%C3%ADcola-aprovada-em-19.12.2018-compactado.pdf\">Ata da 38\u00aa Reuni\u00e3o Ordin\u00e1ria do Colegiado de Engenharia Agr\u00edcola, aprovada em 19\/12\/2018<\/a><\/span><\/span><\/p>\n<p><span style=\"text-decoration: underline\"><span style=\"font-family: 'andale mono', monospace;font-size: 12pt;color: #800080;text-decoration: underline\"><a style=\"color: #800080;text-decoration: underline\" href=\"https:\/\/jandaiadosul.ufpr.br\/wp-content\/uploads\/2015\/02\/ATA-da-trig%C3%A9sima-nona-reuni%C3%A3o-ordin%C3%A1ria-do-colegiado-do-curso-de-Engenharia-Agr%C3%ADcola-aprovada-em-18.03.2019.pdf\">Ata da 39\u00aa Reuni\u00e3o Ordin\u00e1ria do Colegiado de Engenharia Agr\u00edcola, aprovada em 18\/03\/2019<\/a><\/span><\/span><\/p>\n<p>&nbsp;<\/p>\n<p><span style=\"font-family: 'andale mono', monospace;font-size: 12pt\"><strong>Atas das reuni\u00f5es extraordin\u00e1rias do Colegiado do Curso de Engenharia Agr\u00edcola<\/strong><\/span><\/p>\n<p><span style=\"text-decoration: underline;color: #800080\"><a style=\"color: #800080;text-decoration: underline\" href=\"https:\/\/jandaiadosul.ufpr.br\/wp-content\/uploads\/2018\/03\/ATA-da-vig%C3%A9sima-primeira-reuni%C3%A3o-extraordin%C3%A1ria-do-colegiado-do-curso-de-Engenharia-Agr%C3%ADcola-aprovada-em-26.02.2018..pdf\"><span style=\"font-family: 'andale mono', monospace;font-size: 12pt\">Ata da 21\u00aa Reuni\u00e3o Extraordin\u00e1ria do Colegiado de Engenharia Agr\u00edcola, aprovada em 26\/02\/2018<\/span><\/a><\/span><\/p>\n<p><span style=\"text-decoration: underline;color: #800080\"><a style=\"color: #800080;text-decoration: underline\" href=\"https:\/\/jandaiadosul.ufpr.br\/wp-content\/uploads\/2018\/05\/ATA-da-vig%C3%A9sima-segunda-reuni%C3%A3o-extraordin%C3%A1ria-do-colegiado-do-curso-de-Engenharia-Agr%C3%ADcola-aprovada-em-25.04.2018.pdf\"><span style=\"font-family: 'andale mono', monospace;font-size: 12pt\">Ata da 22\u00aa Reuni\u00e3o Extraordin\u00e1ria do Colegiado de Engenharia Agr\u00edcola, aprovada em 25\/04\/2018<\/span><\/a><\/span><\/p>\n<p><span style=\"text-decoration: underline;color: #800080\"><a style=\"color: #800080;text-decoration: underline\" href=\"https:\/\/jandaiadosul.ufpr.br\/wp-content\/uploads\/2018\/05\/ATA-da-vig%C3%A9sima-terceira-reuni%C3%A3o-extraordin%C3%A1ria-do-colegiado-do-curso-de-Engenharia-Agr%C3%ADcola-aprovada-em-25.04.2018.pdf\"><span style=\"font-family: 'andale mono', monospace;font-size: 12pt\">Ata da 23\u00aa Reuni\u00e3o Extraordin\u00e1ria do Colegiado de Engenharia Agr\u00edcola, aprovada em 25\/04\/2018<\/span><\/a><\/span><\/p>\n<p><span style=\"text-decoration: underline;color: #800080\"><a style=\"color: #800080;text-decoration: underline\" href=\"https:\/\/jandaiadosul.ufpr.br\/wp-content\/uploads\/2018\/11\/ATA-da-vig%C3%A9sima-quarta-reuni%C3%A3o-ordin%C3%A1ria-do-colegiado-do-curso-de-Engenharia-Agr%C3%ADcola-aprovada-em-14.08.2018..pdf\"><span style=\"font-family: 'andale mono', monospace;font-size: 12pt\">Ata da 24\u00aa Reuni\u00e3o Extraordin\u00e1ria do Colegiado de Engenharia Agr\u00edcola, aprovada em 14\/08\/2018<\/span><\/a><\/span><\/p>\n<p><span style=\"text-decoration: underline;color: #800080\"><a style=\"color: #800080;text-decoration: underline\" href=\"https:\/\/jandaiadosul.ufpr.br\/wp-content\/uploads\/2018\/11\/ATA-da-vig%C3%A9sima-quinta-reuni%C3%A3o-ordin%C3%A1ria-do-colegiado-do-curso-de-Engenharia-Agr%C3%ADcola-aprovada-em-14.08.2018..pdf\"><span style=\"font-family: 'andale mono', monospace;font-size: 12pt\">Ata da 25\u00aa Reuni\u00e3o Extraordin\u00e1ria do Colegiado de Engenharia Agr\u00edcola, aprovada em 14\/08\/2018<\/span><\/a><\/span><\/p>\n<p><span style=\"text-decoration: underline;color: #800080\"><a style=\"color: #800080;text-decoration: underline\" href=\"https:\/\/jandaiadosul.ufpr.br\/wp-content\/uploads\/2015\/02\/ATA-da-vig%C3%A9sima-sexta-reuni%C3%A3o-extraordin%C3%A1ria-do-colegiado-do-curso-de-Engenharia-Agr%C3%ADcola-aprovada-em-19.12.2018.pdf\"><span style=\"font-family: 'andale mono', monospace;font-size: 12pt\">Ata da 26\u00aa Reuni\u00e3o Extraordin\u00e1ria do Colegiado de Engenharia Agr\u00edcola, aprovada em 19\/12\/2018<\/span><\/a><\/span><\/p>\n<p><span style=\"text-decoration: underline;color: #800080\"><a style=\"color: #800080;text-decoration: underline\" href=\"https:\/\/jandaiadosul.ufpr.br\/wp-content\/uploads\/2015\/02\/ATA-da-vig%C3%A9sima-s%C3%A9tima-reuni%C3%A3o-extraordin%C3%A1ria-do-colegiado-do-curso-de-Engenharia-Agr%C3%ADcola-aprovada-em-19.12.2018.pdf\"><span style=\"font-family: 'andale mono', monospace;font-size: 12pt\">Ata da 27\u00aa Reuni\u00e3o Extraordin\u00e1ria do Colegiado de Engenharia Agr\u00edcola, aprovada em 19\/12\/2018<\/span><\/a><\/span><\/p>\n<p>&nbsp;<\/p>\n<p style=\"text-align: left\"><strong><span style=\"font-family: 'andale mono', monospace;font-size: 12pt\">Acesse as atas das reuni\u00f5es de anos anteriores:<\/span><\/strong><\/p>\n<p style=\"text-align: left\"><span style=\"text-decoration: underline;color: #800080\"><span style=\"font-family: 'andale mono', monospace;font-size: 12pt\"><a style=\"color: #800080;text-decoration: underline\" href=\"https:\/\/jandaiadosul.ufpr.br\/engagricola\/atas-colegiado-2021\/\">2021<\/a> |\u00a0<a style=\"color: #800080;text-decoration: underline\" href=\"https:\/\/jandaiadosul.ufpr.br\/engagricola\/atas-colegiado-2020\/\">2020<\/a> |\u00a0<a style=\"color: #800080;text-decoration: underline\" href=\"https:\/\/jandaiadosul.ufpr.br\/engagricola\/atas-colegiado-2019\/\">2019<\/a> |\u00a0<a style=\"color: #800080;text-decoration: underline\" href=\"https:\/\/jandaiadosul.ufpr.br\/engagricola\/atas-colegiado-2018\/\">2018<\/a> |\u00a0<a style=\"color: #800080;text-decoration: underline\" href=\"https:\/\/jandaiadosul.ufpr.br\/engagricola\/atas-colegiado-2017\/\">2017<\/a> |\u00a0<a style=\"color: #800080;text-decoration: underline\" href=\"https:\/\/jandaiadosul.ufpr.br\/engagricola\/atas-colegiado-2016\/\">2016<\/a> |\u00a0<a style=\"color: #800080;text-decoration: underline\" href=\"https:\/\/jandaiadosul.ufpr.br\/engagricola\/atas-colegiado-2015\/\">2015<\/a> |\u00a0<a style=\"color: #800080;text-decoration: underline\" href=\"https:\/\/jandaiadosul.ufpr.br\/engagricola\/atas-colegiado-2014\/\">2014\u00a0<\/a><\/span><\/span><\/p>\n","protected":false},"excerpt":{"rendered":"<p>Atas das reuni\u00f5es ordin\u00e1rias do Colegiado do Curso de Engenharia Agr\u00edcola Ata da 33\u00aa Reuni\u00e3o Ordin\u00e1ria do Colegiado de Engenharia Agr\u00edcola, aprovada em 25\/04\/2018 Ata [&hellip;]<\/p>\n","protected":false},"author":3651,"featured_media":0,"parent":0,"menu_order":0,"comment_status":"closed","ping_status":"closed","template":"","meta":{"_acf_changed":false,"footnotes":""},"class_list":["post-70","page","type-page","status-publish","hentry"],"acf":[],"_links":{"self":[{"href":"https:\/\/jandaiadosul.ufpr.br\/engagricola\/wp-json\/wp\/v2\/pages\/70","targetHints":{"allow":["GET"]}}],"collection":[{"href":"https:\/\/jandaiadosul.ufpr.br\/engagricola\/wp-json\/wp\/v2\/pages"}],"about":[{"href":"https:\/\/jandaiadosul.ufpr.br\/engagricola\/wp-json\/wp\/v2\/types\/page"}],"author":[{"embeddable":true,"href":"https:\/\/jandaiadosul.ufpr.br\/engagricola\/wp-json\/wp\/v2\/users\/3651"}],"replies":[{"embeddable":true,"href":"https:\/\/jandaiadosul.ufpr.br\/engagricola\/wp-json\/wp\/v2\/comments?post=70"}],"version-history":[{"count":5,"href":"https:\/\/jandaiadosul.ufpr.br\/engagricola\/wp-json\/wp\/v2\/pages\/70\/revisions"}],"predecessor-version":[{"id":152,"href":"https:\/\/jandaiadosul.ufpr.br\/engagricola\/wp-json\/wp\/v2\/pages\/70\/revisions\/152"}],"wp:attachment":[{"href":"https:\/\/jandaiadosul.ufpr.br\/engagricola\/wp-json\/wp\/v2\/media?parent=70"}],"curies":[{"name":"wp","href":"https:\/\/api.w.org\/{rel}","templated":true}]}}