{"id":66,"date":"2023-01-20T12:05:54","date_gmt":"2023-01-20T15:05:54","guid":{"rendered":"https:\/\/jandaiadosul.ufpr.br\/engagricola\/?page_id=66"},"modified":"2023-03-08T14:08:33","modified_gmt":"2023-03-08T17:08:33","slug":"atas-colegiado-2016","status":"publish","type":"page","link":"https:\/\/jandaiadosul.ufpr.br\/engagricola\/atas-colegiado-2016\/","title":{"rendered":"Atas Colegiado 2016"},"content":{"rendered":"<p><span style=\"font-family: 'andale mono', monospace;font-size: 12pt\"><strong>Atas das reuni\u00f5es ordin\u00e1rias do Colegiado do Curso de Engenharia Agr\u00edcola<\/strong><\/span><\/p>\n<p><span style=\"text-decoration: underline\"><span style=\"font-family: 'andale mono', monospace;font-size: 12pt;color: #800080;text-decoration: underline\"><a style=\"color: #800080;text-decoration: underline\" href=\"https:\/\/jandaiadosul.ufpr.br\/wp-content\/uploads\/2015\/02\/ATA-da-d%C3%A9cima-quinta-reuni%C3%A3o-ordin%C3%A1ria-do-colegiado-do-curso-de-Engenharia-Agr%C3%ADcola-aprovada-em-28.03.2016.pdf\">Ata da 15\u00aa Reuni\u00e3o Ordin\u00e1ria do Colegiado de Engenharia Agr\u00edcola, aprovada em 28\/03\/2016<\/a><\/span><\/span><\/p>\n<p><span style=\"text-decoration: underline\"><span style=\"font-family: 'andale mono', monospace;font-size: 12pt;color: #800080;text-decoration: underline\"><a style=\"color: #800080;text-decoration: underline\" href=\"https:\/\/jandaiadosul.ufpr.br\/wp-content\/uploads\/2015\/02\/ATA-da-d%C3%A9cima-sexta-reuni%C3%A3o-ordin%C3%A1ria-do-colegiado-do-curso-de-Engenharia-Agr%C3%ADcola-aprovada-em-26.04.2016.pdf\">Ata da 16\u00aa Reuni\u00e3o Ordin\u00e1ria do Colegiado de Engenharia Agr\u00edcola, aprovada em 26\/04\/2016<\/a><\/span><\/span><\/p>\n<p><span style=\"text-decoration: underline\"><span style=\"font-family: 'andale mono', monospace;font-size: 12pt;color: #800080;text-decoration: underline\"><a style=\"color: #800080;text-decoration: underline\" href=\"https:\/\/jandaiadosul.ufpr.br\/wp-content\/uploads\/2015\/02\/ATA-da-d%C3%A9cima-s%C3%A9tima-reuni%C3%A3o-ordin%C3%A1ria-do-colegiado-do-curso-de-Engenharia-Agr%C3%ADcola-aprovada-em-25.05.2016.pdf\">Ata da 17\u00aa Reuni\u00e3o Ordin\u00e1ria do Colegiado de Engenharia Agr\u00edcola, aprovada em 25\/05\/2016<\/a><\/span><\/span><\/p>\n<p><span style=\"text-decoration: underline\"><span style=\"font-family: 'andale mono', monospace;font-size: 12pt;color: #800080;text-decoration: underline\"><a style=\"color: #800080;text-decoration: underline\" href=\"https:\/\/jandaiadosul.ufpr.br\/wp-content\/uploads\/2015\/02\/ATA-da-d%C3%A9cima-oitava-reuni%C3%A3o-ordin%C3%A1ria-do-colegiado-do-curso-de-Engenharia-Agr%C3%ADcola-aprovada-em-30.06.2016.pdf\">Ata da 18\u00aa Reuni\u00e3o Ordin\u00e1ria do Colegiado de Engenharia Agr\u00edcola, aprovada em 30\/06\/2016<\/a><\/span><\/span><\/p>\n<p><span style=\"text-decoration: underline\"><span style=\"font-family: 'andale mono', monospace;font-size: 12pt;color: #800080;text-decoration: underline\"><a style=\"color: #800080;text-decoration: underline\" href=\"https:\/\/jandaiadosul.ufpr.br\/wp-content\/uploads\/2016\/11\/ATA-da-d%C3%A9cima-nona-reuni%C3%A3o-ordin%C3%A1ria-do-colegiado-do-curso-de-Engenharia-Agr%C3%ADcola-aprovada-em-29.08.2016.pdf\">Ata da 19\u00aa Reuni\u00e3o Ordin\u00e1ria do Colegiado de Engenharia Agr\u00edcola, aprovada em 29\/08\/2016<\/a><\/span><\/span><\/p>\n<p><span style=\"text-decoration: underline\"><span style=\"font-family: 'andale mono', monospace;font-size: 12pt;color: #800080;text-decoration: underline\"><a style=\"color: #800080;text-decoration: underline\" href=\"https:\/\/jandaiadosul.ufpr.br\/wp-content\/uploads\/2016\/11\/ATA-da-vig%C3%A9sima-reuni%C3%A3o-ordin%C3%A1ria-do-colegiado-do-curso-de-Engenharia-Agr%C3%ADcola-aprovada-em-30.09.2016.pdf\">Ata da 20\u00aa Reuni\u00e3o Ordin\u00e1ria do Colegiado de Engenharia Agr\u00edcola, aprovada em 30\/09\/2016<\/a><\/span><\/span><\/p>\n<p><span style=\"text-decoration: underline\"><span style=\"font-family: 'andale mono', monospace;font-size: 12pt;color: #800080;text-decoration: underline\"><a style=\"color: #800080;text-decoration: underline\" href=\"https:\/\/jandaiadosul.ufpr.br\/wp-content\/uploads\/2016\/11\/ATA-da-vig%C3%A9sima-primeira-reuni%C3%A3o-ordin%C3%A1ria-do-colegiado-do-curso-de-Engenharia-Agr%C3%ADcola-aprovada-em-26.10.2016.pdf\">Ata da 21\u00aa Reuni\u00e3o Ordin\u00e1ria do Colegiado de Engenharia Agr\u00edcola, aprovada em 26\/10\/2016<\/a><\/span><\/span><\/p>\n<p><span style=\"text-decoration: underline\"><span style=\"font-family: 'andale mono', monospace;font-size: 12pt;color: #800080;text-decoration: underline\"><a style=\"color: #800080;text-decoration: underline\" href=\"https:\/\/jandaiadosul.ufpr.br\/wp-content\/uploads\/2017\/04\/ATA-da-vig%C2%82sima-segunda-reuni%C3%86o-ordin-ria-do-colegiado-do-curso-de-Engenharia-Agr%C2%A1cola-aprovada-em-16.12.2016.pdf\">Ata da 22\u00aa Reuni\u00e3o Ordin\u00e1ria do Colegiado de Engenharia Agr\u00edcola, aprovada em 26\/10\/2016<\/a><\/span><\/span><\/p>\n<p><span style=\"text-decoration: underline\"><span style=\"font-family: 'andale mono', monospace;font-size: 12pt;color: #800080;text-decoration: underline\"><a style=\"color: #800080;text-decoration: underline\" href=\"https:\/\/jandaiadosul.ufpr.br\/wp-content\/uploads\/2017\/04\/ATA-da-vig%C2%82sima-terceira-reuni%C3%86o-ordin-ria-do-colegiado-do-curso-de-Engenharia-Agr%C2%A1cola-aprovada-em-24.02.2017.pdf\">Ata da 23\u00aa Reuni\u00e3o Ordin\u00e1ria do Colegiado de Engenharia Agr\u00edcola, aprovada em 16\/12\/2016<\/a><\/span><\/span><\/p>\n<p>&nbsp;<\/p>\n<p><span style=\"font-family: 'andale mono', monospace;font-size: 12pt\"><strong>Atas das reuni\u00f5es extraordin\u00e1rias do Colegiado do Curso de Engenharia Agr\u00edcola<\/strong><\/span><\/p>\n<p><span style=\"text-decoration: underline\"><span style=\"color: #800080;text-decoration: underline\"><a style=\"color: #800080;text-decoration: underline\" href=\"https:\/\/jandaiadosul.ufpr.br\/wp-content\/uploads\/2015\/02\/ATA-da-d%C3%A9cima-primeira-reuni%C3%A3o-extraordin%C3%A1ria-do-colegiado-do-curso-de-Engenahria-Agr%C3%ADcola-aprovada-em-26.04.2016.pdf\"><span style=\"font-family: 'andale mono', monospace;font-size: 12pt\">Ata da 11\u00aa Reuni\u00e3o Extraordin\u00e1ria do Colegiado de Engenharia Agr\u00edcola, aprovada em 26\/04\/2016<\/span><\/a><\/span><\/span><\/p>\n<p><span style=\"text-decoration: underline\"><span style=\"color: #800080;text-decoration: underline\"><a style=\"color: #800080;text-decoration: underline\" href=\"https:\/\/jandaiadosul.ufpr.br\/wp-content\/uploads\/2016\/11\/ATA-da-d%C3%A9cima-segunda-reuni%C3%A3o-extraordin%C3%A1ria-do-colegiado-do-curso-de-Engenharia-Agr%C3%ADcola-aprovada-em-30.09.2016.pdf\"><span style=\"font-family: 'andale mono', monospace;font-size: 12pt\">Ata da 12\u00aa Reuni\u00e3o Extraordin\u00e1ria do Colegiado de Engenharia Agr\u00edcola, aprovada em 30\/09\/2016<\/span><\/a><\/span><\/span><\/p>\n<p><span style=\"color: #800080\"><a style=\"color: #800080\" href=\"http:\/\/jandaiadosul.ufpr.br\/engagricola\/wp-content\/uploads\/sites\/24\/2023\/02\/ata-da-13a-reuniao-extr-do-colegiado-de-agricola-13-12-2016-jpg.pdf\"><span style=\"font-family: 'andale mono', monospace;font-size: 12pt\">Ata da 13\u00aa Reuni\u00e3o Extraordin\u00e1ria do Colegiado de Engenharia Agr\u00edcola, aprovada em 31\/05\/2017<\/span><\/a><\/span><\/p>\n<p>&nbsp;<\/p>\n<p style=\"text-align: left\"><strong><span style=\"font-family: 'andale mono', monospace;font-size: 12pt\">Acesse as atas das reuni\u00f5es de anos anteriores:<\/span><\/strong><\/p>\n<p style=\"text-align: left\"><span style=\"text-decoration: underline;color: #800080\"><span style=\"font-family: 'andale mono', monospace;font-size: 12pt\"><a style=\"color: #800080;text-decoration: underline\" href=\"https:\/\/jandaiadosul.ufpr.br\/engagricola\/atas-colegiado-2021\/\">2021<\/a> |\u00a0<a style=\"color: #800080;text-decoration: underline\" href=\"https:\/\/jandaiadosul.ufpr.br\/engagricola\/atas-colegiado-2020\/\">2020<\/a> |\u00a0<a style=\"color: #800080;text-decoration: underline\" href=\"https:\/\/jandaiadosul.ufpr.br\/engagricola\/atas-colegiado-2019\/\">2019<\/a> |\u00a0<a style=\"color: #800080;text-decoration: underline\" href=\"https:\/\/jandaiadosul.ufpr.br\/engagricola\/atas-colegiado-2018\/\">2018<\/a> |\u00a0<a style=\"color: #800080;text-decoration: underline\" href=\"https:\/\/jandaiadosul.ufpr.br\/engagricola\/atas-colegiado-2017\/\">2017<\/a> |\u00a0<a style=\"color: #800080;text-decoration: underline\" href=\"https:\/\/jandaiadosul.ufpr.br\/engagricola\/atas-colegiado-2016\/\">2016<\/a> |\u00a0<a style=\"color: #800080;text-decoration: underline\" href=\"https:\/\/jandaiadosul.ufpr.br\/engagricola\/atas-colegiado-2015\/\">2015<\/a> |\u00a0<a style=\"color: #800080;text-decoration: underline\" href=\"https:\/\/jandaiadosul.ufpr.br\/engagricola\/atas-colegiado-2014\/\">2014\u00a0<\/a><\/span><\/span><\/p>\n","protected":false},"excerpt":{"rendered":"<p>Atas das reuni\u00f5es ordin\u00e1rias do Colegiado do Curso de Engenharia Agr\u00edcola Ata da 15\u00aa Reuni\u00e3o Ordin\u00e1ria do Colegiado de Engenharia Agr\u00edcola, aprovada em 28\/03\/2016 Ata [&hellip;]<\/p>\n","protected":false},"author":3651,"featured_media":0,"parent":0,"menu_order":0,"comment_status":"closed","ping_status":"closed","template":"","meta":{"_acf_changed":false,"footnotes":""},"class_list":["post-66","page","type-page","status-publish","hentry"],"acf":[],"_links":{"self":[{"href":"https:\/\/jandaiadosul.ufpr.br\/engagricola\/wp-json\/wp\/v2\/pages\/66","targetHints":{"allow":["GET"]}}],"collection":[{"href":"https:\/\/jandaiadosul.ufpr.br\/engagricola\/wp-json\/wp\/v2\/pages"}],"about":[{"href":"https:\/\/jandaiadosul.ufpr.br\/engagricola\/wp-json\/wp\/v2\/types\/page"}],"author":[{"embeddable":true,"href":"https:\/\/jandaiadosul.ufpr.br\/engagricola\/wp-json\/wp\/v2\/users\/3651"}],"replies":[{"embeddable":true,"href":"https:\/\/jandaiadosul.ufpr.br\/engagricola\/wp-json\/wp\/v2\/comments?post=66"}],"version-history":[{"count":7,"href":"https:\/\/jandaiadosul.ufpr.br\/engagricola\/wp-json\/wp\/v2\/pages\/66\/revisions"}],"predecessor-version":[{"id":84,"href":"https:\/\/jandaiadosul.ufpr.br\/engagricola\/wp-json\/wp\/v2\/pages\/66\/revisions\/84"}],"wp:attachment":[{"href":"https:\/\/jandaiadosul.ufpr.br\/engagricola\/wp-json\/wp\/v2\/media?parent=66"}],"curies":[{"name":"wp","href":"https:\/\/api.w.org\/{rel}","templated":true}]}}