{"id":64,"date":"2023-01-20T12:05:46","date_gmt":"2023-01-20T15:05:46","guid":{"rendered":"https:\/\/jandaiadosul.ufpr.br\/engagricola\/?page_id=64"},"modified":"2023-03-08T14:08:13","modified_gmt":"2023-03-08T17:08:13","slug":"atas-colegiado-2015","status":"publish","type":"page","link":"https:\/\/jandaiadosul.ufpr.br\/engagricola\/atas-colegiado-2015\/","title":{"rendered":"Atas Colegiado 2015"},"content":{"rendered":"<p><span style=\"font-family: 'andale mono', monospace;font-size: 12pt\"><strong>Atas das reuni\u00f5es ordin\u00e1rias do Colegiado do Curso de Engenharia Agr\u00edcola<\/strong><\/span><\/p>\n<p><span style=\"text-decoration: underline\"><span style=\"font-family: 'andale mono', monospace;font-size: 12pt;color: #800080;text-decoration: underline\"><a style=\"color: #800080;text-decoration: underline\" href=\"https:\/\/jandaiadosul.ufpr.br\/wp-content\/uploads\/2015\/05\/Ata-da-9a-Reuniao-Ord-do-Colegiado-de-Engenharia-Agricola.pdf\">Ata da 9\u00aa Reuni\u00e3o Ordin\u00e1ria do Colegiado de Engenharia Agr\u00edcola, aprovada em 27\/03\/2015<\/a><\/span><\/span><\/p>\n<p><span style=\"text-decoration: underline\"><span style=\"font-family: 'andale mono', monospace;font-size: 12pt;color: #800080;text-decoration: underline\"><a style=\"color: #800080;text-decoration: underline\" href=\"https:\/\/jandaiadosul.ufpr.br\/wp-content\/uploads\/2016\/04\/ATA-da-d%C3%A9cima-reuni%C3%A3o-ordin%C3%A1ria-do-colegiado-do-curso-de-Engenharia-Agr%C3%ADcola-aprovada-em-15.05.2015.pdf\">Ata da 10\u00aa Reuni\u00e3o Ordin\u00e1ria do Colegiado de Engenharia Agr\u00edcola, aprovada em 15\/05\/2015<\/a><\/span><\/span><\/p>\n<p><span style=\"text-decoration: underline\"><span style=\"font-family: 'andale mono', monospace;font-size: 12pt;color: #800080;text-decoration: underline\"><a style=\"color: #800080;text-decoration: underline\" href=\"https:\/\/jandaiadosul.ufpr.br\/wp-content\/uploads\/2015\/02\/ATA-da-d%C3%A9cima-primeira-reuni%C3%A3o-ordin%C3%A1ria-do-colegiado-do-curso-de-Engenharia-Agr%C3%ADcola-aprovada-em-06.11.2015.pdf\">Ata da 11\u00aa Reuni\u00e3o Ordin\u00e1ria do Colegiado de Engenharia Agr\u00edcola, aprovada em 06\/11\/2015<\/a><\/span><\/span><\/p>\n<p><span style=\"text-decoration: underline\"><span style=\"font-family: 'andale mono', monospace;font-size: 12pt;color: #800080;text-decoration: underline\"><a style=\"color: #800080;text-decoration: underline\" href=\"https:\/\/jandaiadosul.ufpr.br\/wp-content\/uploads\/2015\/02\/ATA-da-d%C3%A9cima-segunda-reuni%C3%A3o-ordin%C3%A1ria-do-colegiado-do-curso-de-Engenharia-Agr%C3%ADcola-aprovada-em-06.11.2015-1.pdf\">Ata da 12\u00aa Reuni\u00e3o Ordin\u00e1ria do Colegiado de Engenharia Agr\u00edcola, aprovada em 06\/11\/2015<\/a><\/span><\/span><\/p>\n<p><span style=\"text-decoration: underline\"><span style=\"font-family: 'andale mono', monospace;font-size: 12pt;color: #800080;text-decoration: underline\"><a style=\"color: #800080;text-decoration: underline\" href=\"https:\/\/jandaiadosul.ufpr.br\/wp-content\/uploads\/2015\/02\/ATA-da-d%C3%A9cima-terceira-reuni%C3%A3o-ordin%C3%A1ria-do-colegiado-do-curso-de-Engenharia-Agr%C3%ADcola-aprovada-em-18.12.2015.pdf\">Ata da 13\u00aa Reuni\u00e3o Ordin\u00e1ria do Colegiado de Engenharia Agr\u00edcola, aprovada em 18\/12\/2015<\/a><\/span><\/span><\/p>\n<p><span style=\"text-decoration: underline\"><span style=\"font-family: 'andale mono', monospace;font-size: 12pt;color: #800080;text-decoration: underline\"><a style=\"color: #800080;text-decoration: underline\" href=\"https:\/\/jandaiadosul.ufpr.br\/wp-content\/uploads\/2015\/02\/ATA-da-d%C3%A9cima-quarta-reuni%C3%A3o-ordin%C3%A1ria-do-colegiado-do-curso-de-Engenharia-Agr%C3%ADcola-aprovada-em-12.02.2016.pdf\">Ata da 14\u00aa Reuni\u00e3o Ordin\u00e1ria do Colegiado de Engenharia Agr\u00edcola, aprovada em 12\/02\/2016<\/a><\/span><\/span><\/p>\n<p>&nbsp;<\/p>\n<p><span style=\"font-family: 'andale mono', monospace;font-size: 12pt\"><strong>Atas das reuni\u00f5es extraordin\u00e1rias do Colegiado do Curso de Engenharia Agr\u00edcola<\/strong><\/span><\/p>\n<p><span style=\"text-decoration: underline;color: #800080\"><span style=\"font-family: 'andale mono', monospace;font-size: 12pt\"><a style=\"color: #800080;text-decoration: underline\" href=\"https:\/\/jandaiadosul.ufpr.br\/novosite\/wp-content\/uploads\/2015\/02\/ATA-DA-SEGUNDA-REUNI%C3%83O-EXTRAORDIN%C3%81RIA-DO-COLEGIADO-DO-CURSO-DE-ENGENHARIA-AGR%C3%8DCOLA.pdf\">Ata da 2\u00aa Reuni\u00e3o Extraordin\u00e1ria do Colegiado de Engenharia Agr\u00edcola, aprovada em 06\/11\/2015<\/a><\/span><\/span><\/p>\n<p><span style=\"text-decoration: underline;color: #800080\"><span style=\"font-family: 'andale mono', monospace;font-size: 12pt\"><a style=\"color: #800080;text-decoration: underline\" href=\"https:\/\/jandaiadosul.ufpr.br\/wp-content\/uploads\/2015\/02\/ATA-da-terceira-reuni%C3%A3o-extraordin%C3%A1ria-do-colegiado-do-curso-de-Engenharia-Agr%C3%ADcola-aprovada-em-18.12.2015.pdf\">Ata da 3\u00aa Reuni\u00e3o Extraordin\u00e1ria do Colegiado de Engenharia Agr\u00edcola, aprovada em 18\/12\/2015<\/a><\/span><\/span><\/p>\n<p><span style=\"text-decoration: underline;color: #800080\"><a style=\"color: #800080;text-decoration: underline\" href=\"https:\/\/jandaiadosul.ufpr.br\/wp-content\/uploads\/2015\/02\/ATA-da-quarta-reuni%C3%A3o-extraordin%C3%A1ria-do-colegiado-do-curso-de-Engenharia-Agr%C3%ADcola-aprovada-em-18.12.2015.pdf\"><span style=\"font-family: 'andale mono', monospace;font-size: 12pt\">Ata da 4\u00aa Reuni\u00e3o Extraordin\u00e1ria do Colegiado de Engenharia Agr\u00edcola, aprovada em 18\/12\/2015<\/span><\/a><\/span><\/p>\n<p><span style=\"text-decoration: underline;color: #800080\"><a style=\"color: #800080;text-decoration: underline\" href=\"https:\/\/jandaiadosul.ufpr.br\/wp-content\/uploads\/2015\/02\/ATA-da-quinta-reuni%C3%A3o-extraordin%C3%A1ria-do-colegiado-do-curso-de-Engenharia-Agr%C3%ADcola-aprovada-em-12.02.2016.pdf\"><span style=\"font-family: 'andale mono', monospace;font-size: 12pt\">Ata da 5\u00aa Reuni\u00e3o Extraordin\u00e1ria do Colegiado de Engenharia Agr\u00edcola, aprovada em 12\/02\/2016<\/span><\/a><\/span><\/p>\n<p><span style=\"text-decoration: underline;color: #800080\"><a style=\"color: #800080;text-decoration: underline\" href=\"https:\/\/jandaiadosul.ufpr.br\/wp-content\/uploads\/2015\/02\/ATA-da-sexta-reuni%C3%A3o-extraordin%C3%A1ria-do-colegiado-do-curso-de-Engenharia-Agr%C3%ADcola-aprovada-em-12.02.2016.pdf\"><span style=\"font-family: 'andale mono', monospace;font-size: 12pt\">Ata da 6\u00aa Reuni\u00e3o Extraordin\u00e1ria do Colegiado de Engenharia Agr\u00edcola, aprovada em 12\/02\/2016<\/span><\/a><\/span><\/p>\n<p><span style=\"text-decoration: underline;color: #800080\"><a style=\"color: #800080;text-decoration: underline\" href=\"https:\/\/jandaiadosul.ufpr.br\/wp-content\/uploads\/2015\/02\/ATA-da-s%C3%A9tima-reuni%C3%A3o-extraordin%C3%A1ria-do-colegiado-do-curso-de-Engenharia-Agr%C3%ADcola-aprovada-em-28.03.2016.pdf\"><span style=\"font-family: 'andale mono', monospace;font-size: 12pt\">Ata da 7\u00aa Reuni\u00e3o Extraordin\u00e1ria do Colegiado de Engenharia Agr\u00edcola, aprovada em 28\/03\/2016<\/span><\/a><\/span><\/p>\n<p><span style=\"text-decoration: underline;color: #800080\"><a style=\"color: #800080;text-decoration: underline\" href=\"https:\/\/jandaiadosul.ufpr.br\/wp-content\/uploads\/2015\/02\/ATA-da-oitava-reuni%C3%A3o-extraordin%C3%A1ria-do-colegiado-do-curso-de-Engenharia-Agr%C3%ADcola-aprovada-em-28.03.2016.pdf\"><span style=\"font-family: 'andale mono', monospace;font-size: 12pt\">Ata da 8\u00aa Reuni\u00e3o Extraordin\u00e1ria do Colegiado de Engenharia Agr\u00edcola, aprovada em 28\/03\/2016<\/span><\/a><\/span><\/p>\n<p><span style=\"text-decoration: underline;color: #800080\"><a style=\"color: #800080;text-decoration: underline\" href=\"https:\/\/jandaiadosul.ufpr.br\/wp-content\/uploads\/2015\/02\/ATA-da-nona-reuni%C3%A3o-extraordin%C3%A1ria-do-colegiado-do-curso-de-Engenahria-Agr%C3%ADcola-aprovada-em-26.04.2016.pdf\"><span style=\"font-family: 'andale mono', monospace;font-size: 12pt\">Ata da 9\u00aa Reuni\u00e3o Extraordin\u00e1ria do Colegiado de Engenharia Agr\u00edcola, aprovada em 26\/04\/2016<\/span><\/a><\/span><\/p>\n<p><span style=\"color: #800080\"><a style=\"color: #800080\" href=\"http:\/\/jandaiadosul.ufpr.br\/engagricola\/wp-content\/uploads\/sites\/24\/2023\/02\/ata-da-10a-reuniao-extr-do-colegiado-de-agricola-31-03-2016-jpg.pdf\"><span style=\"font-family: 'andale mono', monospace;font-size: 12pt\">Ata da 10\u00aa Reuni\u00e3o Extraordin\u00e1ria do Colegiado de Engenharia Agr\u00edcola, aprovada em 31\/05\/2017<\/span><\/a><\/span><\/p>\n<p>&nbsp;<\/p>\n<p style=\"text-align: left\"><strong><span style=\"font-family: 'andale mono', monospace;font-size: 12pt\">Acesse as atas das reuni\u00f5es de anos anteriores:<\/span><\/strong><\/p>\n<p style=\"text-align: left\"><span style=\"text-decoration: underline;color: #800080\"><span style=\"font-family: 'andale mono', monospace;font-size: 12pt\"><a style=\"color: #800080;text-decoration: underline\" href=\"https:\/\/jandaiadosul.ufpr.br\/engagricola\/atas-colegiado-2021\/\">2021<\/a> |\u00a0<a style=\"color: #800080;text-decoration: underline\" href=\"https:\/\/jandaiadosul.ufpr.br\/engagricola\/atas-colegiado-2020\/\">2020<\/a> |\u00a0<a style=\"color: #800080;text-decoration: underline\" href=\"https:\/\/jandaiadosul.ufpr.br\/engagricola\/atas-colegiado-2019\/\">2019<\/a> |\u00a0<a style=\"color: #800080;text-decoration: underline\" href=\"https:\/\/jandaiadosul.ufpr.br\/engagricola\/atas-colegiado-2018\/\">2018<\/a> |\u00a0<a style=\"color: #800080;text-decoration: underline\" href=\"https:\/\/jandaiadosul.ufpr.br\/engagricola\/atas-colegiado-2017\/\">2017<\/a> |\u00a0<a style=\"color: #800080;text-decoration: underline\" href=\"https:\/\/jandaiadosul.ufpr.br\/engagricola\/atas-colegiado-2016\/\">2016<\/a> |\u00a0<a style=\"color: #800080;text-decoration: underline\" href=\"https:\/\/jandaiadosul.ufpr.br\/engagricola\/atas-colegiado-2015\/\">2015<\/a> |\u00a0<a style=\"color: #800080;text-decoration: underline\" href=\"https:\/\/jandaiadosul.ufpr.br\/engagricola\/atas-colegiado-2014\/\">2014\u00a0<\/a><\/span><\/span><\/p>\n","protected":false},"excerpt":{"rendered":"<p>Atas das reuni\u00f5es ordin\u00e1rias do Colegiado do Curso de Engenharia Agr\u00edcola Ata da 9\u00aa Reuni\u00e3o Ordin\u00e1ria do Colegiado de Engenharia Agr\u00edcola, aprovada em 27\/03\/2015 Ata [&hellip;]<\/p>\n","protected":false},"author":3651,"featured_media":0,"parent":0,"menu_order":0,"comment_status":"closed","ping_status":"closed","template":"","meta":{"_acf_changed":false,"footnotes":""},"class_list":["post-64","page","type-page","status-publish","hentry"],"acf":[],"_links":{"self":[{"href":"https:\/\/jandaiadosul.ufpr.br\/engagricola\/wp-json\/wp\/v2\/pages\/64","targetHints":{"allow":["GET"]}}],"collection":[{"href":"https:\/\/jandaiadosul.ufpr.br\/engagricola\/wp-json\/wp\/v2\/pages"}],"about":[{"href":"https:\/\/jandaiadosul.ufpr.br\/engagricola\/wp-json\/wp\/v2\/types\/page"}],"author":[{"embeddable":true,"href":"https:\/\/jandaiadosul.ufpr.br\/engagricola\/wp-json\/wp\/v2\/users\/3651"}],"replies":[{"embeddable":true,"href":"https:\/\/jandaiadosul.ufpr.br\/engagricola\/wp-json\/wp\/v2\/comments?post=64"}],"version-history":[{"count":6,"href":"https:\/\/jandaiadosul.ufpr.br\/engagricola\/wp-json\/wp\/v2\/pages\/64\/revisions"}],"predecessor-version":[{"id":149,"href":"https:\/\/jandaiadosul.ufpr.br\/engagricola\/wp-json\/wp\/v2\/pages\/64\/revisions\/149"}],"wp:attachment":[{"href":"https:\/\/jandaiadosul.ufpr.br\/engagricola\/wp-json\/wp\/v2\/media?parent=64"}],"curies":[{"name":"wp","href":"https:\/\/api.w.org\/{rel}","templated":true}]}}