{"id":62,"date":"2023-01-20T12:05:37","date_gmt":"2023-01-20T15:05:37","guid":{"rendered":"https:\/\/jandaiadosul.ufpr.br\/engagricola\/?page_id=62"},"modified":"2023-03-08T14:08:02","modified_gmt":"2023-03-08T17:08:02","slug":"atas-colegiado-2014","status":"publish","type":"page","link":"https:\/\/jandaiadosul.ufpr.br\/engagricola\/atas-colegiado-2014\/","title":{"rendered":"Atas Colegiado 2014"},"content":{"rendered":"<p><span style=\"font-family: 'andale mono', monospace;font-size: 12pt\"><strong>Atas das reuni\u00f5es ordin\u00e1rias do Colegiado do Curso de Engenharia Agr\u00edcola<\/strong><\/span><\/p>\n<p><span style=\"text-decoration: underline\"><span style=\"font-family: 'andale mono', monospace;font-size: 12pt;color: #800080;text-decoration: underline\"><a style=\"color: #800080;text-decoration: underline\" href=\"https:\/\/jandaiadosul.ufpr.br\/novosite\/wp-content\/uploads\/2014\/04\/Ata-1%C2%AA-reuni%C3%A3o-do-colegiado-de-agr%C3%ADcola-25.04.14.pdf\">Ata da 1\u00aa Reuni\u00e3o Ordin\u00e1ria do Colegiado de Engenharia Agr\u00edcola, aprovada em 06\/06\/2014<\/a><\/span><\/span><\/p>\n<p><span style=\"text-decoration: underline\"><span style=\"font-family: 'andale mono', monospace;font-size: 12pt;color: #800080;text-decoration: underline\"><a style=\"color: #800080;text-decoration: underline\" href=\"https:\/\/jandaiadosul.ufpr.br\/novosite\/wp-content\/uploads\/2014\/04\/Eng-Agr%C3%ADcola-2%C2%AA-Ord.-2.pdf\">Ata da 2\u00aa Reuni\u00e3o Ordin\u00e1ria do Colegiado de Engenharia Agr\u00edcola, aprovada em 25\/07\/2014<\/a><\/span><\/span><\/p>\n<p><span style=\"text-decoration: underline\"><span style=\"font-family: 'andale mono', monospace;font-size: 12pt;color: #800080;text-decoration: underline\"><a style=\"color: #800080;text-decoration: underline\" href=\"https:\/\/jandaiadosul.ufpr.br\/novosite\/wp-content\/uploads\/2014\/04\/ATA-3%C2%AA-REUNI%C3%83O-ORDIN%C3%81RIA-DO-COLEGIADO-DO-CURSO-DE-ENGENHARIA-AGR%C3%8DCOLA.pdf\">Ata da 3\u00aa Reuni\u00e3o Ordin\u00e1ria do Colegiado de Engenharia Agr\u00edcola, aprovada em 28\/08\/2014<\/a><\/span><\/span><\/p>\n<p><span style=\"text-decoration: underline\"><span style=\"font-family: 'andale mono', monospace;font-size: 12pt;color: #800080;text-decoration: underline\"><a style=\"color: #800080;text-decoration: underline\" href=\"https:\/\/jandaiadosul.ufpr.br\/novosite\/wp-content\/uploads\/2014\/04\/4%C2%AA-Reuni%C3%A3o-Ord.-do-Colegiado-de-Agr%C3%ADcola-28.08.14.pdf\">Ata da 4\u00aa Reuni\u00e3o Ordin\u00e1ria do Colegiado de Engenharia Agr\u00edcola, aprovada em 24\/09\/2014<\/a><\/span><\/span><\/p>\n<p><span style=\"text-decoration: underline\"><span style=\"font-family: 'andale mono', monospace;font-size: 12pt;color: #800080;text-decoration: underline\"><a style=\"color: #800080;text-decoration: underline\" href=\"https:\/\/jandaiadosul.ufpr.br\/novosite\/wp-content\/uploads\/2014\/04\/5%C2%AA-Reuni%C3%A3o-Ord.-do-Colegiado-de-Agr%C3%ADcola.pdf\">Ata da 5\u00aa Reuni\u00e3o Ordin\u00e1ria do Colegiado de Engenharia Agr\u00edcola, aprovada em 31\/10\/2014<\/a><\/span><\/span><\/p>\n<p><span style=\"text-decoration: underline\"><span style=\"font-family: 'andale mono', monospace;font-size: 12pt;color: #800080;text-decoration: underline\"><a style=\"color: #800080;text-decoration: underline\" href=\"https:\/\/jandaiadosul.ufpr.br\/novosite\/wp-content\/uploads\/2015\/03\/Ata-da-6%C2%AA-Reuni%C3%A3o-Ord.-do-Colegiado-do-Curso-de-Engenharia-de-Agr%C3%ADcola.pdf\">Ata da 6\u00aa Reuni\u00e3o Ordin\u00e1ria do Colegiado de Engenharia Agr\u00edcola, aprovada em 28\/11\/2014<\/a><\/span><\/span><\/p>\n<p><span style=\"text-decoration: underline\"><span style=\"font-family: 'andale mono', monospace;font-size: 12pt;color: #800080;text-decoration: underline\"><a style=\"color: #800080;text-decoration: underline\" href=\"https:\/\/jandaiadosul.ufpr.br\/novosite\/wp-content\/uploads\/2015\/03\/Ata-da-7%C2%AA-Reuni%C3%A3o-Ord.-do-Colegiado-do-Curso-de-Engenharia-Agr%C3%ADcola.pdf\">Ata da 7\u00aa Reuni\u00e3o Ordin\u00e1ria do Colegiado de Engenharia Agr\u00edcola, aprovada em 17\/12\/2014<\/a><\/span><\/span><\/p>\n<p><span style=\"text-decoration: underline\"><span style=\"font-family: 'andale mono', monospace;font-size: 12pt;color: #800080;text-decoration: underline\"><a style=\"color: #800080;text-decoration: underline\" href=\"https:\/\/jandaiadosul.ufpr.br\/novosite\/wp-content\/uploads\/2015\/03\/Ata-da-8%C2%AA-Reuni%C3%A3o-Ord.-do-Colegiado-do-Curso-de-Engenharia-Agr%C3%ADcola.pdf\">Ata da 8\u00aa Reuni\u00e3o Ordin\u00e1ria do Colegiado de Engenharia Agr\u00edcola, aprovada em 06\/03\/2015<\/a><\/span><\/span><\/p>\n<p>&nbsp;<\/p>\n<p><span style=\"font-family: 'andale mono', monospace;font-size: 12pt\"><strong>Atas das reuni\u00f5es extraordin\u00e1rias do Colegiado do Curso de Engenharia Agr\u00edcola<\/strong><\/span><\/p>\n<p><span style=\"text-decoration: underline;color: #800080\"><span style=\"font-family: 'andale mono', monospace;font-size: 12pt\"><a style=\"color: #800080;text-decoration: underline\" href=\"https:\/\/jandaiadosul.ufpr.br\/novosite\/wp-content\/uploads\/2015\/02\/ATA-DA-PRIMEIRA-REUNI%C3%83O-EXTRAORDIN%C3%81RIA-DO-COLEGIADO-DO-CURSO-DE-ENGENHARIA-AGR%C3%8DCOLA.pdf\">Ata da 1\u00aa Reuni\u00e3o Extraordin\u00e1ria do Colegiado de Engenharia Agr\u00edcola, aprovada em 06\/11\/2015<\/a><\/span><\/span><\/p>\n<p>&nbsp;<\/p>\n<p style=\"text-align: left\"><strong><span style=\"font-family: 'andale mono', monospace;font-size: 12pt\">Acesse as atas das reuni\u00f5es de anos anteriores:<\/span><\/strong><\/p>\n<p style=\"text-align: left\"><span style=\"text-decoration: underline;color: #800080\"><span style=\"font-family: 'andale mono', monospace;font-size: 12pt\"><a style=\"color: #800080;text-decoration: underline\" href=\"https:\/\/jandaiadosul.ufpr.br\/engagricola\/atas-colegiado-2021\/\">2021<\/a> |\u00a0<a style=\"color: #800080;text-decoration: underline\" href=\"https:\/\/jandaiadosul.ufpr.br\/engagricola\/atas-colegiado-2020\/\">2020<\/a> |\u00a0<a style=\"color: #800080;text-decoration: underline\" href=\"https:\/\/jandaiadosul.ufpr.br\/engagricola\/atas-colegiado-2019\/\">2019<\/a> |\u00a0<a style=\"color: #800080;text-decoration: underline\" href=\"https:\/\/jandaiadosul.ufpr.br\/engagricola\/atas-colegiado-2018\/\">2018<\/a> |\u00a0<a style=\"color: #800080;text-decoration: underline\" href=\"https:\/\/jandaiadosul.ufpr.br\/engagricola\/atas-colegiado-2017\/\">2017<\/a> |\u00a0<a style=\"color: #800080;text-decoration: underline\" href=\"https:\/\/jandaiadosul.ufpr.br\/engagricola\/atas-colegiado-2016\/\">2016<\/a> |\u00a0<a style=\"color: #800080;text-decoration: underline\" href=\"https:\/\/jandaiadosul.ufpr.br\/engagricola\/atas-colegiado-2015\/\">2015<\/a> |\u00a0<a style=\"color: #800080;text-decoration: underline\" href=\"https:\/\/jandaiadosul.ufpr.br\/engagricola\/atas-colegiado-2014\/\">2014\u00a0<\/a><\/span><\/span><\/p>\n","protected":false},"excerpt":{"rendered":"<p>Atas das reuni\u00f5es ordin\u00e1rias do Colegiado do Curso de Engenharia Agr\u00edcola Ata da 1\u00aa Reuni\u00e3o Ordin\u00e1ria do Colegiado de Engenharia Agr\u00edcola, aprovada em 06\/06\/2014 Ata [&hellip;]<\/p>\n","protected":false},"author":3651,"featured_media":0,"parent":0,"menu_order":0,"comment_status":"closed","ping_status":"closed","template":"","meta":{"_acf_changed":false,"footnotes":""},"class_list":["post-62","page","type-page","status-publish","hentry"],"acf":[],"_links":{"self":[{"href":"https:\/\/jandaiadosul.ufpr.br\/engagricola\/wp-json\/wp\/v2\/pages\/62","targetHints":{"allow":["GET"]}}],"collection":[{"href":"https:\/\/jandaiadosul.ufpr.br\/engagricola\/wp-json\/wp\/v2\/pages"}],"about":[{"href":"https:\/\/jandaiadosul.ufpr.br\/engagricola\/wp-json\/wp\/v2\/types\/page"}],"author":[{"embeddable":true,"href":"https:\/\/jandaiadosul.ufpr.br\/engagricola\/wp-json\/wp\/v2\/users\/3651"}],"replies":[{"embeddable":true,"href":"https:\/\/jandaiadosul.ufpr.br\/engagricola\/wp-json\/wp\/v2\/comments?post=62"}],"version-history":[{"count":5,"href":"https:\/\/jandaiadosul.ufpr.br\/engagricola\/wp-json\/wp\/v2\/pages\/62\/revisions"}],"predecessor-version":[{"id":148,"href":"https:\/\/jandaiadosul.ufpr.br\/engagricola\/wp-json\/wp\/v2\/pages\/62\/revisions\/148"}],"wp:attachment":[{"href":"https:\/\/jandaiadosul.ufpr.br\/engagricola\/wp-json\/wp\/v2\/media?parent=62"}],"curies":[{"name":"wp","href":"https:\/\/api.w.org\/{rel}","templated":true}]}}