{"id":460,"date":"2023-09-13T16:12:39","date_gmt":"2023-09-13T19:12:39","guid":{"rendered":"https:\/\/jandaiadosul.ufpr.br\/engagricola\/?page_id=460"},"modified":"2023-09-13T16:12:39","modified_gmt":"2023-09-13T19:12:39","slug":"laboratorio-de-recursos-hidricos","status":"publish","type":"page","link":"https:\/\/jandaiadosul.ufpr.br\/engagricola\/laboratorio-de-recursos-hidricos\/","title":{"rendered":"Laborat\u00f3rio de recursos h\u00eddricos"},"content":{"rendered":"<p><strong>Coordena\u00e7\u00e3o: <\/strong>Prof. Maycon Diego Ribeiro<\/p>\n<p><strong>Resumo sobre as atividades do laborat\u00f3rio<\/strong>: O laborat\u00f3rio de recursos h\u00eddricos tem como principal foco a pesquisa e aplica\u00e7\u00e3o de t\u00e9cnicas inovadoras para o manejo da \u00e1gua na agricultura. Especializado em engenharia de irriga\u00e7\u00e3o, ele desenvolve processos e metodologias para avaliar sistemas de irriga\u00e7\u00e3o, com expertise na an\u00e1lise de uniformidade em sistemas por aspers\u00e3o e localizada. Al\u00e9m disso, realiza pr\u00e1ticas e pesquisas em hidrologia e agrometeorologia para otimizar o uso dos recursos h\u00eddricos na agricultura. O laborat\u00f3rio tamb\u00e9m desempenha an\u00e1lises da qualidade da \u00e1gua, tanto para irriga\u00e7\u00e3o quanto para uso geral. Por meio de projetos de pesquisa em irriga\u00e7\u00e3o e saneamento, e atividades de extens\u00e3o, contribui para a utiliza\u00e7\u00e3o sustent\u00e1vel dos recursos h\u00eddricos na agricultura. Sua atua\u00e7\u00e3o \u00e9 vital na promo\u00e7\u00e3o da efici\u00eancia h\u00eddrica e na busca por solu\u00e7\u00f5es sustent\u00e1veis para os desafios do setor agr\u00edcola.<\/p>\n<p><strong>Imagens do Laborat\u00f3rio:<\/strong><\/p>\n<p>Avalia\u00e7\u00e3o de sistemas de irriga\u00e7\u00e3o.<\/p>\n<p><img fetchpriority=\"high\" decoding=\"async\" class=\"alignnone size-medium wp-image-461\" src=\"http:\/\/jandaiadosul.ufpr.br\/engagricola\/wp-content\/uploads\/sites\/24\/2023\/09\/avaliacao-de-sistemas-de-irrigacao-300x225.jpg\" alt=\"\" width=\"300\" height=\"225\" srcset=\"https:\/\/jandaiadosul.ufpr.br\/engagricola\/wp-content\/uploads\/sites\/24\/2023\/09\/avaliacao-de-sistemas-de-irrigacao-300x225.jpg 300w, https:\/\/jandaiadosul.ufpr.br\/engagricola\/wp-content\/uploads\/sites\/24\/2023\/09\/avaliacao-de-sistemas-de-irrigacao-1024x768.jpg 1024w, https:\/\/jandaiadosul.ufpr.br\/engagricola\/wp-content\/uploads\/sites\/24\/2023\/09\/avaliacao-de-sistemas-de-irrigacao-768x576.jpg 768w, https:\/\/jandaiadosul.ufpr.br\/engagricola\/wp-content\/uploads\/sites\/24\/2023\/09\/avaliacao-de-sistemas-de-irrigacao-131x98.jpg 131w, https:\/\/jandaiadosul.ufpr.br\/engagricola\/wp-content\/uploads\/sites\/24\/2023\/09\/avaliacao-de-sistemas-de-irrigacao-75x57.jpg 75w, https:\/\/jandaiadosul.ufpr.br\/engagricola\/wp-content\/uploads\/sites\/24\/2023\/09\/avaliacao-de-sistemas-de-irrigacao.jpg 1179w\" sizes=\"(max-width: 300px) 100vw, 300px\" \/><\/p>\n<p>Instala\u00e7\u00f5es do laborat\u00f3rio e espa\u00e7o did\u00e1tico.<\/p>\n<p><img decoding=\"async\" class=\"alignnone size-medium wp-image-462\" src=\"http:\/\/jandaiadosul.ufpr.br\/engagricola\/wp-content\/uploads\/sites\/24\/2023\/09\/laboratorio-300x225.jpeg\" alt=\"\" width=\"300\" height=\"225\" srcset=\"https:\/\/jandaiadosul.ufpr.br\/engagricola\/wp-content\/uploads\/sites\/24\/2023\/09\/laboratorio-300x225.jpeg 300w, https:\/\/jandaiadosul.ufpr.br\/engagricola\/wp-content\/uploads\/sites\/24\/2023\/09\/laboratorio-768x576.jpeg 768w, https:\/\/jandaiadosul.ufpr.br\/engagricola\/wp-content\/uploads\/sites\/24\/2023\/09\/laboratorio-131x98.jpeg 131w, https:\/\/jandaiadosul.ufpr.br\/engagricola\/wp-content\/uploads\/sites\/24\/2023\/09\/laboratorio-75x57.jpeg 75w, https:\/\/jandaiadosul.ufpr.br\/engagricola\/wp-content\/uploads\/sites\/24\/2023\/09\/laboratorio.jpeg 1024w\" sizes=\"(max-width: 300px) 100vw, 300px\" \/><\/p>\n","protected":false},"excerpt":{"rendered":"<p>Coordena\u00e7\u00e3o: Prof. Maycon Diego Ribeiro Resumo sobre as atividades do laborat\u00f3rio: O laborat\u00f3rio de recursos h\u00eddricos tem como principal foco a pesquisa e aplica\u00e7\u00e3o de [&hellip;]<\/p>\n","protected":false},"author":3662,"featured_media":0,"parent":0,"menu_order":0,"comment_status":"closed","ping_status":"closed","template":"","meta":{"_acf_changed":false,"footnotes":""},"class_list":["post-460","page","type-page","status-publish","hentry"],"acf":[],"_links":{"self":[{"href":"https:\/\/jandaiadosul.ufpr.br\/engagricola\/wp-json\/wp\/v2\/pages\/460","targetHints":{"allow":["GET"]}}],"collection":[{"href":"https:\/\/jandaiadosul.ufpr.br\/engagricola\/wp-json\/wp\/v2\/pages"}],"about":[{"href":"https:\/\/jandaiadosul.ufpr.br\/engagricola\/wp-json\/wp\/v2\/types\/page"}],"author":[{"embeddable":true,"href":"https:\/\/jandaiadosul.ufpr.br\/engagricola\/wp-json\/wp\/v2\/users\/3662"}],"replies":[{"embeddable":true,"href":"https:\/\/jandaiadosul.ufpr.br\/engagricola\/wp-json\/wp\/v2\/comments?post=460"}],"version-history":[{"count":1,"href":"https:\/\/jandaiadosul.ufpr.br\/engagricola\/wp-json\/wp\/v2\/pages\/460\/revisions"}],"predecessor-version":[{"id":463,"href":"https:\/\/jandaiadosul.ufpr.br\/engagricola\/wp-json\/wp\/v2\/pages\/460\/revisions\/463"}],"wp:attachment":[{"href":"https:\/\/jandaiadosul.ufpr.br\/engagricola\/wp-json\/wp\/v2\/media?parent=460"}],"curies":[{"name":"wp","href":"https:\/\/api.w.org\/{rel}","templated":true}]}}