{"id":451,"date":"2023-09-13T16:08:15","date_gmt":"2023-09-13T19:08:15","guid":{"rendered":"https:\/\/jandaiadosul.ufpr.br\/engagricola\/?page_id=451"},"modified":"2023-09-13T16:09:04","modified_gmt":"2023-09-13T19:09:04","slug":"labmate","status":"publish","type":"page","link":"https:\/\/jandaiadosul.ufpr.br\/engagricola\/labmate\/","title":{"rendered":"Laborat\u00f3rio de Hidr\u00e1ulica, Materiais de Constru\u00e7\u00e3o e Estruturas (LabMATE)"},"content":{"rendered":"<p><strong>\u00a0<\/strong><strong>Coordena\u00e7\u00e3o: <\/strong>Prof. Andr\u00e9 Luiz Justi<\/p>\n<p><strong>Resumo sobre as atividades do laborat\u00f3rio: <\/strong>Localizado na sala 104 do Bloco B, o Laborat\u00f3rio de Hidr\u00e1ulica, Materiais de Constru\u00e7\u00e3o e Estruturas est\u00e1 equipado com instrumenta\u00e7\u00e3o de ponta que permite a realiza\u00e7\u00e3o de ensaios em estruturas de concreto e argamassas, al\u00e9m de sistemas hidr\u00e1ulicos para bombeamento e canais. O objetivo principal deste laborat\u00f3rio \u00e9 otimizar processos e aprimorar as pr\u00e1ticas relacionadas \u00e0 engenharia civil e agr\u00edcola, proporcionando um ambiente de pesquisa e desenvolvimento de alto n\u00edvel.<\/p>\n<p><strong>\u00a0<\/strong><strong><u>Atua\u00e7\u00e3o:\u00a0<\/u><\/strong>As \u00e1reas de atua\u00e7\u00e3o do LabMATE inicialmente se concentram na \u00e1rea de Hidr\u00e1ulica, Materiais de Constru\u00e7\u00e3o, Estruturas de Concreto, Madeira e Met\u00e1licas e, nas metodologias e tecnologias que s\u00e3o utilizadas para o seu estudo e de \u00e1reas correlatas, como:<\/p>\n<ul>\n<li>Escoamentos em condutos for\u00e7ados;<\/li>\n<li>Escoamento em canais;<\/li>\n<li>Estudos de componentes para concreto;<\/li>\n<li>Estruturas em concreto armado;<\/li>\n<li>Argamassas;<\/li>\n<li>Estruturas sustent\u00e1veis;<\/li>\n<li>Reuso de materiais;<\/li>\n<li>Desenvolvimento de kits educacionais e did\u00e1ticos para aplica\u00e7\u00e3o na educa\u00e7\u00e3o;<\/li>\n<li>Desenvolvimento e constru\u00e7\u00e3o de equipamentos para aplica\u00e7\u00e3o em materiais e \u00e1reas relacionadas;<\/li>\n<li>Produ\u00e7\u00e3o de materiais diversos atrav\u00e9s de t\u00e9cnicas de manufatura aditiva que possam estar suprindo as necessidades de recursos do laborat\u00f3rio;<\/li>\n<\/ul>\n<p><strong>Projetos de Extens\u00e3o: <\/strong>O LabMATE tamb\u00e9m base para atender o projeto de extens\u00e3o \u201cBoas pr\u00e1ticas de trabalho nas atividades agropecu\u00e1rias, de constru\u00e7\u00f5es civis e rurais\u201d<\/p>\n<p><strong><u>Infraestrutura: <\/u><\/strong>O LabMATE \u00e9 dotado de uma bancada para estudos em condutos livres (canais), diversas bombas hidr\u00e1ulicas, kit de ensaio Slump Test, Medidor de ar incorporado no concreto, Prensa para ensaios de corpos de prova, diversas formas de corpo de prova, entre outros, para realiza\u00e7\u00e3o dos diversos ensaios hidr\u00e1ulicos e de estruturas.<\/p>\n<p><img fetchpriority=\"high\" decoding=\"async\" class=\"alignnone size-medium wp-image-452\" src=\"http:\/\/jandaiadosul.ufpr.br\/engagricola\/wp-content\/uploads\/sites\/24\/2023\/09\/imagem1-241x300.jpg\" alt=\"\" width=\"241\" height=\"300\" srcset=\"https:\/\/jandaiadosul.ufpr.br\/engagricola\/wp-content\/uploads\/sites\/24\/2023\/09\/imagem1-241x300.jpg 241w, https:\/\/jandaiadosul.ufpr.br\/engagricola\/wp-content\/uploads\/sites\/24\/2023\/09\/imagem1-79x98.jpg 79w, https:\/\/jandaiadosul.ufpr.br\/engagricola\/wp-content\/uploads\/sites\/24\/2023\/09\/imagem1-46x57.jpg 46w, https:\/\/jandaiadosul.ufpr.br\/engagricola\/wp-content\/uploads\/sites\/24\/2023\/09\/imagem1.jpg 586w\" sizes=\"(max-width: 241px) 100vw, 241px\" \/> <img decoding=\"async\" class=\"alignnone size-medium wp-image-453\" src=\"http:\/\/jandaiadosul.ufpr.br\/engagricola\/wp-content\/uploads\/sites\/24\/2023\/09\/imagem2-300x227.jpg\" alt=\"\" width=\"300\" height=\"227\" srcset=\"https:\/\/jandaiadosul.ufpr.br\/engagricola\/wp-content\/uploads\/sites\/24\/2023\/09\/imagem2-300x227.jpg 300w, https:\/\/jandaiadosul.ufpr.br\/engagricola\/wp-content\/uploads\/sites\/24\/2023\/09\/imagem2-130x98.jpg 130w, https:\/\/jandaiadosul.ufpr.br\/engagricola\/wp-content\/uploads\/sites\/24\/2023\/09\/imagem2-75x57.jpg 75w, https:\/\/jandaiadosul.ufpr.br\/engagricola\/wp-content\/uploads\/sites\/24\/2023\/09\/imagem2.jpg 680w\" sizes=\"(max-width: 300px) 100vw, 300px\" \/> <img decoding=\"async\" class=\"alignnone size-medium wp-image-454\" src=\"http:\/\/jandaiadosul.ufpr.br\/engagricola\/wp-content\/uploads\/sites\/24\/2023\/09\/imagem3-300x185.jpg\" alt=\"\" width=\"300\" height=\"185\" srcset=\"https:\/\/jandaiadosul.ufpr.br\/engagricola\/wp-content\/uploads\/sites\/24\/2023\/09\/imagem3-300x185.jpg 300w, https:\/\/jandaiadosul.ufpr.br\/engagricola\/wp-content\/uploads\/sites\/24\/2023\/09\/imagem3-159x98.jpg 159w, https:\/\/jandaiadosul.ufpr.br\/engagricola\/wp-content\/uploads\/sites\/24\/2023\/09\/imagem3-75x46.jpg 75w, https:\/\/jandaiadosul.ufpr.br\/engagricola\/wp-content\/uploads\/sites\/24\/2023\/09\/imagem3.jpg 732w\" sizes=\"(max-width: 300px) 100vw, 300px\" \/><\/p>\n<p><img loading=\"lazy\" decoding=\"async\" class=\"alignnone size-medium wp-image-455\" src=\"http:\/\/jandaiadosul.ufpr.br\/engagricola\/wp-content\/uploads\/sites\/24\/2023\/09\/microsoftteams-image-1-225x300.jpg\" alt=\"\" width=\"225\" height=\"300\" srcset=\"https:\/\/jandaiadosul.ufpr.br\/engagricola\/wp-content\/uploads\/sites\/24\/2023\/09\/microsoftteams-image-1-225x300.jpg 225w, https:\/\/jandaiadosul.ufpr.br\/engagricola\/wp-content\/uploads\/sites\/24\/2023\/09\/microsoftteams-image-1-768x1024.jpg 768w, https:\/\/jandaiadosul.ufpr.br\/engagricola\/wp-content\/uploads\/sites\/24\/2023\/09\/microsoftteams-image-1-1152x1536.jpg 1152w, https:\/\/jandaiadosul.ufpr.br\/engagricola\/wp-content\/uploads\/sites\/24\/2023\/09\/microsoftteams-image-1-73x98.jpg 73w, https:\/\/jandaiadosul.ufpr.br\/engagricola\/wp-content\/uploads\/sites\/24\/2023\/09\/microsoftteams-image-1-43x57.jpg 43w, https:\/\/jandaiadosul.ufpr.br\/engagricola\/wp-content\/uploads\/sites\/24\/2023\/09\/microsoftteams-image-1.jpg 1355w\" sizes=\"(max-width: 225px) 100vw, 225px\" \/> <img loading=\"lazy\" decoding=\"async\" class=\"alignnone size-medium wp-image-456\" src=\"http:\/\/jandaiadosul.ufpr.br\/engagricola\/wp-content\/uploads\/sites\/24\/2023\/09\/microsoftteams-image-225x300.jpg\" alt=\"\" width=\"225\" height=\"300\" srcset=\"https:\/\/jandaiadosul.ufpr.br\/engagricola\/wp-content\/uploads\/sites\/24\/2023\/09\/microsoftteams-image-225x300.jpg 225w, https:\/\/jandaiadosul.ufpr.br\/engagricola\/wp-content\/uploads\/sites\/24\/2023\/09\/microsoftteams-image-768x1024.jpg 768w, https:\/\/jandaiadosul.ufpr.br\/engagricola\/wp-content\/uploads\/sites\/24\/2023\/09\/microsoftteams-image-1152x1536.jpg 1152w, https:\/\/jandaiadosul.ufpr.br\/engagricola\/wp-content\/uploads\/sites\/24\/2023\/09\/microsoftteams-image-1536x2048.jpg 1536w, https:\/\/jandaiadosul.ufpr.br\/engagricola\/wp-content\/uploads\/sites\/24\/2023\/09\/microsoftteams-image-74x98.jpg 74w, https:\/\/jandaiadosul.ufpr.br\/engagricola\/wp-content\/uploads\/sites\/24\/2023\/09\/microsoftteams-image-43x57.jpg 43w, https:\/\/jandaiadosul.ufpr.br\/engagricola\/wp-content\/uploads\/sites\/24\/2023\/09\/microsoftteams-image-scaled.jpg 1920w\" sizes=\"(max-width: 225px) 100vw, 225px\" \/><\/p>\n","protected":false},"excerpt":{"rendered":"<p>\u00a0Coordena\u00e7\u00e3o: Prof. Andr\u00e9 Luiz Justi Resumo sobre as atividades do laborat\u00f3rio: Localizado na sala 104 do Bloco B, o Laborat\u00f3rio de Hidr\u00e1ulica, Materiais de Constru\u00e7\u00e3o [&hellip;]<\/p>\n","protected":false},"author":3662,"featured_media":0,"parent":0,"menu_order":0,"comment_status":"closed","ping_status":"closed","template":"","meta":{"_acf_changed":false,"footnotes":""},"class_list":["post-451","page","type-page","status-publish","hentry"],"acf":[],"_links":{"self":[{"href":"https:\/\/jandaiadosul.ufpr.br\/engagricola\/wp-json\/wp\/v2\/pages\/451","targetHints":{"allow":["GET"]}}],"collection":[{"href":"https:\/\/jandaiadosul.ufpr.br\/engagricola\/wp-json\/wp\/v2\/pages"}],"about":[{"href":"https:\/\/jandaiadosul.ufpr.br\/engagricola\/wp-json\/wp\/v2\/types\/page"}],"author":[{"embeddable":true,"href":"https:\/\/jandaiadosul.ufpr.br\/engagricola\/wp-json\/wp\/v2\/users\/3662"}],"replies":[{"embeddable":true,"href":"https:\/\/jandaiadosul.ufpr.br\/engagricola\/wp-json\/wp\/v2\/comments?post=451"}],"version-history":[{"count":2,"href":"https:\/\/jandaiadosul.ufpr.br\/engagricola\/wp-json\/wp\/v2\/pages\/451\/revisions"}],"predecessor-version":[{"id":458,"href":"https:\/\/jandaiadosul.ufpr.br\/engagricola\/wp-json\/wp\/v2\/pages\/451\/revisions\/458"}],"wp:attachment":[{"href":"https:\/\/jandaiadosul.ufpr.br\/engagricola\/wp-json\/wp\/v2\/media?parent=451"}],"curies":[{"name":"wp","href":"https:\/\/api.w.org\/{rel}","templated":true}]}}