{"id":443,"date":"2023-09-13T16:05:01","date_gmt":"2023-09-13T19:05:01","guid":{"rendered":"https:\/\/jandaiadosul.ufpr.br\/engagricola\/?page_id=443"},"modified":"2023-09-13T16:06:09","modified_gmt":"2023-09-13T19:06:09","slug":"liea","status":"publish","type":"page","link":"https:\/\/jandaiadosul.ufpr.br\/engagricola\/liea\/","title":{"rendered":"Laborat\u00f3rio de instala\u00e7\u00f5es el\u00e9tricas e automa\u00e7\u00e3o"},"content":{"rendered":"<p><strong>Coordena\u00e7\u00e3o: <\/strong>Prof. Marcelo Franco<\/p>\n<p><strong>Resumo sobre as atividades do laborat\u00f3rio<\/strong>:\u00a0O laborat\u00f3rio (sala B203) atende principalmente disciplinas, como: Energia na Agricultura; Controle e Automa\u00e7\u00e3o Agr\u00edcola e Instala\u00e7\u00f5es El\u00e9tricas. Atualmente, o laborat\u00f3rio possui: kits did\u00e1ticos para arduino, instrumentos de medi\u00e7\u00e3o, sistema de aquisi\u00e7\u00e3o de dados, componentes eletr\u00f4nicos, transdutores, gerador de sinais e ferramentas manuais.<\/p>\n<p>Conta tamb\u00e9m com 2 CLP&#8217;s (controladores l\u00f3gicos program\u00e1veis) para pr\u00e1ticas de automa\u00e7\u00e3o e controle e um painel did\u00e1tico para pr\u00e1ticas de instala\u00e7\u00f5es el\u00e9tricas em baixa tens\u00e3o.<\/p>\n<p>O que pode ser feito:<\/p>\n<ul>\n<li>Aulas pr\u00e1ticas de eletricidade e eletr\u00f4nica;<\/li>\n<li>Montagens de comandos eletromagn\u00e9ticos de partidas de motores;<\/li>\n<li>Montagens de instala\u00e7\u00f5es el\u00e9tricas em baixa tens\u00e3o;<\/li>\n<li>Montagens e experi\u00eancias com circuitos eletr\u00f4nicos anal\u00f3gicos e digitais.<\/li>\n<li>Montagens e experi\u00eancias de introdu\u00e7\u00e3o \u00e0 automa\u00e7\u00e3o com Arduino e CLP<\/li>\n<\/ul>\n<p><img fetchpriority=\"high\" decoding=\"async\" class=\"alignnone size-medium wp-image-446\" src=\"http:\/\/jandaiadosul.ufpr.br\/engagricola\/wp-content\/uploads\/sites\/24\/2023\/09\/whatsapp-image-2023-09-13-at-15-52-58-1-300x169.jpeg\" alt=\"\" width=\"300\" height=\"169\" srcset=\"https:\/\/jandaiadosul.ufpr.br\/engagricola\/wp-content\/uploads\/sites\/24\/2023\/09\/whatsapp-image-2023-09-13-at-15-52-58-1-300x169.jpeg 300w, https:\/\/jandaiadosul.ufpr.br\/engagricola\/wp-content\/uploads\/sites\/24\/2023\/09\/whatsapp-image-2023-09-13-at-15-52-58-1-1024x576.jpeg 1024w, https:\/\/jandaiadosul.ufpr.br\/engagricola\/wp-content\/uploads\/sites\/24\/2023\/09\/whatsapp-image-2023-09-13-at-15-52-58-1-768x432.jpeg 768w, https:\/\/jandaiadosul.ufpr.br\/engagricola\/wp-content\/uploads\/sites\/24\/2023\/09\/whatsapp-image-2023-09-13-at-15-52-58-1-1536x864.jpeg 1536w, https:\/\/jandaiadosul.ufpr.br\/engagricola\/wp-content\/uploads\/sites\/24\/2023\/09\/whatsapp-image-2023-09-13-at-15-52-58-1-175x98.jpeg 175w, https:\/\/jandaiadosul.ufpr.br\/engagricola\/wp-content\/uploads\/sites\/24\/2023\/09\/whatsapp-image-2023-09-13-at-15-52-58-1-75x42.jpeg 75w, https:\/\/jandaiadosul.ufpr.br\/engagricola\/wp-content\/uploads\/sites\/24\/2023\/09\/whatsapp-image-2023-09-13-at-15-52-58-1.jpeg 1599w\" sizes=\"(max-width: 300px) 100vw, 300px\" \/> <img decoding=\"async\" class=\"alignnone size-medium wp-image-447\" src=\"http:\/\/jandaiadosul.ufpr.br\/engagricola\/wp-content\/uploads\/sites\/24\/2023\/09\/whatsapp-image-2023-09-13-at-15-52-58-2-300x169.jpeg\" alt=\"\" width=\"300\" height=\"169\" srcset=\"https:\/\/jandaiadosul.ufpr.br\/engagricola\/wp-content\/uploads\/sites\/24\/2023\/09\/whatsapp-image-2023-09-13-at-15-52-58-2-300x169.jpeg 300w, https:\/\/jandaiadosul.ufpr.br\/engagricola\/wp-content\/uploads\/sites\/24\/2023\/09\/whatsapp-image-2023-09-13-at-15-52-58-2-1024x576.jpeg 1024w, https:\/\/jandaiadosul.ufpr.br\/engagricola\/wp-content\/uploads\/sites\/24\/2023\/09\/whatsapp-image-2023-09-13-at-15-52-58-2-768x432.jpeg 768w, https:\/\/jandaiadosul.ufpr.br\/engagricola\/wp-content\/uploads\/sites\/24\/2023\/09\/whatsapp-image-2023-09-13-at-15-52-58-2-1536x864.jpeg 1536w, https:\/\/jandaiadosul.ufpr.br\/engagricola\/wp-content\/uploads\/sites\/24\/2023\/09\/whatsapp-image-2023-09-13-at-15-52-58-2-175x98.jpeg 175w, https:\/\/jandaiadosul.ufpr.br\/engagricola\/wp-content\/uploads\/sites\/24\/2023\/09\/whatsapp-image-2023-09-13-at-15-52-58-2-75x42.jpeg 75w, https:\/\/jandaiadosul.ufpr.br\/engagricola\/wp-content\/uploads\/sites\/24\/2023\/09\/whatsapp-image-2023-09-13-at-15-52-58-2.jpeg 1599w\" sizes=\"(max-width: 300px) 100vw, 300px\" \/><\/p>\n<p><img decoding=\"async\" class=\"alignnone size-medium wp-image-448\" src=\"http:\/\/jandaiadosul.ufpr.br\/engagricola\/wp-content\/uploads\/sites\/24\/2023\/09\/whatsapp-image-2023-09-13-at-15-52-58-3-300x169.jpeg\" alt=\"\" width=\"300\" height=\"169\" srcset=\"https:\/\/jandaiadosul.ufpr.br\/engagricola\/wp-content\/uploads\/sites\/24\/2023\/09\/whatsapp-image-2023-09-13-at-15-52-58-3-300x169.jpeg 300w, https:\/\/jandaiadosul.ufpr.br\/engagricola\/wp-content\/uploads\/sites\/24\/2023\/09\/whatsapp-image-2023-09-13-at-15-52-58-3-1024x576.jpeg 1024w, https:\/\/jandaiadosul.ufpr.br\/engagricola\/wp-content\/uploads\/sites\/24\/2023\/09\/whatsapp-image-2023-09-13-at-15-52-58-3-768x432.jpeg 768w, https:\/\/jandaiadosul.ufpr.br\/engagricola\/wp-content\/uploads\/sites\/24\/2023\/09\/whatsapp-image-2023-09-13-at-15-52-58-3-1536x864.jpeg 1536w, https:\/\/jandaiadosul.ufpr.br\/engagricola\/wp-content\/uploads\/sites\/24\/2023\/09\/whatsapp-image-2023-09-13-at-15-52-58-3-175x98.jpeg 175w, https:\/\/jandaiadosul.ufpr.br\/engagricola\/wp-content\/uploads\/sites\/24\/2023\/09\/whatsapp-image-2023-09-13-at-15-52-58-3-75x42.jpeg 75w, https:\/\/jandaiadosul.ufpr.br\/engagricola\/wp-content\/uploads\/sites\/24\/2023\/09\/whatsapp-image-2023-09-13-at-15-52-58-3.jpeg 1599w\" sizes=\"(max-width: 300px) 100vw, 300px\" \/> <img loading=\"lazy\" decoding=\"async\" class=\"alignnone size-medium wp-image-449\" src=\"http:\/\/jandaiadosul.ufpr.br\/engagricola\/wp-content\/uploads\/sites\/24\/2023\/09\/whatsapp-image-2023-09-13-at-15-52-58-300x169.jpeg\" alt=\"\" width=\"300\" height=\"169\" srcset=\"https:\/\/jandaiadosul.ufpr.br\/engagricola\/wp-content\/uploads\/sites\/24\/2023\/09\/whatsapp-image-2023-09-13-at-15-52-58-300x169.jpeg 300w, https:\/\/jandaiadosul.ufpr.br\/engagricola\/wp-content\/uploads\/sites\/24\/2023\/09\/whatsapp-image-2023-09-13-at-15-52-58-1024x576.jpeg 1024w, https:\/\/jandaiadosul.ufpr.br\/engagricola\/wp-content\/uploads\/sites\/24\/2023\/09\/whatsapp-image-2023-09-13-at-15-52-58-768x432.jpeg 768w, https:\/\/jandaiadosul.ufpr.br\/engagricola\/wp-content\/uploads\/sites\/24\/2023\/09\/whatsapp-image-2023-09-13-at-15-52-58-1536x864.jpeg 1536w, https:\/\/jandaiadosul.ufpr.br\/engagricola\/wp-content\/uploads\/sites\/24\/2023\/09\/whatsapp-image-2023-09-13-at-15-52-58-175x98.jpeg 175w, https:\/\/jandaiadosul.ufpr.br\/engagricola\/wp-content\/uploads\/sites\/24\/2023\/09\/whatsapp-image-2023-09-13-at-15-52-58-75x42.jpeg 75w, https:\/\/jandaiadosul.ufpr.br\/engagricola\/wp-content\/uploads\/sites\/24\/2023\/09\/whatsapp-image-2023-09-13-at-15-52-58.jpeg 1599w\" sizes=\"(max-width: 300px) 100vw, 300px\" \/><\/p>\n","protected":false},"excerpt":{"rendered":"<p>Coordena\u00e7\u00e3o: Prof. Marcelo Franco Resumo sobre as atividades do laborat\u00f3rio:\u00a0O laborat\u00f3rio (sala B203) atende principalmente disciplinas, como: Energia na Agricultura; Controle e Automa\u00e7\u00e3o Agr\u00edcola e Instala\u00e7\u00f5es El\u00e9tricas. Atualmente, o laborat\u00f3rio possui: kits did\u00e1ticos para arduino, instrumentos de medi\u00e7\u00e3o, sistema de aquisi\u00e7\u00e3o de dados, componentes eletr\u00f4nicos, transdutores, gerador de sinais e ferramentas manuais. Conta tamb\u00e9m com [&hellip;]<\/p>\n","protected":false},"author":3662,"featured_media":0,"parent":0,"menu_order":0,"comment_status":"closed","ping_status":"closed","template":"","meta":{"_acf_changed":false,"footnotes":""},"class_list":["post-443","page","type-page","status-publish","hentry"],"acf":[],"_links":{"self":[{"href":"https:\/\/jandaiadosul.ufpr.br\/engagricola\/wp-json\/wp\/v2\/pages\/443","targetHints":{"allow":["GET"]}}],"collection":[{"href":"https:\/\/jandaiadosul.ufpr.br\/engagricola\/wp-json\/wp\/v2\/pages"}],"about":[{"href":"https:\/\/jandaiadosul.ufpr.br\/engagricola\/wp-json\/wp\/v2\/types\/page"}],"author":[{"embeddable":true,"href":"https:\/\/jandaiadosul.ufpr.br\/engagricola\/wp-json\/wp\/v2\/users\/3662"}],"replies":[{"embeddable":true,"href":"https:\/\/jandaiadosul.ufpr.br\/engagricola\/wp-json\/wp\/v2\/comments?post=443"}],"version-history":[{"count":2,"href":"https:\/\/jandaiadosul.ufpr.br\/engagricola\/wp-json\/wp\/v2\/pages\/443\/revisions"}],"predecessor-version":[{"id":450,"href":"https:\/\/jandaiadosul.ufpr.br\/engagricola\/wp-json\/wp\/v2\/pages\/443\/revisions\/450"}],"wp:attachment":[{"href":"https:\/\/jandaiadosul.ufpr.br\/engagricola\/wp-json\/wp\/v2\/media?parent=443"}],"curies":[{"name":"wp","href":"https:\/\/api.w.org\/{rel}","templated":true}]}}