{"id":418,"date":"2023-09-11T15:23:45","date_gmt":"2023-09-11T18:23:45","guid":{"rendered":"https:\/\/jandaiadosul.ufpr.br\/engagricola\/?page_id=418"},"modified":"2023-09-11T15:23:45","modified_gmt":"2023-09-11T18:23:45","slug":"lpma","status":"publish","type":"page","link":"https:\/\/jandaiadosul.ufpr.br\/engagricola\/lpma\/","title":{"rendered":"Laborat\u00f3rio de prot\u00f3tipos e mecaniza\u00e7\u00e3o agr\u00edcola (LPMA)"},"content":{"rendered":"<p><strong>Coordena\u00e7\u00e3o: <\/strong>Prof. Dr. Marcelo Jos\u00e9 da Silva<\/p>\n<p><strong>Resumo sobre as atividades do laborat\u00f3rio<\/strong>: O laborat\u00f3rio apoia as atividades de ensino, pesquisa e extens\u00e3o sempre que solicitado. As atividades envolvem a constru\u00e7\u00e3o ou montagem de sistemas que podem ser aplicados para melhoria na qualidade ou capacidade de opera\u00e7\u00f5es no contexto agr\u00edcola ou produ\u00e7\u00e3o agroindustrial. O laborat\u00f3rio tamb\u00e9m possui o prop\u00f3sito de aplica\u00e7\u00e3o de instrumentos para a avalia\u00e7\u00e3o do desempenho ou qualidade de opera\u00e7\u00f5es realizadas por prot\u00f3tipos ou m\u00e1quinas comerciais. O laborat\u00f3rio atende principalmente as seguintes disciplinas: M\u00e1quinas e Implementos Agr\u00edcolas; Tratores e Motores; Elementos de M\u00e1quinas; Projetos de M\u00e1quinas e Projeto Integrado em M\u00e1quinas; Processos de Fabrica\u00e7\u00e3o. Atualmente, o laborat\u00f3rio est\u00e1 equipado com m\u00e1quinas para confec\u00e7\u00e3o dos prot\u00f3tipos, como: fresadora, m\u00e1quina de solda, lixadeira, furadeira, esmeril, compressor de ar, serra tico tico de bancada, ferramentas, instrumentos de medi\u00e7\u00e3o. O laborat\u00f3rio tamb\u00e9m possui instrumentos para a avalia\u00e7\u00e3o da qualidade da opera\u00e7\u00e3o de m\u00e1quinas agr\u00edcolas: perfil\u00f4metro, penetr\u00f4metro eletr\u00f4nico, estufa de secagem, pulverizador de bancada e balan\u00e7a digital.<\/p>\n<p><strong>Regimento do laborat\u00f3rio: <a href=\"http:\/\/jandaiadosul.ufpr.br\/engagricola\/wp-content\/uploads\/sites\/24\/2023\/09\/sei_5325465_resolucao_15.pdf\">Regimento LPMA<\/a><\/strong><\/p>\n<p><strong>Projetos de Extens\u00e3o:<\/strong><\/p>\n<p>M\u00e1quinas do Campo ao Campus; KC-UFPR &#8211; Kart Cross UFPR Jandaia do Sul;<\/p>\n<p><strong>Imagens do Laborat\u00f3rio:<\/strong><\/p>\n<p>Espa\u00e7o did\u00e1tico e de pr\u00e1ticas do laborat\u00f3rio<\/p>\n<p><img fetchpriority=\"high\" decoding=\"async\" class=\"alignnone size-medium wp-image-420\" src=\"http:\/\/jandaiadosul.ufpr.br\/engagricola\/wp-content\/uploads\/sites\/24\/2023\/09\/aula_lab-225x300.jpeg\" alt=\"\" width=\"225\" height=\"300\" srcset=\"https:\/\/jandaiadosul.ufpr.br\/engagricola\/wp-content\/uploads\/sites\/24\/2023\/09\/aula_lab-225x300.jpeg 225w, https:\/\/jandaiadosul.ufpr.br\/engagricola\/wp-content\/uploads\/sites\/24\/2023\/09\/aula_lab-768x1024.jpeg 768w, https:\/\/jandaiadosul.ufpr.br\/engagricola\/wp-content\/uploads\/sites\/24\/2023\/09\/aula_lab-1152x1536.jpeg 1152w, https:\/\/jandaiadosul.ufpr.br\/engagricola\/wp-content\/uploads\/sites\/24\/2023\/09\/aula_lab-74x98.jpeg 74w, https:\/\/jandaiadosul.ufpr.br\/engagricola\/wp-content\/uploads\/sites\/24\/2023\/09\/aula_lab-43x57.jpeg 43w, https:\/\/jandaiadosul.ufpr.br\/engagricola\/wp-content\/uploads\/sites\/24\/2023\/09\/aula_lab.jpeg 1200w\" sizes=\"(max-width: 225px) 100vw, 225px\" \/>\u00a0 \u00a0 \u00a0 \u00a0 <img decoding=\"async\" class=\"alignnone size-medium wp-image-423\" src=\"http:\/\/jandaiadosul.ufpr.br\/engagricola\/wp-content\/uploads\/sites\/24\/2023\/09\/whatsapp-image-2023-09-11-at-11-22-38-226x300.jpeg\" alt=\"\" width=\"226\" height=\"300\" srcset=\"https:\/\/jandaiadosul.ufpr.br\/engagricola\/wp-content\/uploads\/sites\/24\/2023\/09\/whatsapp-image-2023-09-11-at-11-22-38-226x300.jpeg 226w, https:\/\/jandaiadosul.ufpr.br\/engagricola\/wp-content\/uploads\/sites\/24\/2023\/09\/whatsapp-image-2023-09-11-at-11-22-38-771x1024.jpeg 771w, https:\/\/jandaiadosul.ufpr.br\/engagricola\/wp-content\/uploads\/sites\/24\/2023\/09\/whatsapp-image-2023-09-11-at-11-22-38-768x1021.jpeg 768w, https:\/\/jandaiadosul.ufpr.br\/engagricola\/wp-content\/uploads\/sites\/24\/2023\/09\/whatsapp-image-2023-09-11-at-11-22-38-1156x1536.jpeg 1156w, https:\/\/jandaiadosul.ufpr.br\/engagricola\/wp-content\/uploads\/sites\/24\/2023\/09\/whatsapp-image-2023-09-11-at-11-22-38-74x98.jpeg 74w, https:\/\/jandaiadosul.ufpr.br\/engagricola\/wp-content\/uploads\/sites\/24\/2023\/09\/whatsapp-image-2023-09-11-at-11-22-38-43x57.jpeg 43w, https:\/\/jandaiadosul.ufpr.br\/engagricola\/wp-content\/uploads\/sites\/24\/2023\/09\/whatsapp-image-2023-09-11-at-11-22-38.jpeg 1204w\" sizes=\"(max-width: 226px) 100vw, 226px\" \/><\/p>\n<p>Bancada prot\u00f3tipo dosador de sementes<\/p>\n<p><img decoding=\"async\" class=\"alignnone size-medium wp-image-421\" src=\"http:\/\/jandaiadosul.ufpr.br\/engagricola\/wp-content\/uploads\/sites\/24\/2023\/09\/bancada_dosador-300x225.jpeg\" alt=\"\" width=\"300\" height=\"225\" srcset=\"https:\/\/jandaiadosul.ufpr.br\/engagricola\/wp-content\/uploads\/sites\/24\/2023\/09\/bancada_dosador-300x225.jpeg 300w, https:\/\/jandaiadosul.ufpr.br\/engagricola\/wp-content\/uploads\/sites\/24\/2023\/09\/bancada_dosador-1024x768.jpeg 1024w, https:\/\/jandaiadosul.ufpr.br\/engagricola\/wp-content\/uploads\/sites\/24\/2023\/09\/bancada_dosador-768x576.jpeg 768w, https:\/\/jandaiadosul.ufpr.br\/engagricola\/wp-content\/uploads\/sites\/24\/2023\/09\/bancada_dosador-131x98.jpeg 131w, https:\/\/jandaiadosul.ufpr.br\/engagricola\/wp-content\/uploads\/sites\/24\/2023\/09\/bancada_dosador-75x57.jpeg 75w, https:\/\/jandaiadosul.ufpr.br\/engagricola\/wp-content\/uploads\/sites\/24\/2023\/09\/bancada_dosador.jpeg 1152w\" sizes=\"(max-width: 300px) 100vw, 300px\" \/><\/p>\n<p>Painel de ferramentas<\/p>\n<p><img loading=\"lazy\" decoding=\"async\" class=\"alignnone size-medium wp-image-422\" src=\"http:\/\/jandaiadosul.ufpr.br\/engagricola\/wp-content\/uploads\/sites\/24\/2023\/09\/bancada_maquinas-300x226.jpeg\" alt=\"\" width=\"300\" height=\"226\" srcset=\"https:\/\/jandaiadosul.ufpr.br\/engagricola\/wp-content\/uploads\/sites\/24\/2023\/09\/bancada_maquinas-300x226.jpeg 300w, https:\/\/jandaiadosul.ufpr.br\/engagricola\/wp-content\/uploads\/sites\/24\/2023\/09\/bancada_maquinas-1024x771.jpeg 1024w, https:\/\/jandaiadosul.ufpr.br\/engagricola\/wp-content\/uploads\/sites\/24\/2023\/09\/bancada_maquinas-768x578.jpeg 768w, https:\/\/jandaiadosul.ufpr.br\/engagricola\/wp-content\/uploads\/sites\/24\/2023\/09\/bancada_maquinas-1536x1156.jpeg 1536w, https:\/\/jandaiadosul.ufpr.br\/engagricola\/wp-content\/uploads\/sites\/24\/2023\/09\/bancada_maquinas-130x98.jpeg 130w, https:\/\/jandaiadosul.ufpr.br\/engagricola\/wp-content\/uploads\/sites\/24\/2023\/09\/bancada_maquinas-75x57.jpeg 75w, https:\/\/jandaiadosul.ufpr.br\/engagricola\/wp-content\/uploads\/sites\/24\/2023\/09\/bancada_maquinas.jpeg 1600w\" sizes=\"(max-width: 300px) 100vw, 300px\" \/><\/p>\n<p>Caixa de ponteiras de pulveriza\u00e7\u00e3o<\/p>\n<p><img loading=\"lazy\" decoding=\"async\" class=\"alignnone size-medium wp-image-424\" src=\"http:\/\/jandaiadosul.ufpr.br\/engagricola\/wp-content\/uploads\/sites\/24\/2023\/09\/caixa_de_pontas-226x300.jpeg\" alt=\"\" width=\"226\" height=\"300\" srcset=\"https:\/\/jandaiadosul.ufpr.br\/engagricola\/wp-content\/uploads\/sites\/24\/2023\/09\/caixa_de_pontas-226x300.jpeg 226w, https:\/\/jandaiadosul.ufpr.br\/engagricola\/wp-content\/uploads\/sites\/24\/2023\/09\/caixa_de_pontas-771x1024.jpeg 771w, https:\/\/jandaiadosul.ufpr.br\/engagricola\/wp-content\/uploads\/sites\/24\/2023\/09\/caixa_de_pontas-768x1021.jpeg 768w, https:\/\/jandaiadosul.ufpr.br\/engagricola\/wp-content\/uploads\/sites\/24\/2023\/09\/caixa_de_pontas-1156x1536.jpeg 1156w, https:\/\/jandaiadosul.ufpr.br\/engagricola\/wp-content\/uploads\/sites\/24\/2023\/09\/caixa_de_pontas-74x98.jpeg 74w, https:\/\/jandaiadosul.ufpr.br\/engagricola\/wp-content\/uploads\/sites\/24\/2023\/09\/caixa_de_pontas-43x57.jpeg 43w, https:\/\/jandaiadosul.ufpr.br\/engagricola\/wp-content\/uploads\/sites\/24\/2023\/09\/caixa_de_pontas.jpeg 1204w\" sizes=\"(max-width: 226px) 100vw, 226px\" \/><\/p>\n<p>&nbsp;<\/p>\n","protected":false},"excerpt":{"rendered":"<p>Coordena\u00e7\u00e3o: Prof. Dr. Marcelo Jos\u00e9 da Silva Resumo sobre as atividades do laborat\u00f3rio: O laborat\u00f3rio apoia as atividades de ensino, pesquisa e extens\u00e3o sempre que [&hellip;]<\/p>\n","protected":false},"author":3662,"featured_media":0,"parent":0,"menu_order":0,"comment_status":"closed","ping_status":"closed","template":"","meta":{"_acf_changed":false,"footnotes":""},"class_list":["post-418","page","type-page","status-publish","hentry"],"acf":[],"_links":{"self":[{"href":"https:\/\/jandaiadosul.ufpr.br\/engagricola\/wp-json\/wp\/v2\/pages\/418","targetHints":{"allow":["GET"]}}],"collection":[{"href":"https:\/\/jandaiadosul.ufpr.br\/engagricola\/wp-json\/wp\/v2\/pages"}],"about":[{"href":"https:\/\/jandaiadosul.ufpr.br\/engagricola\/wp-json\/wp\/v2\/types\/page"}],"author":[{"embeddable":true,"href":"https:\/\/jandaiadosul.ufpr.br\/engagricola\/wp-json\/wp\/v2\/users\/3662"}],"replies":[{"embeddable":true,"href":"https:\/\/jandaiadosul.ufpr.br\/engagricola\/wp-json\/wp\/v2\/comments?post=418"}],"version-history":[{"count":1,"href":"https:\/\/jandaiadosul.ufpr.br\/engagricola\/wp-json\/wp\/v2\/pages\/418\/revisions"}],"predecessor-version":[{"id":425,"href":"https:\/\/jandaiadosul.ufpr.br\/engagricola\/wp-json\/wp\/v2\/pages\/418\/revisions\/425"}],"wp:attachment":[{"href":"https:\/\/jandaiadosul.ufpr.br\/engagricola\/wp-json\/wp\/v2\/media?parent=418"}],"curies":[{"name":"wp","href":"https:\/\/api.w.org\/{rel}","templated":true}]}}