{"id":405,"date":"2023-09-11T15:03:55","date_gmt":"2023-09-11T18:03:55","guid":{"rendered":"https:\/\/jandaiadosul.ufpr.br\/engagricola\/?page_id=405"},"modified":"2023-09-11T15:05:59","modified_gmt":"2023-09-11T18:05:59","slug":"geotec","status":"publish","type":"page","link":"https:\/\/jandaiadosul.ufpr.br\/engagricola\/geotec\/","title":{"rendered":"Laborat\u00f3rio de Geotecnologias &#8211; GEOTEC"},"content":{"rendered":"<p><strong>Coordena\u00e7\u00e3o:\u00a0<\/strong>Prof. Carlos Henrique Wachholz de Souza<\/p>\n<p><strong>Resumo sobre as atividades do laborat\u00f3rio<\/strong>:<\/p>\n<p>Situado no bloco B sala 202, o Laborat\u00f3rio de Geotecnologias do Curso de Engenharia Agr\u00edcola \u00e9 um ambiente de inova\u00e7\u00e3o e pesquisa de ponta no campo da agricultura sustent\u00e1vel. Dotado de equipamentos modernos e tecnologia avan\u00e7ada, este laborat\u00f3rio representa a jun\u00e7\u00e3o entre a tradi\u00e7\u00e3o agr\u00edcola e as novas solu\u00e7\u00f5es tecnol\u00f3gicas, visando otimizar processos e aprimorar as pr\u00e1ticas agr\u00edcolas.<\/p>\n<p><u>Infraestrutura e Recursos:\u00a0<\/u>O laborat\u00f3rio \u00e9 equipado com softwares e hardwares de \u00faltima gera\u00e7\u00e3o, incluindo sistemas de informa\u00e7\u00f5es geogr\u00e1ficas (SIG), workstations, drones para mapeamento, sensores remotos e esta\u00e7\u00f5es totais. Tais recursos auxiliam nas an\u00e1lises espaciais e na tomada de decis\u00f5es baseadas em dados precisos.<\/p>\n<p><u>Principais \u00c1reas de Atua\u00e7\u00e3o:\u00a0<\/u><\/p>\n<ul>\n<li>Topografia;<\/li>\n<li>Mapeamento e an\u00e1lise de \u00e1reas rurais e urbanas;<\/li>\n<li>Monitoramento de culturas atrav\u00e9s de sensores remotos;<\/li>\n<li>Estudos de variabilidade espacial do solo e planta e manejo de precis\u00e3o;<\/li>\n<li>Avalia\u00e7\u00e3o de impactos ambientais e planejamento sustent\u00e1vel;<\/li>\n<li>Agricultura de Precis\u00e3o;<\/li>\n<\/ul>\n<p><u>Colabora\u00e7\u00f5es e Parcerias:\u00a0<\/u>Estabelecemos colabora\u00e7\u00f5es e parcerias com institui\u00e7\u00f5es p\u00fablicas e privadas, buscando desenvolver solu\u00e7\u00f5es geotecnol\u00f3gicas adaptadas \u00e0s necessidades contempor\u00e2neas do setor agr\u00edcola.<\/p>\n<p><u>Projetos de Extens\u00e3o:\u00a0 <\/u>PROJETO GEOTEC UFPR<\/p>\n<p>Descri\u00e7\u00e3o: O projeto tem como objetivo promover a populariza\u00e7\u00e3o do uso das geotecnologias junto \u00e0 comunidade interna e externa \u00e0 UFPR por meio da integra\u00e7\u00e3o ensino-pesquisa-extens\u00e3o. Atrav\u00e9s de workshops e treinamentos pr\u00e1ticos, os participantes aprendem a usar ferramentas geoespaciais em diferentes aplica\u00e7\u00f5es.<\/p>\n<p><u>Contato e Visitas:\u00a0<\/u>Para saber mais sobre o Laborat\u00f3rio de Geotecnologias, suas pesquisas e oportunidades de colabora\u00e7\u00e3o, entre em contato com o professor respons\u00e1vel, atrav\u00e9s do e-mail carlossouza@ufp.br. Agendamentos para visitas podem ser realizados mediante solicita\u00e7\u00e3o.<\/p>\n<p><strong>Regimento do Laborat\u00f3rio: <\/strong><a href=\"http:\/\/jandaiadosul.ufpr.br\/engagricola\/wp-content\/uploads\/sites\/24\/2023\/09\/regimento-geotec.pdf\">Regimento GEOTEC<\/a><\/p>\n<p><strong>Imagens do Laborat\u00f3rio:<\/strong><\/p>\n<p>Esta\u00e7\u00e3o total autom\u00e1tica.<\/p>\n<p><img fetchpriority=\"high\" decoding=\"async\" class=\"alignnone size-medium wp-image-412\" src=\"http:\/\/jandaiadosul.ufpr.br\/engagricola\/wp-content\/uploads\/sites\/24\/2023\/09\/whatsapp-image-2023-08-16-at-11-11-18-225x300.jpeg\" alt=\"Esta\u00e7\u00e3o total e demais equipamentos\" width=\"225\" height=\"300\" srcset=\"https:\/\/jandaiadosul.ufpr.br\/engagricola\/wp-content\/uploads\/sites\/24\/2023\/09\/whatsapp-image-2023-08-16-at-11-11-18-225x300.jpeg 225w, https:\/\/jandaiadosul.ufpr.br\/engagricola\/wp-content\/uploads\/sites\/24\/2023\/09\/whatsapp-image-2023-08-16-at-11-11-18-74x98.jpeg 74w, https:\/\/jandaiadosul.ufpr.br\/engagricola\/wp-content\/uploads\/sites\/24\/2023\/09\/whatsapp-image-2023-08-16-at-11-11-18-43x57.jpeg 43w, https:\/\/jandaiadosul.ufpr.br\/engagricola\/wp-content\/uploads\/sites\/24\/2023\/09\/whatsapp-image-2023-08-16-at-11-11-18.jpeg 768w\" sizes=\"(max-width: 225px) 100vw, 225px\" \/><\/p>\n<p>Workstation para processamento de imagens.<\/p>\n<p><img decoding=\"async\" class=\"alignnone size-medium wp-image-411\" src=\"http:\/\/jandaiadosul.ufpr.br\/engagricola\/wp-content\/uploads\/sites\/24\/2023\/09\/whatsapp-image-2023-08-16-at-11-11-18-4-300x225.jpeg\" alt=\"workstation\" width=\"300\" height=\"225\" srcset=\"https:\/\/jandaiadosul.ufpr.br\/engagricola\/wp-content\/uploads\/sites\/24\/2023\/09\/whatsapp-image-2023-08-16-at-11-11-18-4-300x225.jpeg 300w, https:\/\/jandaiadosul.ufpr.br\/engagricola\/wp-content\/uploads\/sites\/24\/2023\/09\/whatsapp-image-2023-08-16-at-11-11-18-4-768x576.jpeg 768w, https:\/\/jandaiadosul.ufpr.br\/engagricola\/wp-content\/uploads\/sites\/24\/2023\/09\/whatsapp-image-2023-08-16-at-11-11-18-4-131x98.jpeg 131w, https:\/\/jandaiadosul.ufpr.br\/engagricola\/wp-content\/uploads\/sites\/24\/2023\/09\/whatsapp-image-2023-08-16-at-11-11-18-4-75x57.jpeg 75w, https:\/\/jandaiadosul.ufpr.br\/engagricola\/wp-content\/uploads\/sites\/24\/2023\/09\/whatsapp-image-2023-08-16-at-11-11-18-4.jpeg 1024w\" sizes=\"(max-width: 300px) 100vw, 300px\" \/><\/p>\n<p>Drones<\/p>\n<p><img decoding=\"async\" class=\"alignnone size-medium wp-image-410\" src=\"http:\/\/jandaiadosul.ufpr.br\/engagricola\/wp-content\/uploads\/sites\/24\/2023\/09\/whatsapp-image-2023-08-16-at-11-11-18-3-225x300.jpeg\" alt=\"drones\" width=\"225\" height=\"300\" srcset=\"https:\/\/jandaiadosul.ufpr.br\/engagricola\/wp-content\/uploads\/sites\/24\/2023\/09\/whatsapp-image-2023-08-16-at-11-11-18-3-225x300.jpeg 225w, https:\/\/jandaiadosul.ufpr.br\/engagricola\/wp-content\/uploads\/sites\/24\/2023\/09\/whatsapp-image-2023-08-16-at-11-11-18-3-74x98.jpeg 74w, https:\/\/jandaiadosul.ufpr.br\/engagricola\/wp-content\/uploads\/sites\/24\/2023\/09\/whatsapp-image-2023-08-16-at-11-11-18-3-43x57.jpeg 43w, https:\/\/jandaiadosul.ufpr.br\/engagricola\/wp-content\/uploads\/sites\/24\/2023\/09\/whatsapp-image-2023-08-16-at-11-11-18-3.jpeg 768w\" sizes=\"(max-width: 225px) 100vw, 225px\" \/><\/p>\n<p><img loading=\"lazy\" decoding=\"async\" class=\"alignnone size-medium wp-image-409\" src=\"http:\/\/jandaiadosul.ufpr.br\/engagricola\/wp-content\/uploads\/sites\/24\/2023\/09\/whatsapp-image-2023-08-16-at-11-11-18-2-225x300.jpeg\" alt=\"drones2\" width=\"225\" height=\"300\" srcset=\"https:\/\/jandaiadosul.ufpr.br\/engagricola\/wp-content\/uploads\/sites\/24\/2023\/09\/whatsapp-image-2023-08-16-at-11-11-18-2-225x300.jpeg 225w, https:\/\/jandaiadosul.ufpr.br\/engagricola\/wp-content\/uploads\/sites\/24\/2023\/09\/whatsapp-image-2023-08-16-at-11-11-18-2-74x98.jpeg 74w, https:\/\/jandaiadosul.ufpr.br\/engagricola\/wp-content\/uploads\/sites\/24\/2023\/09\/whatsapp-image-2023-08-16-at-11-11-18-2-43x57.jpeg 43w, https:\/\/jandaiadosul.ufpr.br\/engagricola\/wp-content\/uploads\/sites\/24\/2023\/09\/whatsapp-image-2023-08-16-at-11-11-18-2.jpeg 768w\" sizes=\"(max-width: 225px) 100vw, 225px\" \/><\/p>\n<p><img loading=\"lazy\" decoding=\"async\" class=\"alignnone size-medium wp-image-408\" src=\"http:\/\/jandaiadosul.ufpr.br\/engagricola\/wp-content\/uploads\/sites\/24\/2023\/09\/whatsapp-image-2023-08-16-at-11-11-18-1-225x300.jpeg\" alt=\"\" width=\"225\" height=\"300\" srcset=\"https:\/\/jandaiadosul.ufpr.br\/engagricola\/wp-content\/uploads\/sites\/24\/2023\/09\/whatsapp-image-2023-08-16-at-11-11-18-1-225x300.jpeg 225w, https:\/\/jandaiadosul.ufpr.br\/engagricola\/wp-content\/uploads\/sites\/24\/2023\/09\/whatsapp-image-2023-08-16-at-11-11-18-1-74x98.jpeg 74w, https:\/\/jandaiadosul.ufpr.br\/engagricola\/wp-content\/uploads\/sites\/24\/2023\/09\/whatsapp-image-2023-08-16-at-11-11-18-1-43x57.jpeg 43w, https:\/\/jandaiadosul.ufpr.br\/engagricola\/wp-content\/uploads\/sites\/24\/2023\/09\/whatsapp-image-2023-08-16-at-11-11-18-1.jpeg 768w\" sizes=\"(max-width: 225px) 100vw, 225px\" \/><\/p>\n<p><img loading=\"lazy\" decoding=\"async\" class=\"alignnone size-medium wp-image-407\" src=\"http:\/\/jandaiadosul.ufpr.br\/engagricola\/wp-content\/uploads\/sites\/24\/2023\/09\/whatsapp-image-2023-08-16-at-11-11-17-225x300.jpeg\" alt=\"\" width=\"225\" height=\"300\" srcset=\"https:\/\/jandaiadosul.ufpr.br\/engagricola\/wp-content\/uploads\/sites\/24\/2023\/09\/whatsapp-image-2023-08-16-at-11-11-17-225x300.jpeg 225w, https:\/\/jandaiadosul.ufpr.br\/engagricola\/wp-content\/uploads\/sites\/24\/2023\/09\/whatsapp-image-2023-08-16-at-11-11-17-74x98.jpeg 74w, https:\/\/jandaiadosul.ufpr.br\/engagricola\/wp-content\/uploads\/sites\/24\/2023\/09\/whatsapp-image-2023-08-16-at-11-11-17-43x57.jpeg 43w, https:\/\/jandaiadosul.ufpr.br\/engagricola\/wp-content\/uploads\/sites\/24\/2023\/09\/whatsapp-image-2023-08-16-at-11-11-17.jpeg 768w\" sizes=\"(max-width: 225px) 100vw, 225px\" \/><\/p>\n","protected":false},"excerpt":{"rendered":"<p>Coordena\u00e7\u00e3o:\u00a0Prof. Carlos Henrique Wachholz de Souza Resumo sobre as atividades do laborat\u00f3rio: Situado no bloco B sala 202, o Laborat\u00f3rio de Geotecnologias do Curso de Engenharia Agr\u00edcola \u00e9 um ambiente de inova\u00e7\u00e3o e pesquisa de ponta no campo da agricultura sustent\u00e1vel. Dotado de equipamentos modernos e tecnologia avan\u00e7ada, este laborat\u00f3rio representa a jun\u00e7\u00e3o entre a [&hellip;]<\/p>\n","protected":false},"author":3662,"featured_media":0,"parent":0,"menu_order":0,"comment_status":"closed","ping_status":"closed","template":"","meta":{"_acf_changed":false,"footnotes":""},"class_list":["post-405","page","type-page","status-publish","hentry"],"acf":[],"_links":{"self":[{"href":"https:\/\/jandaiadosul.ufpr.br\/engagricola\/wp-json\/wp\/v2\/pages\/405","targetHints":{"allow":["GET"]}}],"collection":[{"href":"https:\/\/jandaiadosul.ufpr.br\/engagricola\/wp-json\/wp\/v2\/pages"}],"about":[{"href":"https:\/\/jandaiadosul.ufpr.br\/engagricola\/wp-json\/wp\/v2\/types\/page"}],"author":[{"embeddable":true,"href":"https:\/\/jandaiadosul.ufpr.br\/engagricola\/wp-json\/wp\/v2\/users\/3662"}],"replies":[{"embeddable":true,"href":"https:\/\/jandaiadosul.ufpr.br\/engagricola\/wp-json\/wp\/v2\/comments?post=405"}],"version-history":[{"count":2,"href":"https:\/\/jandaiadosul.ufpr.br\/engagricola\/wp-json\/wp\/v2\/pages\/405\/revisions"}],"predecessor-version":[{"id":416,"href":"https:\/\/jandaiadosul.ufpr.br\/engagricola\/wp-json\/wp\/v2\/pages\/405\/revisions\/416"}],"wp:attachment":[{"href":"https:\/\/jandaiadosul.ufpr.br\/engagricola\/wp-json\/wp\/v2\/media?parent=405"}],"curies":[{"name":"wp","href":"https:\/\/api.w.org\/{rel}","templated":true}]}}