{"id":380,"date":"2023-09-11T14:07:07","date_gmt":"2023-09-11T17:07:07","guid":{"rendered":"https:\/\/jandaiadosul.ufpr.br\/engagricola\/?page_id=380"},"modified":"2023-09-11T15:06:13","modified_gmt":"2023-09-11T18:06:13","slug":"lapos","status":"publish","type":"page","link":"https:\/\/jandaiadosul.ufpr.br\/engagricola\/lapos\/","title":{"rendered":"Laborat\u00f3rio de p\u00f3s-colheita de produtos agr\u00edcolas (LAP\u00d3S)"},"content":{"rendered":"<p><strong>Coordena\u00e7\u00e3o: <\/strong>Prof. Jos\u00e9 Gabriel Vieira Neto<\/p>\n<p><strong>Resumo sobre as atividades do laborat\u00f3rio<\/strong>: as \u00e1reas de atua\u00e7\u00e3o do LAP\u00d3S inicialmente se concentram na \u00e1rea de p\u00f3s-colheita de produtos agr\u00edcolas e nas metodologias e tecnologias que s\u00e3o utilizadas para o seu estudo, an\u00e1lise e desenvolvimento, com a finalidade de aplica\u00e7\u00f5es em:<\/p>\n<ul>\n<li>An\u00e1lise da qualidade dos gr\u00e3os;<\/li>\n<li>Estudo dos efeitos de secagem e armazenamento de produtos agr\u00edcolas;<\/li>\n<li>Estudo te\u00f3rico e modelagem utilizando simula\u00e7\u00e3o computacional;<\/li>\n<li>Educa\u00e7\u00e3o e difus\u00e3o da ci\u00eancia da \u00e1rea de p\u00f3s-colheita;<\/li>\n<li>Desenvolvimento de kits educacionais e did\u00e1ticos para aplica\u00e7\u00e3o na educa\u00e7\u00e3o;<\/li>\n<li>Desenvolvimento e constru\u00e7\u00e3o de equipamentos para aplica\u00e7\u00e3o em materiais e \u00e1reas relacionadas a \u00e1rea de p\u00f3s-colheita;<\/li>\n<li>Presta\u00e7\u00e3o de servi\u00e7os especializados na \u00e1rea de p\u00f3s-colheita.<\/li>\n<\/ul>\n<p><strong>Regimento do laborat\u00f3rio:<\/strong>\u00a0<a href=\"http:\/\/jandaiadosul.ufpr.br\/engagricola\/wp-content\/uploads\/sites\/24\/2023\/09\/regimento-lapos.pdf\">Regimento LAPOS<\/a><\/p>\n<p><strong>Imagens do Laborat\u00f3rio:<\/strong><\/p>\n<p>Prof. Jos\u00e9 Gabriel, ao fundo um prot\u00f3tipo de silo.<\/p>\n<p><img fetchpriority=\"high\" decoding=\"async\" class=\"alignnone size-medium wp-image-383\" src=\"http:\/\/jandaiadosul.ufpr.br\/engagricola\/wp-content\/uploads\/sites\/24\/2023\/09\/whatsapp-image-2023-08-14-at-14-14-29-225x300.jpeg\" alt=\"Professor Jos\u00e9 Gabriel. Ao fundo um prot\u00f3tipo de silo\" width=\"225\" height=\"300\" srcset=\"https:\/\/jandaiadosul.ufpr.br\/engagricola\/wp-content\/uploads\/sites\/24\/2023\/09\/whatsapp-image-2023-08-14-at-14-14-29-225x300.jpeg 225w, https:\/\/jandaiadosul.ufpr.br\/engagricola\/wp-content\/uploads\/sites\/24\/2023\/09\/whatsapp-image-2023-08-14-at-14-14-29-768x1024.jpeg 768w, https:\/\/jandaiadosul.ufpr.br\/engagricola\/wp-content\/uploads\/sites\/24\/2023\/09\/whatsapp-image-2023-08-14-at-14-14-29-1152x1536.jpeg 1152w, https:\/\/jandaiadosul.ufpr.br\/engagricola\/wp-content\/uploads\/sites\/24\/2023\/09\/whatsapp-image-2023-08-14-at-14-14-29-74x98.jpeg 74w, https:\/\/jandaiadosul.ufpr.br\/engagricola\/wp-content\/uploads\/sites\/24\/2023\/09\/whatsapp-image-2023-08-14-at-14-14-29-43x57.jpeg 43w, https:\/\/jandaiadosul.ufpr.br\/engagricola\/wp-content\/uploads\/sites\/24\/2023\/09\/whatsapp-image-2023-08-14-at-14-14-29.jpeg 1200w\" sizes=\"(max-width: 225px) 100vw, 225px\" \/><\/p>\n<p>Gr\u00e3os e sementes de trigo e soja.<\/p>\n<p><img decoding=\"async\" class=\"alignnone size-medium wp-image-382\" src=\"http:\/\/jandaiadosul.ufpr.br\/engagricola\/wp-content\/uploads\/sites\/24\/2023\/09\/whatsapp-image-2023-08-14-at-14-14-29-1-300x225.jpeg\" alt=\"Soja e trigo\" width=\"300\" height=\"225\" srcset=\"https:\/\/jandaiadosul.ufpr.br\/engagricola\/wp-content\/uploads\/sites\/24\/2023\/09\/whatsapp-image-2023-08-14-at-14-14-29-1-300x225.jpeg 300w, https:\/\/jandaiadosul.ufpr.br\/engagricola\/wp-content\/uploads\/sites\/24\/2023\/09\/whatsapp-image-2023-08-14-at-14-14-29-1-1024x768.jpeg 1024w, https:\/\/jandaiadosul.ufpr.br\/engagricola\/wp-content\/uploads\/sites\/24\/2023\/09\/whatsapp-image-2023-08-14-at-14-14-29-1-768x576.jpeg 768w, https:\/\/jandaiadosul.ufpr.br\/engagricola\/wp-content\/uploads\/sites\/24\/2023\/09\/whatsapp-image-2023-08-14-at-14-14-29-1-1536x1152.jpeg 1536w, https:\/\/jandaiadosul.ufpr.br\/engagricola\/wp-content\/uploads\/sites\/24\/2023\/09\/whatsapp-image-2023-08-14-at-14-14-29-1-131x98.jpeg 131w, https:\/\/jandaiadosul.ufpr.br\/engagricola\/wp-content\/uploads\/sites\/24\/2023\/09\/whatsapp-image-2023-08-14-at-14-14-29-1-75x57.jpeg 75w, https:\/\/jandaiadosul.ufpr.br\/engagricola\/wp-content\/uploads\/sites\/24\/2023\/09\/whatsapp-image-2023-08-14-at-14-14-29-1.jpeg 1600w\" sizes=\"(max-width: 300px) 100vw, 300px\" \/><\/p>\n<p>Espa\u00e7o did\u00e1tico e de laborat\u00f3rio.<\/p>\n<p><img decoding=\"async\" class=\"alignnone size-medium wp-image-385\" src=\"http:\/\/jandaiadosul.ufpr.br\/engagricola\/wp-content\/uploads\/sites\/24\/2023\/09\/img_20230814_084653-300x225.jpg\" alt=\"Laborat\u00f3rio\" width=\"300\" height=\"225\" srcset=\"https:\/\/jandaiadosul.ufpr.br\/engagricola\/wp-content\/uploads\/sites\/24\/2023\/09\/img_20230814_084653-300x225.jpg 300w, https:\/\/jandaiadosul.ufpr.br\/engagricola\/wp-content\/uploads\/sites\/24\/2023\/09\/img_20230814_084653-1024x768.jpg 1024w, https:\/\/jandaiadosul.ufpr.br\/engagricola\/wp-content\/uploads\/sites\/24\/2023\/09\/img_20230814_084653-768x576.jpg 768w, https:\/\/jandaiadosul.ufpr.br\/engagricola\/wp-content\/uploads\/sites\/24\/2023\/09\/img_20230814_084653-1536x1152.jpg 1536w, https:\/\/jandaiadosul.ufpr.br\/engagricola\/wp-content\/uploads\/sites\/24\/2023\/09\/img_20230814_084653-2048x1536.jpg 2048w, https:\/\/jandaiadosul.ufpr.br\/engagricola\/wp-content\/uploads\/sites\/24\/2023\/09\/img_20230814_084653-131x98.jpg 131w, https:\/\/jandaiadosul.ufpr.br\/engagricola\/wp-content\/uploads\/sites\/24\/2023\/09\/img_20230814_084653-75x57.jpg 75w\" sizes=\"(max-width: 300px) 100vw, 300px\" \/><\/p>\n<p>Simula\u00e7\u00f5es computacionais na \u00e1rea de p\u00f3s-colheita.<\/p>\n<p><img loading=\"lazy\" decoding=\"async\" class=\"alignnone size-medium wp-image-384\" src=\"http:\/\/jandaiadosul.ufpr.br\/engagricola\/wp-content\/uploads\/sites\/24\/2023\/09\/imag1-300x239.jpg\" alt=\"Simula\u00e7\u00e3o computacional\" width=\"300\" height=\"239\" srcset=\"https:\/\/jandaiadosul.ufpr.br\/engagricola\/wp-content\/uploads\/sites\/24\/2023\/09\/imag1-300x239.jpg 300w, https:\/\/jandaiadosul.ufpr.br\/engagricola\/wp-content\/uploads\/sites\/24\/2023\/09\/imag1-1024x814.jpg 1024w, https:\/\/jandaiadosul.ufpr.br\/engagricola\/wp-content\/uploads\/sites\/24\/2023\/09\/imag1-768x611.jpg 768w, https:\/\/jandaiadosul.ufpr.br\/engagricola\/wp-content\/uploads\/sites\/24\/2023\/09\/imag1-1536x1222.jpg 1536w, https:\/\/jandaiadosul.ufpr.br\/engagricola\/wp-content\/uploads\/sites\/24\/2023\/09\/imag1-2048x1629.jpg 2048w, https:\/\/jandaiadosul.ufpr.br\/engagricola\/wp-content\/uploads\/sites\/24\/2023\/09\/imag1-123x98.jpg 123w, https:\/\/jandaiadosul.ufpr.br\/engagricola\/wp-content\/uploads\/sites\/24\/2023\/09\/imag1-72x57.jpg 72w\" sizes=\"(max-width: 300px) 100vw, 300px\" \/><\/p>\n<p>Desidratador solar de frutas e folhas.<\/p>\n<p><img loading=\"lazy\" decoding=\"async\" class=\"alignnone size-medium wp-image-389\" src=\"http:\/\/jandaiadosul.ufpr.br\/engagricola\/wp-content\/uploads\/sites\/24\/2023\/09\/secador2-300x174.jpg\" alt=\"Secador de frutas \" width=\"300\" height=\"174\" srcset=\"https:\/\/jandaiadosul.ufpr.br\/engagricola\/wp-content\/uploads\/sites\/24\/2023\/09\/secador2-300x174.jpg 300w, https:\/\/jandaiadosul.ufpr.br\/engagricola\/wp-content\/uploads\/sites\/24\/2023\/09\/secador2-1024x593.jpg 1024w, https:\/\/jandaiadosul.ufpr.br\/engagricola\/wp-content\/uploads\/sites\/24\/2023\/09\/secador2-768x445.jpg 768w, https:\/\/jandaiadosul.ufpr.br\/engagricola\/wp-content\/uploads\/sites\/24\/2023\/09\/secador2-1536x890.jpg 1536w, https:\/\/jandaiadosul.ufpr.br\/engagricola\/wp-content\/uploads\/sites\/24\/2023\/09\/secador2-2048x1186.jpg 2048w, https:\/\/jandaiadosul.ufpr.br\/engagricola\/wp-content\/uploads\/sites\/24\/2023\/09\/secador2-169x98.jpg 169w, https:\/\/jandaiadosul.ufpr.br\/engagricola\/wp-content\/uploads\/sites\/24\/2023\/09\/secador2-75x43.jpg 75w\" sizes=\"(max-width: 300px) 100vw, 300px\" \/><\/p>\n<p>Pragas de armazenamento de gr\u00e3os.<\/p>\n<p><img loading=\"lazy\" decoding=\"async\" class=\"alignnone size-medium wp-image-387\" src=\"http:\/\/jandaiadosul.ufpr.br\/engagricola\/wp-content\/uploads\/sites\/24\/2023\/09\/imag3-239x300.jpg\" alt=\"Pragas\" width=\"239\" height=\"300\" srcset=\"https:\/\/jandaiadosul.ufpr.br\/engagricola\/wp-content\/uploads\/sites\/24\/2023\/09\/imag3-239x300.jpg 239w, https:\/\/jandaiadosul.ufpr.br\/engagricola\/wp-content\/uploads\/sites\/24\/2023\/09\/imag3-814x1024.jpg 814w, https:\/\/jandaiadosul.ufpr.br\/engagricola\/wp-content\/uploads\/sites\/24\/2023\/09\/imag3-768x966.jpg 768w, https:\/\/jandaiadosul.ufpr.br\/engagricola\/wp-content\/uploads\/sites\/24\/2023\/09\/imag3-78x98.jpg 78w, https:\/\/jandaiadosul.ufpr.br\/engagricola\/wp-content\/uploads\/sites\/24\/2023\/09\/imag3-45x57.jpg 45w, https:\/\/jandaiadosul.ufpr.br\/engagricola\/wp-content\/uploads\/sites\/24\/2023\/09\/imag3.jpg 1148w\" sizes=\"(max-width: 239px) 100vw, 239px\" \/><\/p>\n<p>Logotipo do laborat\u00f3rio LAP\u00d3S<\/p>\n<p><img loading=\"lazy\" decoding=\"async\" class=\"alignnone size-medium wp-image-388\" src=\"http:\/\/jandaiadosul.ufpr.br\/engagricola\/wp-content\/uploads\/sites\/24\/2023\/09\/lapos-3-300x300.png\" alt=\"logo\" width=\"300\" height=\"300\" srcset=\"https:\/\/jandaiadosul.ufpr.br\/engagricola\/wp-content\/uploads\/sites\/24\/2023\/09\/lapos-3-300x300.png 300w, https:\/\/jandaiadosul.ufpr.br\/engagricola\/wp-content\/uploads\/sites\/24\/2023\/09\/lapos-3-1024x1024.png 1024w, https:\/\/jandaiadosul.ufpr.br\/engagricola\/wp-content\/uploads\/sites\/24\/2023\/09\/lapos-3-150x150.png 150w, https:\/\/jandaiadosul.ufpr.br\/engagricola\/wp-content\/uploads\/sites\/24\/2023\/09\/lapos-3-768x768.png 768w, https:\/\/jandaiadosul.ufpr.br\/engagricola\/wp-content\/uploads\/sites\/24\/2023\/09\/lapos-3-1536x1536.png 1536w, https:\/\/jandaiadosul.ufpr.br\/engagricola\/wp-content\/uploads\/sites\/24\/2023\/09\/lapos-3-98x98.png 98w, https:\/\/jandaiadosul.ufpr.br\/engagricola\/wp-content\/uploads\/sites\/24\/2023\/09\/lapos-3-57x57.png 57w, https:\/\/jandaiadosul.ufpr.br\/engagricola\/wp-content\/uploads\/sites\/24\/2023\/09\/lapos-3.png 1563w\" sizes=\"(max-width: 300px) 100vw, 300px\" \/><\/p>\n<p>&nbsp;<\/p>\n","protected":false},"excerpt":{"rendered":"<p>Coordena\u00e7\u00e3o: Prof. Jos\u00e9 Gabriel Vieira Neto Resumo sobre as atividades do laborat\u00f3rio: as \u00e1reas de atua\u00e7\u00e3o do LAP\u00d3S inicialmente se concentram na \u00e1rea de p\u00f3s-colheita [&hellip;]<\/p>\n","protected":false},"author":3662,"featured_media":0,"parent":0,"menu_order":0,"comment_status":"closed","ping_status":"closed","template":"","meta":{"_acf_changed":false,"footnotes":""},"class_list":["post-380","page","type-page","status-publish","hentry"],"acf":[],"_links":{"self":[{"href":"https:\/\/jandaiadosul.ufpr.br\/engagricola\/wp-json\/wp\/v2\/pages\/380","targetHints":{"allow":["GET"]}}],"collection":[{"href":"https:\/\/jandaiadosul.ufpr.br\/engagricola\/wp-json\/wp\/v2\/pages"}],"about":[{"href":"https:\/\/jandaiadosul.ufpr.br\/engagricola\/wp-json\/wp\/v2\/types\/page"}],"author":[{"embeddable":true,"href":"https:\/\/jandaiadosul.ufpr.br\/engagricola\/wp-json\/wp\/v2\/users\/3662"}],"replies":[{"embeddable":true,"href":"https:\/\/jandaiadosul.ufpr.br\/engagricola\/wp-json\/wp\/v2\/comments?post=380"}],"version-history":[{"count":2,"href":"https:\/\/jandaiadosul.ufpr.br\/engagricola\/wp-json\/wp\/v2\/pages\/380\/revisions"}],"predecessor-version":[{"id":417,"href":"https:\/\/jandaiadosul.ufpr.br\/engagricola\/wp-json\/wp\/v2\/pages\/380\/revisions\/417"}],"wp:attachment":[{"href":"https:\/\/jandaiadosul.ufpr.br\/engagricola\/wp-json\/wp\/v2\/media?parent=380"}],"curies":[{"name":"wp","href":"https:\/\/api.w.org\/{rel}","templated":true}]}}