{"id":281,"date":"2023-04-14T14:51:54","date_gmt":"2023-04-14T17:51:54","guid":{"rendered":"https:\/\/jandaiadosul.ufpr.br\/engagricola\/?page_id=281"},"modified":"2023-04-14T15:03:07","modified_gmt":"2023-04-14T18:03:07","slug":"curriculos-2022","status":"publish","type":"page","link":"https:\/\/jandaiadosul.ufpr.br\/engagricola\/curriculos-2022\/","title":{"rendered":"Curr\u00edculos (2022)"},"content":{"rendered":"<h4>Projeto Pedag\u00f3gico do Curso de Engenharia Agr\u00edcola (2016 a 2022):<\/h4>\n<h4><strong><a href=\"http:\/\/jandaiadosul.ufpr.br\/engagricola\/wp-content\/uploads\/sites\/24\/2023\/04\/ppc-1.pdf\" target=\"_blank\" rel=\"noopener noreferrer\"><img decoding=\"async\" class=\"alignnone\" style=\"border: 0px\" src=\"https:\/\/jandaiadosul.ufpr.br\/novosite\/wp-content\/uploads\/2014\/04\/botaopdf.png\" alt=\"\" width=\"127\" height=\"38\" \/><\/a><\/strong><\/h4>\n<h4>RESOLU\u00c7\u00c3O N\u00ba 65 \/ 2015 &#8211; CEPE (UFPR):<\/h4>\n<h4><strong><a href=\"http:\/\/jandaiadosul.ufpr.br\/engagricola\/wp-content\/uploads\/sites\/24\/2023\/04\/resolucao_n_67-15_curriculo_agricola-1.pdf\" target=\"_blank\" rel=\"noopener noreferrer\"><img decoding=\"async\" class=\"alignnone\" style=\"border: 0px\" src=\"https:\/\/jandaiadosul.ufpr.br\/novosite\/wp-content\/uploads\/2014\/04\/botaopdf.png\" alt=\"\" width=\"127\" height=\"38\" \/><\/a><\/strong><\/h4>\n<h4>Matriz Curricular (2016 a 2022):<\/h4>\n<h4><strong><a href=\"http:\/\/jandaiadosul.ufpr.br\/engagricola\/wp-content\/uploads\/sites\/24\/2023\/04\/matriz-curricular-2.pdf\" target=\"_blank\" rel=\"noopener noreferrer\"><img decoding=\"async\" class=\"alignnone\" style=\"border: 0px\" src=\"https:\/\/jandaiadosul.ufpr.br\/novosite\/wp-content\/uploads\/2014\/04\/botaopdf.png\" alt=\"\" width=\"127\" height=\"38\" \/><\/a><\/strong><\/h4>\n<h4>Disciplinas Equivalentes por Adapta\u00e7\u00e3o (2016 a 2022):<\/h4>\n<h4><strong><a href=\"http:\/\/jandaiadosul.ufpr.br\/engagricola\/wp-content\/uploads\/sites\/24\/2023\/04\/adaptacoes-1.pdf\" target=\"_blank\" rel=\"noopener noreferrer\"><img decoding=\"async\" class=\"alignnone\" style=\"border: 0px\" src=\"https:\/\/jandaiadosul.ufpr.br\/novosite\/wp-content\/uploads\/2014\/04\/botaopdf.png\" alt=\"\" width=\"127\" height=\"38\" \/><\/a><\/strong><\/h4>\n<h4>Disciplinas Correspondentes:<\/h4>\n<h4><strong><a href=\"http:\/\/jandaiadosul.ufpr.br\/engagricola\/wp-content\/uploads\/sites\/24\/2023\/04\/correspondencias-1.pdf\" target=\"_blank\" rel=\"noopener noreferrer\"><img decoding=\"async\" class=\"alignnone\" style=\"border: 0px\" src=\"https:\/\/jandaiadosul.ufpr.br\/novosite\/wp-content\/uploads\/2014\/04\/botaopdf.png\" alt=\"\" width=\"127\" height=\"38\" \/><\/a><\/strong><\/h4>\n<h4>Ementas das Disciplinas (2016 a 2022):<\/h4>\n<h4><strong><a href=\"http:\/\/jandaiadosul.ufpr.br\/engagricola\/wp-content\/uploads\/sites\/24\/2023\/04\/fichas-1-engenharia-agricola.pdf\" target=\"_blank\" rel=\"noopener noreferrer\"><img decoding=\"async\" class=\"alignnone\" style=\"border: 0px\" src=\"https:\/\/jandaiadosul.ufpr.br\/novosite\/wp-content\/uploads\/2014\/04\/botaopdf.png\" alt=\"\" width=\"127\" height=\"38\" \/><\/a><\/strong><\/h4>\n<p>&nbsp;<\/p>\n","protected":false},"excerpt":{"rendered":"<p>Projeto Pedag\u00f3gico do Curso de Engenharia Agr\u00edcola (2016 a 2022): RESOLU\u00c7\u00c3O N\u00ba 65 \/ 2015 &#8211; CEPE (UFPR): Matriz Curricular (2016 a 2022): Disciplinas Equivalentes por Adapta\u00e7\u00e3o (2016 a 2022): Disciplinas Correspondentes: Ementas das Disciplinas (2016 a 2022): &nbsp;<\/p>\n","protected":false},"author":3657,"featured_media":0,"parent":0,"menu_order":0,"comment_status":"closed","ping_status":"closed","template":"","meta":{"_acf_changed":false,"footnotes":""},"class_list":["post-281","page","type-page","status-publish","hentry"],"acf":[],"_links":{"self":[{"href":"https:\/\/jandaiadosul.ufpr.br\/engagricola\/wp-json\/wp\/v2\/pages\/281","targetHints":{"allow":["GET"]}}],"collection":[{"href":"https:\/\/jandaiadosul.ufpr.br\/engagricola\/wp-json\/wp\/v2\/pages"}],"about":[{"href":"https:\/\/jandaiadosul.ufpr.br\/engagricola\/wp-json\/wp\/v2\/types\/page"}],"author":[{"embeddable":true,"href":"https:\/\/jandaiadosul.ufpr.br\/engagricola\/wp-json\/wp\/v2\/users\/3657"}],"replies":[{"embeddable":true,"href":"https:\/\/jandaiadosul.ufpr.br\/engagricola\/wp-json\/wp\/v2\/comments?post=281"}],"version-history":[{"count":3,"href":"https:\/\/jandaiadosul.ufpr.br\/engagricola\/wp-json\/wp\/v2\/pages\/281\/revisions"}],"predecessor-version":[{"id":295,"href":"https:\/\/jandaiadosul.ufpr.br\/engagricola\/wp-json\/wp\/v2\/pages\/281\/revisions\/295"}],"wp:attachment":[{"href":"https:\/\/jandaiadosul.ufpr.br\/engagricola\/wp-json\/wp\/v2\/media?parent=281"}],"curies":[{"name":"wp","href":"https:\/\/api.w.org\/{rel}","templated":true}]}}